{"id":242306,"date":"2023-01-18T22:51:32","date_gmt":"2023-01-18T21:51:32","guid":{"rendered":"https:\/\/cocoons.eu\/shop\/unkategorisiert\/mini-slim-ms-sage-polarisiert-bernstein\/"},"modified":"2023-01-18T22:51:32","modified_gmt":"2023-01-18T21:51:32","slug":"mini-slim-ms-sage-polarisiert-bernstein","status":"publish","type":"product","link":"https:\/\/cocoons.eu\/de\/shop\/cocoons-de\/mini-slim-ms-sage-polarisiert-bernstein\/","title":{"rendered":"Mini Slim (MS) Sage Polarisiert Bernstein"},"content":{"rendered":"","protected":false},"excerpt":{"rendered":"<p>Diese Cocoons verf\u00fcgen \u00fcber unsere neueste handbemalte, gl\u00e4nzende Rahmenoberfl\u00e4che, Sage. Die neue Rahmenfarbe ist ein beruhigender, harmonischer Ton, der sowohl Farbminimalisten als auch Farbliebhaber anspricht. Das schlanke Unisex-Rahmendesign der Gr\u00f6\u00dfe Mini Slim passt bequem zu kleineren, rechteckigen Brillenmodellen. Das kratzfeste Polare-Linsensystem aus polarisiertem Bernstein verhindert st\u00f6rende Blendung und verf\u00fcgt \u00fcber kontrastverst\u00e4rkende Eigenschaften, die die Objektdefinition sch\u00e4rfen, um die Tiefenwahrnehmung und die allgemeine Sehsch\u00e4rfe zu verbessern.<\/p>\n","protected":false},"featured_media":236837,"template":"","meta":{"_acf_changed":false},"product_brand":[],"product_cat":[3125,3141,3140,3115,3340],"product_tag":[3142,3233],"class_list":{"0":"post-242306","1":"product","2":"type-product","3":"status-publish","4":"has-post-thumbnail","6":"product_cat-fitover-brillen","7":"product_cat-modisch-polarisiert","8":"product_cat-original-polarisiert","9":"product_cat-cocoons-de","10":"product_cat-sage-de","11":"product_tag-cocoons-de","12":"product_tag-sfc-minislim-de","13":"pa_collection-cocoons-fitover-sonnenbrille","14":"pa_frame-color-sage-de","15":"pa_frame-finish-gloss-de","16":"pa_lens-tint-bernstein-polarisiert","17":"pa_model-mini-slim-de","18":"pa_size-ms-mini-slim","20":"first","21":"instock","22":"taxable","23":"shipping-taxable","24":"purchasable","25":"product-type-simple"},"acf":[],"yoast_head":"<!-- This site is optimized with the Yoast SEO Premium plugin v27.0 (Yoast SEO v27.3) - https:\/\/yoast.com\/product\/yoast-seo-premium-wordpress\/ -->\n<title>Mini Slim (MS) Sage Polarisiert Bernstein : Cocoons<\/title>\n<meta name=\"description\" content=\"xplore the features and benefits of Mini Slim (MS) Sage Polarisiert Bernstein on Cocoons.eu. Designed for superior performance and style. Order yours today and experience the difference!\" \/>\n<meta name=\"robots\" content=\"index, follow, max-snippet:-1, max-image-preview:large, max-video-preview:-1\" \/>\n<link rel=\"canonical\" href=\"https:\/\/cocoons.eu\/de\/shop\/cocoons-de\/mini-slim-ms-sage-polarisiert-bernstein\/\" \/>\n<meta property=\"og:locale\" content=\"de_DE\" \/>\n<meta property=\"og:type\" content=\"article\" \/>\n<meta property=\"og:title\" content=\"Mini Slim (MS) Sage Polarisiert Bernstein\" \/>\n<meta property=\"og:description\" content=\"xplore the features and benefits of Mini Slim (MS) Sage Polarisiert Bernstein on Cocoons.eu. Designed for superior performance and style. Order yours today and experience the difference!\" \/>\n<meta property=\"og:url\" content=\"https:\/\/cocoons.eu\/de\/shop\/cocoons-de\/mini-slim-ms-sage-polarisiert-bernstein\/\" \/>\n<meta property=\"og:site_name\" content=\"Cocoons\" \/>\n<meta property=\"article:publisher\" content=\"https:\/\/facebook.com\/cocoonseurope\" \/>\n<meta property=\"og:image\" content=\"https:\/\/cocoons.eu\/wp-content\/uploads\/2023\/01\/IMG_2457_C4111A_edit_website_800x800.jpg\" \/>\n\t<meta property=\"og:image:width\" content=\"800\" \/>\n\t<meta property=\"og:image:height\" content=\"800\" \/>\n\t<meta property=\"og:image:type\" content=\"image\/jpeg\" \/>\n<meta name=\"twitter:card\" content=\"summary_large_image\" \/>\n<meta name=\"twitter:label1\" content=\"Preis\" \/>\n\t<meta name=\"twitter:data1\" content=\"&euro;82,95 (inkl. MwSt\/exkl. Versandkosten)\" \/>\n\t<meta name=\"twitter:label2\" content=\"Verf\u00fcgbarkeit\" \/>\n\t<meta name=\"twitter:data2\" content=\"Auf Lager\" \/>\n<script type=\"application\/ld+json\" class=\"yoast-schema-graph\">{\"@context\":\"https:\\\/\\\/schema.org\",\"@graph\":[{\"@type\":\"WebPage\",\"@id\":\"https:\\\/\\\/cocoons.eu\\\/de\\\/shop\\\/cocoons-de\\\/mini-slim-ms-sage-polarisiert-bernstein\\\/\",\"url\":\"https:\\\/\\\/cocoons.eu\\\/de\\\/shop\\\/cocoons-de\\\/mini-slim-ms-sage-polarisiert-bernstein\\\/\",\"name\":\"Mini Slim (MS) Sage Polarisiert Bernstein : Cocoons\",\"isPartOf\":{\"@id\":\"https:\\\/\\\/cocoons.eu\\\/de\\\/#website\"},\"primaryImageOfPage\":{\"@id\":\"https:\\\/\\\/cocoons.eu\\\/de\\\/shop\\\/cocoons-de\\\/mini-slim-ms-sage-polarisiert-bernstein\\\/#primaryimage\"},\"image\":{\"@id\":\"https:\\\/\\\/cocoons.eu\\\/de\\\/shop\\\/cocoons-de\\\/mini-slim-ms-sage-polarisiert-bernstein\\\/#primaryimage\"},\"thumbnailUrl\":\"https:\\\/\\\/cocoons.eu\\\/wp-content\\\/uploads\\\/2023\\\/01\\\/IMG_2457_C4111A_edit_website_800x800.jpg\",\"datePublished\":\"2023-01-18T21:51:32+00:00\",\"description\":\"xplore the features and benefits of Mini Slim (MS) Sage Polarisiert Bernstein on Cocoons.eu. Designed for superior performance and style. Order yours today and experience the difference!\",\"breadcrumb\":{\"@id\":\"https:\\\/\\\/cocoons.eu\\\/de\\\/shop\\\/cocoons-de\\\/mini-slim-ms-sage-polarisiert-bernstein\\\/#breadcrumb\"},\"inLanguage\":\"de\",\"potentialAction\":[{\"@type\":\"ReadAction\",\"target\":[\"https:\\\/\\\/cocoons.eu\\\/de\\\/shop\\\/cocoons-de\\\/mini-slim-ms-sage-polarisiert-bernstein\\\/\"]}]},{\"@type\":\"ImageObject\",\"inLanguage\":\"de\",\"@id\":\"https:\\\/\\\/cocoons.eu\\\/de\\\/shop\\\/cocoons-de\\\/mini-slim-ms-sage-polarisiert-bernstein\\\/#primaryimage\",\"url\":\"https:\\\/\\\/cocoons.eu\\\/wp-content\\\/uploads\\\/2023\\\/01\\\/IMG_2457_C4111A_edit_website_800x800.jpg\",\"contentUrl\":\"https:\\\/\\\/cocoons.eu\\\/wp-content\\\/uploads\\\/2023\\\/01\\\/IMG_2457_C4111A_edit_website_800x800.jpg\",\"width\":800,\"height\":800,\"caption\":\"C4111A - Mini Slim (MS) Gloss Sage\\\/Amber\"},{\"@type\":\"BreadcrumbList\",\"@id\":\"https:\\\/\\\/cocoons.eu\\\/de\\\/shop\\\/cocoons-de\\\/mini-slim-ms-sage-polarisiert-bernstein\\\/#breadcrumb\",\"itemListElement\":[{\"@type\":\"ListItem\",\"position\":1,\"name\":\"Home\",\"item\":\"https:\\\/\\\/cocoons.eu\\\/de\\\/\"},{\"@type\":\"ListItem\",\"position\":2,\"name\":\"Shoppen\",\"item\":\"https:\\\/\\\/cocoons.eu\\\/de\\\/shop-2\\\/\"},{\"@type\":\"ListItem\",\"position\":3,\"name\":\"Mini Slim (MS) Sage Polarisiert Bernstein\"}]},{\"@type\":\"WebSite\",\"@id\":\"https:\\\/\\\/cocoons.eu\\\/de\\\/#website\",\"url\":\"https:\\\/\\\/cocoons.eu\\\/de\\\/\",\"name\":\"Cocoons Eyewear Europe\",\"description\":\"Hochwertige Fitover-Sonnenbrillen\",\"publisher\":{\"@id\":\"https:\\\/\\\/cocoons.eu\\\/de\\\/#organization\"},\"potentialAction\":[{\"@type\":\"SearchAction\",\"target\":{\"@type\":\"EntryPoint\",\"urlTemplate\":\"https:\\\/\\\/cocoons.eu\\\/de\\\/?s={search_term_string}\"},\"query-input\":{\"@type\":\"PropertyValueSpecification\",\"valueRequired\":true,\"valueName\":\"search_term_string\"}}],\"inLanguage\":\"de\"},{\"@type\":\"Organization\",\"@id\":\"https:\\\/\\\/cocoons.eu\\\/de\\\/#organization\",\"name\":\"Cocoons by Live Eyewear\",\"url\":\"https:\\\/\\\/cocoons.eu\\\/de\\\/\",\"logo\":{\"@type\":\"ImageObject\",\"inLanguage\":\"de\",\"@id\":\"https:\\\/\\\/cocoons.eu\\\/de\\\/#\\\/schema\\\/logo\\\/image\\\/\",\"url\":\"https:\\\/\\\/cocoons.eu\\\/wp-content\\\/uploads\\\/2020\\\/03\\\/C4218G-DSC_7866ps_edit_website800x800.jpg\",\"contentUrl\":\"https:\\\/\\\/cocoons.eu\\\/wp-content\\\/uploads\\\/2020\\\/03\\\/C4218G-DSC_7866ps_edit_website800x800.jpg\",\"width\":800,\"height\":800,\"caption\":\"Cocoons by Live Eyewear\"},\"image\":{\"@id\":\"https:\\\/\\\/cocoons.eu\\\/de\\\/#\\\/schema\\\/logo\\\/image\\\/\"},\"sameAs\":[\"https:\\\/\\\/facebook.com\\\/cocoonseurope\"]}]}<\/script>\n<meta property=\"product:brand\" content=\"Cocoons Fitover-Sonnenbrille\" \/>\n<meta property=\"product:price:amount\" content=\"82.95\" \/>\n<meta property=\"product:price:currency\" content=\"EUR\" \/>\n<meta property=\"og:availability\" content=\"instock\" \/>\n<meta property=\"product:availability\" content=\"instock\" \/>\n<meta property=\"product:retailer_item_id\" content=\"C4111A\" \/>\n<meta property=\"product:condition\" content=\"new\" \/>\n<!-- \/ Yoast SEO Premium plugin. -->","yoast_head_json":{"title":"Mini Slim (MS) Sage Polarisiert Bernstein : Cocoons","description":"xplore the features and benefits of Mini Slim (MS) Sage Polarisiert Bernstein on Cocoons.eu. Designed for superior performance and style. Order yours today and experience the difference!","robots":{"index":"index","follow":"follow","max-snippet":"max-snippet:-1","max-image-preview":"max-image-preview:large","max-video-preview":"max-video-preview:-1"},"canonical":"https:\/\/cocoons.eu\/de\/shop\/cocoons-de\/mini-slim-ms-sage-polarisiert-bernstein\/","og_locale":"de_DE","og_type":"article","og_title":"Mini Slim (MS) Sage Polarisiert Bernstein","og_description":"xplore the features and benefits of Mini Slim (MS) Sage Polarisiert Bernstein on Cocoons.eu. Designed for superior performance and style. Order yours today and experience the difference!","og_url":"https:\/\/cocoons.eu\/de\/shop\/cocoons-de\/mini-slim-ms-sage-polarisiert-bernstein\/","og_site_name":"Cocoons","article_publisher":"https:\/\/facebook.com\/cocoonseurope","og_image":[{"width":800,"height":800,"url":"https:\/\/cocoons.eu\/wp-content\/uploads\/2023\/01\/IMG_2457_C4111A_edit_website_800x800.jpg","type":"image\/jpeg"}],"twitter_card":"summary_large_image","twitter_misc":{"Preis":"&euro;82,95 (inkl. MwSt\/exkl. Versandkosten)","Verf\u00fcgbarkeit":"Auf Lager"},"schema":{"@context":"https:\/\/schema.org","@graph":[{"@type":"WebPage","@id":"https:\/\/cocoons.eu\/de\/shop\/cocoons-de\/mini-slim-ms-sage-polarisiert-bernstein\/","url":"https:\/\/cocoons.eu\/de\/shop\/cocoons-de\/mini-slim-ms-sage-polarisiert-bernstein\/","name":"Mini Slim (MS) Sage Polarisiert Bernstein : Cocoons","isPartOf":{"@id":"https:\/\/cocoons.eu\/de\/#website"},"primaryImageOfPage":{"@id":"https:\/\/cocoons.eu\/de\/shop\/cocoons-de\/mini-slim-ms-sage-polarisiert-bernstein\/#primaryimage"},"image":{"@id":"https:\/\/cocoons.eu\/de\/shop\/cocoons-de\/mini-slim-ms-sage-polarisiert-bernstein\/#primaryimage"},"thumbnailUrl":"https:\/\/cocoons.eu\/wp-content\/uploads\/2023\/01\/IMG_2457_C4111A_edit_website_800x800.jpg","datePublished":"2023-01-18T21:51:32+00:00","description":"xplore the features and benefits of Mini Slim (MS) Sage Polarisiert Bernstein on Cocoons.eu. Designed for superior performance and style. Order yours today and experience the difference!","breadcrumb":{"@id":"https:\/\/cocoons.eu\/de\/shop\/cocoons-de\/mini-slim-ms-sage-polarisiert-bernstein\/#breadcrumb"},"inLanguage":"de","potentialAction":[{"@type":"ReadAction","target":["https:\/\/cocoons.eu\/de\/shop\/cocoons-de\/mini-slim-ms-sage-polarisiert-bernstein\/"]}]},{"@type":"ImageObject","inLanguage":"de","@id":"https:\/\/cocoons.eu\/de\/shop\/cocoons-de\/mini-slim-ms-sage-polarisiert-bernstein\/#primaryimage","url":"https:\/\/cocoons.eu\/wp-content\/uploads\/2023\/01\/IMG_2457_C4111A_edit_website_800x800.jpg","contentUrl":"https:\/\/cocoons.eu\/wp-content\/uploads\/2023\/01\/IMG_2457_C4111A_edit_website_800x800.jpg","width":800,"height":800,"caption":"C4111A - Mini Slim (MS) Gloss Sage\/Amber"},{"@type":"BreadcrumbList","@id":"https:\/\/cocoons.eu\/de\/shop\/cocoons-de\/mini-slim-ms-sage-polarisiert-bernstein\/#breadcrumb","itemListElement":[{"@type":"ListItem","position":1,"name":"Home","item":"https:\/\/cocoons.eu\/de\/"},{"@type":"ListItem","position":2,"name":"Shoppen","item":"https:\/\/cocoons.eu\/de\/shop-2\/"},{"@type":"ListItem","position":3,"name":"Mini Slim (MS) Sage Polarisiert Bernstein"}]},{"@type":"WebSite","@id":"https:\/\/cocoons.eu\/de\/#website","url":"https:\/\/cocoons.eu\/de\/","name":"Cocoons Eyewear Europe","description":"Hochwertige Fitover-Sonnenbrillen","publisher":{"@id":"https:\/\/cocoons.eu\/de\/#organization"},"potentialAction":[{"@type":"SearchAction","target":{"@type":"EntryPoint","urlTemplate":"https:\/\/cocoons.eu\/de\/?s={search_term_string}"},"query-input":{"@type":"PropertyValueSpecification","valueRequired":true,"valueName":"search_term_string"}}],"inLanguage":"de"},{"@type":"Organization","@id":"https:\/\/cocoons.eu\/de\/#organization","name":"Cocoons by Live Eyewear","url":"https:\/\/cocoons.eu\/de\/","logo":{"@type":"ImageObject","inLanguage":"de","@id":"https:\/\/cocoons.eu\/de\/#\/schema\/logo\/image\/","url":"https:\/\/cocoons.eu\/wp-content\/uploads\/2020\/03\/C4218G-DSC_7866ps_edit_website800x800.jpg","contentUrl":"https:\/\/cocoons.eu\/wp-content\/uploads\/2020\/03\/C4218G-DSC_7866ps_edit_website800x800.jpg","width":800,"height":800,"caption":"Cocoons by Live Eyewear"},"image":{"@id":"https:\/\/cocoons.eu\/de\/#\/schema\/logo\/image\/"},"sameAs":["https:\/\/facebook.com\/cocoonseurope"]}]},"product_brand":"Cocoons Fitover-Sonnenbrille","product_price_amount":"82.95","product_price_currency":"EUR","og_availability":"instock","product_availability":"instock","product_retailer_item_id":"C4111A","product_condition":"new"},"_links":{"self":[{"href":"https:\/\/cocoons.eu\/de\/wp-json\/wp\/v2\/product\/242306","targetHints":{"allow":["GET"]}}],"collection":[{"href":"https:\/\/cocoons.eu\/de\/wp-json\/wp\/v2\/product"}],"about":[{"href":"https:\/\/cocoons.eu\/de\/wp-json\/wp\/v2\/types\/product"}],"wp:featuredmedia":[{"embeddable":true,"href":"https:\/\/cocoons.eu\/de\/wp-json\/wp\/v2\/media\/236837"}],"wp:attachment":[{"href":"https:\/\/cocoons.eu\/de\/wp-json\/wp\/v2\/media?parent=242306"}],"wp:term":[{"taxonomy":"product_brand","embeddable":true,"href":"https:\/\/cocoons.eu\/de\/wp-json\/wp\/v2\/product_brand?post=242306"},{"taxonomy":"product_cat","embeddable":true,"href":"https:\/\/cocoons.eu\/de\/wp-json\/wp\/v2\/product_cat?post=242306"},{"taxonomy":"product_tag","embeddable":true,"href":"https:\/\/cocoons.eu\/de\/wp-json\/wp\/v2\/product_tag?post=242306"}],"curies":[{"name":"wp","href":"https:\/\/api.w.org\/{rel}","templated":true}]}}