{"id":236224,"date":"2015-08-22T09:20:36","date_gmt":"2015-08-22T07:20:36","guid":{"rendered":"https:\/\/cocoons.eu\/shop\/unkategorisiert\/clip-ons-sqr1-54-bronzefarben-polarisiert-bernsteinfarben\/"},"modified":"2023-03-27T23:12:24","modified_gmt":"2023-03-27T21:12:24","slug":"cocoons-clip-ons-sqr1-54-bronze-framepolarized-amber-lenses-2","status":"publish","type":"product","link":"https:\/\/cocoons.eu\/de\/shop\/cocoons-de\/clipons\/polarisierte-clip-ons\/monel-fassung\/cocoons-clip-ons-sqr1-54-bronze-framepolarized-amber-lenses-2\/","title":{"rendered":"Clip-Ons SQR1-54 Bronze Polarisiert Bernsteinfarben"},"content":{"rendered":"","protected":false},"excerpt":{"rendered":"<p>Die bernsteinfarbenen Gl\u00e4ser der abgebildeten Clip-Ons wurden wissenschaftlich entwickelt, um eine grelle Blendung zu eliminieren und den Kontrast und die Tiefenwahrnehmung zu verbessern. Bernsteinfarbene Gl\u00e4ser werden sehr gerne am oder auf dem Wasser getragen.<\/p>\n<p><em><span style=\"color: #50b848;\">\u201eZweifelsohne die besten Clip-Ons, die ich je hatte. Sie f\u00fchlen sich nicht halb so empfindlich an wie die anderen, die ich fr\u00fcher einmal hatte. Ich habe gerade Clip-Ons mit gelben Gl\u00e4sern f\u00fcr die Jagd bekommen. Sie sind einfach perfekt.\u201c<\/span> <img decoding=\"async\" class=\"usr\" src=\"https:\/\/cocoons.eu\/wp-content\/plugins\/universal-star-rating\/includes\/image.php?img=01.png&amp;px=15&amp;max=5&amp;rat=5\" alt=\"5 out of 5 stars\" style=\"height: 15px !important;\" \/> (5 \/ 5) Sonny C., Red Bluff, CA<\/em><\/p>\n","protected":false},"featured_media":233556,"template":"","meta":{"_acf_changed":false},"product_brand":[],"product_cat":[3174,3115,3265,3176],"product_tag":[3266],"class_list":{"0":"post-236224","1":"product","2":"type-product","3":"status-publish","4":"has-post-thumbnail","6":"product_cat-clipons","7":"product_cat-cocoons-de","8":"product_cat-monel-fassung","9":"product_cat-polarisierte-clip-ons","10":"product_tag-clip-ons-de","11":"pa_collection-cocoons-clip-ons-de","12":"pa_frame-color-bronze-de","13":"pa_lens-tint-bernstein-polarisiert","14":"pa_shape-quadratisch","15":"pa_shape-sqr1-de","17":"first","18":"instock","19":"taxable","20":"shipping-taxable","21":"purchasable","22":"product-type-simple"},"acf":[],"yoast_head":"<!-- This site is optimized with the Yoast SEO Premium plugin v27.3 (Yoast SEO v27.3) - https:\/\/yoast.com\/product\/yoast-seo-premium-wordpress\/ -->\n<title>Clip-Ons SQR1-54 Bronze Polarisiert Bernsteinfarben : Cocoons<\/title>\n<meta name=\"description\" content=\"xplore the features and benefits of Clip-Ons SQR1-54 Bronze Polarisiert Bernsteinfarben on Cocoons.eu. Designed for superior performance and style. Order yours today and experience the difference!\" \/>\n<meta name=\"robots\" content=\"index, follow, max-snippet:-1, max-image-preview:large, max-video-preview:-1\" \/>\n<link rel=\"canonical\" href=\"https:\/\/cocoons.eu\/de\/shop\/cocoons-de\/clipons\/polarisierte-clip-ons\/monel-fassung\/cocoons-clip-ons-sqr1-54-bronze-framepolarized-amber-lenses-2\/\" \/>\n<meta property=\"og:locale\" content=\"de_DE\" \/>\n<meta property=\"og:type\" content=\"article\" \/>\n<meta property=\"og:title\" content=\"Clip-Ons SQR1-54 Bronze Polarisiert Bernsteinfarben\" \/>\n<meta property=\"og:description\" content=\"xplore the features and benefits of Clip-Ons SQR1-54 Bronze Polarisiert Bernsteinfarben on Cocoons.eu. Designed for superior performance and style. Order yours today and experience the difference!\" \/>\n<meta property=\"og:url\" content=\"https:\/\/cocoons.eu\/de\/shop\/cocoons-de\/clipons\/polarisierte-clip-ons\/monel-fassung\/cocoons-clip-ons-sqr1-54-bronze-framepolarized-amber-lenses-2\/\" \/>\n<meta property=\"og:site_name\" content=\"Cocoons\" \/>\n<meta property=\"article:publisher\" content=\"https:\/\/facebook.com\/cocoonseurope\" \/>\n<meta property=\"article:modified_time\" content=\"2023-03-27T21:12:24+00:00\" \/>\n<meta property=\"og:image\" content=\"https:\/\/cocoons.eu\/wp-content\/uploads\/2018\/01\/Clip-ons_SQ_1-54_Bronze_Amber_L209A.jpg\" \/>\n\t<meta property=\"og:image:width\" content=\"800\" \/>\n\t<meta property=\"og:image:height\" content=\"800\" \/>\n\t<meta property=\"og:image:type\" content=\"image\/jpeg\" \/>\n<meta name=\"twitter:card\" content=\"summary_large_image\" \/>\n<meta name=\"twitter:label1\" content=\"Preis\" \/>\n\t<meta name=\"twitter:data1\" content=\"&euro;51,95 (inkl. MwSt\/exkl. Versandkosten)\" \/>\n\t<meta name=\"twitter:label2\" content=\"Verf\u00fcgbarkeit\" \/>\n\t<meta name=\"twitter:data2\" content=\"Auf Lager\" \/>\n<script type=\"application\/ld+json\" class=\"yoast-schema-graph\">{\"@context\":\"https:\\\/\\\/schema.org\",\"@graph\":[{\"@type\":\"WebPage\",\"@id\":\"https:\\\/\\\/cocoons.eu\\\/de\\\/shop\\\/cocoons-de\\\/clipons\\\/polarisierte-clip-ons\\\/monel-fassung\\\/cocoons-clip-ons-sqr1-54-bronze-framepolarized-amber-lenses-2\\\/\",\"url\":\"https:\\\/\\\/cocoons.eu\\\/de\\\/shop\\\/cocoons-de\\\/clipons\\\/polarisierte-clip-ons\\\/monel-fassung\\\/cocoons-clip-ons-sqr1-54-bronze-framepolarized-amber-lenses-2\\\/\",\"name\":\"Clip-Ons SQR1-54 Bronze Polarisiert Bernsteinfarben : Cocoons\",\"isPartOf\":{\"@id\":\"https:\\\/\\\/cocoons.eu\\\/de\\\/#website\"},\"primaryImageOfPage\":{\"@id\":\"https:\\\/\\\/cocoons.eu\\\/de\\\/shop\\\/cocoons-de\\\/clipons\\\/polarisierte-clip-ons\\\/monel-fassung\\\/cocoons-clip-ons-sqr1-54-bronze-framepolarized-amber-lenses-2\\\/#primaryimage\"},\"image\":{\"@id\":\"https:\\\/\\\/cocoons.eu\\\/de\\\/shop\\\/cocoons-de\\\/clipons\\\/polarisierte-clip-ons\\\/monel-fassung\\\/cocoons-clip-ons-sqr1-54-bronze-framepolarized-amber-lenses-2\\\/#primaryimage\"},\"thumbnailUrl\":\"https:\\\/\\\/cocoons.eu\\\/wp-content\\\/uploads\\\/2018\\\/01\\\/Clip-ons_SQ_1-54_Bronze_Amber_L209A.jpg\",\"datePublished\":\"2015-08-22T07:20:36+00:00\",\"dateModified\":\"2023-03-27T21:12:24+00:00\",\"description\":\"xplore the features and benefits of Clip-Ons SQR1-54 Bronze Polarisiert Bernsteinfarben on Cocoons.eu. Designed for superior performance and style. Order yours today and experience the difference!\",\"breadcrumb\":{\"@id\":\"https:\\\/\\\/cocoons.eu\\\/de\\\/shop\\\/cocoons-de\\\/clipons\\\/polarisierte-clip-ons\\\/monel-fassung\\\/cocoons-clip-ons-sqr1-54-bronze-framepolarized-amber-lenses-2\\\/#breadcrumb\"},\"inLanguage\":\"de\",\"potentialAction\":[{\"@type\":\"ReadAction\",\"target\":[\"https:\\\/\\\/cocoons.eu\\\/de\\\/shop\\\/cocoons-de\\\/clipons\\\/polarisierte-clip-ons\\\/monel-fassung\\\/cocoons-clip-ons-sqr1-54-bronze-framepolarized-amber-lenses-2\\\/\"]}]},{\"@type\":\"ImageObject\",\"inLanguage\":\"de\",\"@id\":\"https:\\\/\\\/cocoons.eu\\\/de\\\/shop\\\/cocoons-de\\\/clipons\\\/polarisierte-clip-ons\\\/monel-fassung\\\/cocoons-clip-ons-sqr1-54-bronze-framepolarized-amber-lenses-2\\\/#primaryimage\",\"url\":\"https:\\\/\\\/cocoons.eu\\\/wp-content\\\/uploads\\\/2018\\\/01\\\/Clip-ons_SQ_1-54_Bronze_Amber_L209A.jpg\",\"contentUrl\":\"https:\\\/\\\/cocoons.eu\\\/wp-content\\\/uploads\\\/2018\\\/01\\\/Clip-ons_SQ_1-54_Bronze_Amber_L209A.jpg\",\"width\":800,\"height\":800},{\"@type\":\"BreadcrumbList\",\"@id\":\"https:\\\/\\\/cocoons.eu\\\/de\\\/shop\\\/cocoons-de\\\/clipons\\\/polarisierte-clip-ons\\\/monel-fassung\\\/cocoons-clip-ons-sqr1-54-bronze-framepolarized-amber-lenses-2\\\/#breadcrumb\",\"itemListElement\":[{\"@type\":\"ListItem\",\"position\":1,\"name\":\"Home\",\"item\":\"https:\\\/\\\/cocoons.eu\\\/de\\\/\"},{\"@type\":\"ListItem\",\"position\":2,\"name\":\"Shoppen\",\"item\":\"https:\\\/\\\/cocoons.eu\\\/de\\\/shop-2\\\/\"},{\"@type\":\"ListItem\",\"position\":3,\"name\":\"Clip-Ons SQR1-54 Bronze Polarisiert Bernsteinfarben\"}]},{\"@type\":\"WebSite\",\"@id\":\"https:\\\/\\\/cocoons.eu\\\/de\\\/#website\",\"url\":\"https:\\\/\\\/cocoons.eu\\\/de\\\/\",\"name\":\"Cocoons Eyewear Europe\",\"description\":\"Hochwertige Fitover-Sonnenbrillen\",\"publisher\":{\"@id\":\"https:\\\/\\\/cocoons.eu\\\/de\\\/#organization\"},\"potentialAction\":[{\"@type\":\"SearchAction\",\"target\":{\"@type\":\"EntryPoint\",\"urlTemplate\":\"https:\\\/\\\/cocoons.eu\\\/de\\\/?s={search_term_string}\"},\"query-input\":{\"@type\":\"PropertyValueSpecification\",\"valueRequired\":true,\"valueName\":\"search_term_string\"}}],\"inLanguage\":\"de\"},{\"@type\":\"Organization\",\"@id\":\"https:\\\/\\\/cocoons.eu\\\/de\\\/#organization\",\"name\":\"Cocoons by Live Eyewear\",\"url\":\"https:\\\/\\\/cocoons.eu\\\/de\\\/\",\"logo\":{\"@type\":\"ImageObject\",\"inLanguage\":\"de\",\"@id\":\"https:\\\/\\\/cocoons.eu\\\/de\\\/#\\\/schema\\\/logo\\\/image\\\/\",\"url\":\"https:\\\/\\\/cocoons.eu\\\/wp-content\\\/uploads\\\/2020\\\/03\\\/C4218G-DSC_7866ps_edit_website800x800.jpg\",\"contentUrl\":\"https:\\\/\\\/cocoons.eu\\\/wp-content\\\/uploads\\\/2020\\\/03\\\/C4218G-DSC_7866ps_edit_website800x800.jpg\",\"width\":800,\"height\":800,\"caption\":\"Cocoons by Live Eyewear\"},\"image\":{\"@id\":\"https:\\\/\\\/cocoons.eu\\\/de\\\/#\\\/schema\\\/logo\\\/image\\\/\"},\"sameAs\":[\"https:\\\/\\\/facebook.com\\\/cocoonseurope\"]}]}<\/script>\n<meta property=\"product:brand\" content=\"Cocoons-Clip-Ons\" \/>\n<meta property=\"product:price:amount\" content=\"51.95\" \/>\n<meta property=\"product:price:currency\" content=\"EUR\" \/>\n<meta property=\"og:availability\" content=\"instock\" \/>\n<meta property=\"product:availability\" content=\"instock\" \/>\n<meta property=\"product:retailer_item_id\" content=\"L209A\" \/>\n<meta property=\"product:condition\" content=\"new\" \/>\n<!-- \/ Yoast SEO Premium plugin. -->","yoast_head_json":{"title":"Clip-Ons SQR1-54 Bronze Polarisiert Bernsteinfarben : Cocoons","description":"xplore the features and benefits of Clip-Ons SQR1-54 Bronze Polarisiert Bernsteinfarben on Cocoons.eu. Designed for superior performance and style. Order yours today and experience the difference!","robots":{"index":"index","follow":"follow","max-snippet":"max-snippet:-1","max-image-preview":"max-image-preview:large","max-video-preview":"max-video-preview:-1"},"canonical":"https:\/\/cocoons.eu\/de\/shop\/cocoons-de\/clipons\/polarisierte-clip-ons\/monel-fassung\/cocoons-clip-ons-sqr1-54-bronze-framepolarized-amber-lenses-2\/","og_locale":"de_DE","og_type":"article","og_title":"Clip-Ons SQR1-54 Bronze Polarisiert Bernsteinfarben","og_description":"xplore the features and benefits of Clip-Ons SQR1-54 Bronze Polarisiert Bernsteinfarben on Cocoons.eu. Designed for superior performance and style. Order yours today and experience the difference!","og_url":"https:\/\/cocoons.eu\/de\/shop\/cocoons-de\/clipons\/polarisierte-clip-ons\/monel-fassung\/cocoons-clip-ons-sqr1-54-bronze-framepolarized-amber-lenses-2\/","og_site_name":"Cocoons","article_publisher":"https:\/\/facebook.com\/cocoonseurope","article_modified_time":"2023-03-27T21:12:24+00:00","og_image":[{"width":800,"height":800,"url":"https:\/\/cocoons.eu\/wp-content\/uploads\/2018\/01\/Clip-ons_SQ_1-54_Bronze_Amber_L209A.jpg","type":"image\/jpeg"}],"twitter_card":"summary_large_image","twitter_misc":{"Preis":"&euro;51,95 (inkl. MwSt\/exkl. Versandkosten)","Verf\u00fcgbarkeit":"Auf Lager"},"schema":{"@context":"https:\/\/schema.org","@graph":[{"@type":"WebPage","@id":"https:\/\/cocoons.eu\/de\/shop\/cocoons-de\/clipons\/polarisierte-clip-ons\/monel-fassung\/cocoons-clip-ons-sqr1-54-bronze-framepolarized-amber-lenses-2\/","url":"https:\/\/cocoons.eu\/de\/shop\/cocoons-de\/clipons\/polarisierte-clip-ons\/monel-fassung\/cocoons-clip-ons-sqr1-54-bronze-framepolarized-amber-lenses-2\/","name":"Clip-Ons SQR1-54 Bronze Polarisiert Bernsteinfarben : Cocoons","isPartOf":{"@id":"https:\/\/cocoons.eu\/de\/#website"},"primaryImageOfPage":{"@id":"https:\/\/cocoons.eu\/de\/shop\/cocoons-de\/clipons\/polarisierte-clip-ons\/monel-fassung\/cocoons-clip-ons-sqr1-54-bronze-framepolarized-amber-lenses-2\/#primaryimage"},"image":{"@id":"https:\/\/cocoons.eu\/de\/shop\/cocoons-de\/clipons\/polarisierte-clip-ons\/monel-fassung\/cocoons-clip-ons-sqr1-54-bronze-framepolarized-amber-lenses-2\/#primaryimage"},"thumbnailUrl":"https:\/\/cocoons.eu\/wp-content\/uploads\/2018\/01\/Clip-ons_SQ_1-54_Bronze_Amber_L209A.jpg","datePublished":"2015-08-22T07:20:36+00:00","dateModified":"2023-03-27T21:12:24+00:00","description":"xplore the features and benefits of Clip-Ons SQR1-54 Bronze Polarisiert Bernsteinfarben on Cocoons.eu. Designed for superior performance and style. Order yours today and experience the difference!","breadcrumb":{"@id":"https:\/\/cocoons.eu\/de\/shop\/cocoons-de\/clipons\/polarisierte-clip-ons\/monel-fassung\/cocoons-clip-ons-sqr1-54-bronze-framepolarized-amber-lenses-2\/#breadcrumb"},"inLanguage":"de","potentialAction":[{"@type":"ReadAction","target":["https:\/\/cocoons.eu\/de\/shop\/cocoons-de\/clipons\/polarisierte-clip-ons\/monel-fassung\/cocoons-clip-ons-sqr1-54-bronze-framepolarized-amber-lenses-2\/"]}]},{"@type":"ImageObject","inLanguage":"de","@id":"https:\/\/cocoons.eu\/de\/shop\/cocoons-de\/clipons\/polarisierte-clip-ons\/monel-fassung\/cocoons-clip-ons-sqr1-54-bronze-framepolarized-amber-lenses-2\/#primaryimage","url":"https:\/\/cocoons.eu\/wp-content\/uploads\/2018\/01\/Clip-ons_SQ_1-54_Bronze_Amber_L209A.jpg","contentUrl":"https:\/\/cocoons.eu\/wp-content\/uploads\/2018\/01\/Clip-ons_SQ_1-54_Bronze_Amber_L209A.jpg","width":800,"height":800},{"@type":"BreadcrumbList","@id":"https:\/\/cocoons.eu\/de\/shop\/cocoons-de\/clipons\/polarisierte-clip-ons\/monel-fassung\/cocoons-clip-ons-sqr1-54-bronze-framepolarized-amber-lenses-2\/#breadcrumb","itemListElement":[{"@type":"ListItem","position":1,"name":"Home","item":"https:\/\/cocoons.eu\/de\/"},{"@type":"ListItem","position":2,"name":"Shoppen","item":"https:\/\/cocoons.eu\/de\/shop-2\/"},{"@type":"ListItem","position":3,"name":"Clip-Ons SQR1-54 Bronze Polarisiert Bernsteinfarben"}]},{"@type":"WebSite","@id":"https:\/\/cocoons.eu\/de\/#website","url":"https:\/\/cocoons.eu\/de\/","name":"Cocoons Eyewear Europe","description":"Hochwertige Fitover-Sonnenbrillen","publisher":{"@id":"https:\/\/cocoons.eu\/de\/#organization"},"potentialAction":[{"@type":"SearchAction","target":{"@type":"EntryPoint","urlTemplate":"https:\/\/cocoons.eu\/de\/?s={search_term_string}"},"query-input":{"@type":"PropertyValueSpecification","valueRequired":true,"valueName":"search_term_string"}}],"inLanguage":"de"},{"@type":"Organization","@id":"https:\/\/cocoons.eu\/de\/#organization","name":"Cocoons by Live Eyewear","url":"https:\/\/cocoons.eu\/de\/","logo":{"@type":"ImageObject","inLanguage":"de","@id":"https:\/\/cocoons.eu\/de\/#\/schema\/logo\/image\/","url":"https:\/\/cocoons.eu\/wp-content\/uploads\/2020\/03\/C4218G-DSC_7866ps_edit_website800x800.jpg","contentUrl":"https:\/\/cocoons.eu\/wp-content\/uploads\/2020\/03\/C4218G-DSC_7866ps_edit_website800x800.jpg","width":800,"height":800,"caption":"Cocoons by Live Eyewear"},"image":{"@id":"https:\/\/cocoons.eu\/de\/#\/schema\/logo\/image\/"},"sameAs":["https:\/\/facebook.com\/cocoonseurope"]}]},"product_brand":"Cocoons-Clip-Ons","product_price_amount":"51.95","product_price_currency":"EUR","og_availability":"instock","product_availability":"instock","product_retailer_item_id":"L209A","product_condition":"new"},"_links":{"self":[{"href":"https:\/\/cocoons.eu\/de\/wp-json\/wp\/v2\/product\/236224","targetHints":{"allow":["GET"]}}],"collection":[{"href":"https:\/\/cocoons.eu\/de\/wp-json\/wp\/v2\/product"}],"about":[{"href":"https:\/\/cocoons.eu\/de\/wp-json\/wp\/v2\/types\/product"}],"wp:featuredmedia":[{"embeddable":true,"href":"https:\/\/cocoons.eu\/de\/wp-json\/wp\/v2\/media\/233556"}],"wp:attachment":[{"href":"https:\/\/cocoons.eu\/de\/wp-json\/wp\/v2\/media?parent=236224"}],"wp:term":[{"taxonomy":"product_brand","embeddable":true,"href":"https:\/\/cocoons.eu\/de\/wp-json\/wp\/v2\/product_brand?post=236224"},{"taxonomy":"product_cat","embeddable":true,"href":"https:\/\/cocoons.eu\/de\/wp-json\/wp\/v2\/product_cat?post=236224"},{"taxonomy":"product_tag","embeddable":true,"href":"https:\/\/cocoons.eu\/de\/wp-json\/wp\/v2\/product_tag?post=236224"}],"curies":[{"name":"wp","href":"https:\/\/api.w.org\/{rel}","templated":true}]}}