{"id":236190,"date":"2015-08-22T00:20:59","date_gmt":"2022-07-29T20:49:25","guid":{"rendered":"https:\/\/cocoons.eu\/shop\/unkategorisiert\/clip-ons-rec15-56-stahlgrau-zitronengelb\/"},"modified":"2025-11-24T16:55:36","modified_gmt":"2025-11-24T15:55:36","slug":"clip-ons-rec15-56-gunmetal-frame-lemon-lenses","status":"publish","type":"product","link":"https:\/\/cocoons.eu\/de\/shop\/cocoons-de\/clipons\/nicht-polarisierte-clip-ons\/monel-fassung-de-2\/clip-ons-rec15-56-gunmetal-frame-lemon-lenses\/","title":{"rendered":"Clip-Ons REC15-56 Metall Zitronengelb"},"content":{"rendered":"","protected":false},"excerpt":{"rendered":"<div class=\"product-short-description\">\n<p>Die nicht polarisierten zitronengelben Polar\u00e9-Gl\u00e4ser der abgebildeten Clip-Ons haben eine absorbierende T\u00f6nung mit ultrahohem Kontrast, die 86&nbsp;% des sichtbaren Lichts durchl\u00e4sst und gleichzeitig 100&nbsp;% der Lichtwellen bis 470&nbsp;nm sowie alle UVA\/UVB-Strahlen blockiert. Der Filter ist so konzipiert, dass er 40&nbsp;% des blauen Lichts und 70&nbsp;% des HEV-Lichts (hochenergetisches ultraviolettes Licht) absorbiert, das zu Erm\u00fcdung und \u00dcberanstrengung der Augen f\u00fchren kann.<\/p>\n<p><em><span style=\"color: #50b848;\">\u201eMein Arzt empfahl mir die zitronengelben Cocoons-Gl\u00e4ser, weil ich eine Sehbeeintr\u00e4chtigung habe. Ich habe sowohl die Fitover-Version als auch die Clip-Ons, aber ich glaube, die Clip-Ons gef\u00e4llt mir fast besser. Die Fitover-Brille ist wirklich bequem, aber wenn ich die Clip-Ons trage, f\u00fchlt sich das an, als ob da nichts ist. Ich trage sie die ganze Zeit und sie haben mir sehr geholfen.&#8221;<\/span> <img decoding=\"async\" class=\"usr\" src=\"https:\/\/cocoons.eu\/wp-content\/plugins\/universal-star-rating\/includes\/image.php?img=01.png&amp;px=15&amp;max=5&amp;rat=5\" alt=\"5 out of 5 stars\" style=\"height: 15px !important;\" \/> (5 \/ 5) Martin C., Lamar, CO<\/em><\/p>\n<\/div>\n","protected":false},"featured_media":233469,"template":"","meta":{"_acf_changed":false},"product_brand":[],"product_cat":[3174,3115,3324,3323,3127],"product_tag":[3266],"class_list":{"0":"post-236190","1":"product","2":"type-product","3":"status-publish","4":"has-post-thumbnail","6":"product_cat-clipons","7":"product_cat-cocoons-de","8":"product_cat-monel-fassung-de-2","9":"product_cat-nicht-polarisierte-clip-ons","10":"product_cat-sehhilfen-fur-schwaches-licht-und-starken-kontrast","11":"product_tag-clip-ons-de","12":"pa_collection-cocoons-clip-ons-de","13":"pa_frame-color-metall","14":"pa_lens-tint-zitrone-uv-filter","15":"pa_shape-rec15-de","16":"pa_shape-rechteckig","18":"first","19":"instock","20":"taxable","21":"shipping-taxable","22":"purchasable","23":"product-type-simple"},"acf":[],"yoast_head":"<!-- This site is optimized with the Yoast SEO Premium plugin v27.3 (Yoast SEO v27.3) - https:\/\/yoast.com\/product\/yoast-seo-premium-wordpress\/ -->\n<title>Clip-Ons REC15-56 Metall Zitronengelb : Cocoons<\/title>\n<meta name=\"description\" content=\"xplore the features and benefits of Clip-Ons REC15-56 Metall Zitronengelb on Cocoons.eu. Designed for superior performance and style. Order yours today and experience the difference!\" \/>\n<meta name=\"robots\" content=\"index, follow, max-snippet:-1, max-image-preview:large, max-video-preview:-1\" \/>\n<link rel=\"canonical\" href=\"https:\/\/cocoons.eu\/de\/shop\/cocoons-de\/clipons\/nicht-polarisierte-clip-ons\/monel-fassung-de-2\/clip-ons-rec15-56-gunmetal-frame-lemon-lenses\/\" \/>\n<meta property=\"og:locale\" content=\"de_DE\" \/>\n<meta property=\"og:type\" content=\"article\" \/>\n<meta property=\"og:title\" content=\"Clip-Ons REC15-56 Metall Zitronengelb\" \/>\n<meta property=\"og:description\" content=\"xplore the features and benefits of Clip-Ons REC15-56 Metall Zitronengelb on Cocoons.eu. Designed for superior performance and style. Order yours today and experience the difference!\" \/>\n<meta property=\"og:url\" content=\"https:\/\/cocoons.eu\/de\/shop\/cocoons-de\/clipons\/nicht-polarisierte-clip-ons\/monel-fassung-de-2\/clip-ons-rec15-56-gunmetal-frame-lemon-lenses\/\" \/>\n<meta property=\"og:site_name\" content=\"Cocoons\" \/>\n<meta property=\"article:publisher\" content=\"https:\/\/facebook.com\/cocoonseurope\" \/>\n<meta property=\"article:modified_time\" content=\"2025-11-24T15:55:36+00:00\" \/>\n<meta property=\"og:image\" content=\"https:\/\/cocoons.eu\/wp-content\/uploads\/2018\/01\/Clip-ons_REC_15-56_Gunmetal_Lemon_L4278L-4818-2.jpg\" \/>\n\t<meta property=\"og:image:width\" content=\"800\" \/>\n\t<meta property=\"og:image:height\" content=\"800\" \/>\n\t<meta property=\"og:image:type\" content=\"image\/jpeg\" \/>\n<meta name=\"twitter:card\" content=\"summary_large_image\" \/>\n<meta name=\"twitter:label1\" content=\"Preis\" \/>\n\t<meta name=\"twitter:data1\" content=\"&euro;51,95 (inkl. MwSt\/exkl. Versandkosten)\" \/>\n\t<meta name=\"twitter:label2\" content=\"Verf\u00fcgbarkeit\" \/>\n\t<meta name=\"twitter:data2\" content=\"Auf Lager\" \/>\n<script type=\"application\/ld+json\" class=\"yoast-schema-graph\">{\"@context\":\"https:\\\/\\\/schema.org\",\"@graph\":[{\"@type\":\"WebPage\",\"@id\":\"https:\\\/\\\/cocoons.eu\\\/de\\\/shop\\\/cocoons-de\\\/clipons\\\/nicht-polarisierte-clip-ons\\\/monel-fassung-de-2\\\/clip-ons-rec15-56-gunmetal-frame-lemon-lenses\\\/\",\"url\":\"https:\\\/\\\/cocoons.eu\\\/de\\\/shop\\\/cocoons-de\\\/clipons\\\/nicht-polarisierte-clip-ons\\\/monel-fassung-de-2\\\/clip-ons-rec15-56-gunmetal-frame-lemon-lenses\\\/\",\"name\":\"Clip-Ons REC15-56 Metall Zitronengelb : Cocoons\",\"isPartOf\":{\"@id\":\"https:\\\/\\\/cocoons.eu\\\/de\\\/#website\"},\"primaryImageOfPage\":{\"@id\":\"https:\\\/\\\/cocoons.eu\\\/de\\\/shop\\\/cocoons-de\\\/clipons\\\/nicht-polarisierte-clip-ons\\\/monel-fassung-de-2\\\/clip-ons-rec15-56-gunmetal-frame-lemon-lenses\\\/#primaryimage\"},\"image\":{\"@id\":\"https:\\\/\\\/cocoons.eu\\\/de\\\/shop\\\/cocoons-de\\\/clipons\\\/nicht-polarisierte-clip-ons\\\/monel-fassung-de-2\\\/clip-ons-rec15-56-gunmetal-frame-lemon-lenses\\\/#primaryimage\"},\"thumbnailUrl\":\"https:\\\/\\\/cocoons.eu\\\/wp-content\\\/uploads\\\/2018\\\/01\\\/Clip-ons_REC_15-56_Gunmetal_Lemon_L4278L-4818-2.jpg\",\"datePublished\":\"2022-07-29T20:49:25+00:00\",\"dateModified\":\"2025-11-24T15:55:36+00:00\",\"description\":\"xplore the features and benefits of Clip-Ons REC15-56 Metall Zitronengelb on Cocoons.eu. Designed for superior performance and style. Order yours today and experience the difference!\",\"breadcrumb\":{\"@id\":\"https:\\\/\\\/cocoons.eu\\\/de\\\/shop\\\/cocoons-de\\\/clipons\\\/nicht-polarisierte-clip-ons\\\/monel-fassung-de-2\\\/clip-ons-rec15-56-gunmetal-frame-lemon-lenses\\\/#breadcrumb\"},\"inLanguage\":\"de\",\"potentialAction\":[{\"@type\":\"ReadAction\",\"target\":[\"https:\\\/\\\/cocoons.eu\\\/de\\\/shop\\\/cocoons-de\\\/clipons\\\/nicht-polarisierte-clip-ons\\\/monel-fassung-de-2\\\/clip-ons-rec15-56-gunmetal-frame-lemon-lenses\\\/\"]}]},{\"@type\":\"ImageObject\",\"inLanguage\":\"de\",\"@id\":\"https:\\\/\\\/cocoons.eu\\\/de\\\/shop\\\/cocoons-de\\\/clipons\\\/nicht-polarisierte-clip-ons\\\/monel-fassung-de-2\\\/clip-ons-rec15-56-gunmetal-frame-lemon-lenses\\\/#primaryimage\",\"url\":\"https:\\\/\\\/cocoons.eu\\\/wp-content\\\/uploads\\\/2018\\\/01\\\/Clip-ons_REC_15-56_Gunmetal_Lemon_L4278L-4818-2.jpg\",\"contentUrl\":\"https:\\\/\\\/cocoons.eu\\\/wp-content\\\/uploads\\\/2018\\\/01\\\/Clip-ons_REC_15-56_Gunmetal_Lemon_L4278L-4818-2.jpg\",\"width\":800,\"height\":800},{\"@type\":\"BreadcrumbList\",\"@id\":\"https:\\\/\\\/cocoons.eu\\\/de\\\/shop\\\/cocoons-de\\\/clipons\\\/nicht-polarisierte-clip-ons\\\/monel-fassung-de-2\\\/clip-ons-rec15-56-gunmetal-frame-lemon-lenses\\\/#breadcrumb\",\"itemListElement\":[{\"@type\":\"ListItem\",\"position\":1,\"name\":\"Home\",\"item\":\"https:\\\/\\\/cocoons.eu\\\/de\\\/\"},{\"@type\":\"ListItem\",\"position\":2,\"name\":\"Shoppen\",\"item\":\"https:\\\/\\\/cocoons.eu\\\/de\\\/shop-2\\\/\"},{\"@type\":\"ListItem\",\"position\":3,\"name\":\"Clip-Ons REC15-56 Metall Zitronengelb\"}]},{\"@type\":\"WebSite\",\"@id\":\"https:\\\/\\\/cocoons.eu\\\/de\\\/#website\",\"url\":\"https:\\\/\\\/cocoons.eu\\\/de\\\/\",\"name\":\"Cocoons Eyewear Europe\",\"description\":\"Hochwertige Fitover-Sonnenbrillen\",\"publisher\":{\"@id\":\"https:\\\/\\\/cocoons.eu\\\/de\\\/#organization\"},\"potentialAction\":[{\"@type\":\"SearchAction\",\"target\":{\"@type\":\"EntryPoint\",\"urlTemplate\":\"https:\\\/\\\/cocoons.eu\\\/de\\\/?s={search_term_string}\"},\"query-input\":{\"@type\":\"PropertyValueSpecification\",\"valueRequired\":true,\"valueName\":\"search_term_string\"}}],\"inLanguage\":\"de\"},{\"@type\":\"Organization\",\"@id\":\"https:\\\/\\\/cocoons.eu\\\/de\\\/#organization\",\"name\":\"Cocoons by Live Eyewear\",\"url\":\"https:\\\/\\\/cocoons.eu\\\/de\\\/\",\"logo\":{\"@type\":\"ImageObject\",\"inLanguage\":\"de\",\"@id\":\"https:\\\/\\\/cocoons.eu\\\/de\\\/#\\\/schema\\\/logo\\\/image\\\/\",\"url\":\"https:\\\/\\\/cocoons.eu\\\/wp-content\\\/uploads\\\/2020\\\/03\\\/C4218G-DSC_7866ps_edit_website800x800.jpg\",\"contentUrl\":\"https:\\\/\\\/cocoons.eu\\\/wp-content\\\/uploads\\\/2020\\\/03\\\/C4218G-DSC_7866ps_edit_website800x800.jpg\",\"width\":800,\"height\":800,\"caption\":\"Cocoons by Live Eyewear\"},\"image\":{\"@id\":\"https:\\\/\\\/cocoons.eu\\\/de\\\/#\\\/schema\\\/logo\\\/image\\\/\"},\"sameAs\":[\"https:\\\/\\\/facebook.com\\\/cocoonseurope\"]}]}<\/script>\n<meta property=\"product:brand\" content=\"Cocoons-Clip-Ons\" \/>\n<meta property=\"product:price:amount\" content=\"51.95\" \/>\n<meta property=\"product:price:currency\" content=\"EUR\" \/>\n<meta property=\"og:availability\" content=\"instock\" \/>\n<meta property=\"product:availability\" content=\"instock\" \/>\n<meta property=\"product:retailer_item_id\" content=\"L4278L\" \/>\n<meta property=\"product:condition\" content=\"new\" \/>\n<!-- \/ Yoast SEO Premium plugin. -->","yoast_head_json":{"title":"Clip-Ons REC15-56 Metall Zitronengelb : Cocoons","description":"xplore the features and benefits of Clip-Ons REC15-56 Metall Zitronengelb on Cocoons.eu. Designed for superior performance and style. Order yours today and experience the difference!","robots":{"index":"index","follow":"follow","max-snippet":"max-snippet:-1","max-image-preview":"max-image-preview:large","max-video-preview":"max-video-preview:-1"},"canonical":"https:\/\/cocoons.eu\/de\/shop\/cocoons-de\/clipons\/nicht-polarisierte-clip-ons\/monel-fassung-de-2\/clip-ons-rec15-56-gunmetal-frame-lemon-lenses\/","og_locale":"de_DE","og_type":"article","og_title":"Clip-Ons REC15-56 Metall Zitronengelb","og_description":"xplore the features and benefits of Clip-Ons REC15-56 Metall Zitronengelb on Cocoons.eu. Designed for superior performance and style. Order yours today and experience the difference!","og_url":"https:\/\/cocoons.eu\/de\/shop\/cocoons-de\/clipons\/nicht-polarisierte-clip-ons\/monel-fassung-de-2\/clip-ons-rec15-56-gunmetal-frame-lemon-lenses\/","og_site_name":"Cocoons","article_publisher":"https:\/\/facebook.com\/cocoonseurope","article_modified_time":"2025-11-24T15:55:36+00:00","og_image":[{"width":800,"height":800,"url":"https:\/\/cocoons.eu\/wp-content\/uploads\/2018\/01\/Clip-ons_REC_15-56_Gunmetal_Lemon_L4278L-4818-2.jpg","type":"image\/jpeg"}],"twitter_card":"summary_large_image","twitter_misc":{"Preis":"&euro;51,95 (inkl. MwSt\/exkl. Versandkosten)","Verf\u00fcgbarkeit":"Auf Lager"},"schema":{"@context":"https:\/\/schema.org","@graph":[{"@type":"WebPage","@id":"https:\/\/cocoons.eu\/de\/shop\/cocoons-de\/clipons\/nicht-polarisierte-clip-ons\/monel-fassung-de-2\/clip-ons-rec15-56-gunmetal-frame-lemon-lenses\/","url":"https:\/\/cocoons.eu\/de\/shop\/cocoons-de\/clipons\/nicht-polarisierte-clip-ons\/monel-fassung-de-2\/clip-ons-rec15-56-gunmetal-frame-lemon-lenses\/","name":"Clip-Ons REC15-56 Metall Zitronengelb : Cocoons","isPartOf":{"@id":"https:\/\/cocoons.eu\/de\/#website"},"primaryImageOfPage":{"@id":"https:\/\/cocoons.eu\/de\/shop\/cocoons-de\/clipons\/nicht-polarisierte-clip-ons\/monel-fassung-de-2\/clip-ons-rec15-56-gunmetal-frame-lemon-lenses\/#primaryimage"},"image":{"@id":"https:\/\/cocoons.eu\/de\/shop\/cocoons-de\/clipons\/nicht-polarisierte-clip-ons\/monel-fassung-de-2\/clip-ons-rec15-56-gunmetal-frame-lemon-lenses\/#primaryimage"},"thumbnailUrl":"https:\/\/cocoons.eu\/wp-content\/uploads\/2018\/01\/Clip-ons_REC_15-56_Gunmetal_Lemon_L4278L-4818-2.jpg","datePublished":"2022-07-29T20:49:25+00:00","dateModified":"2025-11-24T15:55:36+00:00","description":"xplore the features and benefits of Clip-Ons REC15-56 Metall Zitronengelb on Cocoons.eu. Designed for superior performance and style. Order yours today and experience the difference!","breadcrumb":{"@id":"https:\/\/cocoons.eu\/de\/shop\/cocoons-de\/clipons\/nicht-polarisierte-clip-ons\/monel-fassung-de-2\/clip-ons-rec15-56-gunmetal-frame-lemon-lenses\/#breadcrumb"},"inLanguage":"de","potentialAction":[{"@type":"ReadAction","target":["https:\/\/cocoons.eu\/de\/shop\/cocoons-de\/clipons\/nicht-polarisierte-clip-ons\/monel-fassung-de-2\/clip-ons-rec15-56-gunmetal-frame-lemon-lenses\/"]}]},{"@type":"ImageObject","inLanguage":"de","@id":"https:\/\/cocoons.eu\/de\/shop\/cocoons-de\/clipons\/nicht-polarisierte-clip-ons\/monel-fassung-de-2\/clip-ons-rec15-56-gunmetal-frame-lemon-lenses\/#primaryimage","url":"https:\/\/cocoons.eu\/wp-content\/uploads\/2018\/01\/Clip-ons_REC_15-56_Gunmetal_Lemon_L4278L-4818-2.jpg","contentUrl":"https:\/\/cocoons.eu\/wp-content\/uploads\/2018\/01\/Clip-ons_REC_15-56_Gunmetal_Lemon_L4278L-4818-2.jpg","width":800,"height":800},{"@type":"BreadcrumbList","@id":"https:\/\/cocoons.eu\/de\/shop\/cocoons-de\/clipons\/nicht-polarisierte-clip-ons\/monel-fassung-de-2\/clip-ons-rec15-56-gunmetal-frame-lemon-lenses\/#breadcrumb","itemListElement":[{"@type":"ListItem","position":1,"name":"Home","item":"https:\/\/cocoons.eu\/de\/"},{"@type":"ListItem","position":2,"name":"Shoppen","item":"https:\/\/cocoons.eu\/de\/shop-2\/"},{"@type":"ListItem","position":3,"name":"Clip-Ons REC15-56 Metall Zitronengelb"}]},{"@type":"WebSite","@id":"https:\/\/cocoons.eu\/de\/#website","url":"https:\/\/cocoons.eu\/de\/","name":"Cocoons Eyewear Europe","description":"Hochwertige Fitover-Sonnenbrillen","publisher":{"@id":"https:\/\/cocoons.eu\/de\/#organization"},"potentialAction":[{"@type":"SearchAction","target":{"@type":"EntryPoint","urlTemplate":"https:\/\/cocoons.eu\/de\/?s={search_term_string}"},"query-input":{"@type":"PropertyValueSpecification","valueRequired":true,"valueName":"search_term_string"}}],"inLanguage":"de"},{"@type":"Organization","@id":"https:\/\/cocoons.eu\/de\/#organization","name":"Cocoons by Live Eyewear","url":"https:\/\/cocoons.eu\/de\/","logo":{"@type":"ImageObject","inLanguage":"de","@id":"https:\/\/cocoons.eu\/de\/#\/schema\/logo\/image\/","url":"https:\/\/cocoons.eu\/wp-content\/uploads\/2020\/03\/C4218G-DSC_7866ps_edit_website800x800.jpg","contentUrl":"https:\/\/cocoons.eu\/wp-content\/uploads\/2020\/03\/C4218G-DSC_7866ps_edit_website800x800.jpg","width":800,"height":800,"caption":"Cocoons by Live Eyewear"},"image":{"@id":"https:\/\/cocoons.eu\/de\/#\/schema\/logo\/image\/"},"sameAs":["https:\/\/facebook.com\/cocoonseurope"]}]},"product_brand":"Cocoons-Clip-Ons","product_price_amount":"51.95","product_price_currency":"EUR","og_availability":"instock","product_availability":"instock","product_retailer_item_id":"L4278L","product_condition":"new"},"_links":{"self":[{"href":"https:\/\/cocoons.eu\/de\/wp-json\/wp\/v2\/product\/236190","targetHints":{"allow":["GET"]}}],"collection":[{"href":"https:\/\/cocoons.eu\/de\/wp-json\/wp\/v2\/product"}],"about":[{"href":"https:\/\/cocoons.eu\/de\/wp-json\/wp\/v2\/types\/product"}],"wp:featuredmedia":[{"embeddable":true,"href":"https:\/\/cocoons.eu\/de\/wp-json\/wp\/v2\/media\/233469"}],"wp:attachment":[{"href":"https:\/\/cocoons.eu\/de\/wp-json\/wp\/v2\/media?parent=236190"}],"wp:term":[{"taxonomy":"product_brand","embeddable":true,"href":"https:\/\/cocoons.eu\/de\/wp-json\/wp\/v2\/product_brand?post=236190"},{"taxonomy":"product_cat","embeddable":true,"href":"https:\/\/cocoons.eu\/de\/wp-json\/wp\/v2\/product_cat?post=236190"},{"taxonomy":"product_tag","embeddable":true,"href":"https:\/\/cocoons.eu\/de\/wp-json\/wp\/v2\/product_tag?post=236190"}],"curies":[{"name":"wp","href":"https:\/\/api.w.org\/{rel}","templated":true}]}}