{"id":236139,"date":"2015-08-22T02:21:36","date_gmt":"2015-08-22T00:21:36","guid":{"rendered":"https:\/\/cocoons.eu\/shop\/unkategorisiert\/flip-ups-aviator-58-polarisiert-kupfer\/"},"modified":"2023-03-27T23:23:27","modified_gmt":"2023-03-27T21:23:27","slug":"flip-ups-aviator-58polarized-copper-lenses","status":"publish","type":"product","link":"https:\/\/cocoons.eu\/de\/shop\/cocoons-de\/flipups\/polarisierte-flip-ups\/flip-ups-aviator-58polarized-copper-lenses\/","title":{"rendered":"Flip-Ups Aviator 58 Polarisiert Kupfer"},"content":{"rendered":"","protected":false},"excerpt":{"rendered":"<p>Aviator Flip-Ups sind f\u00fcr gro\u00dfe Brillenfassungen konzipiert. Diese hochwertigen Flip-Ups zeichnen sich durch kratzfeste, polarisierte kupferfarbene Polar\u00e9-Gl\u00e4ser aus. Kupferfarbene Gl\u00e4ser sind sehr vielseitig, sie verbessern die Tiefenwahrnehmung und die Objektsch\u00e4rfe, indem sie blaues Streulicht effektiv filtern und den Kontrast verbessern. Mit einer h\u00f6heren Lichtdurchl\u00e4ssigkeit als bei bernsteinfarbenen Gl\u00e4sern sorgt die Kupfert\u00f6nung f\u00fcr kontrastverst\u00e4rkende Gl\u00e4ser, die bei schwachen bis wechselnden Lichtverh\u00e4ltnissen effektiv sind. Die Durchl\u00e4ssigkeit f\u00fcr sichtbares Licht betr\u00e4gt 21&nbsp;%.<\/p>\n<p>Polarisiert UV400 \u2013 Kratzfest \u2013 Inklusive Vinyl-Schutztasche \u2013 Lebenslange Garantie<\/p>\n","protected":false},"featured_media":232816,"template":"","meta":{"_acf_changed":false},"product_brand":[],"product_cat":[3115,3116,3117],"product_tag":[3118],"class_list":{"0":"post-236139","1":"product","2":"type-product","3":"status-publish","4":"has-post-thumbnail","6":"product_cat-cocoons-de","7":"product_cat-flipups","8":"product_cat-polarisierte-flip-ups","9":"product_tag-flip-ups-de","10":"pa_collection-cocoons-flip-ups-de","11":"pa_lens-tint-kupferfarben-polarisiert","12":"pa_shape-aviator-de","14":"first","15":"instock","16":"taxable","17":"shipping-taxable","18":"purchasable","19":"product-type-simple"},"acf":[],"yoast_head":"<!-- This site is optimized with the Yoast SEO Premium plugin v27.3 (Yoast SEO v27.4) - https:\/\/yoast.com\/product\/yoast-seo-premium-wordpress\/ -->\n<title>Flip-Ups Aviator 58 Polarisiert Kupfer : Cocoons<\/title>\n<meta name=\"description\" content=\"xplore the features and benefits of Flip-Ups Aviator 58 Polarisiert Kupfer on Cocoons.eu. Designed for superior performance and style. Order yours today and experience the difference!\" \/>\n<meta name=\"robots\" content=\"index, follow, max-snippet:-1, max-image-preview:large, max-video-preview:-1\" \/>\n<link rel=\"canonical\" href=\"https:\/\/cocoons.eu\/de\/shop\/cocoons-de\/flipups\/polarisierte-flip-ups\/flip-ups-aviator-58polarized-copper-lenses\/\" \/>\n<meta property=\"og:locale\" content=\"de_DE\" \/>\n<meta property=\"og:type\" content=\"article\" \/>\n<meta property=\"og:title\" content=\"Flip-Ups Aviator 58 Polarisiert Kupfer\" \/>\n<meta property=\"og:description\" content=\"xplore the features and benefits of Flip-Ups Aviator 58 Polarisiert Kupfer on Cocoons.eu. Designed for superior performance and style. Order yours today and experience the difference!\" \/>\n<meta property=\"og:url\" content=\"https:\/\/cocoons.eu\/de\/shop\/cocoons-de\/flipups\/polarisierte-flip-ups\/flip-ups-aviator-58polarized-copper-lenses\/\" \/>\n<meta property=\"og:site_name\" content=\"Cocoons\" \/>\n<meta property=\"article:publisher\" content=\"https:\/\/facebook.com\/cocoonseurope\" \/>\n<meta property=\"article:modified_time\" content=\"2023-03-27T21:23:27+00:00\" \/>\n<meta property=\"og:image\" content=\"https:\/\/cocoons.eu\/wp-content\/uploads\/2018\/01\/Flip-Ups_Aviator-58_Polarized-Copper-Lenses_LF701C.jpg\" \/>\n\t<meta property=\"og:image:width\" content=\"800\" \/>\n\t<meta property=\"og:image:height\" content=\"800\" \/>\n\t<meta property=\"og:image:type\" content=\"image\/jpeg\" \/>\n<meta name=\"twitter:card\" content=\"summary_large_image\" \/>\n<meta name=\"twitter:label1\" content=\"Preis\" \/>\n\t<meta name=\"twitter:data1\" content=\"&euro;35,95 (inkl. MwSt\/exkl. Versandkosten)\" \/>\n\t<meta name=\"twitter:label2\" content=\"Verf\u00fcgbarkeit\" \/>\n\t<meta name=\"twitter:data2\" content=\"Auf Lager\" \/>\n<script type=\"application\/ld+json\" class=\"yoast-schema-graph\">{\"@context\":\"https:\\\/\\\/schema.org\",\"@graph\":[{\"@type\":\"WebPage\",\"@id\":\"https:\\\/\\\/cocoons.eu\\\/de\\\/shop\\\/cocoons-de\\\/flipups\\\/polarisierte-flip-ups\\\/flip-ups-aviator-58polarized-copper-lenses\\\/\",\"url\":\"https:\\\/\\\/cocoons.eu\\\/de\\\/shop\\\/cocoons-de\\\/flipups\\\/polarisierte-flip-ups\\\/flip-ups-aviator-58polarized-copper-lenses\\\/\",\"name\":\"Flip-Ups Aviator 58 Polarisiert Kupfer : Cocoons\",\"isPartOf\":{\"@id\":\"https:\\\/\\\/cocoons.eu\\\/de\\\/#website\"},\"primaryImageOfPage\":{\"@id\":\"https:\\\/\\\/cocoons.eu\\\/de\\\/shop\\\/cocoons-de\\\/flipups\\\/polarisierte-flip-ups\\\/flip-ups-aviator-58polarized-copper-lenses\\\/#primaryimage\"},\"image\":{\"@id\":\"https:\\\/\\\/cocoons.eu\\\/de\\\/shop\\\/cocoons-de\\\/flipups\\\/polarisierte-flip-ups\\\/flip-ups-aviator-58polarized-copper-lenses\\\/#primaryimage\"},\"thumbnailUrl\":\"https:\\\/\\\/cocoons.eu\\\/wp-content\\\/uploads\\\/2018\\\/01\\\/Flip-Ups_Aviator-58_Polarized-Copper-Lenses_LF701C.jpg\",\"datePublished\":\"2015-08-22T00:21:36+00:00\",\"dateModified\":\"2023-03-27T21:23:27+00:00\",\"description\":\"xplore the features and benefits of Flip-Ups Aviator 58 Polarisiert Kupfer on Cocoons.eu. Designed for superior performance and style. Order yours today and experience the difference!\",\"breadcrumb\":{\"@id\":\"https:\\\/\\\/cocoons.eu\\\/de\\\/shop\\\/cocoons-de\\\/flipups\\\/polarisierte-flip-ups\\\/flip-ups-aviator-58polarized-copper-lenses\\\/#breadcrumb\"},\"inLanguage\":\"de\",\"potentialAction\":[{\"@type\":\"ReadAction\",\"target\":[\"https:\\\/\\\/cocoons.eu\\\/de\\\/shop\\\/cocoons-de\\\/flipups\\\/polarisierte-flip-ups\\\/flip-ups-aviator-58polarized-copper-lenses\\\/\"]}]},{\"@type\":\"ImageObject\",\"inLanguage\":\"de\",\"@id\":\"https:\\\/\\\/cocoons.eu\\\/de\\\/shop\\\/cocoons-de\\\/flipups\\\/polarisierte-flip-ups\\\/flip-ups-aviator-58polarized-copper-lenses\\\/#primaryimage\",\"url\":\"https:\\\/\\\/cocoons.eu\\\/wp-content\\\/uploads\\\/2018\\\/01\\\/Flip-Ups_Aviator-58_Polarized-Copper-Lenses_LF701C.jpg\",\"contentUrl\":\"https:\\\/\\\/cocoons.eu\\\/wp-content\\\/uploads\\\/2018\\\/01\\\/Flip-Ups_Aviator-58_Polarized-Copper-Lenses_LF701C.jpg\",\"width\":800,\"height\":800},{\"@type\":\"BreadcrumbList\",\"@id\":\"https:\\\/\\\/cocoons.eu\\\/de\\\/shop\\\/cocoons-de\\\/flipups\\\/polarisierte-flip-ups\\\/flip-ups-aviator-58polarized-copper-lenses\\\/#breadcrumb\",\"itemListElement\":[{\"@type\":\"ListItem\",\"position\":1,\"name\":\"Home\",\"item\":\"https:\\\/\\\/cocoons.eu\\\/de\\\/\"},{\"@type\":\"ListItem\",\"position\":2,\"name\":\"Shoppen\",\"item\":\"https:\\\/\\\/cocoons.eu\\\/de\\\/shop-2\\\/\"},{\"@type\":\"ListItem\",\"position\":3,\"name\":\"Flip-Ups Aviator 58 Polarisiert Kupfer\"}]},{\"@type\":\"WebSite\",\"@id\":\"https:\\\/\\\/cocoons.eu\\\/de\\\/#website\",\"url\":\"https:\\\/\\\/cocoons.eu\\\/de\\\/\",\"name\":\"Cocoons Eyewear Europe\",\"description\":\"Hochwertige Fitover-Sonnenbrillen\",\"publisher\":{\"@id\":\"https:\\\/\\\/cocoons.eu\\\/de\\\/#organization\"},\"potentialAction\":[{\"@type\":\"SearchAction\",\"target\":{\"@type\":\"EntryPoint\",\"urlTemplate\":\"https:\\\/\\\/cocoons.eu\\\/de\\\/?s={search_term_string}\"},\"query-input\":{\"@type\":\"PropertyValueSpecification\",\"valueRequired\":true,\"valueName\":\"search_term_string\"}}],\"inLanguage\":\"de\"},{\"@type\":\"Organization\",\"@id\":\"https:\\\/\\\/cocoons.eu\\\/de\\\/#organization\",\"name\":\"Cocoons by Live Eyewear\",\"url\":\"https:\\\/\\\/cocoons.eu\\\/de\\\/\",\"logo\":{\"@type\":\"ImageObject\",\"inLanguage\":\"de\",\"@id\":\"https:\\\/\\\/cocoons.eu\\\/de\\\/#\\\/schema\\\/logo\\\/image\\\/\",\"url\":\"https:\\\/\\\/cocoons.eu\\\/wp-content\\\/uploads\\\/2020\\\/03\\\/C4218G-DSC_7866ps_edit_website800x800.jpg\",\"contentUrl\":\"https:\\\/\\\/cocoons.eu\\\/wp-content\\\/uploads\\\/2020\\\/03\\\/C4218G-DSC_7866ps_edit_website800x800.jpg\",\"width\":800,\"height\":800,\"caption\":\"Cocoons by Live Eyewear\"},\"image\":{\"@id\":\"https:\\\/\\\/cocoons.eu\\\/de\\\/#\\\/schema\\\/logo\\\/image\\\/\"},\"sameAs\":[\"https:\\\/\\\/facebook.com\\\/cocoonseurope\"]}]}<\/script>\n<meta property=\"product:brand\" content=\"Cocoons-Flip-Ups\" \/>\n<meta property=\"product:price:amount\" content=\"35.95\" \/>\n<meta property=\"product:price:currency\" content=\"EUR\" \/>\n<meta property=\"og:availability\" content=\"instock\" \/>\n<meta property=\"product:availability\" content=\"instock\" \/>\n<meta property=\"product:retailer_item_id\" content=\"LF701C\" \/>\n<meta property=\"product:condition\" content=\"new\" \/>\n<!-- \/ Yoast SEO Premium plugin. -->","yoast_head_json":{"title":"Flip-Ups Aviator 58 Polarisiert Kupfer : Cocoons","description":"xplore the features and benefits of Flip-Ups Aviator 58 Polarisiert Kupfer on Cocoons.eu. Designed for superior performance and style. Order yours today and experience the difference!","robots":{"index":"index","follow":"follow","max-snippet":"max-snippet:-1","max-image-preview":"max-image-preview:large","max-video-preview":"max-video-preview:-1"},"canonical":"https:\/\/cocoons.eu\/de\/shop\/cocoons-de\/flipups\/polarisierte-flip-ups\/flip-ups-aviator-58polarized-copper-lenses\/","og_locale":"de_DE","og_type":"article","og_title":"Flip-Ups Aviator 58 Polarisiert Kupfer","og_description":"xplore the features and benefits of Flip-Ups Aviator 58 Polarisiert Kupfer on Cocoons.eu. Designed for superior performance and style. Order yours today and experience the difference!","og_url":"https:\/\/cocoons.eu\/de\/shop\/cocoons-de\/flipups\/polarisierte-flip-ups\/flip-ups-aviator-58polarized-copper-lenses\/","og_site_name":"Cocoons","article_publisher":"https:\/\/facebook.com\/cocoonseurope","article_modified_time":"2023-03-27T21:23:27+00:00","og_image":[{"width":800,"height":800,"url":"https:\/\/cocoons.eu\/wp-content\/uploads\/2018\/01\/Flip-Ups_Aviator-58_Polarized-Copper-Lenses_LF701C.jpg","type":"image\/jpeg"}],"twitter_card":"summary_large_image","twitter_misc":{"Preis":"&euro;35,95 (inkl. MwSt\/exkl. Versandkosten)","Verf\u00fcgbarkeit":"Auf Lager"},"schema":{"@context":"https:\/\/schema.org","@graph":[{"@type":"WebPage","@id":"https:\/\/cocoons.eu\/de\/shop\/cocoons-de\/flipups\/polarisierte-flip-ups\/flip-ups-aviator-58polarized-copper-lenses\/","url":"https:\/\/cocoons.eu\/de\/shop\/cocoons-de\/flipups\/polarisierte-flip-ups\/flip-ups-aviator-58polarized-copper-lenses\/","name":"Flip-Ups Aviator 58 Polarisiert Kupfer : Cocoons","isPartOf":{"@id":"https:\/\/cocoons.eu\/de\/#website"},"primaryImageOfPage":{"@id":"https:\/\/cocoons.eu\/de\/shop\/cocoons-de\/flipups\/polarisierte-flip-ups\/flip-ups-aviator-58polarized-copper-lenses\/#primaryimage"},"image":{"@id":"https:\/\/cocoons.eu\/de\/shop\/cocoons-de\/flipups\/polarisierte-flip-ups\/flip-ups-aviator-58polarized-copper-lenses\/#primaryimage"},"thumbnailUrl":"https:\/\/cocoons.eu\/wp-content\/uploads\/2018\/01\/Flip-Ups_Aviator-58_Polarized-Copper-Lenses_LF701C.jpg","datePublished":"2015-08-22T00:21:36+00:00","dateModified":"2023-03-27T21:23:27+00:00","description":"xplore the features and benefits of Flip-Ups Aviator 58 Polarisiert Kupfer on Cocoons.eu. Designed for superior performance and style. Order yours today and experience the difference!","breadcrumb":{"@id":"https:\/\/cocoons.eu\/de\/shop\/cocoons-de\/flipups\/polarisierte-flip-ups\/flip-ups-aviator-58polarized-copper-lenses\/#breadcrumb"},"inLanguage":"de","potentialAction":[{"@type":"ReadAction","target":["https:\/\/cocoons.eu\/de\/shop\/cocoons-de\/flipups\/polarisierte-flip-ups\/flip-ups-aviator-58polarized-copper-lenses\/"]}]},{"@type":"ImageObject","inLanguage":"de","@id":"https:\/\/cocoons.eu\/de\/shop\/cocoons-de\/flipups\/polarisierte-flip-ups\/flip-ups-aviator-58polarized-copper-lenses\/#primaryimage","url":"https:\/\/cocoons.eu\/wp-content\/uploads\/2018\/01\/Flip-Ups_Aviator-58_Polarized-Copper-Lenses_LF701C.jpg","contentUrl":"https:\/\/cocoons.eu\/wp-content\/uploads\/2018\/01\/Flip-Ups_Aviator-58_Polarized-Copper-Lenses_LF701C.jpg","width":800,"height":800},{"@type":"BreadcrumbList","@id":"https:\/\/cocoons.eu\/de\/shop\/cocoons-de\/flipups\/polarisierte-flip-ups\/flip-ups-aviator-58polarized-copper-lenses\/#breadcrumb","itemListElement":[{"@type":"ListItem","position":1,"name":"Home","item":"https:\/\/cocoons.eu\/de\/"},{"@type":"ListItem","position":2,"name":"Shoppen","item":"https:\/\/cocoons.eu\/de\/shop-2\/"},{"@type":"ListItem","position":3,"name":"Flip-Ups Aviator 58 Polarisiert Kupfer"}]},{"@type":"WebSite","@id":"https:\/\/cocoons.eu\/de\/#website","url":"https:\/\/cocoons.eu\/de\/","name":"Cocoons Eyewear Europe","description":"Hochwertige Fitover-Sonnenbrillen","publisher":{"@id":"https:\/\/cocoons.eu\/de\/#organization"},"potentialAction":[{"@type":"SearchAction","target":{"@type":"EntryPoint","urlTemplate":"https:\/\/cocoons.eu\/de\/?s={search_term_string}"},"query-input":{"@type":"PropertyValueSpecification","valueRequired":true,"valueName":"search_term_string"}}],"inLanguage":"de"},{"@type":"Organization","@id":"https:\/\/cocoons.eu\/de\/#organization","name":"Cocoons by Live Eyewear","url":"https:\/\/cocoons.eu\/de\/","logo":{"@type":"ImageObject","inLanguage":"de","@id":"https:\/\/cocoons.eu\/de\/#\/schema\/logo\/image\/","url":"https:\/\/cocoons.eu\/wp-content\/uploads\/2020\/03\/C4218G-DSC_7866ps_edit_website800x800.jpg","contentUrl":"https:\/\/cocoons.eu\/wp-content\/uploads\/2020\/03\/C4218G-DSC_7866ps_edit_website800x800.jpg","width":800,"height":800,"caption":"Cocoons by Live Eyewear"},"image":{"@id":"https:\/\/cocoons.eu\/de\/#\/schema\/logo\/image\/"},"sameAs":["https:\/\/facebook.com\/cocoonseurope"]}]},"product_brand":"Cocoons-Flip-Ups","product_price_amount":"35.95","product_price_currency":"EUR","og_availability":"instock","product_availability":"instock","product_retailer_item_id":"LF701C","product_condition":"new"},"_links":{"self":[{"href":"https:\/\/cocoons.eu\/de\/wp-json\/wp\/v2\/product\/236139","targetHints":{"allow":["GET"]}}],"collection":[{"href":"https:\/\/cocoons.eu\/de\/wp-json\/wp\/v2\/product"}],"about":[{"href":"https:\/\/cocoons.eu\/de\/wp-json\/wp\/v2\/types\/product"}],"wp:featuredmedia":[{"embeddable":true,"href":"https:\/\/cocoons.eu\/de\/wp-json\/wp\/v2\/media\/232816"}],"wp:attachment":[{"href":"https:\/\/cocoons.eu\/de\/wp-json\/wp\/v2\/media?parent=236139"}],"wp:term":[{"taxonomy":"product_brand","embeddable":true,"href":"https:\/\/cocoons.eu\/de\/wp-json\/wp\/v2\/product_brand?post=236139"},{"taxonomy":"product_cat","embeddable":true,"href":"https:\/\/cocoons.eu\/de\/wp-json\/wp\/v2\/product_cat?post=236139"},{"taxonomy":"product_tag","embeddable":true,"href":"https:\/\/cocoons.eu\/de\/wp-json\/wp\/v2\/product_tag?post=236139"}],"curies":[{"name":"wp","href":"https:\/\/api.w.org\/{rel}","templated":true}]}}