{"id":236113,"date":"2016-04-19T21:45:44","date_gmt":"2016-04-19T19:45:44","guid":{"rendered":"https:\/\/cocoons.eu\/shop\/unkategorisiert\/clip-ons-rec5-54-bronze-polarisiert-gruene-verspiegelung\/"},"modified":"2023-03-27T23:16:04","modified_gmt":"2023-03-27T21:16:04","slug":"clip-ons-rec5-54-bronze-framepolarized-green-mirror-lenses","status":"publish","type":"product","link":"https:\/\/cocoons.eu\/de\/shop\/cocoons-de\/clipons\/polarisierte-clip-ons\/monel-fassung\/clip-ons-rec5-54-bronze-framepolarized-green-mirror-lenses\/","title":{"rendered":"Clip-Ons REC5-54 Bronze Polarisiert Gr\u00fcne Verspiegelung"},"content":{"rendered":"","protected":false},"excerpt":{"rendered":"<p>Die darunter liegenden bernsteinfarbenen Gl\u00e4ser dieser gr\u00fcn verspiegelten Clip-Ons, die wissenschaftlich entwickelt wurden, um grelle Blendung zu reflektieren, verst\u00e4rken den Kontrast und verbessern die Tiefenwahrnehmung, Bernsteinfarbene Gl\u00e4ser werden sehr gerne am oder auf dem Wasser getragen. Die kratzfeste Verspiegelung eignet sich ideal f\u00fcr stark reflektierende, stark blendende Umgebungen, wie z. B. im Schnee.<\/p>\n","protected":false},"featured_media":232972,"template":"","meta":{"_acf_changed":false},"product_brand":[],"product_cat":[3174,3115,3265,3176],"product_tag":[3266],"class_list":{"0":"post-236113","1":"product","2":"type-product","3":"status-publish","4":"has-post-thumbnail","6":"product_cat-clipons","7":"product_cat-cocoons-de","8":"product_cat-monel-fassung","9":"product_cat-polarisierte-clip-ons","10":"product_tag-clip-ons-de","11":"pa_frame-color-bronze-de","12":"pa_lens-tint-grun-verspiegelt-und-polarisiert","13":"pa_shape-rec5-de","14":"pa_shape-rechteckig","16":"first","17":"instock","18":"taxable","19":"shipping-taxable","20":"purchasable","21":"product-type-simple"},"acf":[],"yoast_head":"<!-- This site is optimized with the Yoast SEO Premium plugin v27.3 (Yoast SEO v27.4) - https:\/\/yoast.com\/product\/yoast-seo-premium-wordpress\/ -->\n<title>Clip-Ons REC5-54 Bronze Polarisiert Gr\u00fcne Verspiegelung : Cocoons<\/title>\n<meta name=\"description\" content=\"xplore the features and benefits of Clip-Ons REC5-54 Bronze Polarisiert Gr\u00fcne Verspiegelung on Cocoons.eu. Designed for superior performance and style. Order yours today and experience the difference!\" \/>\n<meta name=\"robots\" content=\"index, follow, max-snippet:-1, max-image-preview:large, max-video-preview:-1\" \/>\n<link rel=\"canonical\" href=\"https:\/\/cocoons.eu\/de\/shop\/cocoons-de\/clipons\/polarisierte-clip-ons\/monel-fassung\/clip-ons-rec5-54-bronze-framepolarized-green-mirror-lenses\/\" \/>\n<meta property=\"og:locale\" content=\"de_DE\" \/>\n<meta property=\"og:type\" content=\"article\" \/>\n<meta property=\"og:title\" content=\"Clip-Ons REC5-54 Bronze Polarisiert Gr\u00fcne Verspiegelung\" \/>\n<meta property=\"og:description\" content=\"xplore the features and benefits of Clip-Ons REC5-54 Bronze Polarisiert Gr\u00fcne Verspiegelung on Cocoons.eu. Designed for superior performance and style. Order yours today and experience the difference!\" \/>\n<meta property=\"og:url\" content=\"https:\/\/cocoons.eu\/de\/shop\/cocoons-de\/clipons\/polarisierte-clip-ons\/monel-fassung\/clip-ons-rec5-54-bronze-framepolarized-green-mirror-lenses\/\" \/>\n<meta property=\"og:site_name\" content=\"Cocoons\" \/>\n<meta property=\"article:publisher\" content=\"https:\/\/facebook.com\/cocoonseurope\" \/>\n<meta property=\"article:modified_time\" content=\"2023-03-27T21:16:04+00:00\" \/>\n<meta property=\"og:image\" content=\"https:\/\/cocoons.eu\/wp-content\/uploads\/2018\/01\/Clip-ons_REC_5-54_Bronze_GreenMirror_L4259R-5295.jpg\" \/>\n\t<meta property=\"og:image:width\" content=\"800\" \/>\n\t<meta property=\"og:image:height\" content=\"800\" \/>\n\t<meta property=\"og:image:type\" content=\"image\/jpeg\" \/>\n<meta name=\"twitter:card\" content=\"summary_large_image\" \/>\n<meta name=\"twitter:label1\" content=\"Preis\" \/>\n\t<meta name=\"twitter:data1\" content=\"&euro;51,95 (inkl. MwSt\/exkl. Versandkosten)\" \/>\n\t<meta name=\"twitter:label2\" content=\"Verf\u00fcgbarkeit\" \/>\n\t<meta name=\"twitter:data2\" content=\"Auf Lager\" \/>\n<script type=\"application\/ld+json\" class=\"yoast-schema-graph\">{\"@context\":\"https:\\\/\\\/schema.org\",\"@graph\":[{\"@type\":\"WebPage\",\"@id\":\"https:\\\/\\\/cocoons.eu\\\/de\\\/shop\\\/cocoons-de\\\/clipons\\\/polarisierte-clip-ons\\\/monel-fassung\\\/clip-ons-rec5-54-bronze-framepolarized-green-mirror-lenses\\\/\",\"url\":\"https:\\\/\\\/cocoons.eu\\\/de\\\/shop\\\/cocoons-de\\\/clipons\\\/polarisierte-clip-ons\\\/monel-fassung\\\/clip-ons-rec5-54-bronze-framepolarized-green-mirror-lenses\\\/\",\"name\":\"Clip-Ons REC5-54 Bronze Polarisiert Gr\u00fcne Verspiegelung : Cocoons\",\"isPartOf\":{\"@id\":\"https:\\\/\\\/cocoons.eu\\\/de\\\/#website\"},\"primaryImageOfPage\":{\"@id\":\"https:\\\/\\\/cocoons.eu\\\/de\\\/shop\\\/cocoons-de\\\/clipons\\\/polarisierte-clip-ons\\\/monel-fassung\\\/clip-ons-rec5-54-bronze-framepolarized-green-mirror-lenses\\\/#primaryimage\"},\"image\":{\"@id\":\"https:\\\/\\\/cocoons.eu\\\/de\\\/shop\\\/cocoons-de\\\/clipons\\\/polarisierte-clip-ons\\\/monel-fassung\\\/clip-ons-rec5-54-bronze-framepolarized-green-mirror-lenses\\\/#primaryimage\"},\"thumbnailUrl\":\"https:\\\/\\\/cocoons.eu\\\/wp-content\\\/uploads\\\/2018\\\/01\\\/Clip-ons_REC_5-54_Bronze_GreenMirror_L4259R-5295.jpg\",\"datePublished\":\"2016-04-19T19:45:44+00:00\",\"dateModified\":\"2023-03-27T21:16:04+00:00\",\"description\":\"xplore the features and benefits of Clip-Ons REC5-54 Bronze Polarisiert Gr\u00fcne Verspiegelung on Cocoons.eu. Designed for superior performance and style. Order yours today and experience the difference!\",\"breadcrumb\":{\"@id\":\"https:\\\/\\\/cocoons.eu\\\/de\\\/shop\\\/cocoons-de\\\/clipons\\\/polarisierte-clip-ons\\\/monel-fassung\\\/clip-ons-rec5-54-bronze-framepolarized-green-mirror-lenses\\\/#breadcrumb\"},\"inLanguage\":\"de\",\"potentialAction\":[{\"@type\":\"ReadAction\",\"target\":[\"https:\\\/\\\/cocoons.eu\\\/de\\\/shop\\\/cocoons-de\\\/clipons\\\/polarisierte-clip-ons\\\/monel-fassung\\\/clip-ons-rec5-54-bronze-framepolarized-green-mirror-lenses\\\/\"]}]},{\"@type\":\"ImageObject\",\"inLanguage\":\"de\",\"@id\":\"https:\\\/\\\/cocoons.eu\\\/de\\\/shop\\\/cocoons-de\\\/clipons\\\/polarisierte-clip-ons\\\/monel-fassung\\\/clip-ons-rec5-54-bronze-framepolarized-green-mirror-lenses\\\/#primaryimage\",\"url\":\"https:\\\/\\\/cocoons.eu\\\/wp-content\\\/uploads\\\/2018\\\/01\\\/Clip-ons_REC_5-54_Bronze_GreenMirror_L4259R-5295.jpg\",\"contentUrl\":\"https:\\\/\\\/cocoons.eu\\\/wp-content\\\/uploads\\\/2018\\\/01\\\/Clip-ons_REC_5-54_Bronze_GreenMirror_L4259R-5295.jpg\",\"width\":800,\"height\":800},{\"@type\":\"BreadcrumbList\",\"@id\":\"https:\\\/\\\/cocoons.eu\\\/de\\\/shop\\\/cocoons-de\\\/clipons\\\/polarisierte-clip-ons\\\/monel-fassung\\\/clip-ons-rec5-54-bronze-framepolarized-green-mirror-lenses\\\/#breadcrumb\",\"itemListElement\":[{\"@type\":\"ListItem\",\"position\":1,\"name\":\"Home\",\"item\":\"https:\\\/\\\/cocoons.eu\\\/de\\\/\"},{\"@type\":\"ListItem\",\"position\":2,\"name\":\"Shoppen\",\"item\":\"https:\\\/\\\/cocoons.eu\\\/de\\\/shop-2\\\/\"},{\"@type\":\"ListItem\",\"position\":3,\"name\":\"Clip-Ons REC5-54 Bronze Polarisiert Gr\u00fcne Verspiegelung\"}]},{\"@type\":\"WebSite\",\"@id\":\"https:\\\/\\\/cocoons.eu\\\/de\\\/#website\",\"url\":\"https:\\\/\\\/cocoons.eu\\\/de\\\/\",\"name\":\"Cocoons Eyewear Europe\",\"description\":\"Hochwertige Fitover-Sonnenbrillen\",\"publisher\":{\"@id\":\"https:\\\/\\\/cocoons.eu\\\/de\\\/#organization\"},\"potentialAction\":[{\"@type\":\"SearchAction\",\"target\":{\"@type\":\"EntryPoint\",\"urlTemplate\":\"https:\\\/\\\/cocoons.eu\\\/de\\\/?s={search_term_string}\"},\"query-input\":{\"@type\":\"PropertyValueSpecification\",\"valueRequired\":true,\"valueName\":\"search_term_string\"}}],\"inLanguage\":\"de\"},{\"@type\":\"Organization\",\"@id\":\"https:\\\/\\\/cocoons.eu\\\/de\\\/#organization\",\"name\":\"Cocoons by Live Eyewear\",\"url\":\"https:\\\/\\\/cocoons.eu\\\/de\\\/\",\"logo\":{\"@type\":\"ImageObject\",\"inLanguage\":\"de\",\"@id\":\"https:\\\/\\\/cocoons.eu\\\/de\\\/#\\\/schema\\\/logo\\\/image\\\/\",\"url\":\"https:\\\/\\\/cocoons.eu\\\/wp-content\\\/uploads\\\/2020\\\/03\\\/C4218G-DSC_7866ps_edit_website800x800.jpg\",\"contentUrl\":\"https:\\\/\\\/cocoons.eu\\\/wp-content\\\/uploads\\\/2020\\\/03\\\/C4218G-DSC_7866ps_edit_website800x800.jpg\",\"width\":800,\"height\":800,\"caption\":\"Cocoons by Live Eyewear\"},\"image\":{\"@id\":\"https:\\\/\\\/cocoons.eu\\\/de\\\/#\\\/schema\\\/logo\\\/image\\\/\"},\"sameAs\":[\"https:\\\/\\\/facebook.com\\\/cocoonseurope\"]}]}<\/script>\n<meta property=\"product:price:amount\" content=\"51.95\" \/>\n<meta property=\"product:price:currency\" content=\"EUR\" \/>\n<meta property=\"og:availability\" content=\"instock\" \/>\n<meta property=\"product:availability\" content=\"instock\" \/>\n<meta property=\"product:retailer_item_id\" content=\"L4259R\" \/>\n<meta property=\"product:condition\" content=\"new\" \/>\n<!-- \/ Yoast SEO Premium plugin. -->","yoast_head_json":{"title":"Clip-Ons REC5-54 Bronze Polarisiert Gr\u00fcne Verspiegelung : Cocoons","description":"xplore the features and benefits of Clip-Ons REC5-54 Bronze Polarisiert Gr\u00fcne Verspiegelung on Cocoons.eu. Designed for superior performance and style. Order yours today and experience the difference!","robots":{"index":"index","follow":"follow","max-snippet":"max-snippet:-1","max-image-preview":"max-image-preview:large","max-video-preview":"max-video-preview:-1"},"canonical":"https:\/\/cocoons.eu\/de\/shop\/cocoons-de\/clipons\/polarisierte-clip-ons\/monel-fassung\/clip-ons-rec5-54-bronze-framepolarized-green-mirror-lenses\/","og_locale":"de_DE","og_type":"article","og_title":"Clip-Ons REC5-54 Bronze Polarisiert Gr\u00fcne Verspiegelung","og_description":"xplore the features and benefits of Clip-Ons REC5-54 Bronze Polarisiert Gr\u00fcne Verspiegelung on Cocoons.eu. Designed for superior performance and style. Order yours today and experience the difference!","og_url":"https:\/\/cocoons.eu\/de\/shop\/cocoons-de\/clipons\/polarisierte-clip-ons\/monel-fassung\/clip-ons-rec5-54-bronze-framepolarized-green-mirror-lenses\/","og_site_name":"Cocoons","article_publisher":"https:\/\/facebook.com\/cocoonseurope","article_modified_time":"2023-03-27T21:16:04+00:00","og_image":[{"width":800,"height":800,"url":"https:\/\/cocoons.eu\/wp-content\/uploads\/2018\/01\/Clip-ons_REC_5-54_Bronze_GreenMirror_L4259R-5295.jpg","type":"image\/jpeg"}],"twitter_card":"summary_large_image","twitter_misc":{"Preis":"&euro;51,95 (inkl. MwSt\/exkl. Versandkosten)","Verf\u00fcgbarkeit":"Auf Lager"},"schema":{"@context":"https:\/\/schema.org","@graph":[{"@type":"WebPage","@id":"https:\/\/cocoons.eu\/de\/shop\/cocoons-de\/clipons\/polarisierte-clip-ons\/monel-fassung\/clip-ons-rec5-54-bronze-framepolarized-green-mirror-lenses\/","url":"https:\/\/cocoons.eu\/de\/shop\/cocoons-de\/clipons\/polarisierte-clip-ons\/monel-fassung\/clip-ons-rec5-54-bronze-framepolarized-green-mirror-lenses\/","name":"Clip-Ons REC5-54 Bronze Polarisiert Gr\u00fcne Verspiegelung : Cocoons","isPartOf":{"@id":"https:\/\/cocoons.eu\/de\/#website"},"primaryImageOfPage":{"@id":"https:\/\/cocoons.eu\/de\/shop\/cocoons-de\/clipons\/polarisierte-clip-ons\/monel-fassung\/clip-ons-rec5-54-bronze-framepolarized-green-mirror-lenses\/#primaryimage"},"image":{"@id":"https:\/\/cocoons.eu\/de\/shop\/cocoons-de\/clipons\/polarisierte-clip-ons\/monel-fassung\/clip-ons-rec5-54-bronze-framepolarized-green-mirror-lenses\/#primaryimage"},"thumbnailUrl":"https:\/\/cocoons.eu\/wp-content\/uploads\/2018\/01\/Clip-ons_REC_5-54_Bronze_GreenMirror_L4259R-5295.jpg","datePublished":"2016-04-19T19:45:44+00:00","dateModified":"2023-03-27T21:16:04+00:00","description":"xplore the features and benefits of Clip-Ons REC5-54 Bronze Polarisiert Gr\u00fcne Verspiegelung on Cocoons.eu. Designed for superior performance and style. Order yours today and experience the difference!","breadcrumb":{"@id":"https:\/\/cocoons.eu\/de\/shop\/cocoons-de\/clipons\/polarisierte-clip-ons\/monel-fassung\/clip-ons-rec5-54-bronze-framepolarized-green-mirror-lenses\/#breadcrumb"},"inLanguage":"de","potentialAction":[{"@type":"ReadAction","target":["https:\/\/cocoons.eu\/de\/shop\/cocoons-de\/clipons\/polarisierte-clip-ons\/monel-fassung\/clip-ons-rec5-54-bronze-framepolarized-green-mirror-lenses\/"]}]},{"@type":"ImageObject","inLanguage":"de","@id":"https:\/\/cocoons.eu\/de\/shop\/cocoons-de\/clipons\/polarisierte-clip-ons\/monel-fassung\/clip-ons-rec5-54-bronze-framepolarized-green-mirror-lenses\/#primaryimage","url":"https:\/\/cocoons.eu\/wp-content\/uploads\/2018\/01\/Clip-ons_REC_5-54_Bronze_GreenMirror_L4259R-5295.jpg","contentUrl":"https:\/\/cocoons.eu\/wp-content\/uploads\/2018\/01\/Clip-ons_REC_5-54_Bronze_GreenMirror_L4259R-5295.jpg","width":800,"height":800},{"@type":"BreadcrumbList","@id":"https:\/\/cocoons.eu\/de\/shop\/cocoons-de\/clipons\/polarisierte-clip-ons\/monel-fassung\/clip-ons-rec5-54-bronze-framepolarized-green-mirror-lenses\/#breadcrumb","itemListElement":[{"@type":"ListItem","position":1,"name":"Home","item":"https:\/\/cocoons.eu\/de\/"},{"@type":"ListItem","position":2,"name":"Shoppen","item":"https:\/\/cocoons.eu\/de\/shop-2\/"},{"@type":"ListItem","position":3,"name":"Clip-Ons REC5-54 Bronze Polarisiert Gr\u00fcne Verspiegelung"}]},{"@type":"WebSite","@id":"https:\/\/cocoons.eu\/de\/#website","url":"https:\/\/cocoons.eu\/de\/","name":"Cocoons Eyewear Europe","description":"Hochwertige Fitover-Sonnenbrillen","publisher":{"@id":"https:\/\/cocoons.eu\/de\/#organization"},"potentialAction":[{"@type":"SearchAction","target":{"@type":"EntryPoint","urlTemplate":"https:\/\/cocoons.eu\/de\/?s={search_term_string}"},"query-input":{"@type":"PropertyValueSpecification","valueRequired":true,"valueName":"search_term_string"}}],"inLanguage":"de"},{"@type":"Organization","@id":"https:\/\/cocoons.eu\/de\/#organization","name":"Cocoons by Live Eyewear","url":"https:\/\/cocoons.eu\/de\/","logo":{"@type":"ImageObject","inLanguage":"de","@id":"https:\/\/cocoons.eu\/de\/#\/schema\/logo\/image\/","url":"https:\/\/cocoons.eu\/wp-content\/uploads\/2020\/03\/C4218G-DSC_7866ps_edit_website800x800.jpg","contentUrl":"https:\/\/cocoons.eu\/wp-content\/uploads\/2020\/03\/C4218G-DSC_7866ps_edit_website800x800.jpg","width":800,"height":800,"caption":"Cocoons by Live Eyewear"},"image":{"@id":"https:\/\/cocoons.eu\/de\/#\/schema\/logo\/image\/"},"sameAs":["https:\/\/facebook.com\/cocoonseurope"]}]},"product_price_amount":"51.95","product_price_currency":"EUR","og_availability":"instock","product_availability":"instock","product_retailer_item_id":"L4259R","product_condition":"new"},"_links":{"self":[{"href":"https:\/\/cocoons.eu\/de\/wp-json\/wp\/v2\/product\/236113","targetHints":{"allow":["GET"]}}],"collection":[{"href":"https:\/\/cocoons.eu\/de\/wp-json\/wp\/v2\/product"}],"about":[{"href":"https:\/\/cocoons.eu\/de\/wp-json\/wp\/v2\/types\/product"}],"wp:featuredmedia":[{"embeddable":true,"href":"https:\/\/cocoons.eu\/de\/wp-json\/wp\/v2\/media\/232972"}],"wp:attachment":[{"href":"https:\/\/cocoons.eu\/de\/wp-json\/wp\/v2\/media?parent=236113"}],"wp:term":[{"taxonomy":"product_brand","embeddable":true,"href":"https:\/\/cocoons.eu\/de\/wp-json\/wp\/v2\/product_brand?post=236113"},{"taxonomy":"product_cat","embeddable":true,"href":"https:\/\/cocoons.eu\/de\/wp-json\/wp\/v2\/product_cat?post=236113"},{"taxonomy":"product_tag","embeddable":true,"href":"https:\/\/cocoons.eu\/de\/wp-json\/wp\/v2\/product_tag?post=236113"}],"curies":[{"name":"wp","href":"https:\/\/api.w.org\/{rel}","templated":true}]}}