{"id":236078,"date":"2016-04-22T00:29:02","date_gmt":"2016-04-21T22:29:02","guid":{"rendered":"https:\/\/cocoons.eu\/shop\/unkategorisiert\/pilot-l-schoko-polarisiert-grau\/"},"modified":"2023-02-28T03:03:36","modified_gmt":"2023-02-28T02:03:36","slug":"pilot-l-chocolatepolarized-gray","status":"publish","type":"product","link":"https:\/\/cocoons.eu\/de\/shop\/cocoons-de\/fitover-brillen\/modisch-polarisiert\/pilot-l-chocolatepolarized-gray\/","title":{"rendered":"Pilot (L) Schoko Polarisiert Grau"},"content":{"rendered":"","protected":false},"excerpt":{"rendered":"<p>Das Schoko-Finish verleiht der kristallklaren TR-90-Fassung einen warmen Ton. Die Lichtdurchl\u00e4ssigkeit und individuelle Note der handbemalten Fassung tragen zum Charakter dieses Kunstwerks bei. In Kombination mit unseren polarisierten grauen Gl\u00e4sern wirkt die Brille unaufdringlich, aber dennoch klassisch und edel.<\/p>\n<p>Die Pilot Cocoons passen \u00fcber die meisten gr\u00f6\u00dferen Korrektionsbrillen, einschlie\u00dflich moderner Designs mit B\u00fcgelverzierungen oder Hornr\u00e4ndern. Das klassische Design des Modells Pilot ist zu einem Klassiker in der Kategorie der Fitover-Sonnenbrillen geworden. Die graue Polar\u00e9-T\u00f6nung ist eine der beliebtesten Optionen, da sie f\u00fcr eine originalgetreue Farbwiedergabe sorgt und gleichzeitig Blendeffekte und sch\u00e4dliche UV-Strahlen eliminiert.<\/p>\n<p><span style=\"color: #50b848;\"><em>\u201eCocoons sind sehr effektiv. Ich habe auch billigere Fitovers ausprobiert, komme aber immer wieder zu Cocoons zur\u00fcck. Sie sind jeden Cent wert!\u201c<\/em> <\/span><img decoding=\"async\" class=\"usr\" src=\"https:\/\/cocoons.eu\/wp-content\/plugins\/universal-star-rating\/includes\/image.php?img=01.png&amp;px=15&amp;max=5&amp;rat=5\" alt=\"5 out of 5 stars\" style=\"height: 15px !important;\" \/> (5 \/ 5) <em>Gordon H., Bronx, NY<\/em><\/p>\n","protected":false},"featured_media":232126,"template":"","meta":{"_acf_changed":false},"product_brand":[],"product_cat":[3115,3125,3141,3140],"product_tag":[3142,3170],"class_list":{"0":"post-236078","1":"product","2":"type-product","3":"status-publish","4":"has-post-thumbnail","6":"product_cat-cocoons-de","7":"product_cat-fitover-brillen","8":"product_cat-modisch-polarisiert","9":"product_cat-original-polarisiert","10":"product_tag-cocoons-de","11":"product_tag-sfc-pilot-de","12":"pa_collection-cocoons-fitover-sonnenbrille","13":"pa_frame-color-schoko","14":"pa_frame-finish-gloss-de","15":"pa_lens-tint-grau-polarisiert","16":"pa_model-pilot-de","17":"pa_size-l-pilot","19":"first","20":"instock","21":"taxable","22":"shipping-taxable","23":"purchasable","24":"product-type-simple"},"acf":[],"yoast_head":"<!-- This site is optimized with the Yoast SEO Premium plugin v27.3 (Yoast SEO v27.4) - https:\/\/yoast.com\/product\/yoast-seo-premium-wordpress\/ -->\n<title>Pilot (L) Schoko Polarisiert Grau : Cocoons<\/title>\n<meta name=\"description\" content=\"xplore the features and benefits of Pilot (L) Schoko Polarisiert Grau on Cocoons.eu. Designed for superior performance and style. Order yours today and experience the difference!\" \/>\n<meta name=\"robots\" content=\"index, follow, max-snippet:-1, max-image-preview:large, max-video-preview:-1\" \/>\n<link rel=\"canonical\" href=\"https:\/\/cocoons.eu\/de\/shop\/cocoons-de\/fitover-brillen\/modisch-polarisiert\/pilot-l-chocolatepolarized-gray\/\" \/>\n<meta property=\"og:locale\" content=\"de_DE\" \/>\n<meta property=\"og:type\" content=\"article\" \/>\n<meta property=\"og:title\" content=\"Pilot (L) Schoko Polarisiert Grau\" \/>\n<meta property=\"og:description\" content=\"xplore the features and benefits of Pilot (L) Schoko Polarisiert Grau on Cocoons.eu. Designed for superior performance and style. Order yours today and experience the difference!\" \/>\n<meta property=\"og:url\" content=\"https:\/\/cocoons.eu\/de\/shop\/cocoons-de\/fitover-brillen\/modisch-polarisiert\/pilot-l-chocolatepolarized-gray\/\" \/>\n<meta property=\"og:site_name\" content=\"Cocoons\" \/>\n<meta property=\"article:publisher\" content=\"https:\/\/facebook.com\/cocoonseurope\" \/>\n<meta property=\"article:modified_time\" content=\"2023-02-28T02:03:36+00:00\" \/>\n<meta property=\"og:image\" content=\"https:\/\/cocoons.eu\/wp-content\/uploads\/2016\/04\/C3017G_web_pi2.jpg\" \/>\n\t<meta property=\"og:image:width\" content=\"800\" \/>\n\t<meta property=\"og:image:height\" content=\"800\" \/>\n\t<meta property=\"og:image:type\" content=\"image\/jpeg\" \/>\n<meta name=\"twitter:card\" content=\"summary_large_image\" \/>\n<meta name=\"twitter:label1\" content=\"Preis\" \/>\n\t<meta name=\"twitter:data1\" content=\"&euro;82,95 (inkl. MwSt\/exkl. Versandkosten)\" \/>\n\t<meta name=\"twitter:label2\" content=\"Verf\u00fcgbarkeit\" \/>\n\t<meta name=\"twitter:data2\" content=\"Auf Lager\" \/>\n<script type=\"application\/ld+json\" class=\"yoast-schema-graph\">{\"@context\":\"https:\\\/\\\/schema.org\",\"@graph\":[{\"@type\":\"WebPage\",\"@id\":\"https:\\\/\\\/cocoons.eu\\\/de\\\/shop\\\/cocoons-de\\\/fitover-brillen\\\/modisch-polarisiert\\\/pilot-l-chocolatepolarized-gray\\\/\",\"url\":\"https:\\\/\\\/cocoons.eu\\\/de\\\/shop\\\/cocoons-de\\\/fitover-brillen\\\/modisch-polarisiert\\\/pilot-l-chocolatepolarized-gray\\\/\",\"name\":\"Pilot (L) Schoko Polarisiert Grau : Cocoons\",\"isPartOf\":{\"@id\":\"https:\\\/\\\/cocoons.eu\\\/de\\\/#website\"},\"primaryImageOfPage\":{\"@id\":\"https:\\\/\\\/cocoons.eu\\\/de\\\/shop\\\/cocoons-de\\\/fitover-brillen\\\/modisch-polarisiert\\\/pilot-l-chocolatepolarized-gray\\\/#primaryimage\"},\"image\":{\"@id\":\"https:\\\/\\\/cocoons.eu\\\/de\\\/shop\\\/cocoons-de\\\/fitover-brillen\\\/modisch-polarisiert\\\/pilot-l-chocolatepolarized-gray\\\/#primaryimage\"},\"thumbnailUrl\":\"https:\\\/\\\/cocoons.eu\\\/wp-content\\\/uploads\\\/2016\\\/04\\\/C3017G_web_pi2.jpg\",\"datePublished\":\"2016-04-21T22:29:02+00:00\",\"dateModified\":\"2023-02-28T02:03:36+00:00\",\"description\":\"xplore the features and benefits of Pilot (L) Schoko Polarisiert Grau on Cocoons.eu. Designed for superior performance and style. Order yours today and experience the difference!\",\"breadcrumb\":{\"@id\":\"https:\\\/\\\/cocoons.eu\\\/de\\\/shop\\\/cocoons-de\\\/fitover-brillen\\\/modisch-polarisiert\\\/pilot-l-chocolatepolarized-gray\\\/#breadcrumb\"},\"inLanguage\":\"de\",\"potentialAction\":[{\"@type\":\"ReadAction\",\"target\":[\"https:\\\/\\\/cocoons.eu\\\/de\\\/shop\\\/cocoons-de\\\/fitover-brillen\\\/modisch-polarisiert\\\/pilot-l-chocolatepolarized-gray\\\/\"]}]},{\"@type\":\"ImageObject\",\"inLanguage\":\"de\",\"@id\":\"https:\\\/\\\/cocoons.eu\\\/de\\\/shop\\\/cocoons-de\\\/fitover-brillen\\\/modisch-polarisiert\\\/pilot-l-chocolatepolarized-gray\\\/#primaryimage\",\"url\":\"https:\\\/\\\/cocoons.eu\\\/wp-content\\\/uploads\\\/2016\\\/04\\\/C3017G_web_pi2.jpg\",\"contentUrl\":\"https:\\\/\\\/cocoons.eu\\\/wp-content\\\/uploads\\\/2016\\\/04\\\/C3017G_web_pi2.jpg\",\"width\":800,\"height\":800,\"caption\":\"Das Schoko-Finish erg\u00e4nzt mit seinem nat\u00fcrlichen Farbton die polarisierten grauen Gl\u00e4ser\"},{\"@type\":\"BreadcrumbList\",\"@id\":\"https:\\\/\\\/cocoons.eu\\\/de\\\/shop\\\/cocoons-de\\\/fitover-brillen\\\/modisch-polarisiert\\\/pilot-l-chocolatepolarized-gray\\\/#breadcrumb\",\"itemListElement\":[{\"@type\":\"ListItem\",\"position\":1,\"name\":\"Home\",\"item\":\"https:\\\/\\\/cocoons.eu\\\/de\\\/\"},{\"@type\":\"ListItem\",\"position\":2,\"name\":\"Shoppen\",\"item\":\"https:\\\/\\\/cocoons.eu\\\/de\\\/shop-2\\\/\"},{\"@type\":\"ListItem\",\"position\":3,\"name\":\"Pilot (L) Schoko Polarisiert Grau\"}]},{\"@type\":\"WebSite\",\"@id\":\"https:\\\/\\\/cocoons.eu\\\/de\\\/#website\",\"url\":\"https:\\\/\\\/cocoons.eu\\\/de\\\/\",\"name\":\"Cocoons Eyewear Europe\",\"description\":\"Hochwertige Fitover-Sonnenbrillen\",\"publisher\":{\"@id\":\"https:\\\/\\\/cocoons.eu\\\/de\\\/#organization\"},\"potentialAction\":[{\"@type\":\"SearchAction\",\"target\":{\"@type\":\"EntryPoint\",\"urlTemplate\":\"https:\\\/\\\/cocoons.eu\\\/de\\\/?s={search_term_string}\"},\"query-input\":{\"@type\":\"PropertyValueSpecification\",\"valueRequired\":true,\"valueName\":\"search_term_string\"}}],\"inLanguage\":\"de\"},{\"@type\":\"Organization\",\"@id\":\"https:\\\/\\\/cocoons.eu\\\/de\\\/#organization\",\"name\":\"Cocoons by Live Eyewear\",\"url\":\"https:\\\/\\\/cocoons.eu\\\/de\\\/\",\"logo\":{\"@type\":\"ImageObject\",\"inLanguage\":\"de\",\"@id\":\"https:\\\/\\\/cocoons.eu\\\/de\\\/#\\\/schema\\\/logo\\\/image\\\/\",\"url\":\"https:\\\/\\\/cocoons.eu\\\/wp-content\\\/uploads\\\/2020\\\/03\\\/C4218G-DSC_7866ps_edit_website800x800.jpg\",\"contentUrl\":\"https:\\\/\\\/cocoons.eu\\\/wp-content\\\/uploads\\\/2020\\\/03\\\/C4218G-DSC_7866ps_edit_website800x800.jpg\",\"width\":800,\"height\":800,\"caption\":\"Cocoons by Live Eyewear\"},\"image\":{\"@id\":\"https:\\\/\\\/cocoons.eu\\\/de\\\/#\\\/schema\\\/logo\\\/image\\\/\"},\"sameAs\":[\"https:\\\/\\\/facebook.com\\\/cocoonseurope\"]}]}<\/script>\n<meta property=\"product:brand\" content=\"Cocoons Fitover-Sonnenbrille\" \/>\n<meta property=\"product:price:amount\" content=\"82.95\" \/>\n<meta property=\"product:price:currency\" content=\"EUR\" \/>\n<meta property=\"og:availability\" content=\"instock\" \/>\n<meta property=\"product:availability\" content=\"instock\" \/>\n<meta property=\"product:retailer_item_id\" content=\"C3017G\" \/>\n<meta property=\"product:condition\" content=\"new\" \/>\n<!-- \/ Yoast SEO Premium plugin. -->","yoast_head_json":{"title":"Pilot (L) Schoko Polarisiert Grau : Cocoons","description":"xplore the features and benefits of Pilot (L) Schoko Polarisiert Grau on Cocoons.eu. Designed for superior performance and style. Order yours today and experience the difference!","robots":{"index":"index","follow":"follow","max-snippet":"max-snippet:-1","max-image-preview":"max-image-preview:large","max-video-preview":"max-video-preview:-1"},"canonical":"https:\/\/cocoons.eu\/de\/shop\/cocoons-de\/fitover-brillen\/modisch-polarisiert\/pilot-l-chocolatepolarized-gray\/","og_locale":"de_DE","og_type":"article","og_title":"Pilot (L) Schoko Polarisiert Grau","og_description":"xplore the features and benefits of Pilot (L) Schoko Polarisiert Grau on Cocoons.eu. Designed for superior performance and style. Order yours today and experience the difference!","og_url":"https:\/\/cocoons.eu\/de\/shop\/cocoons-de\/fitover-brillen\/modisch-polarisiert\/pilot-l-chocolatepolarized-gray\/","og_site_name":"Cocoons","article_publisher":"https:\/\/facebook.com\/cocoonseurope","article_modified_time":"2023-02-28T02:03:36+00:00","og_image":[{"width":800,"height":800,"url":"https:\/\/cocoons.eu\/wp-content\/uploads\/2016\/04\/C3017G_web_pi2.jpg","type":"image\/jpeg"}],"twitter_card":"summary_large_image","twitter_misc":{"Preis":"&euro;82,95 (inkl. MwSt\/exkl. Versandkosten)","Verf\u00fcgbarkeit":"Auf Lager"},"schema":{"@context":"https:\/\/schema.org","@graph":[{"@type":"WebPage","@id":"https:\/\/cocoons.eu\/de\/shop\/cocoons-de\/fitover-brillen\/modisch-polarisiert\/pilot-l-chocolatepolarized-gray\/","url":"https:\/\/cocoons.eu\/de\/shop\/cocoons-de\/fitover-brillen\/modisch-polarisiert\/pilot-l-chocolatepolarized-gray\/","name":"Pilot (L) Schoko Polarisiert Grau : Cocoons","isPartOf":{"@id":"https:\/\/cocoons.eu\/de\/#website"},"primaryImageOfPage":{"@id":"https:\/\/cocoons.eu\/de\/shop\/cocoons-de\/fitover-brillen\/modisch-polarisiert\/pilot-l-chocolatepolarized-gray\/#primaryimage"},"image":{"@id":"https:\/\/cocoons.eu\/de\/shop\/cocoons-de\/fitover-brillen\/modisch-polarisiert\/pilot-l-chocolatepolarized-gray\/#primaryimage"},"thumbnailUrl":"https:\/\/cocoons.eu\/wp-content\/uploads\/2016\/04\/C3017G_web_pi2.jpg","datePublished":"2016-04-21T22:29:02+00:00","dateModified":"2023-02-28T02:03:36+00:00","description":"xplore the features and benefits of Pilot (L) Schoko Polarisiert Grau on Cocoons.eu. Designed for superior performance and style. Order yours today and experience the difference!","breadcrumb":{"@id":"https:\/\/cocoons.eu\/de\/shop\/cocoons-de\/fitover-brillen\/modisch-polarisiert\/pilot-l-chocolatepolarized-gray\/#breadcrumb"},"inLanguage":"de","potentialAction":[{"@type":"ReadAction","target":["https:\/\/cocoons.eu\/de\/shop\/cocoons-de\/fitover-brillen\/modisch-polarisiert\/pilot-l-chocolatepolarized-gray\/"]}]},{"@type":"ImageObject","inLanguage":"de","@id":"https:\/\/cocoons.eu\/de\/shop\/cocoons-de\/fitover-brillen\/modisch-polarisiert\/pilot-l-chocolatepolarized-gray\/#primaryimage","url":"https:\/\/cocoons.eu\/wp-content\/uploads\/2016\/04\/C3017G_web_pi2.jpg","contentUrl":"https:\/\/cocoons.eu\/wp-content\/uploads\/2016\/04\/C3017G_web_pi2.jpg","width":800,"height":800,"caption":"Das Schoko-Finish erg\u00e4nzt mit seinem nat\u00fcrlichen Farbton die polarisierten grauen Gl\u00e4ser"},{"@type":"BreadcrumbList","@id":"https:\/\/cocoons.eu\/de\/shop\/cocoons-de\/fitover-brillen\/modisch-polarisiert\/pilot-l-chocolatepolarized-gray\/#breadcrumb","itemListElement":[{"@type":"ListItem","position":1,"name":"Home","item":"https:\/\/cocoons.eu\/de\/"},{"@type":"ListItem","position":2,"name":"Shoppen","item":"https:\/\/cocoons.eu\/de\/shop-2\/"},{"@type":"ListItem","position":3,"name":"Pilot (L) Schoko Polarisiert Grau"}]},{"@type":"WebSite","@id":"https:\/\/cocoons.eu\/de\/#website","url":"https:\/\/cocoons.eu\/de\/","name":"Cocoons Eyewear Europe","description":"Hochwertige Fitover-Sonnenbrillen","publisher":{"@id":"https:\/\/cocoons.eu\/de\/#organization"},"potentialAction":[{"@type":"SearchAction","target":{"@type":"EntryPoint","urlTemplate":"https:\/\/cocoons.eu\/de\/?s={search_term_string}"},"query-input":{"@type":"PropertyValueSpecification","valueRequired":true,"valueName":"search_term_string"}}],"inLanguage":"de"},{"@type":"Organization","@id":"https:\/\/cocoons.eu\/de\/#organization","name":"Cocoons by Live Eyewear","url":"https:\/\/cocoons.eu\/de\/","logo":{"@type":"ImageObject","inLanguage":"de","@id":"https:\/\/cocoons.eu\/de\/#\/schema\/logo\/image\/","url":"https:\/\/cocoons.eu\/wp-content\/uploads\/2020\/03\/C4218G-DSC_7866ps_edit_website800x800.jpg","contentUrl":"https:\/\/cocoons.eu\/wp-content\/uploads\/2020\/03\/C4218G-DSC_7866ps_edit_website800x800.jpg","width":800,"height":800,"caption":"Cocoons by Live Eyewear"},"image":{"@id":"https:\/\/cocoons.eu\/de\/#\/schema\/logo\/image\/"},"sameAs":["https:\/\/facebook.com\/cocoonseurope"]}]},"product_brand":"Cocoons Fitover-Sonnenbrille","product_price_amount":"82.95","product_price_currency":"EUR","og_availability":"instock","product_availability":"instock","product_retailer_item_id":"C3017G","product_condition":"new"},"_links":{"self":[{"href":"https:\/\/cocoons.eu\/de\/wp-json\/wp\/v2\/product\/236078","targetHints":{"allow":["GET"]}}],"collection":[{"href":"https:\/\/cocoons.eu\/de\/wp-json\/wp\/v2\/product"}],"about":[{"href":"https:\/\/cocoons.eu\/de\/wp-json\/wp\/v2\/types\/product"}],"wp:featuredmedia":[{"embeddable":true,"href":"https:\/\/cocoons.eu\/de\/wp-json\/wp\/v2\/media\/232126"}],"wp:attachment":[{"href":"https:\/\/cocoons.eu\/de\/wp-json\/wp\/v2\/media?parent=236078"}],"wp:term":[{"taxonomy":"product_brand","embeddable":true,"href":"https:\/\/cocoons.eu\/de\/wp-json\/wp\/v2\/product_brand?post=236078"},{"taxonomy":"product_cat","embeddable":true,"href":"https:\/\/cocoons.eu\/de\/wp-json\/wp\/v2\/product_cat?post=236078"},{"taxonomy":"product_tag","embeddable":true,"href":"https:\/\/cocoons.eu\/de\/wp-json\/wp\/v2\/product_tag?post=236078"}],"curies":[{"name":"wp","href":"https:\/\/api.w.org\/{rel}","templated":true}]}}