{"id":236061,"date":"2016-03-31T22:44:13","date_gmt":"2016-03-31T20:44:13","guid":{"rendered":"https:\/\/cocoons.eu\/shop\/unkategorisiert\/stream-line-s-leopard-polarisiert-bernsteinfarben\/"},"modified":"2023-02-28T02:46:01","modified_gmt":"2023-02-28T01:46:01","slug":"stream-line-s-leopardpolarized-amber","status":"publish","type":"product","link":"https:\/\/cocoons.eu\/de\/shop\/cocoons-de\/fitover-brillen\/modisch-polarisiert\/stream-line-s-leopardpolarized-amber\/","title":{"rendered":"Stream Line (S) Leopard Polarisiert Bernsteinfarben"},"content":{"rendered":"","protected":false},"excerpt":{"rendered":"<p>Die Leopard Cocoons erinnern an eine vergangene \u00c4ra in zeitloser Schildpattoptik, die in den 1950er Jahren ber\u00fchmt wurde. Die luxuri\u00f6se goldfarbene Innenlackierung hebt dieses exquisite Modell hervor. Die Rafinesse der tropischen Schildpattoptik ist unverkennbar. Unsere polarisierten bernsteinfarbenen Gl\u00e4ser sorgen f\u00fcr eine kristallklare, blendungsfreie Optik und erg\u00e4nzen das Ensemble perfekt.<\/p>\n<p><span style=\"color: #50b848;\"><em>\u201eIch bin so von meinem Leopard-Modell begeistert. Ich liebe das Gold an der Innenseite &#8211; gute Idee.\u201c<\/em><\/span> <img decoding=\"async\" class=\"usr\" src=\"https:\/\/cocoons.eu\/wp-content\/plugins\/universal-star-rating\/includes\/image.php?img=01.png&amp;px=15&amp;max=5&amp;rat=5\" alt=\"5 out of 5 stars\" style=\"height: 15px !important;\" \/> (5 \/ 5) <em>Patricia L., Toronto, Kanada<\/em><\/p>\n","protected":false},"featured_media":232218,"template":"","meta":{"_acf_changed":false},"product_brand":[],"product_cat":[3115,3125,3141,3140],"product_tag":[3142,3208],"class_list":{"0":"post-236061","1":"product","2":"type-product","3":"status-publish","4":"has-post-thumbnail","6":"product_cat-cocoons-de","7":"product_cat-fitover-brillen","8":"product_cat-modisch-polarisiert","9":"product_cat-original-polarisiert","10":"product_tag-cocoons-de","11":"product_tag-sfc-stream-line","12":"pa_collection-cocoons-fitover-sonnenbrille","13":"pa_frame-color-leopard-de","14":"pa_frame-finish-gloss-de","15":"pa_lens-tint-bernstein-polarisiert","16":"pa_model-stream-line-de","17":"pa_size-s-stream-line","19":"first","20":"instock","21":"taxable","22":"shipping-taxable","23":"purchasable","24":"product-type-simple"},"acf":[],"yoast_head":"<!-- This site is optimized with the Yoast SEO Premium plugin v27.3 (Yoast SEO v27.4) - https:\/\/yoast.com\/product\/yoast-seo-premium-wordpress\/ -->\n<title>Stream Line (S) Leopard Polarisiert Bernsteinfarben : Cocoons<\/title>\n<meta name=\"description\" content=\"xplore the features and benefits of Stream Line (S) Leopard Polarisiert Bernsteinfarben on Cocoons.eu. Designed for superior performance and style. Order yours today and experience the difference!\" \/>\n<meta name=\"robots\" content=\"index, follow, max-snippet:-1, max-image-preview:large, max-video-preview:-1\" \/>\n<link rel=\"canonical\" href=\"https:\/\/cocoons.eu\/de\/shop\/cocoons-de\/fitover-brillen\/modisch-polarisiert\/stream-line-s-leopardpolarized-amber\/\" \/>\n<meta property=\"og:locale\" content=\"de_DE\" \/>\n<meta property=\"og:type\" content=\"article\" \/>\n<meta property=\"og:title\" content=\"Stream Line (S) Leopard Polarisiert Bernsteinfarben\" \/>\n<meta property=\"og:description\" content=\"xplore the features and benefits of Stream Line (S) Leopard Polarisiert Bernsteinfarben on Cocoons.eu. Designed for superior performance and style. Order yours today and experience the difference!\" \/>\n<meta property=\"og:url\" content=\"https:\/\/cocoons.eu\/de\/shop\/cocoons-de\/fitover-brillen\/modisch-polarisiert\/stream-line-s-leopardpolarized-amber\/\" \/>\n<meta property=\"og:site_name\" content=\"Cocoons\" \/>\n<meta property=\"article:publisher\" content=\"https:\/\/facebook.com\/cocoonseurope\" \/>\n<meta property=\"article:modified_time\" content=\"2023-02-28T01:46:01+00:00\" \/>\n<meta property=\"og:image\" content=\"https:\/\/cocoons.eu\/wp-content\/uploads\/2016\/07\/Cocoons-Fitovers-Streamline-Leopard-Amber.jpg\" \/>\n\t<meta property=\"og:image:width\" content=\"800\" \/>\n\t<meta property=\"og:image:height\" content=\"800\" \/>\n\t<meta property=\"og:image:type\" content=\"image\/jpeg\" \/>\n<meta name=\"twitter:card\" content=\"summary_large_image\" \/>\n<meta name=\"twitter:label1\" content=\"Preis\" \/>\n\t<meta name=\"twitter:data1\" content=\"&euro;82,95 (inkl. MwSt\/exkl. Versandkosten)\" \/>\n\t<meta name=\"twitter:label2\" content=\"Verf\u00fcgbarkeit\" \/>\n\t<meta name=\"twitter:data2\" content=\"Auf Lager\" \/>\n<script type=\"application\/ld+json\" class=\"yoast-schema-graph\">{\"@context\":\"https:\\\/\\\/schema.org\",\"@graph\":[{\"@type\":\"WebPage\",\"@id\":\"https:\\\/\\\/cocoons.eu\\\/de\\\/shop\\\/cocoons-de\\\/fitover-brillen\\\/modisch-polarisiert\\\/stream-line-s-leopardpolarized-amber\\\/\",\"url\":\"https:\\\/\\\/cocoons.eu\\\/de\\\/shop\\\/cocoons-de\\\/fitover-brillen\\\/modisch-polarisiert\\\/stream-line-s-leopardpolarized-amber\\\/\",\"name\":\"Stream Line (S) Leopard Polarisiert Bernsteinfarben : Cocoons\",\"isPartOf\":{\"@id\":\"https:\\\/\\\/cocoons.eu\\\/de\\\/#website\"},\"primaryImageOfPage\":{\"@id\":\"https:\\\/\\\/cocoons.eu\\\/de\\\/shop\\\/cocoons-de\\\/fitover-brillen\\\/modisch-polarisiert\\\/stream-line-s-leopardpolarized-amber\\\/#primaryimage\"},\"image\":{\"@id\":\"https:\\\/\\\/cocoons.eu\\\/de\\\/shop\\\/cocoons-de\\\/fitover-brillen\\\/modisch-polarisiert\\\/stream-line-s-leopardpolarized-amber\\\/#primaryimage\"},\"thumbnailUrl\":\"https:\\\/\\\/cocoons.eu\\\/wp-content\\\/uploads\\\/2016\\\/07\\\/Cocoons-Fitovers-Streamline-Leopard-Amber.jpg\",\"datePublished\":\"2016-03-31T20:44:13+00:00\",\"dateModified\":\"2023-02-28T01:46:01+00:00\",\"description\":\"xplore the features and benefits of Stream Line (S) Leopard Polarisiert Bernsteinfarben on Cocoons.eu. Designed for superior performance and style. Order yours today and experience the difference!\",\"breadcrumb\":{\"@id\":\"https:\\\/\\\/cocoons.eu\\\/de\\\/shop\\\/cocoons-de\\\/fitover-brillen\\\/modisch-polarisiert\\\/stream-line-s-leopardpolarized-amber\\\/#breadcrumb\"},\"inLanguage\":\"de\",\"potentialAction\":[{\"@type\":\"ReadAction\",\"target\":[\"https:\\\/\\\/cocoons.eu\\\/de\\\/shop\\\/cocoons-de\\\/fitover-brillen\\\/modisch-polarisiert\\\/stream-line-s-leopardpolarized-amber\\\/\"]}]},{\"@type\":\"ImageObject\",\"inLanguage\":\"de\",\"@id\":\"https:\\\/\\\/cocoons.eu\\\/de\\\/shop\\\/cocoons-de\\\/fitover-brillen\\\/modisch-polarisiert\\\/stream-line-s-leopardpolarized-amber\\\/#primaryimage\",\"url\":\"https:\\\/\\\/cocoons.eu\\\/wp-content\\\/uploads\\\/2016\\\/07\\\/Cocoons-Fitovers-Streamline-Leopard-Amber.jpg\",\"contentUrl\":\"https:\\\/\\\/cocoons.eu\\\/wp-content\\\/uploads\\\/2016\\\/07\\\/Cocoons-Fitovers-Streamline-Leopard-Amber.jpg\",\"width\":800,\"height\":800,\"caption\":\"Stream Line Cocoons sind kleiner, hier in Schildpattoptik mit goldfarbener Innenseite abgebildet\"},{\"@type\":\"BreadcrumbList\",\"@id\":\"https:\\\/\\\/cocoons.eu\\\/de\\\/shop\\\/cocoons-de\\\/fitover-brillen\\\/modisch-polarisiert\\\/stream-line-s-leopardpolarized-amber\\\/#breadcrumb\",\"itemListElement\":[{\"@type\":\"ListItem\",\"position\":1,\"name\":\"Home\",\"item\":\"https:\\\/\\\/cocoons.eu\\\/de\\\/\"},{\"@type\":\"ListItem\",\"position\":2,\"name\":\"Shoppen\",\"item\":\"https:\\\/\\\/cocoons.eu\\\/de\\\/shop-2\\\/\"},{\"@type\":\"ListItem\",\"position\":3,\"name\":\"Stream Line (S) Leopard Polarisiert Bernsteinfarben\"}]},{\"@type\":\"WebSite\",\"@id\":\"https:\\\/\\\/cocoons.eu\\\/de\\\/#website\",\"url\":\"https:\\\/\\\/cocoons.eu\\\/de\\\/\",\"name\":\"Cocoons Eyewear Europe\",\"description\":\"Hochwertige Fitover-Sonnenbrillen\",\"publisher\":{\"@id\":\"https:\\\/\\\/cocoons.eu\\\/de\\\/#organization\"},\"potentialAction\":[{\"@type\":\"SearchAction\",\"target\":{\"@type\":\"EntryPoint\",\"urlTemplate\":\"https:\\\/\\\/cocoons.eu\\\/de\\\/?s={search_term_string}\"},\"query-input\":{\"@type\":\"PropertyValueSpecification\",\"valueRequired\":true,\"valueName\":\"search_term_string\"}}],\"inLanguage\":\"de\"},{\"@type\":\"Organization\",\"@id\":\"https:\\\/\\\/cocoons.eu\\\/de\\\/#organization\",\"name\":\"Cocoons by Live Eyewear\",\"url\":\"https:\\\/\\\/cocoons.eu\\\/de\\\/\",\"logo\":{\"@type\":\"ImageObject\",\"inLanguage\":\"de\",\"@id\":\"https:\\\/\\\/cocoons.eu\\\/de\\\/#\\\/schema\\\/logo\\\/image\\\/\",\"url\":\"https:\\\/\\\/cocoons.eu\\\/wp-content\\\/uploads\\\/2020\\\/03\\\/C4218G-DSC_7866ps_edit_website800x800.jpg\",\"contentUrl\":\"https:\\\/\\\/cocoons.eu\\\/wp-content\\\/uploads\\\/2020\\\/03\\\/C4218G-DSC_7866ps_edit_website800x800.jpg\",\"width\":800,\"height\":800,\"caption\":\"Cocoons by Live Eyewear\"},\"image\":{\"@id\":\"https:\\\/\\\/cocoons.eu\\\/de\\\/#\\\/schema\\\/logo\\\/image\\\/\"},\"sameAs\":[\"https:\\\/\\\/facebook.com\\\/cocoonseurope\"]}]}<\/script>\n<meta property=\"product:brand\" content=\"Cocoons Fitover-Sonnenbrille\" \/>\n<meta property=\"product:price:amount\" content=\"82.95\" \/>\n<meta property=\"product:price:currency\" content=\"EUR\" \/>\n<meta property=\"og:availability\" content=\"instock\" \/>\n<meta property=\"product:availability\" content=\"instock\" \/>\n<meta property=\"product:retailer_item_id\" content=\"C6015A\" \/>\n<meta property=\"product:condition\" content=\"new\" \/>\n<!-- \/ Yoast SEO Premium plugin. -->","yoast_head_json":{"title":"Stream Line (S) Leopard Polarisiert Bernsteinfarben : Cocoons","description":"xplore the features and benefits of Stream Line (S) Leopard Polarisiert Bernsteinfarben on Cocoons.eu. Designed for superior performance and style. Order yours today and experience the difference!","robots":{"index":"index","follow":"follow","max-snippet":"max-snippet:-1","max-image-preview":"max-image-preview:large","max-video-preview":"max-video-preview:-1"},"canonical":"https:\/\/cocoons.eu\/de\/shop\/cocoons-de\/fitover-brillen\/modisch-polarisiert\/stream-line-s-leopardpolarized-amber\/","og_locale":"de_DE","og_type":"article","og_title":"Stream Line (S) Leopard Polarisiert Bernsteinfarben","og_description":"xplore the features and benefits of Stream Line (S) Leopard Polarisiert Bernsteinfarben on Cocoons.eu. Designed for superior performance and style. Order yours today and experience the difference!","og_url":"https:\/\/cocoons.eu\/de\/shop\/cocoons-de\/fitover-brillen\/modisch-polarisiert\/stream-line-s-leopardpolarized-amber\/","og_site_name":"Cocoons","article_publisher":"https:\/\/facebook.com\/cocoonseurope","article_modified_time":"2023-02-28T01:46:01+00:00","og_image":[{"width":800,"height":800,"url":"https:\/\/cocoons.eu\/wp-content\/uploads\/2016\/07\/Cocoons-Fitovers-Streamline-Leopard-Amber.jpg","type":"image\/jpeg"}],"twitter_card":"summary_large_image","twitter_misc":{"Preis":"&euro;82,95 (inkl. MwSt\/exkl. Versandkosten)","Verf\u00fcgbarkeit":"Auf Lager"},"schema":{"@context":"https:\/\/schema.org","@graph":[{"@type":"WebPage","@id":"https:\/\/cocoons.eu\/de\/shop\/cocoons-de\/fitover-brillen\/modisch-polarisiert\/stream-line-s-leopardpolarized-amber\/","url":"https:\/\/cocoons.eu\/de\/shop\/cocoons-de\/fitover-brillen\/modisch-polarisiert\/stream-line-s-leopardpolarized-amber\/","name":"Stream Line (S) Leopard Polarisiert Bernsteinfarben : Cocoons","isPartOf":{"@id":"https:\/\/cocoons.eu\/de\/#website"},"primaryImageOfPage":{"@id":"https:\/\/cocoons.eu\/de\/shop\/cocoons-de\/fitover-brillen\/modisch-polarisiert\/stream-line-s-leopardpolarized-amber\/#primaryimage"},"image":{"@id":"https:\/\/cocoons.eu\/de\/shop\/cocoons-de\/fitover-brillen\/modisch-polarisiert\/stream-line-s-leopardpolarized-amber\/#primaryimage"},"thumbnailUrl":"https:\/\/cocoons.eu\/wp-content\/uploads\/2016\/07\/Cocoons-Fitovers-Streamline-Leopard-Amber.jpg","datePublished":"2016-03-31T20:44:13+00:00","dateModified":"2023-02-28T01:46:01+00:00","description":"xplore the features and benefits of Stream Line (S) Leopard Polarisiert Bernsteinfarben on Cocoons.eu. Designed for superior performance and style. Order yours today and experience the difference!","breadcrumb":{"@id":"https:\/\/cocoons.eu\/de\/shop\/cocoons-de\/fitover-brillen\/modisch-polarisiert\/stream-line-s-leopardpolarized-amber\/#breadcrumb"},"inLanguage":"de","potentialAction":[{"@type":"ReadAction","target":["https:\/\/cocoons.eu\/de\/shop\/cocoons-de\/fitover-brillen\/modisch-polarisiert\/stream-line-s-leopardpolarized-amber\/"]}]},{"@type":"ImageObject","inLanguage":"de","@id":"https:\/\/cocoons.eu\/de\/shop\/cocoons-de\/fitover-brillen\/modisch-polarisiert\/stream-line-s-leopardpolarized-amber\/#primaryimage","url":"https:\/\/cocoons.eu\/wp-content\/uploads\/2016\/07\/Cocoons-Fitovers-Streamline-Leopard-Amber.jpg","contentUrl":"https:\/\/cocoons.eu\/wp-content\/uploads\/2016\/07\/Cocoons-Fitovers-Streamline-Leopard-Amber.jpg","width":800,"height":800,"caption":"Stream Line Cocoons sind kleiner, hier in Schildpattoptik mit goldfarbener Innenseite abgebildet"},{"@type":"BreadcrumbList","@id":"https:\/\/cocoons.eu\/de\/shop\/cocoons-de\/fitover-brillen\/modisch-polarisiert\/stream-line-s-leopardpolarized-amber\/#breadcrumb","itemListElement":[{"@type":"ListItem","position":1,"name":"Home","item":"https:\/\/cocoons.eu\/de\/"},{"@type":"ListItem","position":2,"name":"Shoppen","item":"https:\/\/cocoons.eu\/de\/shop-2\/"},{"@type":"ListItem","position":3,"name":"Stream Line (S) Leopard Polarisiert Bernsteinfarben"}]},{"@type":"WebSite","@id":"https:\/\/cocoons.eu\/de\/#website","url":"https:\/\/cocoons.eu\/de\/","name":"Cocoons Eyewear Europe","description":"Hochwertige Fitover-Sonnenbrillen","publisher":{"@id":"https:\/\/cocoons.eu\/de\/#organization"},"potentialAction":[{"@type":"SearchAction","target":{"@type":"EntryPoint","urlTemplate":"https:\/\/cocoons.eu\/de\/?s={search_term_string}"},"query-input":{"@type":"PropertyValueSpecification","valueRequired":true,"valueName":"search_term_string"}}],"inLanguage":"de"},{"@type":"Organization","@id":"https:\/\/cocoons.eu\/de\/#organization","name":"Cocoons by Live Eyewear","url":"https:\/\/cocoons.eu\/de\/","logo":{"@type":"ImageObject","inLanguage":"de","@id":"https:\/\/cocoons.eu\/de\/#\/schema\/logo\/image\/","url":"https:\/\/cocoons.eu\/wp-content\/uploads\/2020\/03\/C4218G-DSC_7866ps_edit_website800x800.jpg","contentUrl":"https:\/\/cocoons.eu\/wp-content\/uploads\/2020\/03\/C4218G-DSC_7866ps_edit_website800x800.jpg","width":800,"height":800,"caption":"Cocoons by Live Eyewear"},"image":{"@id":"https:\/\/cocoons.eu\/de\/#\/schema\/logo\/image\/"},"sameAs":["https:\/\/facebook.com\/cocoonseurope"]}]},"product_brand":"Cocoons Fitover-Sonnenbrille","product_price_amount":"82.95","product_price_currency":"EUR","og_availability":"instock","product_availability":"instock","product_retailer_item_id":"C6015A","product_condition":"new"},"_links":{"self":[{"href":"https:\/\/cocoons.eu\/de\/wp-json\/wp\/v2\/product\/236061","targetHints":{"allow":["GET"]}}],"collection":[{"href":"https:\/\/cocoons.eu\/de\/wp-json\/wp\/v2\/product"}],"about":[{"href":"https:\/\/cocoons.eu\/de\/wp-json\/wp\/v2\/types\/product"}],"wp:featuredmedia":[{"embeddable":true,"href":"https:\/\/cocoons.eu\/de\/wp-json\/wp\/v2\/media\/232218"}],"wp:attachment":[{"href":"https:\/\/cocoons.eu\/de\/wp-json\/wp\/v2\/media?parent=236061"}],"wp:term":[{"taxonomy":"product_brand","embeddable":true,"href":"https:\/\/cocoons.eu\/de\/wp-json\/wp\/v2\/product_brand?post=236061"},{"taxonomy":"product_cat","embeddable":true,"href":"https:\/\/cocoons.eu\/de\/wp-json\/wp\/v2\/product_cat?post=236061"},{"taxonomy":"product_tag","embeddable":true,"href":"https:\/\/cocoons.eu\/de\/wp-json\/wp\/v2\/product_tag?post=236061"}],"curies":[{"name":"wp","href":"https:\/\/api.w.org\/{rel}","templated":true}]}}