{"id":236043,"date":"2020-10-20T11:44:19","date_gmt":"2020-10-20T18:44:19","guid":{"rendered":"https:\/\/cocoons.eu\/shop\/unkategorisiert\/verstellbares-brillenband-aus-brauner-baumwolle\/"},"modified":"2024-03-25T19:08:09","modified_gmt":"2024-03-25T18:08:09","slug":"adjustable-brown-cotton-eyewear-lanyard","status":"publish","type":"product","link":"https:\/\/cocoons.eu\/de\/shop\/zubehoer\/adjustable-brown-cotton-eyewear-lanyard\/","title":{"rendered":"Verstellbares Brillenband aus brauner Baumwolle"},"content":{"rendered":"<p>Mit diesem Brillenband aus weicher Baumwolle, das f\u00fcr Komfort, Vielseitigkeit und schnelle Anpassung konzipiert ist, k\u00f6nnen Sie Ihre Sonnenbrille sicher und bequem tragen. Mit der praktischen Schiebeschnalle l\u00e4sst sich die gew\u00fcnschte L\u00e4nge des Brillenbands m\u00fchelos einstellen. Das weiche Baumwollmaterial ist au\u00dfergew\u00f6hnlich bequem, pflegeleicht und waschbar. Ein unverzichtbares Accessoire f\u00fcr alle, die viel unterwegs sind!<\/p>\n","protected":false},"excerpt":{"rendered":"<p>Mit diesem Brillenband aus weicher Baumwolle, das f\u00fcr Komfort, Vielseitigkeit und schnelle Anpassung konzipiert ist, k\u00f6nnen Sie Ihre Sonnenbrille sicher und bequem tragen. Mit der praktischen Schiebeschnalle l\u00e4sst sich die gew\u00fcnschte L\u00e4nge des Brillenbands m\u00fchelos einstellen. Das weiche Baumwollmaterial ist au\u00dfergew\u00f6hnlich bequem, pflegeleicht und waschbar. Ein unverzichtbares Accessoire f\u00fcr alle, die viel unterwegs sind!<\/p>\n","protected":false},"featured_media":234967,"template":"","meta":{"_acf_changed":false},"product_brand":[],"product_cat":[3206,3103],"product_tag":[3105],"class_list":{"0":"post-236043","1":"product","2":"type-product","3":"status-publish","4":"has-post-thumbnail","6":"product_cat-brillenband","7":"product_cat-zubehoer","8":"product_tag-zubehor","9":"pa_accessories-brillenband","11":"first","12":"instock","13":"taxable","14":"shipping-taxable","15":"purchasable","16":"product-type-simple"},"acf":[],"yoast_head":"<!-- This site is optimized with the Yoast SEO Premium plugin v27.3 (Yoast SEO v27.4) - https:\/\/yoast.com\/product\/yoast-seo-premium-wordpress\/ -->\n<title>Verstellbares Brillenband aus brauner Baumwolle : Cocoons<\/title>\n<meta name=\"description\" content=\"Mit diesem Brillenband aus weicher Baumwolle, das f\u00fcr Komfort, Vielseitigkeit und schnelle Anpassung konzipiert ist, k\u00f6nnen Sie Ihre Sonnenbrille sicher und bequem tragen.\" \/>\n<meta name=\"robots\" content=\"index, follow, max-snippet:-1, max-image-preview:large, max-video-preview:-1\" \/>\n<link rel=\"canonical\" href=\"https:\/\/cocoons.eu\/de\/shop\/zubehoer\/adjustable-brown-cotton-eyewear-lanyard\/\" \/>\n<meta property=\"og:locale\" content=\"de_DE\" \/>\n<meta property=\"og:type\" content=\"article\" \/>\n<meta property=\"og:title\" content=\"Verstellbares Brillenband aus brauner Baumwolle\" \/>\n<meta property=\"og:description\" content=\"Mit diesem Brillenband aus weicher Baumwolle, das f\u00fcr Komfort, Vielseitigkeit und schnelle Anpassung konzipiert ist, k\u00f6nnen Sie Ihre Sonnenbrille sicher und bequem tragen.\" \/>\n<meta property=\"og:url\" content=\"https:\/\/cocoons.eu\/de\/shop\/zubehoer\/adjustable-brown-cotton-eyewear-lanyard\/\" \/>\n<meta property=\"og:site_name\" content=\"Cocoons\" \/>\n<meta property=\"article:publisher\" content=\"https:\/\/facebook.com\/cocoonseurope\" \/>\n<meta property=\"article:modified_time\" content=\"2024-03-25T18:08:09+00:00\" \/>\n<meta property=\"og:image\" content=\"https:\/\/cocoons.eu\/wp-content\/uploads\/2020\/10\/LECBRN100.jpg\" \/>\n\t<meta property=\"og:image:width\" content=\"800\" \/>\n\t<meta property=\"og:image:height\" content=\"800\" \/>\n\t<meta property=\"og:image:type\" content=\"image\/jpeg\" \/>\n<meta name=\"twitter:card\" content=\"summary_large_image\" \/>\n<meta name=\"twitter:label1\" content=\"Preis\" \/>\n\t<meta name=\"twitter:data1\" content=\"&euro;7,95 (inkl. MwSt\/exkl. Versandkosten)\" \/>\n\t<meta name=\"twitter:label2\" content=\"Verf\u00fcgbarkeit\" \/>\n\t<meta name=\"twitter:data2\" content=\"Auf Lager\" \/>\n<script type=\"application\/ld+json\" class=\"yoast-schema-graph\">{\"@context\":\"https:\\\/\\\/schema.org\",\"@graph\":[{\"@type\":\"WebPage\",\"@id\":\"https:\\\/\\\/cocoons.eu\\\/de\\\/shop\\\/zubehoer\\\/adjustable-brown-cotton-eyewear-lanyard\\\/\",\"url\":\"https:\\\/\\\/cocoons.eu\\\/de\\\/shop\\\/zubehoer\\\/adjustable-brown-cotton-eyewear-lanyard\\\/\",\"name\":\"Verstellbares Brillenband aus brauner Baumwolle : Cocoons\",\"isPartOf\":{\"@id\":\"https:\\\/\\\/cocoons.eu\\\/de\\\/#website\"},\"primaryImageOfPage\":{\"@id\":\"https:\\\/\\\/cocoons.eu\\\/de\\\/shop\\\/zubehoer\\\/adjustable-brown-cotton-eyewear-lanyard\\\/#primaryimage\"},\"image\":{\"@id\":\"https:\\\/\\\/cocoons.eu\\\/de\\\/shop\\\/zubehoer\\\/adjustable-brown-cotton-eyewear-lanyard\\\/#primaryimage\"},\"thumbnailUrl\":\"https:\\\/\\\/cocoons.eu\\\/wp-content\\\/uploads\\\/2020\\\/10\\\/LECBRN100.jpg\",\"datePublished\":\"2020-10-20T18:44:19+00:00\",\"dateModified\":\"2024-03-25T18:08:09+00:00\",\"description\":\"Mit diesem Brillenband aus weicher Baumwolle, das f\u00fcr Komfort, Vielseitigkeit und schnelle Anpassung konzipiert ist, k\u00f6nnen Sie Ihre Sonnenbrille sicher und bequem tragen.\",\"breadcrumb\":{\"@id\":\"https:\\\/\\\/cocoons.eu\\\/de\\\/shop\\\/zubehoer\\\/adjustable-brown-cotton-eyewear-lanyard\\\/#breadcrumb\"},\"inLanguage\":\"de\",\"potentialAction\":[{\"@type\":\"ReadAction\",\"target\":[\"https:\\\/\\\/cocoons.eu\\\/de\\\/shop\\\/zubehoer\\\/adjustable-brown-cotton-eyewear-lanyard\\\/\"]}]},{\"@type\":\"ImageObject\",\"inLanguage\":\"de\",\"@id\":\"https:\\\/\\\/cocoons.eu\\\/de\\\/shop\\\/zubehoer\\\/adjustable-brown-cotton-eyewear-lanyard\\\/#primaryimage\",\"url\":\"https:\\\/\\\/cocoons.eu\\\/wp-content\\\/uploads\\\/2020\\\/10\\\/LECBRN100.jpg\",\"contentUrl\":\"https:\\\/\\\/cocoons.eu\\\/wp-content\\\/uploads\\\/2020\\\/10\\\/LECBRN100.jpg\",\"width\":800,\"height\":800},{\"@type\":\"BreadcrumbList\",\"@id\":\"https:\\\/\\\/cocoons.eu\\\/de\\\/shop\\\/zubehoer\\\/adjustable-brown-cotton-eyewear-lanyard\\\/#breadcrumb\",\"itemListElement\":[{\"@type\":\"ListItem\",\"position\":1,\"name\":\"Home\",\"item\":\"https:\\\/\\\/cocoons.eu\\\/de\\\/\"},{\"@type\":\"ListItem\",\"position\":2,\"name\":\"Shoppen\",\"item\":\"https:\\\/\\\/cocoons.eu\\\/de\\\/shop-2\\\/\"},{\"@type\":\"ListItem\",\"position\":3,\"name\":\"Verstellbares Brillenband aus brauner Baumwolle\"}]},{\"@type\":\"WebSite\",\"@id\":\"https:\\\/\\\/cocoons.eu\\\/de\\\/#website\",\"url\":\"https:\\\/\\\/cocoons.eu\\\/de\\\/\",\"name\":\"Cocoons Eyewear Europe\",\"description\":\"Hochwertige Fitover-Sonnenbrillen\",\"publisher\":{\"@id\":\"https:\\\/\\\/cocoons.eu\\\/de\\\/#organization\"},\"potentialAction\":[{\"@type\":\"SearchAction\",\"target\":{\"@type\":\"EntryPoint\",\"urlTemplate\":\"https:\\\/\\\/cocoons.eu\\\/de\\\/?s={search_term_string}\"},\"query-input\":{\"@type\":\"PropertyValueSpecification\",\"valueRequired\":true,\"valueName\":\"search_term_string\"}}],\"inLanguage\":\"de\"},{\"@type\":\"Organization\",\"@id\":\"https:\\\/\\\/cocoons.eu\\\/de\\\/#organization\",\"name\":\"Cocoons by Live Eyewear\",\"url\":\"https:\\\/\\\/cocoons.eu\\\/de\\\/\",\"logo\":{\"@type\":\"ImageObject\",\"inLanguage\":\"de\",\"@id\":\"https:\\\/\\\/cocoons.eu\\\/de\\\/#\\\/schema\\\/logo\\\/image\\\/\",\"url\":\"https:\\\/\\\/cocoons.eu\\\/wp-content\\\/uploads\\\/2020\\\/03\\\/C4218G-DSC_7866ps_edit_website800x800.jpg\",\"contentUrl\":\"https:\\\/\\\/cocoons.eu\\\/wp-content\\\/uploads\\\/2020\\\/03\\\/C4218G-DSC_7866ps_edit_website800x800.jpg\",\"width\":800,\"height\":800,\"caption\":\"Cocoons by Live Eyewear\"},\"image\":{\"@id\":\"https:\\\/\\\/cocoons.eu\\\/de\\\/#\\\/schema\\\/logo\\\/image\\\/\"},\"sameAs\":[\"https:\\\/\\\/facebook.com\\\/cocoonseurope\"]}]}<\/script>\n<meta property=\"product:price:amount\" content=\"7.95\" \/>\n<meta property=\"product:price:currency\" content=\"EUR\" \/>\n<meta property=\"og:availability\" content=\"instock\" \/>\n<meta property=\"product:availability\" content=\"instock\" \/>\n<meta property=\"product:retailer_item_id\" content=\"LECBRN100\" \/>\n<meta property=\"product:condition\" content=\"new\" \/>\n<!-- \/ Yoast SEO Premium plugin. -->","yoast_head_json":{"title":"Verstellbares Brillenband aus brauner Baumwolle : Cocoons","description":"Mit diesem Brillenband aus weicher Baumwolle, das f\u00fcr Komfort, Vielseitigkeit und schnelle Anpassung konzipiert ist, k\u00f6nnen Sie Ihre Sonnenbrille sicher und bequem tragen.","robots":{"index":"index","follow":"follow","max-snippet":"max-snippet:-1","max-image-preview":"max-image-preview:large","max-video-preview":"max-video-preview:-1"},"canonical":"https:\/\/cocoons.eu\/de\/shop\/zubehoer\/adjustable-brown-cotton-eyewear-lanyard\/","og_locale":"de_DE","og_type":"article","og_title":"Verstellbares Brillenband aus brauner Baumwolle","og_description":"Mit diesem Brillenband aus weicher Baumwolle, das f\u00fcr Komfort, Vielseitigkeit und schnelle Anpassung konzipiert ist, k\u00f6nnen Sie Ihre Sonnenbrille sicher und bequem tragen.","og_url":"https:\/\/cocoons.eu\/de\/shop\/zubehoer\/adjustable-brown-cotton-eyewear-lanyard\/","og_site_name":"Cocoons","article_publisher":"https:\/\/facebook.com\/cocoonseurope","article_modified_time":"2024-03-25T18:08:09+00:00","og_image":[{"width":800,"height":800,"url":"https:\/\/cocoons.eu\/wp-content\/uploads\/2020\/10\/LECBRN100.jpg","type":"image\/jpeg"}],"twitter_card":"summary_large_image","twitter_misc":{"Preis":"&euro;7,95 (inkl. MwSt\/exkl. Versandkosten)","Verf\u00fcgbarkeit":"Auf Lager"},"schema":{"@context":"https:\/\/schema.org","@graph":[{"@type":"WebPage","@id":"https:\/\/cocoons.eu\/de\/shop\/zubehoer\/adjustable-brown-cotton-eyewear-lanyard\/","url":"https:\/\/cocoons.eu\/de\/shop\/zubehoer\/adjustable-brown-cotton-eyewear-lanyard\/","name":"Verstellbares Brillenband aus brauner Baumwolle : Cocoons","isPartOf":{"@id":"https:\/\/cocoons.eu\/de\/#website"},"primaryImageOfPage":{"@id":"https:\/\/cocoons.eu\/de\/shop\/zubehoer\/adjustable-brown-cotton-eyewear-lanyard\/#primaryimage"},"image":{"@id":"https:\/\/cocoons.eu\/de\/shop\/zubehoer\/adjustable-brown-cotton-eyewear-lanyard\/#primaryimage"},"thumbnailUrl":"https:\/\/cocoons.eu\/wp-content\/uploads\/2020\/10\/LECBRN100.jpg","datePublished":"2020-10-20T18:44:19+00:00","dateModified":"2024-03-25T18:08:09+00:00","description":"Mit diesem Brillenband aus weicher Baumwolle, das f\u00fcr Komfort, Vielseitigkeit und schnelle Anpassung konzipiert ist, k\u00f6nnen Sie Ihre Sonnenbrille sicher und bequem tragen.","breadcrumb":{"@id":"https:\/\/cocoons.eu\/de\/shop\/zubehoer\/adjustable-brown-cotton-eyewear-lanyard\/#breadcrumb"},"inLanguage":"de","potentialAction":[{"@type":"ReadAction","target":["https:\/\/cocoons.eu\/de\/shop\/zubehoer\/adjustable-brown-cotton-eyewear-lanyard\/"]}]},{"@type":"ImageObject","inLanguage":"de","@id":"https:\/\/cocoons.eu\/de\/shop\/zubehoer\/adjustable-brown-cotton-eyewear-lanyard\/#primaryimage","url":"https:\/\/cocoons.eu\/wp-content\/uploads\/2020\/10\/LECBRN100.jpg","contentUrl":"https:\/\/cocoons.eu\/wp-content\/uploads\/2020\/10\/LECBRN100.jpg","width":800,"height":800},{"@type":"BreadcrumbList","@id":"https:\/\/cocoons.eu\/de\/shop\/zubehoer\/adjustable-brown-cotton-eyewear-lanyard\/#breadcrumb","itemListElement":[{"@type":"ListItem","position":1,"name":"Home","item":"https:\/\/cocoons.eu\/de\/"},{"@type":"ListItem","position":2,"name":"Shoppen","item":"https:\/\/cocoons.eu\/de\/shop-2\/"},{"@type":"ListItem","position":3,"name":"Verstellbares Brillenband aus brauner Baumwolle"}]},{"@type":"WebSite","@id":"https:\/\/cocoons.eu\/de\/#website","url":"https:\/\/cocoons.eu\/de\/","name":"Cocoons Eyewear Europe","description":"Hochwertige Fitover-Sonnenbrillen","publisher":{"@id":"https:\/\/cocoons.eu\/de\/#organization"},"potentialAction":[{"@type":"SearchAction","target":{"@type":"EntryPoint","urlTemplate":"https:\/\/cocoons.eu\/de\/?s={search_term_string}"},"query-input":{"@type":"PropertyValueSpecification","valueRequired":true,"valueName":"search_term_string"}}],"inLanguage":"de"},{"@type":"Organization","@id":"https:\/\/cocoons.eu\/de\/#organization","name":"Cocoons by Live Eyewear","url":"https:\/\/cocoons.eu\/de\/","logo":{"@type":"ImageObject","inLanguage":"de","@id":"https:\/\/cocoons.eu\/de\/#\/schema\/logo\/image\/","url":"https:\/\/cocoons.eu\/wp-content\/uploads\/2020\/03\/C4218G-DSC_7866ps_edit_website800x800.jpg","contentUrl":"https:\/\/cocoons.eu\/wp-content\/uploads\/2020\/03\/C4218G-DSC_7866ps_edit_website800x800.jpg","width":800,"height":800,"caption":"Cocoons by Live Eyewear"},"image":{"@id":"https:\/\/cocoons.eu\/de\/#\/schema\/logo\/image\/"},"sameAs":["https:\/\/facebook.com\/cocoonseurope"]}]},"product_price_amount":"7.95","product_price_currency":"EUR","og_availability":"instock","product_availability":"instock","product_retailer_item_id":"LECBRN100","product_condition":"new"},"_links":{"self":[{"href":"https:\/\/cocoons.eu\/de\/wp-json\/wp\/v2\/product\/236043","targetHints":{"allow":["GET"]}}],"collection":[{"href":"https:\/\/cocoons.eu\/de\/wp-json\/wp\/v2\/product"}],"about":[{"href":"https:\/\/cocoons.eu\/de\/wp-json\/wp\/v2\/types\/product"}],"wp:featuredmedia":[{"embeddable":true,"href":"https:\/\/cocoons.eu\/de\/wp-json\/wp\/v2\/media\/234967"}],"wp:attachment":[{"href":"https:\/\/cocoons.eu\/de\/wp-json\/wp\/v2\/media?parent=236043"}],"wp:term":[{"taxonomy":"product_brand","embeddable":true,"href":"https:\/\/cocoons.eu\/de\/wp-json\/wp\/v2\/product_brand?post=236043"},{"taxonomy":"product_cat","embeddable":true,"href":"https:\/\/cocoons.eu\/de\/wp-json\/wp\/v2\/product_cat?post=236043"},{"taxonomy":"product_tag","embeddable":true,"href":"https:\/\/cocoons.eu\/de\/wp-json\/wp\/v2\/product_tag?post=236043"}],"curies":[{"name":"wp","href":"https:\/\/api.w.org\/{rel}","templated":true}]}}