{"id":235983,"date":"2017-03-07T22:45:26","date_gmt":"2017-03-07T21:45:26","guid":{"rendered":"https:\/\/cocoons.eu\/shop\/unkategorisiert\/slip-stream-lx-leopard-polarisiert-goldfarbene-verspiegelung\/"},"modified":"2023-02-28T03:05:00","modified_gmt":"2023-02-28T02:05:00","slug":"slip-stream-lx-leopard-polarized-gold-mirror","status":"publish","type":"product","link":"https:\/\/cocoons.eu\/de\/shop\/cocoons-de\/slip-stream-lx-leopard-polarized-gold-mirror\/","title":{"rendered":"Slip Stream (LX) Leopard Polarisiert Goldfarbene Verspiegelung"},"content":{"rendered":"","protected":false},"excerpt":{"rendered":"<p>Das klassische Cat-Eye-Design der Slip Stream erinnert an das goldene Zeitalter des Sonnenbrillendesigns. Die Fassungen kombinieren m\u00fchelos diesen Stil mit der Spitzentechnologie, der Leistung und dem Komfort, die f\u00fcr die Marke Cocoons stehen. Leopard Cocoons zeichnen sich durch das zeitlose Schildpatt-Design aus, das in den 1950er Jahren ber\u00fchmt wurde. Das handgemalte Muster wird durch eine luxuri\u00f6se goldfarbene Innenseite akzentuiert, und die kratzfesten polarisierten grauen Gl\u00e4ser mit zus\u00e4tzlicher goldfarbener Verspiegelung blockieren 100&nbsp;% des sch\u00e4dlichen UV-Lichts und eliminieren selbst bei hellsten Lichtverh\u00e4ltnissen effektiv Blendeffekte. Jede Brille wird mit unserem legend\u00e4ren Cocoons Etui, einem Duracloth-Brillenputztuch und der lebenslangen Garantie von Live Eyewear geliefert.<\/p>\n<p><em><span style=\"color: #50b848;\">\u201eSie ist einfach umwerfend. Und sie ist jeden Cent wert! Seit ich sie trage, f\u00fchlen sich meine Augen viel besser an.\u201c<\/span> <img decoding=\"async\" class=\"usr\" src=\"https:\/\/cocoons.eu\/wp-content\/plugins\/universal-star-rating\/includes\/image.php?img=01.png&amp;px=15&amp;max=5&amp;rat=4.5\" alt=\"4.5 out of 5 stars\" style=\"height: 15px !important;\" \/> (4,5 \/ 5) Claudia T., St. Louis, MO<\/em><\/p>\n","protected":false},"featured_media":235145,"template":"","meta":{"_acf_changed":false},"product_brand":[],"product_cat":[3115,3125,3141,3140,3167],"product_tag":[3142,3143],"class_list":{"0":"post-235983","1":"product","2":"type-product","3":"status-publish","4":"has-post-thumbnail","6":"product_cat-cocoons-de","7":"product_cat-fitover-brillen","8":"product_cat-modisch-polarisiert","9":"product_cat-original-polarisiert","10":"product_cat-polarisiert-und-verspiegelt","11":"product_tag-cocoons-de","12":"product_tag-sfc-slipstream-de","13":"pa_collection-cocoons-fitover-sonnenbrille","14":"pa_frame-color-leopard-de","15":"pa_frame-finish-gloss-de","16":"pa_lens-tint-polarisiert-mit-goldener-verspiegelung","17":"pa_model-slip-stream-de","18":"pa_size-lx-slip-stream-de","20":"first","21":"instock","22":"taxable","23":"shipping-taxable","24":"purchasable","25":"product-type-simple"},"acf":[],"yoast_head":"<!-- This site is optimized with the Yoast SEO Premium plugin v27.3 (Yoast SEO v27.4) - https:\/\/yoast.com\/product\/yoast-seo-premium-wordpress\/ -->\n<title>Slip Stream (LX) Leopard Polarisiert Goldfarbene Verspiegelung : Cocoons<\/title>\n<meta name=\"description\" content=\"xplore the features and benefits of Slip Stream (LX) Leopard Polarisiert Goldfarbene Verspiegelung on Cocoons.eu. Designed for superior performance and style. Order yours today and experience the difference!\" \/>\n<meta name=\"robots\" content=\"index, follow, max-snippet:-1, max-image-preview:large, max-video-preview:-1\" \/>\n<link rel=\"canonical\" href=\"https:\/\/cocoons.eu\/de\/shop\/cocoons-de\/slip-stream-lx-leopard-polarized-gold-mirror\/\" \/>\n<meta property=\"og:locale\" content=\"de_DE\" \/>\n<meta property=\"og:type\" content=\"article\" \/>\n<meta property=\"og:title\" content=\"Slip Stream (LX) Leopard Polarisiert Goldfarbene Verspiegelung\" \/>\n<meta property=\"og:description\" content=\"xplore the features and benefits of Slip Stream (LX) Leopard Polarisiert Goldfarbene Verspiegelung on Cocoons.eu. Designed for superior performance and style. Order yours today and experience the difference!\" \/>\n<meta property=\"og:url\" content=\"https:\/\/cocoons.eu\/de\/shop\/cocoons-de\/slip-stream-lx-leopard-polarized-gold-mirror\/\" \/>\n<meta property=\"og:site_name\" content=\"Cocoons\" \/>\n<meta property=\"article:publisher\" content=\"https:\/\/facebook.com\/cocoonseurope\" \/>\n<meta property=\"article:modified_time\" content=\"2023-02-28T02:05:00+00:00\" \/>\n<meta property=\"og:image\" content=\"https:\/\/cocoons.eu\/wp-content\/uploads\/2017\/03\/IMG_5413_edit_website_800x800.jpg\" \/>\n\t<meta property=\"og:image:width\" content=\"800\" \/>\n\t<meta property=\"og:image:height\" content=\"800\" \/>\n\t<meta property=\"og:image:type\" content=\"image\/jpeg\" \/>\n<meta name=\"twitter:card\" content=\"summary_large_image\" \/>\n<meta name=\"twitter:label1\" content=\"Preis\" \/>\n\t<meta name=\"twitter:data1\" content=\"&euro;82,95 (inkl. MwSt\/exkl. Versandkosten)\" \/>\n\t<meta name=\"twitter:label2\" content=\"Verf\u00fcgbarkeit\" \/>\n\t<meta name=\"twitter:data2\" content=\"Auf Lager\" \/>\n<script type=\"application\/ld+json\" class=\"yoast-schema-graph\">{\"@context\":\"https:\\\/\\\/schema.org\",\"@graph\":[{\"@type\":\"WebPage\",\"@id\":\"https:\\\/\\\/cocoons.eu\\\/de\\\/shop\\\/cocoons-de\\\/slip-stream-lx-leopard-polarized-gold-mirror\\\/\",\"url\":\"https:\\\/\\\/cocoons.eu\\\/de\\\/shop\\\/cocoons-de\\\/slip-stream-lx-leopard-polarized-gold-mirror\\\/\",\"name\":\"Slip Stream (LX) Leopard Polarisiert Goldfarbene Verspiegelung : Cocoons\",\"isPartOf\":{\"@id\":\"https:\\\/\\\/cocoons.eu\\\/de\\\/#website\"},\"primaryImageOfPage\":{\"@id\":\"https:\\\/\\\/cocoons.eu\\\/de\\\/shop\\\/cocoons-de\\\/slip-stream-lx-leopard-polarized-gold-mirror\\\/#primaryimage\"},\"image\":{\"@id\":\"https:\\\/\\\/cocoons.eu\\\/de\\\/shop\\\/cocoons-de\\\/slip-stream-lx-leopard-polarized-gold-mirror\\\/#primaryimage\"},\"thumbnailUrl\":\"https:\\\/\\\/cocoons.eu\\\/wp-content\\\/uploads\\\/2017\\\/03\\\/IMG_5413_edit_website_800x800.jpg\",\"datePublished\":\"2017-03-07T21:45:26+00:00\",\"dateModified\":\"2023-02-28T02:05:00+00:00\",\"description\":\"xplore the features and benefits of Slip Stream (LX) Leopard Polarisiert Goldfarbene Verspiegelung on Cocoons.eu. Designed for superior performance and style. Order yours today and experience the difference!\",\"breadcrumb\":{\"@id\":\"https:\\\/\\\/cocoons.eu\\\/de\\\/shop\\\/cocoons-de\\\/slip-stream-lx-leopard-polarized-gold-mirror\\\/#breadcrumb\"},\"inLanguage\":\"de\",\"potentialAction\":[{\"@type\":\"ReadAction\",\"target\":[\"https:\\\/\\\/cocoons.eu\\\/de\\\/shop\\\/cocoons-de\\\/slip-stream-lx-leopard-polarized-gold-mirror\\\/\"]}]},{\"@type\":\"ImageObject\",\"inLanguage\":\"de\",\"@id\":\"https:\\\/\\\/cocoons.eu\\\/de\\\/shop\\\/cocoons-de\\\/slip-stream-lx-leopard-polarized-gold-mirror\\\/#primaryimage\",\"url\":\"https:\\\/\\\/cocoons.eu\\\/wp-content\\\/uploads\\\/2017\\\/03\\\/IMG_5413_edit_website_800x800.jpg\",\"contentUrl\":\"https:\\\/\\\/cocoons.eu\\\/wp-content\\\/uploads\\\/2017\\\/03\\\/IMG_5413_edit_website_800x800.jpg\",\"width\":800,\"height\":800,\"caption\":\"C8015MG - Slip Stream (LX) Glanz Leopard\\\/Goldfarbene Verspiegelung\"},{\"@type\":\"BreadcrumbList\",\"@id\":\"https:\\\/\\\/cocoons.eu\\\/de\\\/shop\\\/cocoons-de\\\/slip-stream-lx-leopard-polarized-gold-mirror\\\/#breadcrumb\",\"itemListElement\":[{\"@type\":\"ListItem\",\"position\":1,\"name\":\"Home\",\"item\":\"https:\\\/\\\/cocoons.eu\\\/de\\\/\"},{\"@type\":\"ListItem\",\"position\":2,\"name\":\"Shoppen\",\"item\":\"https:\\\/\\\/cocoons.eu\\\/de\\\/shop-2\\\/\"},{\"@type\":\"ListItem\",\"position\":3,\"name\":\"Slip Stream (LX) Leopard Polarisiert Goldfarbene Verspiegelung\"}]},{\"@type\":\"WebSite\",\"@id\":\"https:\\\/\\\/cocoons.eu\\\/de\\\/#website\",\"url\":\"https:\\\/\\\/cocoons.eu\\\/de\\\/\",\"name\":\"Cocoons Eyewear Europe\",\"description\":\"Hochwertige Fitover-Sonnenbrillen\",\"publisher\":{\"@id\":\"https:\\\/\\\/cocoons.eu\\\/de\\\/#organization\"},\"potentialAction\":[{\"@type\":\"SearchAction\",\"target\":{\"@type\":\"EntryPoint\",\"urlTemplate\":\"https:\\\/\\\/cocoons.eu\\\/de\\\/?s={search_term_string}\"},\"query-input\":{\"@type\":\"PropertyValueSpecification\",\"valueRequired\":true,\"valueName\":\"search_term_string\"}}],\"inLanguage\":\"de\"},{\"@type\":\"Organization\",\"@id\":\"https:\\\/\\\/cocoons.eu\\\/de\\\/#organization\",\"name\":\"Cocoons by Live Eyewear\",\"url\":\"https:\\\/\\\/cocoons.eu\\\/de\\\/\",\"logo\":{\"@type\":\"ImageObject\",\"inLanguage\":\"de\",\"@id\":\"https:\\\/\\\/cocoons.eu\\\/de\\\/#\\\/schema\\\/logo\\\/image\\\/\",\"url\":\"https:\\\/\\\/cocoons.eu\\\/wp-content\\\/uploads\\\/2020\\\/03\\\/C4218G-DSC_7866ps_edit_website800x800.jpg\",\"contentUrl\":\"https:\\\/\\\/cocoons.eu\\\/wp-content\\\/uploads\\\/2020\\\/03\\\/C4218G-DSC_7866ps_edit_website800x800.jpg\",\"width\":800,\"height\":800,\"caption\":\"Cocoons by Live Eyewear\"},\"image\":{\"@id\":\"https:\\\/\\\/cocoons.eu\\\/de\\\/#\\\/schema\\\/logo\\\/image\\\/\"},\"sameAs\":[\"https:\\\/\\\/facebook.com\\\/cocoonseurope\"]}]}<\/script>\n<meta property=\"product:brand\" content=\"Cocoons Fitover-Sonnenbrille\" \/>\n<meta property=\"product:price:amount\" content=\"82.95\" \/>\n<meta property=\"product:price:currency\" content=\"EUR\" \/>\n<meta property=\"og:availability\" content=\"instock\" \/>\n<meta property=\"product:availability\" content=\"instock\" \/>\n<meta property=\"product:retailer_item_id\" content=\"C8015MG\" \/>\n<meta property=\"product:condition\" content=\"new\" \/>\n<!-- \/ Yoast SEO Premium plugin. -->","yoast_head_json":{"title":"Slip Stream (LX) Leopard Polarisiert Goldfarbene Verspiegelung : Cocoons","description":"xplore the features and benefits of Slip Stream (LX) Leopard Polarisiert Goldfarbene Verspiegelung on Cocoons.eu. Designed for superior performance and style. Order yours today and experience the difference!","robots":{"index":"index","follow":"follow","max-snippet":"max-snippet:-1","max-image-preview":"max-image-preview:large","max-video-preview":"max-video-preview:-1"},"canonical":"https:\/\/cocoons.eu\/de\/shop\/cocoons-de\/slip-stream-lx-leopard-polarized-gold-mirror\/","og_locale":"de_DE","og_type":"article","og_title":"Slip Stream (LX) Leopard Polarisiert Goldfarbene Verspiegelung","og_description":"xplore the features and benefits of Slip Stream (LX) Leopard Polarisiert Goldfarbene Verspiegelung on Cocoons.eu. Designed for superior performance and style. Order yours today and experience the difference!","og_url":"https:\/\/cocoons.eu\/de\/shop\/cocoons-de\/slip-stream-lx-leopard-polarized-gold-mirror\/","og_site_name":"Cocoons","article_publisher":"https:\/\/facebook.com\/cocoonseurope","article_modified_time":"2023-02-28T02:05:00+00:00","og_image":[{"width":800,"height":800,"url":"https:\/\/cocoons.eu\/wp-content\/uploads\/2017\/03\/IMG_5413_edit_website_800x800.jpg","type":"image\/jpeg"}],"twitter_card":"summary_large_image","twitter_misc":{"Preis":"&euro;82,95 (inkl. MwSt\/exkl. Versandkosten)","Verf\u00fcgbarkeit":"Auf Lager"},"schema":{"@context":"https:\/\/schema.org","@graph":[{"@type":"WebPage","@id":"https:\/\/cocoons.eu\/de\/shop\/cocoons-de\/slip-stream-lx-leopard-polarized-gold-mirror\/","url":"https:\/\/cocoons.eu\/de\/shop\/cocoons-de\/slip-stream-lx-leopard-polarized-gold-mirror\/","name":"Slip Stream (LX) Leopard Polarisiert Goldfarbene Verspiegelung : Cocoons","isPartOf":{"@id":"https:\/\/cocoons.eu\/de\/#website"},"primaryImageOfPage":{"@id":"https:\/\/cocoons.eu\/de\/shop\/cocoons-de\/slip-stream-lx-leopard-polarized-gold-mirror\/#primaryimage"},"image":{"@id":"https:\/\/cocoons.eu\/de\/shop\/cocoons-de\/slip-stream-lx-leopard-polarized-gold-mirror\/#primaryimage"},"thumbnailUrl":"https:\/\/cocoons.eu\/wp-content\/uploads\/2017\/03\/IMG_5413_edit_website_800x800.jpg","datePublished":"2017-03-07T21:45:26+00:00","dateModified":"2023-02-28T02:05:00+00:00","description":"xplore the features and benefits of Slip Stream (LX) Leopard Polarisiert Goldfarbene Verspiegelung on Cocoons.eu. Designed for superior performance and style. Order yours today and experience the difference!","breadcrumb":{"@id":"https:\/\/cocoons.eu\/de\/shop\/cocoons-de\/slip-stream-lx-leopard-polarized-gold-mirror\/#breadcrumb"},"inLanguage":"de","potentialAction":[{"@type":"ReadAction","target":["https:\/\/cocoons.eu\/de\/shop\/cocoons-de\/slip-stream-lx-leopard-polarized-gold-mirror\/"]}]},{"@type":"ImageObject","inLanguage":"de","@id":"https:\/\/cocoons.eu\/de\/shop\/cocoons-de\/slip-stream-lx-leopard-polarized-gold-mirror\/#primaryimage","url":"https:\/\/cocoons.eu\/wp-content\/uploads\/2017\/03\/IMG_5413_edit_website_800x800.jpg","contentUrl":"https:\/\/cocoons.eu\/wp-content\/uploads\/2017\/03\/IMG_5413_edit_website_800x800.jpg","width":800,"height":800,"caption":"C8015MG - Slip Stream (LX) Glanz Leopard\/Goldfarbene Verspiegelung"},{"@type":"BreadcrumbList","@id":"https:\/\/cocoons.eu\/de\/shop\/cocoons-de\/slip-stream-lx-leopard-polarized-gold-mirror\/#breadcrumb","itemListElement":[{"@type":"ListItem","position":1,"name":"Home","item":"https:\/\/cocoons.eu\/de\/"},{"@type":"ListItem","position":2,"name":"Shoppen","item":"https:\/\/cocoons.eu\/de\/shop-2\/"},{"@type":"ListItem","position":3,"name":"Slip Stream (LX) Leopard Polarisiert Goldfarbene Verspiegelung"}]},{"@type":"WebSite","@id":"https:\/\/cocoons.eu\/de\/#website","url":"https:\/\/cocoons.eu\/de\/","name":"Cocoons Eyewear Europe","description":"Hochwertige Fitover-Sonnenbrillen","publisher":{"@id":"https:\/\/cocoons.eu\/de\/#organization"},"potentialAction":[{"@type":"SearchAction","target":{"@type":"EntryPoint","urlTemplate":"https:\/\/cocoons.eu\/de\/?s={search_term_string}"},"query-input":{"@type":"PropertyValueSpecification","valueRequired":true,"valueName":"search_term_string"}}],"inLanguage":"de"},{"@type":"Organization","@id":"https:\/\/cocoons.eu\/de\/#organization","name":"Cocoons by Live Eyewear","url":"https:\/\/cocoons.eu\/de\/","logo":{"@type":"ImageObject","inLanguage":"de","@id":"https:\/\/cocoons.eu\/de\/#\/schema\/logo\/image\/","url":"https:\/\/cocoons.eu\/wp-content\/uploads\/2020\/03\/C4218G-DSC_7866ps_edit_website800x800.jpg","contentUrl":"https:\/\/cocoons.eu\/wp-content\/uploads\/2020\/03\/C4218G-DSC_7866ps_edit_website800x800.jpg","width":800,"height":800,"caption":"Cocoons by Live Eyewear"},"image":{"@id":"https:\/\/cocoons.eu\/de\/#\/schema\/logo\/image\/"},"sameAs":["https:\/\/facebook.com\/cocoonseurope"]}]},"product_brand":"Cocoons Fitover-Sonnenbrille","product_price_amount":"82.95","product_price_currency":"EUR","og_availability":"instock","product_availability":"instock","product_retailer_item_id":"C8015MG","product_condition":"new"},"_links":{"self":[{"href":"https:\/\/cocoons.eu\/de\/wp-json\/wp\/v2\/product\/235983","targetHints":{"allow":["GET"]}}],"collection":[{"href":"https:\/\/cocoons.eu\/de\/wp-json\/wp\/v2\/product"}],"about":[{"href":"https:\/\/cocoons.eu\/de\/wp-json\/wp\/v2\/types\/product"}],"wp:featuredmedia":[{"embeddable":true,"href":"https:\/\/cocoons.eu\/de\/wp-json\/wp\/v2\/media\/235145"}],"wp:attachment":[{"href":"https:\/\/cocoons.eu\/de\/wp-json\/wp\/v2\/media?parent=235983"}],"wp:term":[{"taxonomy":"product_brand","embeddable":true,"href":"https:\/\/cocoons.eu\/de\/wp-json\/wp\/v2\/product_brand?post=235983"},{"taxonomy":"product_cat","embeddable":true,"href":"https:\/\/cocoons.eu\/de\/wp-json\/wp\/v2\/product_cat?post=235983"},{"taxonomy":"product_tag","embeddable":true,"href":"https:\/\/cocoons.eu\/de\/wp-json\/wp\/v2\/product_tag?post=235983"}],"curies":[{"name":"wp","href":"https:\/\/api.w.org\/{rel}","templated":true}]}}