{"id":235819,"date":"2015-08-22T09:20:12","date_gmt":"2015-08-22T07:20:12","guid":{"rendered":"https:\/\/cocoons.eu\/shop\/unkategorisiert\/stream-line-groesse-s-schwarz-polarisiert-phototrop-bernsteinfarben\/"},"modified":"2023-02-28T02:46:28","modified_gmt":"2023-02-28T01:46:28","slug":"cocoons-stream-line-s-black-framepolarized-photo-amber-lenses","status":"publish","type":"product","link":"https:\/\/cocoons.eu\/de\/shop\/cocoons-de\/fitover-brillen\/original-polarisiert\/cocoons-stream-line-s-black-framepolarized-photo-amber-lenses\/","title":{"rendered":"Stream Line (S) Schwarz Polarisiert Phototchrom Bernsteinfarben"},"content":{"rendered":"","protected":false},"excerpt":{"rendered":"<p>Diese Stream Line Cocoons sind mit phototropen Polar\u00e9-Gl\u00e4sern ausgestattet. Phototrope Gl\u00e4ser verdunkeln oder erhellen sich automatisch, je nach Lichtverh\u00e4ltnissen, und gew\u00e4hrleisten somit eine pr\u00e4zise, gleichm\u00e4\u00dfige Lichtdurchl\u00e4ssigkeit. Die Gl\u00e4ser passen sich zu- oder abnehmenden Lichtverh\u00e4ltnissen an, damit Ihre Augen entspannt bleiben und sich auf die anstehenden Aufgaben konzentrieren k\u00f6nnen.<\/p>\n<p>Die kleinsten Fitovers der Welt sind perfekt f\u00fcr kleine Brillenfassungen und f\u00fcr Kinder.<\/p>\n<p><span style=\"color: #50b848;\"><em>\u201eIch habe Cocoons durch Zufall beim Urlaub in Kanada entdeckt. Das hat mir meine Reise versch\u00f6nt! Ich hatte zuvor noch nie etwas von dieser Marke geh\u00f6rt!\u201c <\/em><\/span><img decoding=\"async\" class=\"usr\" src=\"https:\/\/cocoons.eu\/wp-content\/plugins\/universal-star-rating\/includes\/image.php?img=01.png&amp;px=15&amp;max=5&amp;rat=5\" alt=\"5 out of 5 stars\" style=\"height: 15px !important;\" \/> (5 \/ 5)<em> Doris K., Niagara Falls, NY<\/em><\/p>\n","protected":false},"featured_media":234806,"template":"","meta":{"_acf_changed":false},"product_brand":[],"product_cat":[3115,3125,3140],"product_tag":[3142,3208],"class_list":{"0":"post-235819","1":"product","2":"type-product","3":"status-publish","4":"has-post-thumbnail","6":"product_cat-cocoons-de","7":"product_cat-fitover-brillen","8":"product_cat-original-polarisiert","9":"product_tag-cocoons-de","10":"product_tag-sfc-stream-line","11":"pa_collection-cocoons-fitover-sonnenbrille","12":"pa_frame-color-schwarz","13":"pa_frame-finish-soft-touch-de","14":"pa_lens-tint-bernsteinfarben-phototrop-polarisiert","15":"pa_model-stream-line-de","16":"pa_size-s-stream-line","18":"first","19":"instock","20":"taxable","21":"shipping-taxable","22":"purchasable","23":"product-type-simple"},"acf":[],"yoast_head":"<!-- This site is optimized with the Yoast SEO Premium plugin v27.3 (Yoast SEO v27.4) - https:\/\/yoast.com\/product\/yoast-seo-premium-wordpress\/ -->\n<title>Stream Line (S) Schwarz Polarisiert Phototchrom Bernsteinfarben : Cocoons<\/title>\n<meta name=\"description\" content=\"xplore the features and benefits of Stream Line (S) Schwarz Polarisiert Phototchrom Bernsteinfarben on Cocoons.eu. Designed for superior performance and style. Order yours today and experience the difference!\" \/>\n<meta name=\"robots\" content=\"index, follow, max-snippet:-1, max-image-preview:large, max-video-preview:-1\" \/>\n<link rel=\"canonical\" href=\"https:\/\/cocoons.eu\/de\/shop\/cocoons-de\/fitover-brillen\/original-polarisiert\/cocoons-stream-line-s-black-framepolarized-photo-amber-lenses\/\" \/>\n<meta property=\"og:locale\" content=\"de_DE\" \/>\n<meta property=\"og:type\" content=\"article\" \/>\n<meta property=\"og:title\" content=\"Stream Line (S) Schwarz Polarisiert Phototchrom Bernsteinfarben\" \/>\n<meta property=\"og:description\" content=\"xplore the features and benefits of Stream Line (S) Schwarz Polarisiert Phototchrom Bernsteinfarben on Cocoons.eu. Designed for superior performance and style. Order yours today and experience the difference!\" \/>\n<meta property=\"og:url\" content=\"https:\/\/cocoons.eu\/de\/shop\/cocoons-de\/fitover-brillen\/original-polarisiert\/cocoons-stream-line-s-black-framepolarized-photo-amber-lenses\/\" \/>\n<meta property=\"og:site_name\" content=\"Cocoons\" \/>\n<meta property=\"article:publisher\" content=\"https:\/\/facebook.com\/cocoonseurope\" \/>\n<meta property=\"article:modified_time\" content=\"2023-02-28T01:46:28+00:00\" \/>\n<meta property=\"og:image\" content=\"https:\/\/cocoons.eu\/wp-content\/uploads\/2019\/08\/C602A.jpg\" \/>\n\t<meta property=\"og:image:width\" content=\"800\" \/>\n\t<meta property=\"og:image:height\" content=\"800\" \/>\n\t<meta property=\"og:image:type\" content=\"image\/jpeg\" \/>\n<meta name=\"twitter:card\" content=\"summary_large_image\" \/>\n<meta name=\"twitter:label1\" content=\"Preis\" \/>\n\t<meta name=\"twitter:data1\" content=\"&euro;94,95 (inkl. MwSt\/exkl. Versandkosten)\" \/>\n\t<meta name=\"twitter:label2\" content=\"Verf\u00fcgbarkeit\" \/>\n\t<meta name=\"twitter:data2\" content=\"Auf Lager\" \/>\n<script type=\"application\/ld+json\" class=\"yoast-schema-graph\">{\"@context\":\"https:\\\/\\\/schema.org\",\"@graph\":[{\"@type\":\"WebPage\",\"@id\":\"https:\\\/\\\/cocoons.eu\\\/de\\\/shop\\\/cocoons-de\\\/fitover-brillen\\\/original-polarisiert\\\/cocoons-stream-line-s-black-framepolarized-photo-amber-lenses\\\/\",\"url\":\"https:\\\/\\\/cocoons.eu\\\/de\\\/shop\\\/cocoons-de\\\/fitover-brillen\\\/original-polarisiert\\\/cocoons-stream-line-s-black-framepolarized-photo-amber-lenses\\\/\",\"name\":\"Stream Line (S) Schwarz Polarisiert Phototchrom Bernsteinfarben : Cocoons\",\"isPartOf\":{\"@id\":\"https:\\\/\\\/cocoons.eu\\\/de\\\/#website\"},\"primaryImageOfPage\":{\"@id\":\"https:\\\/\\\/cocoons.eu\\\/de\\\/shop\\\/cocoons-de\\\/fitover-brillen\\\/original-polarisiert\\\/cocoons-stream-line-s-black-framepolarized-photo-amber-lenses\\\/#primaryimage\"},\"image\":{\"@id\":\"https:\\\/\\\/cocoons.eu\\\/de\\\/shop\\\/cocoons-de\\\/fitover-brillen\\\/original-polarisiert\\\/cocoons-stream-line-s-black-framepolarized-photo-amber-lenses\\\/#primaryimage\"},\"thumbnailUrl\":\"https:\\\/\\\/cocoons.eu\\\/wp-content\\\/uploads\\\/2019\\\/08\\\/C602A.jpg\",\"datePublished\":\"2015-08-22T07:20:12+00:00\",\"dateModified\":\"2023-02-28T01:46:28+00:00\",\"description\":\"xplore the features and benefits of Stream Line (S) Schwarz Polarisiert Phototchrom Bernsteinfarben on Cocoons.eu. Designed for superior performance and style. Order yours today and experience the difference!\",\"breadcrumb\":{\"@id\":\"https:\\\/\\\/cocoons.eu\\\/de\\\/shop\\\/cocoons-de\\\/fitover-brillen\\\/original-polarisiert\\\/cocoons-stream-line-s-black-framepolarized-photo-amber-lenses\\\/#breadcrumb\"},\"inLanguage\":\"de\",\"potentialAction\":[{\"@type\":\"ReadAction\",\"target\":[\"https:\\\/\\\/cocoons.eu\\\/de\\\/shop\\\/cocoons-de\\\/fitover-brillen\\\/original-polarisiert\\\/cocoons-stream-line-s-black-framepolarized-photo-amber-lenses\\\/\"]}]},{\"@type\":\"ImageObject\",\"inLanguage\":\"de\",\"@id\":\"https:\\\/\\\/cocoons.eu\\\/de\\\/shop\\\/cocoons-de\\\/fitover-brillen\\\/original-polarisiert\\\/cocoons-stream-line-s-black-framepolarized-photo-amber-lenses\\\/#primaryimage\",\"url\":\"https:\\\/\\\/cocoons.eu\\\/wp-content\\\/uploads\\\/2019\\\/08\\\/C602A.jpg\",\"contentUrl\":\"https:\\\/\\\/cocoons.eu\\\/wp-content\\\/uploads\\\/2019\\\/08\\\/C602A.jpg\",\"width\":800,\"height\":800},{\"@type\":\"BreadcrumbList\",\"@id\":\"https:\\\/\\\/cocoons.eu\\\/de\\\/shop\\\/cocoons-de\\\/fitover-brillen\\\/original-polarisiert\\\/cocoons-stream-line-s-black-framepolarized-photo-amber-lenses\\\/#breadcrumb\",\"itemListElement\":[{\"@type\":\"ListItem\",\"position\":1,\"name\":\"Home\",\"item\":\"https:\\\/\\\/cocoons.eu\\\/de\\\/\"},{\"@type\":\"ListItem\",\"position\":2,\"name\":\"Shoppen\",\"item\":\"https:\\\/\\\/cocoons.eu\\\/de\\\/shop-2\\\/\"},{\"@type\":\"ListItem\",\"position\":3,\"name\":\"Stream Line (S) Schwarz Polarisiert Phototchrom Bernsteinfarben\"}]},{\"@type\":\"WebSite\",\"@id\":\"https:\\\/\\\/cocoons.eu\\\/de\\\/#website\",\"url\":\"https:\\\/\\\/cocoons.eu\\\/de\\\/\",\"name\":\"Cocoons Eyewear Europe\",\"description\":\"Hochwertige Fitover-Sonnenbrillen\",\"publisher\":{\"@id\":\"https:\\\/\\\/cocoons.eu\\\/de\\\/#organization\"},\"potentialAction\":[{\"@type\":\"SearchAction\",\"target\":{\"@type\":\"EntryPoint\",\"urlTemplate\":\"https:\\\/\\\/cocoons.eu\\\/de\\\/?s={search_term_string}\"},\"query-input\":{\"@type\":\"PropertyValueSpecification\",\"valueRequired\":true,\"valueName\":\"search_term_string\"}}],\"inLanguage\":\"de\"},{\"@type\":\"Organization\",\"@id\":\"https:\\\/\\\/cocoons.eu\\\/de\\\/#organization\",\"name\":\"Cocoons by Live Eyewear\",\"url\":\"https:\\\/\\\/cocoons.eu\\\/de\\\/\",\"logo\":{\"@type\":\"ImageObject\",\"inLanguage\":\"de\",\"@id\":\"https:\\\/\\\/cocoons.eu\\\/de\\\/#\\\/schema\\\/logo\\\/image\\\/\",\"url\":\"https:\\\/\\\/cocoons.eu\\\/wp-content\\\/uploads\\\/2020\\\/03\\\/C4218G-DSC_7866ps_edit_website800x800.jpg\",\"contentUrl\":\"https:\\\/\\\/cocoons.eu\\\/wp-content\\\/uploads\\\/2020\\\/03\\\/C4218G-DSC_7866ps_edit_website800x800.jpg\",\"width\":800,\"height\":800,\"caption\":\"Cocoons by Live Eyewear\"},\"image\":{\"@id\":\"https:\\\/\\\/cocoons.eu\\\/de\\\/#\\\/schema\\\/logo\\\/image\\\/\"},\"sameAs\":[\"https:\\\/\\\/facebook.com\\\/cocoonseurope\"]}]}<\/script>\n<meta property=\"product:brand\" content=\"Cocoons Fitover-Sonnenbrille\" \/>\n<meta property=\"product:price:amount\" content=\"94.95\" \/>\n<meta property=\"product:price:currency\" content=\"EUR\" \/>\n<meta property=\"og:availability\" content=\"instock\" \/>\n<meta property=\"product:availability\" content=\"instock\" \/>\n<meta property=\"product:retailer_item_id\" content=\"C602APC\" \/>\n<meta property=\"product:condition\" content=\"new\" \/>\n<!-- \/ Yoast SEO Premium plugin. -->","yoast_head_json":{"title":"Stream Line (S) Schwarz Polarisiert Phototchrom Bernsteinfarben : Cocoons","description":"xplore the features and benefits of Stream Line (S) Schwarz Polarisiert Phototchrom Bernsteinfarben on Cocoons.eu. Designed for superior performance and style. Order yours today and experience the difference!","robots":{"index":"index","follow":"follow","max-snippet":"max-snippet:-1","max-image-preview":"max-image-preview:large","max-video-preview":"max-video-preview:-1"},"canonical":"https:\/\/cocoons.eu\/de\/shop\/cocoons-de\/fitover-brillen\/original-polarisiert\/cocoons-stream-line-s-black-framepolarized-photo-amber-lenses\/","og_locale":"de_DE","og_type":"article","og_title":"Stream Line (S) Schwarz Polarisiert Phototchrom Bernsteinfarben","og_description":"xplore the features and benefits of Stream Line (S) Schwarz Polarisiert Phototchrom Bernsteinfarben on Cocoons.eu. Designed for superior performance and style. Order yours today and experience the difference!","og_url":"https:\/\/cocoons.eu\/de\/shop\/cocoons-de\/fitover-brillen\/original-polarisiert\/cocoons-stream-line-s-black-framepolarized-photo-amber-lenses\/","og_site_name":"Cocoons","article_publisher":"https:\/\/facebook.com\/cocoonseurope","article_modified_time":"2023-02-28T01:46:28+00:00","og_image":[{"width":800,"height":800,"url":"https:\/\/cocoons.eu\/wp-content\/uploads\/2019\/08\/C602A.jpg","type":"image\/jpeg"}],"twitter_card":"summary_large_image","twitter_misc":{"Preis":"&euro;94,95 (inkl. MwSt\/exkl. Versandkosten)","Verf\u00fcgbarkeit":"Auf Lager"},"schema":{"@context":"https:\/\/schema.org","@graph":[{"@type":"WebPage","@id":"https:\/\/cocoons.eu\/de\/shop\/cocoons-de\/fitover-brillen\/original-polarisiert\/cocoons-stream-line-s-black-framepolarized-photo-amber-lenses\/","url":"https:\/\/cocoons.eu\/de\/shop\/cocoons-de\/fitover-brillen\/original-polarisiert\/cocoons-stream-line-s-black-framepolarized-photo-amber-lenses\/","name":"Stream Line (S) Schwarz Polarisiert Phototchrom Bernsteinfarben : Cocoons","isPartOf":{"@id":"https:\/\/cocoons.eu\/de\/#website"},"primaryImageOfPage":{"@id":"https:\/\/cocoons.eu\/de\/shop\/cocoons-de\/fitover-brillen\/original-polarisiert\/cocoons-stream-line-s-black-framepolarized-photo-amber-lenses\/#primaryimage"},"image":{"@id":"https:\/\/cocoons.eu\/de\/shop\/cocoons-de\/fitover-brillen\/original-polarisiert\/cocoons-stream-line-s-black-framepolarized-photo-amber-lenses\/#primaryimage"},"thumbnailUrl":"https:\/\/cocoons.eu\/wp-content\/uploads\/2019\/08\/C602A.jpg","datePublished":"2015-08-22T07:20:12+00:00","dateModified":"2023-02-28T01:46:28+00:00","description":"xplore the features and benefits of Stream Line (S) Schwarz Polarisiert Phototchrom Bernsteinfarben on Cocoons.eu. Designed for superior performance and style. Order yours today and experience the difference!","breadcrumb":{"@id":"https:\/\/cocoons.eu\/de\/shop\/cocoons-de\/fitover-brillen\/original-polarisiert\/cocoons-stream-line-s-black-framepolarized-photo-amber-lenses\/#breadcrumb"},"inLanguage":"de","potentialAction":[{"@type":"ReadAction","target":["https:\/\/cocoons.eu\/de\/shop\/cocoons-de\/fitover-brillen\/original-polarisiert\/cocoons-stream-line-s-black-framepolarized-photo-amber-lenses\/"]}]},{"@type":"ImageObject","inLanguage":"de","@id":"https:\/\/cocoons.eu\/de\/shop\/cocoons-de\/fitover-brillen\/original-polarisiert\/cocoons-stream-line-s-black-framepolarized-photo-amber-lenses\/#primaryimage","url":"https:\/\/cocoons.eu\/wp-content\/uploads\/2019\/08\/C602A.jpg","contentUrl":"https:\/\/cocoons.eu\/wp-content\/uploads\/2019\/08\/C602A.jpg","width":800,"height":800},{"@type":"BreadcrumbList","@id":"https:\/\/cocoons.eu\/de\/shop\/cocoons-de\/fitover-brillen\/original-polarisiert\/cocoons-stream-line-s-black-framepolarized-photo-amber-lenses\/#breadcrumb","itemListElement":[{"@type":"ListItem","position":1,"name":"Home","item":"https:\/\/cocoons.eu\/de\/"},{"@type":"ListItem","position":2,"name":"Shoppen","item":"https:\/\/cocoons.eu\/de\/shop-2\/"},{"@type":"ListItem","position":3,"name":"Stream Line (S) Schwarz Polarisiert Phototchrom Bernsteinfarben"}]},{"@type":"WebSite","@id":"https:\/\/cocoons.eu\/de\/#website","url":"https:\/\/cocoons.eu\/de\/","name":"Cocoons Eyewear Europe","description":"Hochwertige Fitover-Sonnenbrillen","publisher":{"@id":"https:\/\/cocoons.eu\/de\/#organization"},"potentialAction":[{"@type":"SearchAction","target":{"@type":"EntryPoint","urlTemplate":"https:\/\/cocoons.eu\/de\/?s={search_term_string}"},"query-input":{"@type":"PropertyValueSpecification","valueRequired":true,"valueName":"search_term_string"}}],"inLanguage":"de"},{"@type":"Organization","@id":"https:\/\/cocoons.eu\/de\/#organization","name":"Cocoons by Live Eyewear","url":"https:\/\/cocoons.eu\/de\/","logo":{"@type":"ImageObject","inLanguage":"de","@id":"https:\/\/cocoons.eu\/de\/#\/schema\/logo\/image\/","url":"https:\/\/cocoons.eu\/wp-content\/uploads\/2020\/03\/C4218G-DSC_7866ps_edit_website800x800.jpg","contentUrl":"https:\/\/cocoons.eu\/wp-content\/uploads\/2020\/03\/C4218G-DSC_7866ps_edit_website800x800.jpg","width":800,"height":800,"caption":"Cocoons by Live Eyewear"},"image":{"@id":"https:\/\/cocoons.eu\/de\/#\/schema\/logo\/image\/"},"sameAs":["https:\/\/facebook.com\/cocoonseurope"]}]},"product_brand":"Cocoons Fitover-Sonnenbrille","product_price_amount":"94.95","product_price_currency":"EUR","og_availability":"instock","product_availability":"instock","product_retailer_item_id":"C602APC","product_condition":"new"},"_links":{"self":[{"href":"https:\/\/cocoons.eu\/de\/wp-json\/wp\/v2\/product\/235819","targetHints":{"allow":["GET"]}}],"collection":[{"href":"https:\/\/cocoons.eu\/de\/wp-json\/wp\/v2\/product"}],"about":[{"href":"https:\/\/cocoons.eu\/de\/wp-json\/wp\/v2\/types\/product"}],"wp:featuredmedia":[{"embeddable":true,"href":"https:\/\/cocoons.eu\/de\/wp-json\/wp\/v2\/media\/234806"}],"wp:attachment":[{"href":"https:\/\/cocoons.eu\/de\/wp-json\/wp\/v2\/media?parent=235819"}],"wp:term":[{"taxonomy":"product_brand","embeddable":true,"href":"https:\/\/cocoons.eu\/de\/wp-json\/wp\/v2\/product_brand?post=235819"},{"taxonomy":"product_cat","embeddable":true,"href":"https:\/\/cocoons.eu\/de\/wp-json\/wp\/v2\/product_cat?post=235819"},{"taxonomy":"product_tag","embeddable":true,"href":"https:\/\/cocoons.eu\/de\/wp-json\/wp\/v2\/product_tag?post=235819"}],"curies":[{"name":"wp","href":"https:\/\/api.w.org\/{rel}","templated":true}]}}