{"id":235790,"date":"2015-08-22T00:20:32","date_gmt":"2022-07-27T15:59:03","guid":{"rendered":"https:\/\/cocoons.eu\/shop\/unkategorisiert\/sidekick-medium-rauchgrauer-absorbierender-uv-filter\/"},"modified":"2023-08-16T00:09:39","modified_gmt":"2023-08-15T22:09:39","slug":"cocoons-sidekick-medium-smoke-absorptive-uv-filters","status":"publish","type":"product","link":"https:\/\/cocoons.eu\/de\/shop\/cocoons-de\/sidekick-uv-filter\/cocoons-sidekick-medium-smoke-absorptive-uv-filters\/","title":{"rendered":"SideKick Medium rauchgrauer absorbierender UV-Filter"},"content":{"rendered":"<p>Fortschrittlicher UV400-Filter &#8211; Kratzfest &#8211; Lebenslange Garantie &#8211; Passt \u00fcber die Fassungen von Korrektionsbrillen mit einer Breite von weniger als 138 mm und einer H\u00f6he von weniger als 36 mm<\/p>\n","protected":false},"excerpt":{"rendered":"<p>Inspiriert von unseren beliebten Cocoons Fitovers f\u00fcr Menschen mit Sehbeintr\u00e4chtigungen bietet der SideKick UV-Filter ein unvergleichliches Ma\u00df an Schutz in der praktischen Form eines Flip-ups. Im Gegensatz zu herk\u00f6mmlichen Flip-up-Designs, die nur das von vorne einfallende Licht filtern, verf\u00fcgt die SideKick \u00fcber ein umschlie\u00dfendes Design, das Licht filtert, das von oben und der Seite in Ihr Sichtfeld eindringen kann. Jeder Polycarbonat-Filter wurde entwickelt, um der rauen Behandlung im t\u00e4glichen Gebrauch standzuhalten. Er ist optisch korrekt, kratzfest, leicht und extrem langlebig.<\/p>\n<p>Der rauchgraue, absorbierende Filter, der sich f\u00fcr den allgemeinen Gebrauch eignet, reduziert die Lichtintensit\u00e4t und sorgt f\u00fcr eine echte Farbdefinition. Er l\u00e4sst 11&nbsp;% des sichtbaren Lichts durch und bietet 100&nbsp;% UVA\/UVB-Schutz. Die Gr\u00f6\u00dfe Medium passt f\u00fcr die meisten breiteren Fassungen von Korrektionsbrillen.<\/p>\n<p><em><span style=\"color: #50b848;\">\u201ePraktisch, ich bin froh, dass ich sie habe. Leicht zu befestigen und klar. Keine Kratzer.\u201c<\/span> <img decoding=\"async\" class=\"usr\" src=\"https:\/\/cocoons.eu\/wp-content\/plugins\/universal-star-rating\/includes\/image.php?img=01.png&amp;px=15&amp;max=5&amp;rat=5\" alt=\"5 out of 5 stars\" style=\"height: 15px !important;\" \/> (5 \/ 5) Jim P. Reno, NV<\/em><\/p>\n","protected":false},"featured_media":232548,"template":"","meta":{"_acf_changed":false},"product_brand":[],"product_cat":[3115,3195],"product_tag":[3196],"class_list":{"0":"post-235790","1":"product","2":"type-product","3":"status-publish","4":"has-post-thumbnail","6":"product_cat-cocoons-de","7":"product_cat-sidekick-uv-filter","8":"product_tag-sidekick-de","9":"pa_collection-cocoons-sidekicks-de","10":"pa_lens-tint-rauchgrauer-uv-filter","11":"pa_size-medium-sidekick","13":"first","14":"instock","15":"taxable","16":"shipping-taxable","17":"purchasable","18":"product-type-simple"},"acf":[],"yoast_head":"<!-- This site is optimized with the Yoast SEO Premium plugin v27.3 (Yoast SEO v27.3) - https:\/\/yoast.com\/product\/yoast-seo-premium-wordpress\/ -->\n<title>SideKick Medium rauchgrauer absorbierender UV-Filter : Cocoons<\/title>\n<meta name=\"description\" content=\"xplore the features and benefits of SideKick Medium rauchgrauer absorbierender UV-Filter on Cocoons.eu. Designed for superior performance and style. Order yours today and experience the difference!\" \/>\n<meta name=\"robots\" content=\"index, follow, max-snippet:-1, max-image-preview:large, max-video-preview:-1\" \/>\n<link rel=\"canonical\" href=\"https:\/\/cocoons.eu\/de\/shop\/cocoons-de\/sidekick-uv-filter\/cocoons-sidekick-medium-smoke-absorptive-uv-filters\/\" \/>\n<meta property=\"og:locale\" content=\"de_DE\" \/>\n<meta property=\"og:type\" content=\"article\" \/>\n<meta property=\"og:title\" content=\"SideKick Medium rauchgrauer absorbierender UV-Filter\" \/>\n<meta property=\"og:description\" content=\"xplore the features and benefits of SideKick Medium rauchgrauer absorbierender UV-Filter on Cocoons.eu. Designed for superior performance and style. Order yours today and experience the difference!\" \/>\n<meta property=\"og:url\" content=\"https:\/\/cocoons.eu\/de\/shop\/cocoons-de\/sidekick-uv-filter\/cocoons-sidekick-medium-smoke-absorptive-uv-filters\/\" \/>\n<meta property=\"og:site_name\" content=\"Cocoons\" \/>\n<meta property=\"article:publisher\" content=\"https:\/\/facebook.com\/cocoonseurope\" \/>\n<meta property=\"article:modified_time\" content=\"2023-08-15T22:09:39+00:00\" \/>\n<meta property=\"og:image\" content=\"https:\/\/cocoons.eu\/wp-content\/uploads\/2015\/08\/K400s-Sidekick.jpg\" \/>\n\t<meta property=\"og:image:width\" content=\"800\" \/>\n\t<meta property=\"og:image:height\" content=\"800\" \/>\n\t<meta property=\"og:image:type\" content=\"image\/jpeg\" \/>\n<meta name=\"twitter:card\" content=\"summary_large_image\" \/>\n<meta name=\"twitter:label1\" content=\"Preis\" \/>\n\t<meta name=\"twitter:data1\" content=\"&euro;22,95 (inkl. MwSt\/exkl. Versandkosten)\" \/>\n\t<meta name=\"twitter:label2\" content=\"Verf\u00fcgbarkeit\" \/>\n\t<meta name=\"twitter:data2\" content=\"Auf Lager\" \/>\n<script type=\"application\/ld+json\" class=\"yoast-schema-graph\">{\"@context\":\"https:\\\/\\\/schema.org\",\"@graph\":[{\"@type\":\"WebPage\",\"@id\":\"https:\\\/\\\/cocoons.eu\\\/de\\\/shop\\\/cocoons-de\\\/sidekick-uv-filter\\\/cocoons-sidekick-medium-smoke-absorptive-uv-filters\\\/\",\"url\":\"https:\\\/\\\/cocoons.eu\\\/de\\\/shop\\\/cocoons-de\\\/sidekick-uv-filter\\\/cocoons-sidekick-medium-smoke-absorptive-uv-filters\\\/\",\"name\":\"SideKick Medium rauchgrauer absorbierender UV-Filter : Cocoons\",\"isPartOf\":{\"@id\":\"https:\\\/\\\/cocoons.eu\\\/de\\\/#website\"},\"primaryImageOfPage\":{\"@id\":\"https:\\\/\\\/cocoons.eu\\\/de\\\/shop\\\/cocoons-de\\\/sidekick-uv-filter\\\/cocoons-sidekick-medium-smoke-absorptive-uv-filters\\\/#primaryimage\"},\"image\":{\"@id\":\"https:\\\/\\\/cocoons.eu\\\/de\\\/shop\\\/cocoons-de\\\/sidekick-uv-filter\\\/cocoons-sidekick-medium-smoke-absorptive-uv-filters\\\/#primaryimage\"},\"thumbnailUrl\":\"https:\\\/\\\/cocoons.eu\\\/wp-content\\\/uploads\\\/2015\\\/08\\\/K400s-Sidekick.jpg\",\"datePublished\":\"2022-07-27T15:59:03+00:00\",\"dateModified\":\"2023-08-15T22:09:39+00:00\",\"description\":\"xplore the features and benefits of SideKick Medium rauchgrauer absorbierender UV-Filter on Cocoons.eu. Designed for superior performance and style. Order yours today and experience the difference!\",\"breadcrumb\":{\"@id\":\"https:\\\/\\\/cocoons.eu\\\/de\\\/shop\\\/cocoons-de\\\/sidekick-uv-filter\\\/cocoons-sidekick-medium-smoke-absorptive-uv-filters\\\/#breadcrumb\"},\"inLanguage\":\"de\",\"potentialAction\":[{\"@type\":\"ReadAction\",\"target\":[\"https:\\\/\\\/cocoons.eu\\\/de\\\/shop\\\/cocoons-de\\\/sidekick-uv-filter\\\/cocoons-sidekick-medium-smoke-absorptive-uv-filters\\\/\"]}]},{\"@type\":\"ImageObject\",\"inLanguage\":\"de\",\"@id\":\"https:\\\/\\\/cocoons.eu\\\/de\\\/shop\\\/cocoons-de\\\/sidekick-uv-filter\\\/cocoons-sidekick-medium-smoke-absorptive-uv-filters\\\/#primaryimage\",\"url\":\"https:\\\/\\\/cocoons.eu\\\/wp-content\\\/uploads\\\/2015\\\/08\\\/K400s-Sidekick.jpg\",\"contentUrl\":\"https:\\\/\\\/cocoons.eu\\\/wp-content\\\/uploads\\\/2015\\\/08\\\/K400s-Sidekick.jpg\",\"width\":800,\"height\":800},{\"@type\":\"BreadcrumbList\",\"@id\":\"https:\\\/\\\/cocoons.eu\\\/de\\\/shop\\\/cocoons-de\\\/sidekick-uv-filter\\\/cocoons-sidekick-medium-smoke-absorptive-uv-filters\\\/#breadcrumb\",\"itemListElement\":[{\"@type\":\"ListItem\",\"position\":1,\"name\":\"Home\",\"item\":\"https:\\\/\\\/cocoons.eu\\\/de\\\/\"},{\"@type\":\"ListItem\",\"position\":2,\"name\":\"Shoppen\",\"item\":\"https:\\\/\\\/cocoons.eu\\\/de\\\/shop-2\\\/\"},{\"@type\":\"ListItem\",\"position\":3,\"name\":\"SideKick Medium rauchgrauer absorbierender UV-Filter\"}]},{\"@type\":\"WebSite\",\"@id\":\"https:\\\/\\\/cocoons.eu\\\/de\\\/#website\",\"url\":\"https:\\\/\\\/cocoons.eu\\\/de\\\/\",\"name\":\"Cocoons Eyewear Europe\",\"description\":\"Hochwertige Fitover-Sonnenbrillen\",\"publisher\":{\"@id\":\"https:\\\/\\\/cocoons.eu\\\/de\\\/#organization\"},\"potentialAction\":[{\"@type\":\"SearchAction\",\"target\":{\"@type\":\"EntryPoint\",\"urlTemplate\":\"https:\\\/\\\/cocoons.eu\\\/de\\\/?s={search_term_string}\"},\"query-input\":{\"@type\":\"PropertyValueSpecification\",\"valueRequired\":true,\"valueName\":\"search_term_string\"}}],\"inLanguage\":\"de\"},{\"@type\":\"Organization\",\"@id\":\"https:\\\/\\\/cocoons.eu\\\/de\\\/#organization\",\"name\":\"Cocoons by Live Eyewear\",\"url\":\"https:\\\/\\\/cocoons.eu\\\/de\\\/\",\"logo\":{\"@type\":\"ImageObject\",\"inLanguage\":\"de\",\"@id\":\"https:\\\/\\\/cocoons.eu\\\/de\\\/#\\\/schema\\\/logo\\\/image\\\/\",\"url\":\"https:\\\/\\\/cocoons.eu\\\/wp-content\\\/uploads\\\/2020\\\/03\\\/C4218G-DSC_7866ps_edit_website800x800.jpg\",\"contentUrl\":\"https:\\\/\\\/cocoons.eu\\\/wp-content\\\/uploads\\\/2020\\\/03\\\/C4218G-DSC_7866ps_edit_website800x800.jpg\",\"width\":800,\"height\":800,\"caption\":\"Cocoons by Live Eyewear\"},\"image\":{\"@id\":\"https:\\\/\\\/cocoons.eu\\\/de\\\/#\\\/schema\\\/logo\\\/image\\\/\"},\"sameAs\":[\"https:\\\/\\\/facebook.com\\\/cocoonseurope\"]}]}<\/script>\n<meta property=\"product:brand\" content=\"Cocoons SideKicks\" \/>\n<meta property=\"product:price:amount\" content=\"22.95\" \/>\n<meta property=\"product:price:currency\" content=\"EUR\" \/>\n<meta property=\"og:availability\" content=\"instock\" \/>\n<meta property=\"product:availability\" content=\"instock\" \/>\n<meta property=\"product:retailer_item_id\" content=\"K400S\" \/>\n<meta property=\"product:condition\" content=\"new\" \/>\n<!-- \/ Yoast SEO Premium plugin. -->","yoast_head_json":{"title":"SideKick Medium rauchgrauer absorbierender UV-Filter : Cocoons","description":"xplore the features and benefits of SideKick Medium rauchgrauer absorbierender UV-Filter on Cocoons.eu. Designed for superior performance and style. Order yours today and experience the difference!","robots":{"index":"index","follow":"follow","max-snippet":"max-snippet:-1","max-image-preview":"max-image-preview:large","max-video-preview":"max-video-preview:-1"},"canonical":"https:\/\/cocoons.eu\/de\/shop\/cocoons-de\/sidekick-uv-filter\/cocoons-sidekick-medium-smoke-absorptive-uv-filters\/","og_locale":"de_DE","og_type":"article","og_title":"SideKick Medium rauchgrauer absorbierender UV-Filter","og_description":"xplore the features and benefits of SideKick Medium rauchgrauer absorbierender UV-Filter on Cocoons.eu. Designed for superior performance and style. Order yours today and experience the difference!","og_url":"https:\/\/cocoons.eu\/de\/shop\/cocoons-de\/sidekick-uv-filter\/cocoons-sidekick-medium-smoke-absorptive-uv-filters\/","og_site_name":"Cocoons","article_publisher":"https:\/\/facebook.com\/cocoonseurope","article_modified_time":"2023-08-15T22:09:39+00:00","og_image":[{"width":800,"height":800,"url":"https:\/\/cocoons.eu\/wp-content\/uploads\/2015\/08\/K400s-Sidekick.jpg","type":"image\/jpeg"}],"twitter_card":"summary_large_image","twitter_misc":{"Preis":"&euro;22,95 (inkl. MwSt\/exkl. Versandkosten)","Verf\u00fcgbarkeit":"Auf Lager"},"schema":{"@context":"https:\/\/schema.org","@graph":[{"@type":"WebPage","@id":"https:\/\/cocoons.eu\/de\/shop\/cocoons-de\/sidekick-uv-filter\/cocoons-sidekick-medium-smoke-absorptive-uv-filters\/","url":"https:\/\/cocoons.eu\/de\/shop\/cocoons-de\/sidekick-uv-filter\/cocoons-sidekick-medium-smoke-absorptive-uv-filters\/","name":"SideKick Medium rauchgrauer absorbierender UV-Filter : Cocoons","isPartOf":{"@id":"https:\/\/cocoons.eu\/de\/#website"},"primaryImageOfPage":{"@id":"https:\/\/cocoons.eu\/de\/shop\/cocoons-de\/sidekick-uv-filter\/cocoons-sidekick-medium-smoke-absorptive-uv-filters\/#primaryimage"},"image":{"@id":"https:\/\/cocoons.eu\/de\/shop\/cocoons-de\/sidekick-uv-filter\/cocoons-sidekick-medium-smoke-absorptive-uv-filters\/#primaryimage"},"thumbnailUrl":"https:\/\/cocoons.eu\/wp-content\/uploads\/2015\/08\/K400s-Sidekick.jpg","datePublished":"2022-07-27T15:59:03+00:00","dateModified":"2023-08-15T22:09:39+00:00","description":"xplore the features and benefits of SideKick Medium rauchgrauer absorbierender UV-Filter on Cocoons.eu. Designed for superior performance and style. Order yours today and experience the difference!","breadcrumb":{"@id":"https:\/\/cocoons.eu\/de\/shop\/cocoons-de\/sidekick-uv-filter\/cocoons-sidekick-medium-smoke-absorptive-uv-filters\/#breadcrumb"},"inLanguage":"de","potentialAction":[{"@type":"ReadAction","target":["https:\/\/cocoons.eu\/de\/shop\/cocoons-de\/sidekick-uv-filter\/cocoons-sidekick-medium-smoke-absorptive-uv-filters\/"]}]},{"@type":"ImageObject","inLanguage":"de","@id":"https:\/\/cocoons.eu\/de\/shop\/cocoons-de\/sidekick-uv-filter\/cocoons-sidekick-medium-smoke-absorptive-uv-filters\/#primaryimage","url":"https:\/\/cocoons.eu\/wp-content\/uploads\/2015\/08\/K400s-Sidekick.jpg","contentUrl":"https:\/\/cocoons.eu\/wp-content\/uploads\/2015\/08\/K400s-Sidekick.jpg","width":800,"height":800},{"@type":"BreadcrumbList","@id":"https:\/\/cocoons.eu\/de\/shop\/cocoons-de\/sidekick-uv-filter\/cocoons-sidekick-medium-smoke-absorptive-uv-filters\/#breadcrumb","itemListElement":[{"@type":"ListItem","position":1,"name":"Home","item":"https:\/\/cocoons.eu\/de\/"},{"@type":"ListItem","position":2,"name":"Shoppen","item":"https:\/\/cocoons.eu\/de\/shop-2\/"},{"@type":"ListItem","position":3,"name":"SideKick Medium rauchgrauer absorbierender UV-Filter"}]},{"@type":"WebSite","@id":"https:\/\/cocoons.eu\/de\/#website","url":"https:\/\/cocoons.eu\/de\/","name":"Cocoons Eyewear Europe","description":"Hochwertige Fitover-Sonnenbrillen","publisher":{"@id":"https:\/\/cocoons.eu\/de\/#organization"},"potentialAction":[{"@type":"SearchAction","target":{"@type":"EntryPoint","urlTemplate":"https:\/\/cocoons.eu\/de\/?s={search_term_string}"},"query-input":{"@type":"PropertyValueSpecification","valueRequired":true,"valueName":"search_term_string"}}],"inLanguage":"de"},{"@type":"Organization","@id":"https:\/\/cocoons.eu\/de\/#organization","name":"Cocoons by Live Eyewear","url":"https:\/\/cocoons.eu\/de\/","logo":{"@type":"ImageObject","inLanguage":"de","@id":"https:\/\/cocoons.eu\/de\/#\/schema\/logo\/image\/","url":"https:\/\/cocoons.eu\/wp-content\/uploads\/2020\/03\/C4218G-DSC_7866ps_edit_website800x800.jpg","contentUrl":"https:\/\/cocoons.eu\/wp-content\/uploads\/2020\/03\/C4218G-DSC_7866ps_edit_website800x800.jpg","width":800,"height":800,"caption":"Cocoons by Live Eyewear"},"image":{"@id":"https:\/\/cocoons.eu\/de\/#\/schema\/logo\/image\/"},"sameAs":["https:\/\/facebook.com\/cocoonseurope"]}]},"product_brand":"Cocoons SideKicks","product_price_amount":"22.95","product_price_currency":"EUR","og_availability":"instock","product_availability":"instock","product_retailer_item_id":"K400S","product_condition":"new"},"_links":{"self":[{"href":"https:\/\/cocoons.eu\/de\/wp-json\/wp\/v2\/product\/235790","targetHints":{"allow":["GET"]}}],"collection":[{"href":"https:\/\/cocoons.eu\/de\/wp-json\/wp\/v2\/product"}],"about":[{"href":"https:\/\/cocoons.eu\/de\/wp-json\/wp\/v2\/types\/product"}],"wp:featuredmedia":[{"embeddable":true,"href":"https:\/\/cocoons.eu\/de\/wp-json\/wp\/v2\/media\/232548"}],"wp:attachment":[{"href":"https:\/\/cocoons.eu\/de\/wp-json\/wp\/v2\/media?parent=235790"}],"wp:term":[{"taxonomy":"product_brand","embeddable":true,"href":"https:\/\/cocoons.eu\/de\/wp-json\/wp\/v2\/product_brand?post=235790"},{"taxonomy":"product_cat","embeddable":true,"href":"https:\/\/cocoons.eu\/de\/wp-json\/wp\/v2\/product_cat?post=235790"},{"taxonomy":"product_tag","embeddable":true,"href":"https:\/\/cocoons.eu\/de\/wp-json\/wp\/v2\/product_tag?post=235790"}],"curies":[{"name":"wp","href":"https:\/\/api.w.org\/{rel}","templated":true}]}}