{"id":235742,"date":"2015-08-22T00:20:22","date_gmt":"2015-08-22T07:20:22","guid":{"rendered":"https:\/\/cocoons.eu\/shop\/unkategorisiert\/style-line-groesse-mx-schwarz-klar\/"},"modified":"2023-02-28T01:03:21","modified_gmt":"2023-02-28T00:03:21","slug":"cocoons-style-line-mx-black-framepolarized-clear-lenses","status":"publish","type":"product","link":"https:\/\/cocoons.eu\/de\/shop\/cocoons-de\/fitover-brillen\/filter-fuer-menschen-mit-sehbeeintraechtigungen\/cocoons-style-line-mx-black-framepolarized-clear-lenses\/","title":{"rendered":"Style Line (MX) Schwarz Klar"},"content":{"rendered":"","protected":false},"excerpt":{"rendered":"<p>Die tiefschwarze Brillenfassung bietet eine neutrale Plattform f\u00fcr klare Gl\u00e4ser, die hundertprozentig vor UV-Strahlen sch\u00fctzen. Die klare T\u00f6nung sorgt f\u00fcr eine nat\u00fcrliche Farbdarstellung, ohne die Lichtdurchl\u00e4ssigkeit zu beeintr\u00e4chtigen. Diese Kombination ist prim\u00e4r f\u00fcr Innenr\u00e4ume gedacht. Style Line verbindet die praktische Funktionalit\u00e4t einer gr\u00f6\u00dferen Fitover-Sonnenbrille mit modernem Design und bietet Platz f\u00fcr gro\u00dfe Brillengl\u00e4ser, ohne auf \u00c4sthetik zu verzichten.<\/p>\n<p><span style=\"color: #50b848;\"><em>\u201eIch habe kein Problem damit, Cocoons zu empfehlen. Die Cocoons hat mir schon zehn Jahre gute Dienste geleistet. Effektiv und bequem.\u201c <\/em><\/span><img decoding=\"async\" class=\"usr\" src=\"https:\/\/cocoons.eu\/wp-content\/plugins\/universal-star-rating\/includes\/image.php?img=01.png&amp;px=15&amp;max=5&amp;rat=4\" alt=\"4 out of 5 stars\" style=\"height: 15px !important;\" \/> (4 \/ 5)<em> Pat H., Pittsburgh, PA<\/em><\/p>\n","protected":false},"featured_media":232611,"template":"","meta":{"_acf_changed":false},"product_brand":[],"product_cat":[3115,3213,3125],"product_tag":[3214,3129],"class_list":{"0":"post-235742","1":"product","2":"type-product","3":"status-publish","4":"has-post-thumbnail","6":"product_cat-cocoons-de","7":"product_cat-filter-fuer-menschen-mit-sehbeeintraechtigungen","8":"product_cat-fitover-brillen","9":"product_tag-sehbeeintrachtigungen","10":"product_tag-sfc-styleline-de","11":"pa_collection-cocoons-fitover-sonnenbrille","12":"pa_frame-color-schwarz","13":"pa_frame-finish-soft-touch-de","14":"pa_lens-tint-klarer-uv-filter","15":"pa_model-style-line-de","16":"pa_size-mx-style-line","18":"first","19":"instock","20":"taxable","21":"shipping-taxable","22":"purchasable","23":"product-type-simple"},"acf":[],"yoast_head":"<!-- This site is optimized with the Yoast SEO Premium plugin v27.3 (Yoast SEO v27.4) - https:\/\/yoast.com\/product\/yoast-seo-premium-wordpress\/ -->\n<title>Style Line (MX) Schwarz Klar : Cocoons<\/title>\n<meta name=\"description\" content=\"xplore the features and benefits of Style Line (MX) Schwarz Klar on Cocoons.eu. Designed for superior performance and style. Order yours today and experience the difference!\" \/>\n<meta name=\"robots\" content=\"index, follow, max-snippet:-1, max-image-preview:large, max-video-preview:-1\" \/>\n<link rel=\"canonical\" href=\"https:\/\/cocoons.eu\/de\/shop\/cocoons-de\/fitover-brillen\/filter-fuer-menschen-mit-sehbeeintraechtigungen\/cocoons-style-line-mx-black-framepolarized-clear-lenses\/\" \/>\n<meta property=\"og:locale\" content=\"de_DE\" \/>\n<meta property=\"og:type\" content=\"article\" \/>\n<meta property=\"og:title\" content=\"Style Line (MX) Schwarz Klar\" \/>\n<meta property=\"og:description\" content=\"xplore the features and benefits of Style Line (MX) Schwarz Klar on Cocoons.eu. Designed for superior performance and style. Order yours today and experience the difference!\" \/>\n<meta property=\"og:url\" content=\"https:\/\/cocoons.eu\/de\/shop\/cocoons-de\/fitover-brillen\/filter-fuer-menschen-mit-sehbeeintraechtigungen\/cocoons-style-line-mx-black-framepolarized-clear-lenses\/\" \/>\n<meta property=\"og:site_name\" content=\"Cocoons\" \/>\n<meta property=\"article:publisher\" content=\"https:\/\/facebook.com\/cocoonseurope\" \/>\n<meta property=\"article:modified_time\" content=\"2023-02-28T00:03:21+00:00\" \/>\n<meta property=\"og:image\" content=\"https:\/\/cocoons.eu\/wp-content\/uploads\/2017\/06\/Fitover_Glasses_StyleLine_Black_Clear_C702N.jpg\" \/>\n\t<meta property=\"og:image:width\" content=\"800\" \/>\n\t<meta property=\"og:image:height\" content=\"800\" \/>\n\t<meta property=\"og:image:type\" content=\"image\/jpeg\" \/>\n<meta name=\"twitter:card\" content=\"summary_large_image\" \/>\n<meta name=\"twitter:label1\" content=\"Preis\" \/>\n\t<meta name=\"twitter:data1\" content=\"&euro;82,95 (inkl. MwSt\/exkl. Versandkosten)\" \/>\n\t<meta name=\"twitter:label2\" content=\"Verf\u00fcgbarkeit\" \/>\n\t<meta name=\"twitter:data2\" content=\"Auf Lager\" \/>\n<script type=\"application\/ld+json\" class=\"yoast-schema-graph\">{\"@context\":\"https:\\\/\\\/schema.org\",\"@graph\":[{\"@type\":\"WebPage\",\"@id\":\"https:\\\/\\\/cocoons.eu\\\/de\\\/shop\\\/cocoons-de\\\/fitover-brillen\\\/filter-fuer-menschen-mit-sehbeeintraechtigungen\\\/cocoons-style-line-mx-black-framepolarized-clear-lenses\\\/\",\"url\":\"https:\\\/\\\/cocoons.eu\\\/de\\\/shop\\\/cocoons-de\\\/fitover-brillen\\\/filter-fuer-menschen-mit-sehbeeintraechtigungen\\\/cocoons-style-line-mx-black-framepolarized-clear-lenses\\\/\",\"name\":\"Style Line (MX) Schwarz Klar : Cocoons\",\"isPartOf\":{\"@id\":\"https:\\\/\\\/cocoons.eu\\\/de\\\/#website\"},\"primaryImageOfPage\":{\"@id\":\"https:\\\/\\\/cocoons.eu\\\/de\\\/shop\\\/cocoons-de\\\/fitover-brillen\\\/filter-fuer-menschen-mit-sehbeeintraechtigungen\\\/cocoons-style-line-mx-black-framepolarized-clear-lenses\\\/#primaryimage\"},\"image\":{\"@id\":\"https:\\\/\\\/cocoons.eu\\\/de\\\/shop\\\/cocoons-de\\\/fitover-brillen\\\/filter-fuer-menschen-mit-sehbeeintraechtigungen\\\/cocoons-style-line-mx-black-framepolarized-clear-lenses\\\/#primaryimage\"},\"thumbnailUrl\":\"https:\\\/\\\/cocoons.eu\\\/wp-content\\\/uploads\\\/2017\\\/06\\\/Fitover_Glasses_StyleLine_Black_Clear_C702N.jpg\",\"datePublished\":\"2015-08-22T07:20:22+00:00\",\"dateModified\":\"2023-02-28T00:03:21+00:00\",\"description\":\"xplore the features and benefits of Style Line (MX) Schwarz Klar on Cocoons.eu. Designed for superior performance and style. Order yours today and experience the difference!\",\"breadcrumb\":{\"@id\":\"https:\\\/\\\/cocoons.eu\\\/de\\\/shop\\\/cocoons-de\\\/fitover-brillen\\\/filter-fuer-menschen-mit-sehbeeintraechtigungen\\\/cocoons-style-line-mx-black-framepolarized-clear-lenses\\\/#breadcrumb\"},\"inLanguage\":\"de\",\"potentialAction\":[{\"@type\":\"ReadAction\",\"target\":[\"https:\\\/\\\/cocoons.eu\\\/de\\\/shop\\\/cocoons-de\\\/fitover-brillen\\\/filter-fuer-menschen-mit-sehbeeintraechtigungen\\\/cocoons-style-line-mx-black-framepolarized-clear-lenses\\\/\"]}]},{\"@type\":\"ImageObject\",\"inLanguage\":\"de\",\"@id\":\"https:\\\/\\\/cocoons.eu\\\/de\\\/shop\\\/cocoons-de\\\/fitover-brillen\\\/filter-fuer-menschen-mit-sehbeeintraechtigungen\\\/cocoons-style-line-mx-black-framepolarized-clear-lenses\\\/#primaryimage\",\"url\":\"https:\\\/\\\/cocoons.eu\\\/wp-content\\\/uploads\\\/2017\\\/06\\\/Fitover_Glasses_StyleLine_Black_Clear_C702N.jpg\",\"contentUrl\":\"https:\\\/\\\/cocoons.eu\\\/wp-content\\\/uploads\\\/2017\\\/06\\\/Fitover_Glasses_StyleLine_Black_Clear_C702N.jpg\",\"width\":800,\"height\":800,\"caption\":\"Das patentierte Fassungsdesign von Cocoons sch\u00fctzt Ihre Augen vor Wind und Schmutz\"},{\"@type\":\"BreadcrumbList\",\"@id\":\"https:\\\/\\\/cocoons.eu\\\/de\\\/shop\\\/cocoons-de\\\/fitover-brillen\\\/filter-fuer-menschen-mit-sehbeeintraechtigungen\\\/cocoons-style-line-mx-black-framepolarized-clear-lenses\\\/#breadcrumb\",\"itemListElement\":[{\"@type\":\"ListItem\",\"position\":1,\"name\":\"Home\",\"item\":\"https:\\\/\\\/cocoons.eu\\\/de\\\/\"},{\"@type\":\"ListItem\",\"position\":2,\"name\":\"Shoppen\",\"item\":\"https:\\\/\\\/cocoons.eu\\\/de\\\/shop-2\\\/\"},{\"@type\":\"ListItem\",\"position\":3,\"name\":\"Style Line (MX) Schwarz Klar\"}]},{\"@type\":\"WebSite\",\"@id\":\"https:\\\/\\\/cocoons.eu\\\/de\\\/#website\",\"url\":\"https:\\\/\\\/cocoons.eu\\\/de\\\/\",\"name\":\"Cocoons Eyewear Europe\",\"description\":\"Hochwertige Fitover-Sonnenbrillen\",\"publisher\":{\"@id\":\"https:\\\/\\\/cocoons.eu\\\/de\\\/#organization\"},\"potentialAction\":[{\"@type\":\"SearchAction\",\"target\":{\"@type\":\"EntryPoint\",\"urlTemplate\":\"https:\\\/\\\/cocoons.eu\\\/de\\\/?s={search_term_string}\"},\"query-input\":{\"@type\":\"PropertyValueSpecification\",\"valueRequired\":true,\"valueName\":\"search_term_string\"}}],\"inLanguage\":\"de\"},{\"@type\":\"Organization\",\"@id\":\"https:\\\/\\\/cocoons.eu\\\/de\\\/#organization\",\"name\":\"Cocoons by Live Eyewear\",\"url\":\"https:\\\/\\\/cocoons.eu\\\/de\\\/\",\"logo\":{\"@type\":\"ImageObject\",\"inLanguage\":\"de\",\"@id\":\"https:\\\/\\\/cocoons.eu\\\/de\\\/#\\\/schema\\\/logo\\\/image\\\/\",\"url\":\"https:\\\/\\\/cocoons.eu\\\/wp-content\\\/uploads\\\/2020\\\/03\\\/C4218G-DSC_7866ps_edit_website800x800.jpg\",\"contentUrl\":\"https:\\\/\\\/cocoons.eu\\\/wp-content\\\/uploads\\\/2020\\\/03\\\/C4218G-DSC_7866ps_edit_website800x800.jpg\",\"width\":800,\"height\":800,\"caption\":\"Cocoons by Live Eyewear\"},\"image\":{\"@id\":\"https:\\\/\\\/cocoons.eu\\\/de\\\/#\\\/schema\\\/logo\\\/image\\\/\"},\"sameAs\":[\"https:\\\/\\\/facebook.com\\\/cocoonseurope\"]}]}<\/script>\n<meta property=\"product:brand\" content=\"Cocoons Fitover-Sonnenbrille\" \/>\n<meta property=\"product:price:amount\" content=\"82.95\" \/>\n<meta property=\"product:price:currency\" content=\"EUR\" \/>\n<meta property=\"og:availability\" content=\"instock\" \/>\n<meta property=\"product:availability\" content=\"instock\" \/>\n<meta property=\"product:retailer_item_id\" content=\"C702N\" \/>\n<meta property=\"product:condition\" content=\"new\" \/>\n<!-- \/ Yoast SEO Premium plugin. -->","yoast_head_json":{"title":"Style Line (MX) Schwarz Klar : Cocoons","description":"xplore the features and benefits of Style Line (MX) Schwarz Klar on Cocoons.eu. Designed for superior performance and style. Order yours today and experience the difference!","robots":{"index":"index","follow":"follow","max-snippet":"max-snippet:-1","max-image-preview":"max-image-preview:large","max-video-preview":"max-video-preview:-1"},"canonical":"https:\/\/cocoons.eu\/de\/shop\/cocoons-de\/fitover-brillen\/filter-fuer-menschen-mit-sehbeeintraechtigungen\/cocoons-style-line-mx-black-framepolarized-clear-lenses\/","og_locale":"de_DE","og_type":"article","og_title":"Style Line (MX) Schwarz Klar","og_description":"xplore the features and benefits of Style Line (MX) Schwarz Klar on Cocoons.eu. Designed for superior performance and style. Order yours today and experience the difference!","og_url":"https:\/\/cocoons.eu\/de\/shop\/cocoons-de\/fitover-brillen\/filter-fuer-menschen-mit-sehbeeintraechtigungen\/cocoons-style-line-mx-black-framepolarized-clear-lenses\/","og_site_name":"Cocoons","article_publisher":"https:\/\/facebook.com\/cocoonseurope","article_modified_time":"2023-02-28T00:03:21+00:00","og_image":[{"width":800,"height":800,"url":"https:\/\/cocoons.eu\/wp-content\/uploads\/2017\/06\/Fitover_Glasses_StyleLine_Black_Clear_C702N.jpg","type":"image\/jpeg"}],"twitter_card":"summary_large_image","twitter_misc":{"Preis":"&euro;82,95 (inkl. MwSt\/exkl. Versandkosten)","Verf\u00fcgbarkeit":"Auf Lager"},"schema":{"@context":"https:\/\/schema.org","@graph":[{"@type":"WebPage","@id":"https:\/\/cocoons.eu\/de\/shop\/cocoons-de\/fitover-brillen\/filter-fuer-menschen-mit-sehbeeintraechtigungen\/cocoons-style-line-mx-black-framepolarized-clear-lenses\/","url":"https:\/\/cocoons.eu\/de\/shop\/cocoons-de\/fitover-brillen\/filter-fuer-menschen-mit-sehbeeintraechtigungen\/cocoons-style-line-mx-black-framepolarized-clear-lenses\/","name":"Style Line (MX) Schwarz Klar : Cocoons","isPartOf":{"@id":"https:\/\/cocoons.eu\/de\/#website"},"primaryImageOfPage":{"@id":"https:\/\/cocoons.eu\/de\/shop\/cocoons-de\/fitover-brillen\/filter-fuer-menschen-mit-sehbeeintraechtigungen\/cocoons-style-line-mx-black-framepolarized-clear-lenses\/#primaryimage"},"image":{"@id":"https:\/\/cocoons.eu\/de\/shop\/cocoons-de\/fitover-brillen\/filter-fuer-menschen-mit-sehbeeintraechtigungen\/cocoons-style-line-mx-black-framepolarized-clear-lenses\/#primaryimage"},"thumbnailUrl":"https:\/\/cocoons.eu\/wp-content\/uploads\/2017\/06\/Fitover_Glasses_StyleLine_Black_Clear_C702N.jpg","datePublished":"2015-08-22T07:20:22+00:00","dateModified":"2023-02-28T00:03:21+00:00","description":"xplore the features and benefits of Style Line (MX) Schwarz Klar on Cocoons.eu. Designed for superior performance and style. Order yours today and experience the difference!","breadcrumb":{"@id":"https:\/\/cocoons.eu\/de\/shop\/cocoons-de\/fitover-brillen\/filter-fuer-menschen-mit-sehbeeintraechtigungen\/cocoons-style-line-mx-black-framepolarized-clear-lenses\/#breadcrumb"},"inLanguage":"de","potentialAction":[{"@type":"ReadAction","target":["https:\/\/cocoons.eu\/de\/shop\/cocoons-de\/fitover-brillen\/filter-fuer-menschen-mit-sehbeeintraechtigungen\/cocoons-style-line-mx-black-framepolarized-clear-lenses\/"]}]},{"@type":"ImageObject","inLanguage":"de","@id":"https:\/\/cocoons.eu\/de\/shop\/cocoons-de\/fitover-brillen\/filter-fuer-menschen-mit-sehbeeintraechtigungen\/cocoons-style-line-mx-black-framepolarized-clear-lenses\/#primaryimage","url":"https:\/\/cocoons.eu\/wp-content\/uploads\/2017\/06\/Fitover_Glasses_StyleLine_Black_Clear_C702N.jpg","contentUrl":"https:\/\/cocoons.eu\/wp-content\/uploads\/2017\/06\/Fitover_Glasses_StyleLine_Black_Clear_C702N.jpg","width":800,"height":800,"caption":"Das patentierte Fassungsdesign von Cocoons sch\u00fctzt Ihre Augen vor Wind und Schmutz"},{"@type":"BreadcrumbList","@id":"https:\/\/cocoons.eu\/de\/shop\/cocoons-de\/fitover-brillen\/filter-fuer-menschen-mit-sehbeeintraechtigungen\/cocoons-style-line-mx-black-framepolarized-clear-lenses\/#breadcrumb","itemListElement":[{"@type":"ListItem","position":1,"name":"Home","item":"https:\/\/cocoons.eu\/de\/"},{"@type":"ListItem","position":2,"name":"Shoppen","item":"https:\/\/cocoons.eu\/de\/shop-2\/"},{"@type":"ListItem","position":3,"name":"Style Line (MX) Schwarz Klar"}]},{"@type":"WebSite","@id":"https:\/\/cocoons.eu\/de\/#website","url":"https:\/\/cocoons.eu\/de\/","name":"Cocoons Eyewear Europe","description":"Hochwertige Fitover-Sonnenbrillen","publisher":{"@id":"https:\/\/cocoons.eu\/de\/#organization"},"potentialAction":[{"@type":"SearchAction","target":{"@type":"EntryPoint","urlTemplate":"https:\/\/cocoons.eu\/de\/?s={search_term_string}"},"query-input":{"@type":"PropertyValueSpecification","valueRequired":true,"valueName":"search_term_string"}}],"inLanguage":"de"},{"@type":"Organization","@id":"https:\/\/cocoons.eu\/de\/#organization","name":"Cocoons by Live Eyewear","url":"https:\/\/cocoons.eu\/de\/","logo":{"@type":"ImageObject","inLanguage":"de","@id":"https:\/\/cocoons.eu\/de\/#\/schema\/logo\/image\/","url":"https:\/\/cocoons.eu\/wp-content\/uploads\/2020\/03\/C4218G-DSC_7866ps_edit_website800x800.jpg","contentUrl":"https:\/\/cocoons.eu\/wp-content\/uploads\/2020\/03\/C4218G-DSC_7866ps_edit_website800x800.jpg","width":800,"height":800,"caption":"Cocoons by Live Eyewear"},"image":{"@id":"https:\/\/cocoons.eu\/de\/#\/schema\/logo\/image\/"},"sameAs":["https:\/\/facebook.com\/cocoonseurope"]}]},"product_brand":"Cocoons Fitover-Sonnenbrille","product_price_amount":"82.95","product_price_currency":"EUR","og_availability":"instock","product_availability":"instock","product_retailer_item_id":"C702N","product_condition":"new"},"_links":{"self":[{"href":"https:\/\/cocoons.eu\/de\/wp-json\/wp\/v2\/product\/235742","targetHints":{"allow":["GET"]}}],"collection":[{"href":"https:\/\/cocoons.eu\/de\/wp-json\/wp\/v2\/product"}],"about":[{"href":"https:\/\/cocoons.eu\/de\/wp-json\/wp\/v2\/types\/product"}],"wp:featuredmedia":[{"embeddable":true,"href":"https:\/\/cocoons.eu\/de\/wp-json\/wp\/v2\/media\/232611"}],"wp:attachment":[{"href":"https:\/\/cocoons.eu\/de\/wp-json\/wp\/v2\/media?parent=235742"}],"wp:term":[{"taxonomy":"product_brand","embeddable":true,"href":"https:\/\/cocoons.eu\/de\/wp-json\/wp\/v2\/product_brand?post=235742"},{"taxonomy":"product_cat","embeddable":true,"href":"https:\/\/cocoons.eu\/de\/wp-json\/wp\/v2\/product_cat?post=235742"},{"taxonomy":"product_tag","embeddable":true,"href":"https:\/\/cocoons.eu\/de\/wp-json\/wp\/v2\/product_tag?post=235742"}],"curies":[{"name":"wp","href":"https:\/\/api.w.org\/{rel}","templated":true}]}}