{"id":235720,"date":"2015-08-22T09:21:45","date_gmt":"2015-08-22T07:21:45","guid":{"rendered":"https:\/\/cocoons.eu\/shop\/unkategorisiert\/polarisierte-gruen-verspiegelte-glaeser-fuer-cocoons-aviator-xl\/"},"modified":"2023-01-10T21:04:28","modified_gmt":"2023-01-10T20:04:28","slug":"polarized-green-lenses-for-cocoons-aviator-xl","status":"publish","type":"product","link":"https:\/\/cocoons.eu\/de\/shop\/cocoons-de\/ersatzglaeser-und-uv-filter\/cocoons-polarisierte-ersatzglaeser\/polarized-green-lenses-for-cocoons-aviator-xl\/","title":{"rendered":"Polarisierte gr\u00fcn verspiegelte Gl\u00e4ser f\u00fcr Cocoons Aviator (XL)"},"content":{"rendered":"","protected":false},"excerpt":{"rendered":"<div class=\"product-short-description\">\n<p>Eine gr\u00fcne Verspiegelung, die die kontraststeigernden und blendungsmindernden Eigenschaften der bernsteinfarbenen Gl\u00e4ser verbessert. (15&nbsp;% LT)<\/p>\n<p>*Bitte beachten Sie, dass Ersatzgl\u00e4ser nur f\u00fcr Cocoons mit Soft-Touch-Fassung erh\u00e4ltlich sind. Ersatzgl\u00e4ser sind f\u00fcr Fassungen mit gl\u00e4nzenden Oberfl\u00e4chen nicht erh\u00e4ltlich.<\/p>\n<\/div>\n","protected":false},"featured_media":232629,"template":"","meta":{"_acf_changed":false},"product_brand":[],"product_cat":[3110,3109],"product_tag":[3111],"class_list":{"0":"post-235720","1":"product","2":"type-product","3":"status-publish","4":"has-post-thumbnail","6":"product_cat-cocoons-polarisierte-ersatzglaeser","7":"product_cat-ersatzglaeser-und-uv-filter","8":"product_tag-glaser","9":"pa_lens-tint-grun-verspiegelt-und-polarisiert","10":"pa_model-aviator-de","11":"pa_size-xl-aviator","13":"first","14":"instock","15":"taxable","16":"shipping-taxable","17":"purchasable","18":"product-type-simple"},"acf":[],"yoast_head":"<!-- This site is optimized with the Yoast SEO Premium plugin v27.3 (Yoast SEO v27.4) - https:\/\/yoast.com\/product\/yoast-seo-premium-wordpress\/ -->\n<title>Polarisierte gr\u00fcn verspiegelte Gl\u00e4ser f\u00fcr Cocoons Aviator (XL) : Cocoons<\/title>\n<meta name=\"description\" content=\"xplore the features and benefits of Polarisierte gr\u00fcn verspiegelte Gl\u00e4ser f\u00fcr Cocoons Aviator (XL) on Cocoons.eu. Designed for superior performance and style. Order yours today and experience the difference!\" \/>\n<meta name=\"robots\" content=\"index, follow, max-snippet:-1, max-image-preview:large, max-video-preview:-1\" \/>\n<link rel=\"canonical\" href=\"https:\/\/cocoons.eu\/de\/shop\/cocoons-de\/ersatzglaeser-und-uv-filter\/cocoons-polarisierte-ersatzglaeser\/polarized-green-lenses-for-cocoons-aviator-xl\/\" \/>\n<meta property=\"og:locale\" content=\"de_DE\" \/>\n<meta property=\"og:type\" content=\"article\" \/>\n<meta property=\"og:title\" content=\"Polarisierte gr\u00fcn verspiegelte Gl\u00e4ser f\u00fcr Cocoons Aviator (XL)\" \/>\n<meta property=\"og:description\" content=\"xplore the features and benefits of Polarisierte gr\u00fcn verspiegelte Gl\u00e4ser f\u00fcr Cocoons Aviator (XL) on Cocoons.eu. Designed for superior performance and style. Order yours today and experience the difference!\" \/>\n<meta property=\"og:url\" content=\"https:\/\/cocoons.eu\/de\/shop\/cocoons-de\/ersatzglaeser-und-uv-filter\/cocoons-polarisierte-ersatzglaeser\/polarized-green-lenses-for-cocoons-aviator-xl\/\" \/>\n<meta property=\"og:site_name\" content=\"Cocoons\" \/>\n<meta property=\"article:publisher\" content=\"https:\/\/facebook.com\/cocoonseurope\" \/>\n<meta property=\"article:modified_time\" content=\"2023-01-10T20:04:28+00:00\" \/>\n<meta property=\"og:image\" content=\"https:\/\/cocoons.eu\/wp-content\/uploads\/2015\/08\/Polarized-Green-Mirror-Lenses-RLC200R.jpg\" \/>\n\t<meta property=\"og:image:width\" content=\"450\" \/>\n\t<meta property=\"og:image:height\" content=\"450\" \/>\n\t<meta property=\"og:image:type\" content=\"image\/jpeg\" \/>\n<meta name=\"twitter:card\" content=\"summary_large_image\" \/>\n<meta name=\"twitter:label1\" content=\"Preis\" \/>\n\t<meta name=\"twitter:data1\" content=\"&euro;34,95 (inkl. MwSt\/exkl. Versandkosten)\" \/>\n\t<meta name=\"twitter:label2\" content=\"Verf\u00fcgbarkeit\" \/>\n\t<meta name=\"twitter:data2\" content=\"Auf Lager\" \/>\n<script type=\"application\/ld+json\" class=\"yoast-schema-graph\">{\"@context\":\"https:\\\/\\\/schema.org\",\"@graph\":[{\"@type\":\"WebPage\",\"@id\":\"https:\\\/\\\/cocoons.eu\\\/de\\\/shop\\\/cocoons-de\\\/ersatzglaeser-und-uv-filter\\\/cocoons-polarisierte-ersatzglaeser\\\/polarized-green-lenses-for-cocoons-aviator-xl\\\/\",\"url\":\"https:\\\/\\\/cocoons.eu\\\/de\\\/shop\\\/cocoons-de\\\/ersatzglaeser-und-uv-filter\\\/cocoons-polarisierte-ersatzglaeser\\\/polarized-green-lenses-for-cocoons-aviator-xl\\\/\",\"name\":\"Polarisierte gr\u00fcn verspiegelte Gl\u00e4ser f\u00fcr Cocoons Aviator (XL) : Cocoons\",\"isPartOf\":{\"@id\":\"https:\\\/\\\/cocoons.eu\\\/de\\\/#website\"},\"primaryImageOfPage\":{\"@id\":\"https:\\\/\\\/cocoons.eu\\\/de\\\/shop\\\/cocoons-de\\\/ersatzglaeser-und-uv-filter\\\/cocoons-polarisierte-ersatzglaeser\\\/polarized-green-lenses-for-cocoons-aviator-xl\\\/#primaryimage\"},\"image\":{\"@id\":\"https:\\\/\\\/cocoons.eu\\\/de\\\/shop\\\/cocoons-de\\\/ersatzglaeser-und-uv-filter\\\/cocoons-polarisierte-ersatzglaeser\\\/polarized-green-lenses-for-cocoons-aviator-xl\\\/#primaryimage\"},\"thumbnailUrl\":\"https:\\\/\\\/cocoons.eu\\\/wp-content\\\/uploads\\\/2015\\\/08\\\/Polarized-Green-Mirror-Lenses-RLC200R.jpg\",\"datePublished\":\"2015-08-22T07:21:45+00:00\",\"dateModified\":\"2023-01-10T20:04:28+00:00\",\"description\":\"xplore the features and benefits of Polarisierte gr\u00fcn verspiegelte Gl\u00e4ser f\u00fcr Cocoons Aviator (XL) on Cocoons.eu. Designed for superior performance and style. Order yours today and experience the difference!\",\"breadcrumb\":{\"@id\":\"https:\\\/\\\/cocoons.eu\\\/de\\\/shop\\\/cocoons-de\\\/ersatzglaeser-und-uv-filter\\\/cocoons-polarisierte-ersatzglaeser\\\/polarized-green-lenses-for-cocoons-aviator-xl\\\/#breadcrumb\"},\"inLanguage\":\"de\",\"potentialAction\":[{\"@type\":\"ReadAction\",\"target\":[\"https:\\\/\\\/cocoons.eu\\\/de\\\/shop\\\/cocoons-de\\\/ersatzglaeser-und-uv-filter\\\/cocoons-polarisierte-ersatzglaeser\\\/polarized-green-lenses-for-cocoons-aviator-xl\\\/\"]}]},{\"@type\":\"ImageObject\",\"inLanguage\":\"de\",\"@id\":\"https:\\\/\\\/cocoons.eu\\\/de\\\/shop\\\/cocoons-de\\\/ersatzglaeser-und-uv-filter\\\/cocoons-polarisierte-ersatzglaeser\\\/polarized-green-lenses-for-cocoons-aviator-xl\\\/#primaryimage\",\"url\":\"https:\\\/\\\/cocoons.eu\\\/wp-content\\\/uploads\\\/2015\\\/08\\\/Polarized-Green-Mirror-Lenses-RLC200R.jpg\",\"contentUrl\":\"https:\\\/\\\/cocoons.eu\\\/wp-content\\\/uploads\\\/2015\\\/08\\\/Polarized-Green-Mirror-Lenses-RLC200R.jpg\",\"width\":450,\"height\":450},{\"@type\":\"BreadcrumbList\",\"@id\":\"https:\\\/\\\/cocoons.eu\\\/de\\\/shop\\\/cocoons-de\\\/ersatzglaeser-und-uv-filter\\\/cocoons-polarisierte-ersatzglaeser\\\/polarized-green-lenses-for-cocoons-aviator-xl\\\/#breadcrumb\",\"itemListElement\":[{\"@type\":\"ListItem\",\"position\":1,\"name\":\"Home\",\"item\":\"https:\\\/\\\/cocoons.eu\\\/de\\\/\"},{\"@type\":\"ListItem\",\"position\":2,\"name\":\"Shoppen\",\"item\":\"https:\\\/\\\/cocoons.eu\\\/de\\\/shop-2\\\/\"},{\"@type\":\"ListItem\",\"position\":3,\"name\":\"Polarisierte gr\u00fcn verspiegelte Gl\u00e4ser f\u00fcr Cocoons Aviator (XL)\"}]},{\"@type\":\"WebSite\",\"@id\":\"https:\\\/\\\/cocoons.eu\\\/de\\\/#website\",\"url\":\"https:\\\/\\\/cocoons.eu\\\/de\\\/\",\"name\":\"Cocoons Eyewear Europe\",\"description\":\"Hochwertige Fitover-Sonnenbrillen\",\"publisher\":{\"@id\":\"https:\\\/\\\/cocoons.eu\\\/de\\\/#organization\"},\"potentialAction\":[{\"@type\":\"SearchAction\",\"target\":{\"@type\":\"EntryPoint\",\"urlTemplate\":\"https:\\\/\\\/cocoons.eu\\\/de\\\/?s={search_term_string}\"},\"query-input\":{\"@type\":\"PropertyValueSpecification\",\"valueRequired\":true,\"valueName\":\"search_term_string\"}}],\"inLanguage\":\"de\"},{\"@type\":\"Organization\",\"@id\":\"https:\\\/\\\/cocoons.eu\\\/de\\\/#organization\",\"name\":\"Cocoons by Live Eyewear\",\"url\":\"https:\\\/\\\/cocoons.eu\\\/de\\\/\",\"logo\":{\"@type\":\"ImageObject\",\"inLanguage\":\"de\",\"@id\":\"https:\\\/\\\/cocoons.eu\\\/de\\\/#\\\/schema\\\/logo\\\/image\\\/\",\"url\":\"https:\\\/\\\/cocoons.eu\\\/wp-content\\\/uploads\\\/2020\\\/03\\\/C4218G-DSC_7866ps_edit_website800x800.jpg\",\"contentUrl\":\"https:\\\/\\\/cocoons.eu\\\/wp-content\\\/uploads\\\/2020\\\/03\\\/C4218G-DSC_7866ps_edit_website800x800.jpg\",\"width\":800,\"height\":800,\"caption\":\"Cocoons by Live Eyewear\"},\"image\":{\"@id\":\"https:\\\/\\\/cocoons.eu\\\/de\\\/#\\\/schema\\\/logo\\\/image\\\/\"},\"sameAs\":[\"https:\\\/\\\/facebook.com\\\/cocoonseurope\"]}]}<\/script>\n<meta property=\"product:price:amount\" content=\"34.95\" \/>\n<meta property=\"product:price:currency\" content=\"EUR\" \/>\n<meta property=\"og:availability\" content=\"instock\" \/>\n<meta property=\"product:availability\" content=\"instock\" \/>\n<meta property=\"product:retailer_item_id\" content=\"RLC200R\" \/>\n<meta property=\"product:condition\" content=\"new\" \/>\n<!-- \/ Yoast SEO Premium plugin. -->","yoast_head_json":{"title":"Polarisierte gr\u00fcn verspiegelte Gl\u00e4ser f\u00fcr Cocoons Aviator (XL) : Cocoons","description":"xplore the features and benefits of Polarisierte gr\u00fcn verspiegelte Gl\u00e4ser f\u00fcr Cocoons Aviator (XL) on Cocoons.eu. Designed for superior performance and style. Order yours today and experience the difference!","robots":{"index":"index","follow":"follow","max-snippet":"max-snippet:-1","max-image-preview":"max-image-preview:large","max-video-preview":"max-video-preview:-1"},"canonical":"https:\/\/cocoons.eu\/de\/shop\/cocoons-de\/ersatzglaeser-und-uv-filter\/cocoons-polarisierte-ersatzglaeser\/polarized-green-lenses-for-cocoons-aviator-xl\/","og_locale":"de_DE","og_type":"article","og_title":"Polarisierte gr\u00fcn verspiegelte Gl\u00e4ser f\u00fcr Cocoons Aviator (XL)","og_description":"xplore the features and benefits of Polarisierte gr\u00fcn verspiegelte Gl\u00e4ser f\u00fcr Cocoons Aviator (XL) on Cocoons.eu. Designed for superior performance and style. Order yours today and experience the difference!","og_url":"https:\/\/cocoons.eu\/de\/shop\/cocoons-de\/ersatzglaeser-und-uv-filter\/cocoons-polarisierte-ersatzglaeser\/polarized-green-lenses-for-cocoons-aviator-xl\/","og_site_name":"Cocoons","article_publisher":"https:\/\/facebook.com\/cocoonseurope","article_modified_time":"2023-01-10T20:04:28+00:00","og_image":[{"width":450,"height":450,"url":"https:\/\/cocoons.eu\/wp-content\/uploads\/2015\/08\/Polarized-Green-Mirror-Lenses-RLC200R.jpg","type":"image\/jpeg"}],"twitter_card":"summary_large_image","twitter_misc":{"Preis":"&euro;34,95 (inkl. MwSt\/exkl. Versandkosten)","Verf\u00fcgbarkeit":"Auf Lager"},"schema":{"@context":"https:\/\/schema.org","@graph":[{"@type":"WebPage","@id":"https:\/\/cocoons.eu\/de\/shop\/cocoons-de\/ersatzglaeser-und-uv-filter\/cocoons-polarisierte-ersatzglaeser\/polarized-green-lenses-for-cocoons-aviator-xl\/","url":"https:\/\/cocoons.eu\/de\/shop\/cocoons-de\/ersatzglaeser-und-uv-filter\/cocoons-polarisierte-ersatzglaeser\/polarized-green-lenses-for-cocoons-aviator-xl\/","name":"Polarisierte gr\u00fcn verspiegelte Gl\u00e4ser f\u00fcr Cocoons Aviator (XL) : Cocoons","isPartOf":{"@id":"https:\/\/cocoons.eu\/de\/#website"},"primaryImageOfPage":{"@id":"https:\/\/cocoons.eu\/de\/shop\/cocoons-de\/ersatzglaeser-und-uv-filter\/cocoons-polarisierte-ersatzglaeser\/polarized-green-lenses-for-cocoons-aviator-xl\/#primaryimage"},"image":{"@id":"https:\/\/cocoons.eu\/de\/shop\/cocoons-de\/ersatzglaeser-und-uv-filter\/cocoons-polarisierte-ersatzglaeser\/polarized-green-lenses-for-cocoons-aviator-xl\/#primaryimage"},"thumbnailUrl":"https:\/\/cocoons.eu\/wp-content\/uploads\/2015\/08\/Polarized-Green-Mirror-Lenses-RLC200R.jpg","datePublished":"2015-08-22T07:21:45+00:00","dateModified":"2023-01-10T20:04:28+00:00","description":"xplore the features and benefits of Polarisierte gr\u00fcn verspiegelte Gl\u00e4ser f\u00fcr Cocoons Aviator (XL) on Cocoons.eu. Designed for superior performance and style. Order yours today and experience the difference!","breadcrumb":{"@id":"https:\/\/cocoons.eu\/de\/shop\/cocoons-de\/ersatzglaeser-und-uv-filter\/cocoons-polarisierte-ersatzglaeser\/polarized-green-lenses-for-cocoons-aviator-xl\/#breadcrumb"},"inLanguage":"de","potentialAction":[{"@type":"ReadAction","target":["https:\/\/cocoons.eu\/de\/shop\/cocoons-de\/ersatzglaeser-und-uv-filter\/cocoons-polarisierte-ersatzglaeser\/polarized-green-lenses-for-cocoons-aviator-xl\/"]}]},{"@type":"ImageObject","inLanguage":"de","@id":"https:\/\/cocoons.eu\/de\/shop\/cocoons-de\/ersatzglaeser-und-uv-filter\/cocoons-polarisierte-ersatzglaeser\/polarized-green-lenses-for-cocoons-aviator-xl\/#primaryimage","url":"https:\/\/cocoons.eu\/wp-content\/uploads\/2015\/08\/Polarized-Green-Mirror-Lenses-RLC200R.jpg","contentUrl":"https:\/\/cocoons.eu\/wp-content\/uploads\/2015\/08\/Polarized-Green-Mirror-Lenses-RLC200R.jpg","width":450,"height":450},{"@type":"BreadcrumbList","@id":"https:\/\/cocoons.eu\/de\/shop\/cocoons-de\/ersatzglaeser-und-uv-filter\/cocoons-polarisierte-ersatzglaeser\/polarized-green-lenses-for-cocoons-aviator-xl\/#breadcrumb","itemListElement":[{"@type":"ListItem","position":1,"name":"Home","item":"https:\/\/cocoons.eu\/de\/"},{"@type":"ListItem","position":2,"name":"Shoppen","item":"https:\/\/cocoons.eu\/de\/shop-2\/"},{"@type":"ListItem","position":3,"name":"Polarisierte gr\u00fcn verspiegelte Gl\u00e4ser f\u00fcr Cocoons Aviator (XL)"}]},{"@type":"WebSite","@id":"https:\/\/cocoons.eu\/de\/#website","url":"https:\/\/cocoons.eu\/de\/","name":"Cocoons Eyewear Europe","description":"Hochwertige Fitover-Sonnenbrillen","publisher":{"@id":"https:\/\/cocoons.eu\/de\/#organization"},"potentialAction":[{"@type":"SearchAction","target":{"@type":"EntryPoint","urlTemplate":"https:\/\/cocoons.eu\/de\/?s={search_term_string}"},"query-input":{"@type":"PropertyValueSpecification","valueRequired":true,"valueName":"search_term_string"}}],"inLanguage":"de"},{"@type":"Organization","@id":"https:\/\/cocoons.eu\/de\/#organization","name":"Cocoons by Live Eyewear","url":"https:\/\/cocoons.eu\/de\/","logo":{"@type":"ImageObject","inLanguage":"de","@id":"https:\/\/cocoons.eu\/de\/#\/schema\/logo\/image\/","url":"https:\/\/cocoons.eu\/wp-content\/uploads\/2020\/03\/C4218G-DSC_7866ps_edit_website800x800.jpg","contentUrl":"https:\/\/cocoons.eu\/wp-content\/uploads\/2020\/03\/C4218G-DSC_7866ps_edit_website800x800.jpg","width":800,"height":800,"caption":"Cocoons by Live Eyewear"},"image":{"@id":"https:\/\/cocoons.eu\/de\/#\/schema\/logo\/image\/"},"sameAs":["https:\/\/facebook.com\/cocoonseurope"]}]},"product_price_amount":"34.95","product_price_currency":"EUR","og_availability":"instock","product_availability":"instock","product_retailer_item_id":"RLC200R","product_condition":"new"},"_links":{"self":[{"href":"https:\/\/cocoons.eu\/de\/wp-json\/wp\/v2\/product\/235720","targetHints":{"allow":["GET"]}}],"collection":[{"href":"https:\/\/cocoons.eu\/de\/wp-json\/wp\/v2\/product"}],"about":[{"href":"https:\/\/cocoons.eu\/de\/wp-json\/wp\/v2\/types\/product"}],"wp:featuredmedia":[{"embeddable":true,"href":"https:\/\/cocoons.eu\/de\/wp-json\/wp\/v2\/media\/232629"}],"wp:attachment":[{"href":"https:\/\/cocoons.eu\/de\/wp-json\/wp\/v2\/media?parent=235720"}],"wp:term":[{"taxonomy":"product_brand","embeddable":true,"href":"https:\/\/cocoons.eu\/de\/wp-json\/wp\/v2\/product_brand?post=235720"},{"taxonomy":"product_cat","embeddable":true,"href":"https:\/\/cocoons.eu\/de\/wp-json\/wp\/v2\/product_cat?post=235720"},{"taxonomy":"product_tag","embeddable":true,"href":"https:\/\/cocoons.eu\/de\/wp-json\/wp\/v2\/product_tag?post=235720"}],"curies":[{"name":"wp","href":"https:\/\/api.w.org\/{rel}","templated":true}]}}