{"id":235643,"date":"2015-08-22T09:21:50","date_gmt":"2015-08-22T07:21:50","guid":{"rendered":"https:\/\/cocoons.eu\/shop\/unkategorisiert\/polarisierte-kupferfarbene-glaeser-fuer-cocoons-mini-slim-ms\/"},"modified":"2023-01-10T21:04:35","modified_gmt":"2023-01-10T20:04:35","slug":"polarized-copper-lenses-for-cocoons-mini-slim-ms","status":"publish","type":"product","link":"https:\/\/cocoons.eu\/de\/shop\/cocoons-de\/ersatzglaeser-und-uv-filter\/cocoons-polarisierte-ersatzglaeser\/polarized-copper-lenses-for-cocoons-mini-slim-ms\/","title":{"rendered":"Polarisierte kupferfarbene Gl\u00e4ser f\u00fcr Cocoons Mini Slim (MS)"},"content":{"rendered":"","protected":false},"excerpt":{"rendered":"<div class=\"woocommerce-product-details__short-description\">\n<p>Die Cocoons-Sonnenbrillen verf\u00fcgen \u00fcber das gesch\u00fctzte Polar\u00e9-Glassystem, das eine optische Sehsch\u00e4rfe und Haltbarkeit bietet, die von keiner anderen OveRx-Sonnenbrille erreicht wird. Polar\u00e9-Gl\u00e4ser sind kratzfest und bieten 100&nbsp;% Schutz gegen UV-A- und UV-B-Licht. Kupferfarbene Gl\u00e4ser sind sehr vielseitig, sie verbessern die Tiefenwahrnehmung und die Objektsch\u00e4rfe, indem sie blaues Streulicht effektiv filtern und den Kontrast verbessern. Ideal zum Skifahren, Angeln und f\u00fcr alle schwachen, kontrastarmen Lichtverh\u00e4ltnisse. (21&nbsp;% LT)<\/p>\n<p>*Bitte beachten Sie, dass Ersatzgl\u00e4ser nur f\u00fcr Cocoons mit Soft-Touch-Fassung erh\u00e4ltlich sind. Ersatzgl\u00e4ser sind f\u00fcr Fassungen mit gl\u00e4nzenden Oberfl\u00e4chen nicht erh\u00e4ltlich.<\/p>\n<\/div>\n","protected":false},"featured_media":232660,"template":"","meta":{"_acf_changed":false},"product_brand":[],"product_cat":[3110,3109],"product_tag":[3111],"class_list":{"0":"post-235643","1":"product","2":"type-product","3":"status-publish","4":"has-post-thumbnail","6":"product_cat-cocoons-polarisierte-ersatzglaeser","7":"product_cat-ersatzglaeser-und-uv-filter","8":"product_tag-glaser","9":"pa_lens-tint-kupferfarben-polarisiert","10":"pa_model-mini-slim-de","11":"pa_size-ms-mini-slim","13":"first","14":"instock","15":"taxable","16":"shipping-taxable","17":"purchasable","18":"product-type-simple"},"acf":[],"yoast_head":"<!-- This site is optimized with the Yoast SEO Premium plugin v27.3 (Yoast SEO v27.3) - https:\/\/yoast.com\/product\/yoast-seo-premium-wordpress\/ -->\n<title>Polarisierte kupferfarbene Gl\u00e4ser f\u00fcr Cocoons Mini Slim (MS) : Cocoons<\/title>\n<meta name=\"description\" content=\"xplore the features and benefits of Polarisierte kupferfarbene Gl\u00e4ser f\u00fcr Cocoons Mini Slim (MS) on Cocoons.eu. Designed for superior performance and style. Order yours today and experience the difference!\" \/>\n<meta name=\"robots\" content=\"index, follow, max-snippet:-1, max-image-preview:large, max-video-preview:-1\" \/>\n<link rel=\"canonical\" href=\"https:\/\/cocoons.eu\/de\/shop\/cocoons-de\/ersatzglaeser-und-uv-filter\/cocoons-polarisierte-ersatzglaeser\/polarized-copper-lenses-for-cocoons-mini-slim-ms\/\" \/>\n<meta property=\"og:locale\" content=\"de_DE\" \/>\n<meta property=\"og:type\" content=\"article\" \/>\n<meta property=\"og:title\" content=\"Polarisierte kupferfarbene Gl\u00e4ser f\u00fcr Cocoons Mini Slim (MS)\" \/>\n<meta property=\"og:description\" content=\"xplore the features and benefits of Polarisierte kupferfarbene Gl\u00e4ser f\u00fcr Cocoons Mini Slim (MS) on Cocoons.eu. Designed for superior performance and style. Order yours today and experience the difference!\" \/>\n<meta property=\"og:url\" content=\"https:\/\/cocoons.eu\/de\/shop\/cocoons-de\/ersatzglaeser-und-uv-filter\/cocoons-polarisierte-ersatzglaeser\/polarized-copper-lenses-for-cocoons-mini-slim-ms\/\" \/>\n<meta property=\"og:site_name\" content=\"Cocoons\" \/>\n<meta property=\"article:publisher\" content=\"https:\/\/facebook.com\/cocoonseurope\" \/>\n<meta property=\"article:modified_time\" content=\"2023-01-10T20:04:35+00:00\" \/>\n<meta property=\"og:image\" content=\"https:\/\/cocoons.eu\/wp-content\/uploads\/2015\/08\/Polarized-Copper-Lenses-RLC410C.jpg\" \/>\n\t<meta property=\"og:image:width\" content=\"450\" \/>\n\t<meta property=\"og:image:height\" content=\"450\" \/>\n\t<meta property=\"og:image:type\" content=\"image\/jpeg\" \/>\n<meta name=\"twitter:card\" content=\"summary_large_image\" \/>\n<meta name=\"twitter:label1\" content=\"Preis\" \/>\n\t<meta name=\"twitter:data1\" content=\"&euro;34,95 (inkl. MwSt\/exkl. Versandkosten)\" \/>\n\t<meta name=\"twitter:label2\" content=\"Verf\u00fcgbarkeit\" \/>\n\t<meta name=\"twitter:data2\" content=\"Auf Lager\" \/>\n<script type=\"application\/ld+json\" class=\"yoast-schema-graph\">{\"@context\":\"https:\\\/\\\/schema.org\",\"@graph\":[{\"@type\":\"WebPage\",\"@id\":\"https:\\\/\\\/cocoons.eu\\\/de\\\/shop\\\/cocoons-de\\\/ersatzglaeser-und-uv-filter\\\/cocoons-polarisierte-ersatzglaeser\\\/polarized-copper-lenses-for-cocoons-mini-slim-ms\\\/\",\"url\":\"https:\\\/\\\/cocoons.eu\\\/de\\\/shop\\\/cocoons-de\\\/ersatzglaeser-und-uv-filter\\\/cocoons-polarisierte-ersatzglaeser\\\/polarized-copper-lenses-for-cocoons-mini-slim-ms\\\/\",\"name\":\"Polarisierte kupferfarbene Gl\u00e4ser f\u00fcr Cocoons Mini Slim (MS) : Cocoons\",\"isPartOf\":{\"@id\":\"https:\\\/\\\/cocoons.eu\\\/de\\\/#website\"},\"primaryImageOfPage\":{\"@id\":\"https:\\\/\\\/cocoons.eu\\\/de\\\/shop\\\/cocoons-de\\\/ersatzglaeser-und-uv-filter\\\/cocoons-polarisierte-ersatzglaeser\\\/polarized-copper-lenses-for-cocoons-mini-slim-ms\\\/#primaryimage\"},\"image\":{\"@id\":\"https:\\\/\\\/cocoons.eu\\\/de\\\/shop\\\/cocoons-de\\\/ersatzglaeser-und-uv-filter\\\/cocoons-polarisierte-ersatzglaeser\\\/polarized-copper-lenses-for-cocoons-mini-slim-ms\\\/#primaryimage\"},\"thumbnailUrl\":\"https:\\\/\\\/cocoons.eu\\\/wp-content\\\/uploads\\\/2015\\\/08\\\/Polarized-Copper-Lenses-RLC410C.jpg\",\"datePublished\":\"2015-08-22T07:21:50+00:00\",\"dateModified\":\"2023-01-10T20:04:35+00:00\",\"description\":\"xplore the features and benefits of Polarisierte kupferfarbene Gl\u00e4ser f\u00fcr Cocoons Mini Slim (MS) on Cocoons.eu. Designed for superior performance and style. Order yours today and experience the difference!\",\"breadcrumb\":{\"@id\":\"https:\\\/\\\/cocoons.eu\\\/de\\\/shop\\\/cocoons-de\\\/ersatzglaeser-und-uv-filter\\\/cocoons-polarisierte-ersatzglaeser\\\/polarized-copper-lenses-for-cocoons-mini-slim-ms\\\/#breadcrumb\"},\"inLanguage\":\"de\",\"potentialAction\":[{\"@type\":\"ReadAction\",\"target\":[\"https:\\\/\\\/cocoons.eu\\\/de\\\/shop\\\/cocoons-de\\\/ersatzglaeser-und-uv-filter\\\/cocoons-polarisierte-ersatzglaeser\\\/polarized-copper-lenses-for-cocoons-mini-slim-ms\\\/\"]}]},{\"@type\":\"ImageObject\",\"inLanguage\":\"de\",\"@id\":\"https:\\\/\\\/cocoons.eu\\\/de\\\/shop\\\/cocoons-de\\\/ersatzglaeser-und-uv-filter\\\/cocoons-polarisierte-ersatzglaeser\\\/polarized-copper-lenses-for-cocoons-mini-slim-ms\\\/#primaryimage\",\"url\":\"https:\\\/\\\/cocoons.eu\\\/wp-content\\\/uploads\\\/2015\\\/08\\\/Polarized-Copper-Lenses-RLC410C.jpg\",\"contentUrl\":\"https:\\\/\\\/cocoons.eu\\\/wp-content\\\/uploads\\\/2015\\\/08\\\/Polarized-Copper-Lenses-RLC410C.jpg\",\"width\":450,\"height\":450},{\"@type\":\"BreadcrumbList\",\"@id\":\"https:\\\/\\\/cocoons.eu\\\/de\\\/shop\\\/cocoons-de\\\/ersatzglaeser-und-uv-filter\\\/cocoons-polarisierte-ersatzglaeser\\\/polarized-copper-lenses-for-cocoons-mini-slim-ms\\\/#breadcrumb\",\"itemListElement\":[{\"@type\":\"ListItem\",\"position\":1,\"name\":\"Home\",\"item\":\"https:\\\/\\\/cocoons.eu\\\/de\\\/\"},{\"@type\":\"ListItem\",\"position\":2,\"name\":\"Shoppen\",\"item\":\"https:\\\/\\\/cocoons.eu\\\/de\\\/shop-2\\\/\"},{\"@type\":\"ListItem\",\"position\":3,\"name\":\"Polarisierte kupferfarbene Gl\u00e4ser f\u00fcr Cocoons Mini Slim (MS)\"}]},{\"@type\":\"WebSite\",\"@id\":\"https:\\\/\\\/cocoons.eu\\\/de\\\/#website\",\"url\":\"https:\\\/\\\/cocoons.eu\\\/de\\\/\",\"name\":\"Cocoons Eyewear Europe\",\"description\":\"Hochwertige Fitover-Sonnenbrillen\",\"publisher\":{\"@id\":\"https:\\\/\\\/cocoons.eu\\\/de\\\/#organization\"},\"potentialAction\":[{\"@type\":\"SearchAction\",\"target\":{\"@type\":\"EntryPoint\",\"urlTemplate\":\"https:\\\/\\\/cocoons.eu\\\/de\\\/?s={search_term_string}\"},\"query-input\":{\"@type\":\"PropertyValueSpecification\",\"valueRequired\":true,\"valueName\":\"search_term_string\"}}],\"inLanguage\":\"de\"},{\"@type\":\"Organization\",\"@id\":\"https:\\\/\\\/cocoons.eu\\\/de\\\/#organization\",\"name\":\"Cocoons by Live Eyewear\",\"url\":\"https:\\\/\\\/cocoons.eu\\\/de\\\/\",\"logo\":{\"@type\":\"ImageObject\",\"inLanguage\":\"de\",\"@id\":\"https:\\\/\\\/cocoons.eu\\\/de\\\/#\\\/schema\\\/logo\\\/image\\\/\",\"url\":\"https:\\\/\\\/cocoons.eu\\\/wp-content\\\/uploads\\\/2020\\\/03\\\/C4218G-DSC_7866ps_edit_website800x800.jpg\",\"contentUrl\":\"https:\\\/\\\/cocoons.eu\\\/wp-content\\\/uploads\\\/2020\\\/03\\\/C4218G-DSC_7866ps_edit_website800x800.jpg\",\"width\":800,\"height\":800,\"caption\":\"Cocoons by Live Eyewear\"},\"image\":{\"@id\":\"https:\\\/\\\/cocoons.eu\\\/de\\\/#\\\/schema\\\/logo\\\/image\\\/\"},\"sameAs\":[\"https:\\\/\\\/facebook.com\\\/cocoonseurope\"]}]}<\/script>\n<meta property=\"product:price:amount\" content=\"34.95\" \/>\n<meta property=\"product:price:currency\" content=\"EUR\" \/>\n<meta property=\"og:availability\" content=\"instock\" \/>\n<meta property=\"product:availability\" content=\"instock\" \/>\n<meta property=\"product:retailer_item_id\" content=\"RLC410C1\" \/>\n<meta property=\"product:condition\" content=\"new\" \/>\n<!-- \/ Yoast SEO Premium plugin. -->","yoast_head_json":{"title":"Polarisierte kupferfarbene Gl\u00e4ser f\u00fcr Cocoons Mini Slim (MS) : Cocoons","description":"xplore the features and benefits of Polarisierte kupferfarbene Gl\u00e4ser f\u00fcr Cocoons Mini Slim (MS) on Cocoons.eu. Designed for superior performance and style. Order yours today and experience the difference!","robots":{"index":"index","follow":"follow","max-snippet":"max-snippet:-1","max-image-preview":"max-image-preview:large","max-video-preview":"max-video-preview:-1"},"canonical":"https:\/\/cocoons.eu\/de\/shop\/cocoons-de\/ersatzglaeser-und-uv-filter\/cocoons-polarisierte-ersatzglaeser\/polarized-copper-lenses-for-cocoons-mini-slim-ms\/","og_locale":"de_DE","og_type":"article","og_title":"Polarisierte kupferfarbene Gl\u00e4ser f\u00fcr Cocoons Mini Slim (MS)","og_description":"xplore the features and benefits of Polarisierte kupferfarbene Gl\u00e4ser f\u00fcr Cocoons Mini Slim (MS) on Cocoons.eu. Designed for superior performance and style. Order yours today and experience the difference!","og_url":"https:\/\/cocoons.eu\/de\/shop\/cocoons-de\/ersatzglaeser-und-uv-filter\/cocoons-polarisierte-ersatzglaeser\/polarized-copper-lenses-for-cocoons-mini-slim-ms\/","og_site_name":"Cocoons","article_publisher":"https:\/\/facebook.com\/cocoonseurope","article_modified_time":"2023-01-10T20:04:35+00:00","og_image":[{"width":450,"height":450,"url":"https:\/\/cocoons.eu\/wp-content\/uploads\/2015\/08\/Polarized-Copper-Lenses-RLC410C.jpg","type":"image\/jpeg"}],"twitter_card":"summary_large_image","twitter_misc":{"Preis":"&euro;34,95 (inkl. MwSt\/exkl. Versandkosten)","Verf\u00fcgbarkeit":"Auf Lager"},"schema":{"@context":"https:\/\/schema.org","@graph":[{"@type":"WebPage","@id":"https:\/\/cocoons.eu\/de\/shop\/cocoons-de\/ersatzglaeser-und-uv-filter\/cocoons-polarisierte-ersatzglaeser\/polarized-copper-lenses-for-cocoons-mini-slim-ms\/","url":"https:\/\/cocoons.eu\/de\/shop\/cocoons-de\/ersatzglaeser-und-uv-filter\/cocoons-polarisierte-ersatzglaeser\/polarized-copper-lenses-for-cocoons-mini-slim-ms\/","name":"Polarisierte kupferfarbene Gl\u00e4ser f\u00fcr Cocoons Mini Slim (MS) : Cocoons","isPartOf":{"@id":"https:\/\/cocoons.eu\/de\/#website"},"primaryImageOfPage":{"@id":"https:\/\/cocoons.eu\/de\/shop\/cocoons-de\/ersatzglaeser-und-uv-filter\/cocoons-polarisierte-ersatzglaeser\/polarized-copper-lenses-for-cocoons-mini-slim-ms\/#primaryimage"},"image":{"@id":"https:\/\/cocoons.eu\/de\/shop\/cocoons-de\/ersatzglaeser-und-uv-filter\/cocoons-polarisierte-ersatzglaeser\/polarized-copper-lenses-for-cocoons-mini-slim-ms\/#primaryimage"},"thumbnailUrl":"https:\/\/cocoons.eu\/wp-content\/uploads\/2015\/08\/Polarized-Copper-Lenses-RLC410C.jpg","datePublished":"2015-08-22T07:21:50+00:00","dateModified":"2023-01-10T20:04:35+00:00","description":"xplore the features and benefits of Polarisierte kupferfarbene Gl\u00e4ser f\u00fcr Cocoons Mini Slim (MS) on Cocoons.eu. Designed for superior performance and style. Order yours today and experience the difference!","breadcrumb":{"@id":"https:\/\/cocoons.eu\/de\/shop\/cocoons-de\/ersatzglaeser-und-uv-filter\/cocoons-polarisierte-ersatzglaeser\/polarized-copper-lenses-for-cocoons-mini-slim-ms\/#breadcrumb"},"inLanguage":"de","potentialAction":[{"@type":"ReadAction","target":["https:\/\/cocoons.eu\/de\/shop\/cocoons-de\/ersatzglaeser-und-uv-filter\/cocoons-polarisierte-ersatzglaeser\/polarized-copper-lenses-for-cocoons-mini-slim-ms\/"]}]},{"@type":"ImageObject","inLanguage":"de","@id":"https:\/\/cocoons.eu\/de\/shop\/cocoons-de\/ersatzglaeser-und-uv-filter\/cocoons-polarisierte-ersatzglaeser\/polarized-copper-lenses-for-cocoons-mini-slim-ms\/#primaryimage","url":"https:\/\/cocoons.eu\/wp-content\/uploads\/2015\/08\/Polarized-Copper-Lenses-RLC410C.jpg","contentUrl":"https:\/\/cocoons.eu\/wp-content\/uploads\/2015\/08\/Polarized-Copper-Lenses-RLC410C.jpg","width":450,"height":450},{"@type":"BreadcrumbList","@id":"https:\/\/cocoons.eu\/de\/shop\/cocoons-de\/ersatzglaeser-und-uv-filter\/cocoons-polarisierte-ersatzglaeser\/polarized-copper-lenses-for-cocoons-mini-slim-ms\/#breadcrumb","itemListElement":[{"@type":"ListItem","position":1,"name":"Home","item":"https:\/\/cocoons.eu\/de\/"},{"@type":"ListItem","position":2,"name":"Shoppen","item":"https:\/\/cocoons.eu\/de\/shop-2\/"},{"@type":"ListItem","position":3,"name":"Polarisierte kupferfarbene Gl\u00e4ser f\u00fcr Cocoons Mini Slim (MS)"}]},{"@type":"WebSite","@id":"https:\/\/cocoons.eu\/de\/#website","url":"https:\/\/cocoons.eu\/de\/","name":"Cocoons Eyewear Europe","description":"Hochwertige Fitover-Sonnenbrillen","publisher":{"@id":"https:\/\/cocoons.eu\/de\/#organization"},"potentialAction":[{"@type":"SearchAction","target":{"@type":"EntryPoint","urlTemplate":"https:\/\/cocoons.eu\/de\/?s={search_term_string}"},"query-input":{"@type":"PropertyValueSpecification","valueRequired":true,"valueName":"search_term_string"}}],"inLanguage":"de"},{"@type":"Organization","@id":"https:\/\/cocoons.eu\/de\/#organization","name":"Cocoons by Live Eyewear","url":"https:\/\/cocoons.eu\/de\/","logo":{"@type":"ImageObject","inLanguage":"de","@id":"https:\/\/cocoons.eu\/de\/#\/schema\/logo\/image\/","url":"https:\/\/cocoons.eu\/wp-content\/uploads\/2020\/03\/C4218G-DSC_7866ps_edit_website800x800.jpg","contentUrl":"https:\/\/cocoons.eu\/wp-content\/uploads\/2020\/03\/C4218G-DSC_7866ps_edit_website800x800.jpg","width":800,"height":800,"caption":"Cocoons by Live Eyewear"},"image":{"@id":"https:\/\/cocoons.eu\/de\/#\/schema\/logo\/image\/"},"sameAs":["https:\/\/facebook.com\/cocoonseurope"]}]},"product_price_amount":"34.95","product_price_currency":"EUR","og_availability":"instock","product_availability":"instock","product_retailer_item_id":"RLC410C1","product_condition":"new"},"_links":{"self":[{"href":"https:\/\/cocoons.eu\/de\/wp-json\/wp\/v2\/product\/235643","targetHints":{"allow":["GET"]}}],"collection":[{"href":"https:\/\/cocoons.eu\/de\/wp-json\/wp\/v2\/product"}],"about":[{"href":"https:\/\/cocoons.eu\/de\/wp-json\/wp\/v2\/types\/product"}],"wp:featuredmedia":[{"embeddable":true,"href":"https:\/\/cocoons.eu\/de\/wp-json\/wp\/v2\/media\/232660"}],"wp:attachment":[{"href":"https:\/\/cocoons.eu\/de\/wp-json\/wp\/v2\/media?parent=235643"}],"wp:term":[{"taxonomy":"product_brand","embeddable":true,"href":"https:\/\/cocoons.eu\/de\/wp-json\/wp\/v2\/product_brand?post=235643"},{"taxonomy":"product_cat","embeddable":true,"href":"https:\/\/cocoons.eu\/de\/wp-json\/wp\/v2\/product_cat?post=235643"},{"taxonomy":"product_tag","embeddable":true,"href":"https:\/\/cocoons.eu\/de\/wp-json\/wp\/v2\/product_tag?post=235643"}],"curies":[{"name":"wp","href":"https:\/\/api.w.org\/{rel}","templated":true}]}}