{"id":235576,"date":"2015-10-21T00:35:01","date_gmt":"2015-10-20T22:35:01","guid":{"rendered":"https:\/\/cocoons.eu\/shop\/unkategorisiert\/wide-line-ml-tintenblau-polarisiert-blau-verspiegelt\/"},"modified":"2023-02-28T03:00:28","modified_gmt":"2023-02-28T02:00:28","slug":"cocoons-wide-line-ml-ink-framepolarized-blue-mirror-lenses","status":"publish","type":"product","link":"https:\/\/cocoons.eu\/de\/shop\/cocoons-de\/fitover-brillen\/original-polarisiert\/cocoons-wide-line-ml-ink-framepolarized-blue-mirror-lenses\/","title":{"rendered":"Wide Line (ML) Tintenblau Polarisiert Blau Verspiegelt"},"content":{"rendered":"","protected":false},"excerpt":{"rendered":"<p>Die tintenblaue Fassung mit einer aparten schwarzen Musterung wird mit strahlend blauen Gl\u00e4sern kombiniert. Die graue T\u00f6nung sorgt f\u00fcr pr\u00e4zise nat\u00fcrliche Farbt\u00f6ne, w\u00e4hrend der Blendschutz durch eine brillante blau verspiegelte Beschichtung verbessert wird. Unsere kratzfeste, verspiegelte Oberfl\u00e4che ist \u00e4u\u00dferst beliebt in stark reflektierenden, stark blendenden Umgebungen, wie z. B. auf dem Wasser oder im Schnee. Der zeitlose Look der Wide Line macht sie zu einem der beliebtesten Modelle, denn sie passt auch \u00fcber breitere Korrektionsbrillen.<\/p>\n<p><span style=\"color: #50b848;\"><em>\u201eDie Blendung auf dem Wasser ist stark und meine Augen w\u00fcrden einen ganzen Tag beim Angeln ohne meine Cocoons nicht \u00fcberstehen!\u201c <\/em><\/span><img decoding=\"async\" class=\"usr\" src=\"https:\/\/cocoons.eu\/wp-content\/plugins\/universal-star-rating\/includes\/image.php?img=01.png&amp;px=15&amp;max=5&amp;rat=5\" alt=\"5 out of 5 stars\" style=\"height: 15px !important;\" \/> (5 \/ 5)<em> Henry K. Tampa, FL <\/em><\/p>\n","protected":false},"featured_media":231338,"template":"","meta":{"_acf_changed":false},"product_brand":[],"product_cat":[3115,3125,3140,3167],"product_tag":[3142,3183],"class_list":{"0":"post-235576","1":"product","2":"type-product","3":"status-publish","4":"has-post-thumbnail","6":"product_cat-cocoons-de","7":"product_cat-fitover-brillen","8":"product_cat-original-polarisiert","9":"product_cat-polarisiert-und-verspiegelt","10":"product_tag-cocoons-de","11":"product_tag-sfc-wideline-de","12":"pa_collection-cocoons-fitover-sonnenbrille","13":"pa_frame-color-tintenblau","14":"pa_frame-finish-soft-touch-de","15":"pa_lens-tint-blau-verspiegelt-polarisiert","16":"pa_model-wide-line-de","17":"pa_size-ml-wide-line","19":"first","20":"instock","21":"taxable","22":"shipping-taxable","23":"purchasable","24":"product-type-simple"},"acf":[],"yoast_head":"<!-- This site is optimized with the Yoast SEO Premium plugin v27.5 (Yoast SEO v27.5) - https:\/\/yoast.com\/product\/yoast-seo-premium-wordpress\/ -->\n<title>Wide Line (ML) Tintenblau Polarisiert Blau Verspiegelt : Cocoons<\/title>\n<meta name=\"description\" content=\"xplore the features and benefits of Wide Line (ML) Tintenblau Polarisiert Blau Verspiegelt on Cocoons.eu. Designed for superior performance and style. Order yours today and experience the difference!\" \/>\n<meta name=\"robots\" content=\"index, follow, max-snippet:-1, max-image-preview:large, max-video-preview:-1\" \/>\n<link rel=\"canonical\" href=\"https:\/\/cocoons.eu\/de\/shop\/cocoons-de\/fitover-brillen\/original-polarisiert\/cocoons-wide-line-ml-ink-framepolarized-blue-mirror-lenses\/\" \/>\n<meta property=\"og:locale\" content=\"de_DE\" \/>\n<meta property=\"og:type\" content=\"article\" \/>\n<meta property=\"og:title\" content=\"Wide Line (ML) Tintenblau Polarisiert Blau Verspiegelt\" \/>\n<meta property=\"og:description\" content=\"xplore the features and benefits of Wide Line (ML) Tintenblau Polarisiert Blau Verspiegelt on Cocoons.eu. Designed for superior performance and style. Order yours today and experience the difference!\" \/>\n<meta property=\"og:url\" content=\"https:\/\/cocoons.eu\/de\/shop\/cocoons-de\/fitover-brillen\/original-polarisiert\/cocoons-wide-line-ml-ink-framepolarized-blue-mirror-lenses\/\" \/>\n<meta property=\"og:site_name\" content=\"Cocoons\" \/>\n<meta property=\"article:publisher\" content=\"https:\/\/facebook.com\/cocoonseurope\" \/>\n<meta property=\"article:modified_time\" content=\"2023-02-28T02:00:28+00:00\" \/>\n<meta property=\"og:image\" content=\"https:\/\/cocoons.eu\/wp-content\/uploads\/2015\/10\/C4214M_web_pi1.jpg\" \/>\n\t<meta property=\"og:image:width\" content=\"800\" \/>\n\t<meta property=\"og:image:height\" content=\"800\" \/>\n\t<meta property=\"og:image:type\" content=\"image\/jpeg\" \/>\n<meta name=\"twitter:card\" content=\"summary_large_image\" \/>\n<meta name=\"twitter:label1\" content=\"Preis\" \/>\n\t<meta name=\"twitter:data1\" content=\"&euro;82,95 (inkl. MwSt\/exkl. Versandkosten)\" \/>\n\t<meta name=\"twitter:label2\" content=\"Verf\u00fcgbarkeit\" \/>\n\t<meta name=\"twitter:data2\" content=\"Auf Lager\" \/>\n<script type=\"application\/ld+json\" class=\"yoast-schema-graph\">{\"@context\":\"https:\\\/\\\/schema.org\",\"@graph\":[{\"@type\":\"WebPage\",\"@id\":\"https:\\\/\\\/cocoons.eu\\\/de\\\/shop\\\/cocoons-de\\\/fitover-brillen\\\/original-polarisiert\\\/cocoons-wide-line-ml-ink-framepolarized-blue-mirror-lenses\\\/\",\"url\":\"https:\\\/\\\/cocoons.eu\\\/de\\\/shop\\\/cocoons-de\\\/fitover-brillen\\\/original-polarisiert\\\/cocoons-wide-line-ml-ink-framepolarized-blue-mirror-lenses\\\/\",\"name\":\"Wide Line (ML) Tintenblau Polarisiert Blau Verspiegelt : Cocoons\",\"isPartOf\":{\"@id\":\"https:\\\/\\\/cocoons.eu\\\/de\\\/#website\"},\"primaryImageOfPage\":{\"@id\":\"https:\\\/\\\/cocoons.eu\\\/de\\\/shop\\\/cocoons-de\\\/fitover-brillen\\\/original-polarisiert\\\/cocoons-wide-line-ml-ink-framepolarized-blue-mirror-lenses\\\/#primaryimage\"},\"image\":{\"@id\":\"https:\\\/\\\/cocoons.eu\\\/de\\\/shop\\\/cocoons-de\\\/fitover-brillen\\\/original-polarisiert\\\/cocoons-wide-line-ml-ink-framepolarized-blue-mirror-lenses\\\/#primaryimage\"},\"thumbnailUrl\":\"https:\\\/\\\/cocoons.eu\\\/wp-content\\\/uploads\\\/2015\\\/10\\\/C4214M_web_pi1.jpg\",\"datePublished\":\"2015-10-20T22:35:01+00:00\",\"dateModified\":\"2023-02-28T02:00:28+00:00\",\"description\":\"xplore the features and benefits of Wide Line (ML) Tintenblau Polarisiert Blau Verspiegelt on Cocoons.eu. Designed for superior performance and style. Order yours today and experience the difference!\",\"breadcrumb\":{\"@id\":\"https:\\\/\\\/cocoons.eu\\\/de\\\/shop\\\/cocoons-de\\\/fitover-brillen\\\/original-polarisiert\\\/cocoons-wide-line-ml-ink-framepolarized-blue-mirror-lenses\\\/#breadcrumb\"},\"inLanguage\":\"de\",\"potentialAction\":[{\"@type\":\"ReadAction\",\"target\":[\"https:\\\/\\\/cocoons.eu\\\/de\\\/shop\\\/cocoons-de\\\/fitover-brillen\\\/original-polarisiert\\\/cocoons-wide-line-ml-ink-framepolarized-blue-mirror-lenses\\\/\"]}]},{\"@type\":\"ImageObject\",\"inLanguage\":\"de\",\"@id\":\"https:\\\/\\\/cocoons.eu\\\/de\\\/shop\\\/cocoons-de\\\/fitover-brillen\\\/original-polarisiert\\\/cocoons-wide-line-ml-ink-framepolarized-blue-mirror-lenses\\\/#primaryimage\",\"url\":\"https:\\\/\\\/cocoons.eu\\\/wp-content\\\/uploads\\\/2015\\\/10\\\/C4214M_web_pi1.jpg\",\"contentUrl\":\"https:\\\/\\\/cocoons.eu\\\/wp-content\\\/uploads\\\/2015\\\/10\\\/C4214M_web_pi1.jpg\",\"width\":800,\"height\":800,\"caption\":\"Jede Brille wird mit dem praktischen Cocoons Etui geliefert. Erfahren Sie mehr im Abschnitt \u00fcber Zubeh\u00f6r.\"},{\"@type\":\"BreadcrumbList\",\"@id\":\"https:\\\/\\\/cocoons.eu\\\/de\\\/shop\\\/cocoons-de\\\/fitover-brillen\\\/original-polarisiert\\\/cocoons-wide-line-ml-ink-framepolarized-blue-mirror-lenses\\\/#breadcrumb\",\"itemListElement\":[{\"@type\":\"ListItem\",\"position\":1,\"name\":\"Home\",\"item\":\"https:\\\/\\\/cocoons.eu\\\/de\\\/\"},{\"@type\":\"ListItem\",\"position\":2,\"name\":\"Shoppen\",\"item\":\"https:\\\/\\\/cocoons.eu\\\/de\\\/shop-2\\\/\"},{\"@type\":\"ListItem\",\"position\":3,\"name\":\"Wide Line (ML) Tintenblau Polarisiert Blau Verspiegelt\"}]},{\"@type\":\"WebSite\",\"@id\":\"https:\\\/\\\/cocoons.eu\\\/de\\\/#website\",\"url\":\"https:\\\/\\\/cocoons.eu\\\/de\\\/\",\"name\":\"Cocoons Eyewear Europe\",\"description\":\"Hochwertige Fitover-Sonnenbrillen\",\"publisher\":{\"@id\":\"https:\\\/\\\/cocoons.eu\\\/de\\\/#organization\"},\"potentialAction\":[{\"@type\":\"SearchAction\",\"target\":{\"@type\":\"EntryPoint\",\"urlTemplate\":\"https:\\\/\\\/cocoons.eu\\\/de\\\/?s={search_term_string}\"},\"query-input\":{\"@type\":\"PropertyValueSpecification\",\"valueRequired\":true,\"valueName\":\"search_term_string\"}}],\"inLanguage\":\"de\"},{\"@type\":\"Organization\",\"@id\":\"https:\\\/\\\/cocoons.eu\\\/de\\\/#organization\",\"name\":\"Cocoons by Live Eyewear\",\"url\":\"https:\\\/\\\/cocoons.eu\\\/de\\\/\",\"logo\":{\"@type\":\"ImageObject\",\"inLanguage\":\"de\",\"@id\":\"https:\\\/\\\/cocoons.eu\\\/de\\\/#\\\/schema\\\/logo\\\/image\\\/\",\"url\":\"https:\\\/\\\/cocoons.eu\\\/wp-content\\\/uploads\\\/2020\\\/03\\\/C4218G-DSC_7866ps_edit_website800x800.jpg\",\"contentUrl\":\"https:\\\/\\\/cocoons.eu\\\/wp-content\\\/uploads\\\/2020\\\/03\\\/C4218G-DSC_7866ps_edit_website800x800.jpg\",\"width\":800,\"height\":800,\"caption\":\"Cocoons by Live Eyewear\"},\"image\":{\"@id\":\"https:\\\/\\\/cocoons.eu\\\/de\\\/#\\\/schema\\\/logo\\\/image\\\/\"},\"sameAs\":[\"https:\\\/\\\/facebook.com\\\/cocoonseurope\"]}]}<\/script>\n<meta property=\"product:brand\" content=\"Cocoons Fitover-Sonnenbrille\" \/>\n<meta property=\"product:price:amount\" content=\"82.95\" \/>\n<meta property=\"product:price:currency\" content=\"EUR\" \/>\n<meta property=\"og:availability\" content=\"instock\" \/>\n<meta property=\"product:availability\" content=\"instock\" \/>\n<meta property=\"product:retailer_item_id\" content=\"C4214M\" \/>\n<meta property=\"product:condition\" content=\"new\" \/>\n<!-- \/ Yoast SEO Premium plugin. -->","yoast_head_json":{"title":"Wide Line (ML) Tintenblau Polarisiert Blau Verspiegelt : Cocoons","description":"xplore the features and benefits of Wide Line (ML) Tintenblau Polarisiert Blau Verspiegelt on Cocoons.eu. Designed for superior performance and style. Order yours today and experience the difference!","robots":{"index":"index","follow":"follow","max-snippet":"max-snippet:-1","max-image-preview":"max-image-preview:large","max-video-preview":"max-video-preview:-1"},"canonical":"https:\/\/cocoons.eu\/de\/shop\/cocoons-de\/fitover-brillen\/original-polarisiert\/cocoons-wide-line-ml-ink-framepolarized-blue-mirror-lenses\/","og_locale":"de_DE","og_type":"article","og_title":"Wide Line (ML) Tintenblau Polarisiert Blau Verspiegelt","og_description":"xplore the features and benefits of Wide Line (ML) Tintenblau Polarisiert Blau Verspiegelt on Cocoons.eu. Designed for superior performance and style. Order yours today and experience the difference!","og_url":"https:\/\/cocoons.eu\/de\/shop\/cocoons-de\/fitover-brillen\/original-polarisiert\/cocoons-wide-line-ml-ink-framepolarized-blue-mirror-lenses\/","og_site_name":"Cocoons","article_publisher":"https:\/\/facebook.com\/cocoonseurope","article_modified_time":"2023-02-28T02:00:28+00:00","og_image":[{"width":800,"height":800,"url":"https:\/\/cocoons.eu\/wp-content\/uploads\/2015\/10\/C4214M_web_pi1.jpg","type":"image\/jpeg"}],"twitter_card":"summary_large_image","twitter_misc":{"Preis":"&euro;82,95 (inkl. MwSt\/exkl. Versandkosten)","Verf\u00fcgbarkeit":"Auf Lager"},"schema":{"@context":"https:\/\/schema.org","@graph":[{"@type":"WebPage","@id":"https:\/\/cocoons.eu\/de\/shop\/cocoons-de\/fitover-brillen\/original-polarisiert\/cocoons-wide-line-ml-ink-framepolarized-blue-mirror-lenses\/","url":"https:\/\/cocoons.eu\/de\/shop\/cocoons-de\/fitover-brillen\/original-polarisiert\/cocoons-wide-line-ml-ink-framepolarized-blue-mirror-lenses\/","name":"Wide Line (ML) Tintenblau Polarisiert Blau Verspiegelt : Cocoons","isPartOf":{"@id":"https:\/\/cocoons.eu\/de\/#website"},"primaryImageOfPage":{"@id":"https:\/\/cocoons.eu\/de\/shop\/cocoons-de\/fitover-brillen\/original-polarisiert\/cocoons-wide-line-ml-ink-framepolarized-blue-mirror-lenses\/#primaryimage"},"image":{"@id":"https:\/\/cocoons.eu\/de\/shop\/cocoons-de\/fitover-brillen\/original-polarisiert\/cocoons-wide-line-ml-ink-framepolarized-blue-mirror-lenses\/#primaryimage"},"thumbnailUrl":"https:\/\/cocoons.eu\/wp-content\/uploads\/2015\/10\/C4214M_web_pi1.jpg","datePublished":"2015-10-20T22:35:01+00:00","dateModified":"2023-02-28T02:00:28+00:00","description":"xplore the features and benefits of Wide Line (ML) Tintenblau Polarisiert Blau Verspiegelt on Cocoons.eu. Designed for superior performance and style. Order yours today and experience the difference!","breadcrumb":{"@id":"https:\/\/cocoons.eu\/de\/shop\/cocoons-de\/fitover-brillen\/original-polarisiert\/cocoons-wide-line-ml-ink-framepolarized-blue-mirror-lenses\/#breadcrumb"},"inLanguage":"de","potentialAction":[{"@type":"ReadAction","target":["https:\/\/cocoons.eu\/de\/shop\/cocoons-de\/fitover-brillen\/original-polarisiert\/cocoons-wide-line-ml-ink-framepolarized-blue-mirror-lenses\/"]}]},{"@type":"ImageObject","inLanguage":"de","@id":"https:\/\/cocoons.eu\/de\/shop\/cocoons-de\/fitover-brillen\/original-polarisiert\/cocoons-wide-line-ml-ink-framepolarized-blue-mirror-lenses\/#primaryimage","url":"https:\/\/cocoons.eu\/wp-content\/uploads\/2015\/10\/C4214M_web_pi1.jpg","contentUrl":"https:\/\/cocoons.eu\/wp-content\/uploads\/2015\/10\/C4214M_web_pi1.jpg","width":800,"height":800,"caption":"Jede Brille wird mit dem praktischen Cocoons Etui geliefert. Erfahren Sie mehr im Abschnitt \u00fcber Zubeh\u00f6r."},{"@type":"BreadcrumbList","@id":"https:\/\/cocoons.eu\/de\/shop\/cocoons-de\/fitover-brillen\/original-polarisiert\/cocoons-wide-line-ml-ink-framepolarized-blue-mirror-lenses\/#breadcrumb","itemListElement":[{"@type":"ListItem","position":1,"name":"Home","item":"https:\/\/cocoons.eu\/de\/"},{"@type":"ListItem","position":2,"name":"Shoppen","item":"https:\/\/cocoons.eu\/de\/shop-2\/"},{"@type":"ListItem","position":3,"name":"Wide Line (ML) Tintenblau Polarisiert Blau Verspiegelt"}]},{"@type":"WebSite","@id":"https:\/\/cocoons.eu\/de\/#website","url":"https:\/\/cocoons.eu\/de\/","name":"Cocoons Eyewear Europe","description":"Hochwertige Fitover-Sonnenbrillen","publisher":{"@id":"https:\/\/cocoons.eu\/de\/#organization"},"potentialAction":[{"@type":"SearchAction","target":{"@type":"EntryPoint","urlTemplate":"https:\/\/cocoons.eu\/de\/?s={search_term_string}"},"query-input":{"@type":"PropertyValueSpecification","valueRequired":true,"valueName":"search_term_string"}}],"inLanguage":"de"},{"@type":"Organization","@id":"https:\/\/cocoons.eu\/de\/#organization","name":"Cocoons by Live Eyewear","url":"https:\/\/cocoons.eu\/de\/","logo":{"@type":"ImageObject","inLanguage":"de","@id":"https:\/\/cocoons.eu\/de\/#\/schema\/logo\/image\/","url":"https:\/\/cocoons.eu\/wp-content\/uploads\/2020\/03\/C4218G-DSC_7866ps_edit_website800x800.jpg","contentUrl":"https:\/\/cocoons.eu\/wp-content\/uploads\/2020\/03\/C4218G-DSC_7866ps_edit_website800x800.jpg","width":800,"height":800,"caption":"Cocoons by Live Eyewear"},"image":{"@id":"https:\/\/cocoons.eu\/de\/#\/schema\/logo\/image\/"},"sameAs":["https:\/\/facebook.com\/cocoonseurope"]}]},"product_brand":"Cocoons Fitover-Sonnenbrille","product_price_amount":"82.95","product_price_currency":"EUR","og_availability":"instock","product_availability":"instock","product_retailer_item_id":"C4214M","product_condition":"new"},"_links":{"self":[{"href":"https:\/\/cocoons.eu\/de\/wp-json\/wp\/v2\/product\/235576","targetHints":{"allow":["GET"]}}],"collection":[{"href":"https:\/\/cocoons.eu\/de\/wp-json\/wp\/v2\/product"}],"about":[{"href":"https:\/\/cocoons.eu\/de\/wp-json\/wp\/v2\/types\/product"}],"wp:featuredmedia":[{"embeddable":true,"href":"https:\/\/cocoons.eu\/de\/wp-json\/wp\/v2\/media\/231338"}],"wp:attachment":[{"href":"https:\/\/cocoons.eu\/de\/wp-json\/wp\/v2\/media?parent=235576"}],"wp:term":[{"taxonomy":"product_brand","embeddable":true,"href":"https:\/\/cocoons.eu\/de\/wp-json\/wp\/v2\/product_brand?post=235576"},{"taxonomy":"product_cat","embeddable":true,"href":"https:\/\/cocoons.eu\/de\/wp-json\/wp\/v2\/product_cat?post=235576"},{"taxonomy":"product_tag","embeddable":true,"href":"https:\/\/cocoons.eu\/de\/wp-json\/wp\/v2\/product_tag?post=235576"}],"curies":[{"name":"wp","href":"https:\/\/api.w.org\/{rel}","templated":true}]}}