{"id":235535,"date":"2015-08-22T09:22:15","date_gmt":"2015-08-22T07:22:15","guid":{"rendered":"https:\/\/cocoons.eu\/shop\/unkategorisiert\/small-s-schwarz-polarisiert-kupferfarben\/"},"modified":"2023-08-16T21:06:56","modified_gmt":"2023-08-16T19:06:56","slug":"vistana-small-s-black-framepolarized-copper-lenses","status":"publish","type":"product","link":"https:\/\/cocoons.eu\/de\/shop\/vistana-brillen\/fitover\/vistana-luxus-polarisiert\/vistana-small-s-black-framepolarized-copper-lenses\/","title":{"rendered":"Vistana Small (S) Schwarz Polarisiert Kupferfarben"},"content":{"rendered":"","protected":false},"excerpt":{"rendered":"<p>Die Vistana Fitovers sind mit kratzfesten Polar\u00e9-Polarisationsgl\u00e4sern mit Dynamic Base Technology\u00ae (DBT) ausgestattet. Die Gl\u00e4ser sind so konzipiert, dass sie eine durchgehende Umh\u00fcllung von der Vorderseite bis zu den Seiten bilden, sodass die traditionellen seitlichen Gl\u00e4ser, durch die sich Fitover-Sonnenbrillen normalerweise auszeichnen, hier entfallen k\u00f6nnen. Der nahtlose \u00dcbergang von den vorderen zu den seitlichen Gl\u00e4sern sorgt f\u00fcr ein ungehindertes Sichtfeld.<\/p>\n<p>Die klassische schwarze Vistana zeichnet sich durch einen zeitlosen Look aus, der seit jeher ein stilistischer Klassiker im Bereich der Sonnenbrillen ist. Die Brille ist hier mit der Funktionalit\u00e4t von kupferfarbenen Gl\u00e4sern ausgestattet. Die kupferfarbenen Gl\u00e4ser sind beim sehr beliebt, da sie die Tiefenwahrnehmung verbessern und durch ihre warme T\u00f6nung die Erm\u00fcdung der Augen verringern. Die schlanke Gr\u00f6\u00dfe Small ist perfekt f\u00fcr zierliche Brillenfassungen.<\/p>\n<p>Sie sind sich nicht sicher, welche Vistana-Fassunggr\u00f6\u00dfe genau f\u00fcr Ihre Brille passt? Verwenden Sie unsere Vistana-Gr\u00f6\u00dfentabelle, um die richtige Gr\u00f6\u00dfe zu ermitteln.<\/p>\n","protected":false},"featured_media":241172,"template":"","meta":{"_acf_changed":false},"product_brand":[],"product_cat":[3148,3147,3149],"product_tag":[3150],"class_list":{"0":"post-235535","1":"product","2":"type-product","3":"status-publish","4":"has-post-thumbnail","6":"product_cat-fitover","7":"product_cat-vistana-brillen","8":"product_cat-vistana-luxus-polarisiert","9":"product_tag-vistana-de","10":"pa_collection-vistana-fitovers-de","11":"pa_frame-color-schwarz","12":"pa_frame-finish-gloss-de","13":"pa_lens-tint-kupferfarben-polarisiert","14":"pa_size-vistana-small-s","16":"first","17":"instock","18":"taxable","19":"shipping-taxable","20":"purchasable","21":"product-type-simple"},"acf":[],"yoast_head":"<!-- This site is optimized with the Yoast SEO Premium plugin v27.3 (Yoast SEO v27.4) - https:\/\/yoast.com\/product\/yoast-seo-premium-wordpress\/ -->\n<title>Vistana Small (S) Schwarz Polarisiert Kupferfarben : Cocoons<\/title>\n<meta name=\"description\" content=\"xplore the features and benefits of Vistana Small (S) Schwarz Polarisiert Kupferfarben on Cocoons.eu. Designed for superior performance and style. Order yours today and experience the difference!\" \/>\n<meta name=\"robots\" content=\"index, follow, max-snippet:-1, max-image-preview:large, max-video-preview:-1\" \/>\n<link rel=\"canonical\" href=\"https:\/\/cocoons.eu\/de\/shop\/vistana-brillen\/fitover\/vistana-luxus-polarisiert\/vistana-small-s-black-framepolarized-copper-lenses\/\" \/>\n<meta property=\"og:locale\" content=\"de_DE\" \/>\n<meta property=\"og:type\" content=\"article\" \/>\n<meta property=\"og:title\" content=\"Vistana Small (S) Schwarz Polarisiert Kupferfarben\" \/>\n<meta property=\"og:description\" content=\"xplore the features and benefits of Vistana Small (S) Schwarz Polarisiert Kupferfarben on Cocoons.eu. Designed for superior performance and style. Order yours today and experience the difference!\" \/>\n<meta property=\"og:url\" content=\"https:\/\/cocoons.eu\/de\/shop\/vistana-brillen\/fitover\/vistana-luxus-polarisiert\/vistana-small-s-black-framepolarized-copper-lenses\/\" \/>\n<meta property=\"og:site_name\" content=\"Cocoons\" \/>\n<meta property=\"article:publisher\" content=\"https:\/\/facebook.com\/cocoonseurope\" \/>\n<meta property=\"article:modified_time\" content=\"2023-08-16T19:06:56+00:00\" \/>\n<meta property=\"og:image\" content=\"https:\/\/cocoons.eu\/wp-content\/uploads\/2015\/08\/IMG_9648_w602c_edit_website_800x800.webp\" \/>\n\t<meta property=\"og:image:width\" content=\"800\" \/>\n\t<meta property=\"og:image:height\" content=\"800\" \/>\n\t<meta property=\"og:image:type\" content=\"image\/webp\" \/>\n<meta name=\"twitter:card\" content=\"summary_large_image\" \/>\n<meta name=\"twitter:label1\" content=\"Preis\" \/>\n\t<meta name=\"twitter:data1\" content=\"&euro;89,95 (inkl. MwSt\/exkl. Versandkosten)\" \/>\n\t<meta name=\"twitter:label2\" content=\"Verf\u00fcgbarkeit\" \/>\n\t<meta name=\"twitter:data2\" content=\"Auf Lager\" \/>\n<script type=\"application\/ld+json\" class=\"yoast-schema-graph\">{\"@context\":\"https:\\\/\\\/schema.org\",\"@graph\":[{\"@type\":\"WebPage\",\"@id\":\"https:\\\/\\\/cocoons.eu\\\/de\\\/shop\\\/vistana-brillen\\\/fitover\\\/vistana-luxus-polarisiert\\\/vistana-small-s-black-framepolarized-copper-lenses\\\/\",\"url\":\"https:\\\/\\\/cocoons.eu\\\/de\\\/shop\\\/vistana-brillen\\\/fitover\\\/vistana-luxus-polarisiert\\\/vistana-small-s-black-framepolarized-copper-lenses\\\/\",\"name\":\"Vistana Small (S) Schwarz Polarisiert Kupferfarben : Cocoons\",\"isPartOf\":{\"@id\":\"https:\\\/\\\/cocoons.eu\\\/de\\\/#website\"},\"primaryImageOfPage\":{\"@id\":\"https:\\\/\\\/cocoons.eu\\\/de\\\/shop\\\/vistana-brillen\\\/fitover\\\/vistana-luxus-polarisiert\\\/vistana-small-s-black-framepolarized-copper-lenses\\\/#primaryimage\"},\"image\":{\"@id\":\"https:\\\/\\\/cocoons.eu\\\/de\\\/shop\\\/vistana-brillen\\\/fitover\\\/vistana-luxus-polarisiert\\\/vistana-small-s-black-framepolarized-copper-lenses\\\/#primaryimage\"},\"thumbnailUrl\":\"https:\\\/\\\/cocoons.eu\\\/wp-content\\\/uploads\\\/2015\\\/08\\\/IMG_9648_w602c_edit_website_800x800.webp\",\"datePublished\":\"2015-08-22T07:22:15+00:00\",\"dateModified\":\"2023-08-16T19:06:56+00:00\",\"description\":\"xplore the features and benefits of Vistana Small (S) Schwarz Polarisiert Kupferfarben on Cocoons.eu. Designed for superior performance and style. Order yours today and experience the difference!\",\"breadcrumb\":{\"@id\":\"https:\\\/\\\/cocoons.eu\\\/de\\\/shop\\\/vistana-brillen\\\/fitover\\\/vistana-luxus-polarisiert\\\/vistana-small-s-black-framepolarized-copper-lenses\\\/#breadcrumb\"},\"inLanguage\":\"de\",\"potentialAction\":[{\"@type\":\"ReadAction\",\"target\":[\"https:\\\/\\\/cocoons.eu\\\/de\\\/shop\\\/vistana-brillen\\\/fitover\\\/vistana-luxus-polarisiert\\\/vistana-small-s-black-framepolarized-copper-lenses\\\/\"]}]},{\"@type\":\"ImageObject\",\"inLanguage\":\"de\",\"@id\":\"https:\\\/\\\/cocoons.eu\\\/de\\\/shop\\\/vistana-brillen\\\/fitover\\\/vistana-luxus-polarisiert\\\/vistana-small-s-black-framepolarized-copper-lenses\\\/#primaryimage\",\"url\":\"https:\\\/\\\/cocoons.eu\\\/wp-content\\\/uploads\\\/2015\\\/08\\\/IMG_9648_w602c_edit_website_800x800.webp\",\"contentUrl\":\"https:\\\/\\\/cocoons.eu\\\/wp-content\\\/uploads\\\/2015\\\/08\\\/IMG_9648_w602c_edit_website_800x800.webp\",\"width\":800,\"height\":800,\"caption\":\"W602C - Small (S) Gloss Black\\\/Copper\"},{\"@type\":\"BreadcrumbList\",\"@id\":\"https:\\\/\\\/cocoons.eu\\\/de\\\/shop\\\/vistana-brillen\\\/fitover\\\/vistana-luxus-polarisiert\\\/vistana-small-s-black-framepolarized-copper-lenses\\\/#breadcrumb\",\"itemListElement\":[{\"@type\":\"ListItem\",\"position\":1,\"name\":\"Home\",\"item\":\"https:\\\/\\\/cocoons.eu\\\/de\\\/\"},{\"@type\":\"ListItem\",\"position\":2,\"name\":\"Shoppen\",\"item\":\"https:\\\/\\\/cocoons.eu\\\/de\\\/shop-2\\\/\"},{\"@type\":\"ListItem\",\"position\":3,\"name\":\"Vistana Small (S) Schwarz Polarisiert Kupferfarben\"}]},{\"@type\":\"WebSite\",\"@id\":\"https:\\\/\\\/cocoons.eu\\\/de\\\/#website\",\"url\":\"https:\\\/\\\/cocoons.eu\\\/de\\\/\",\"name\":\"Cocoons Eyewear Europe\",\"description\":\"Hochwertige Fitover-Sonnenbrillen\",\"publisher\":{\"@id\":\"https:\\\/\\\/cocoons.eu\\\/de\\\/#organization\"},\"potentialAction\":[{\"@type\":\"SearchAction\",\"target\":{\"@type\":\"EntryPoint\",\"urlTemplate\":\"https:\\\/\\\/cocoons.eu\\\/de\\\/?s={search_term_string}\"},\"query-input\":{\"@type\":\"PropertyValueSpecification\",\"valueRequired\":true,\"valueName\":\"search_term_string\"}}],\"inLanguage\":\"de\"},{\"@type\":\"Organization\",\"@id\":\"https:\\\/\\\/cocoons.eu\\\/de\\\/#organization\",\"name\":\"Cocoons by Live Eyewear\",\"url\":\"https:\\\/\\\/cocoons.eu\\\/de\\\/\",\"logo\":{\"@type\":\"ImageObject\",\"inLanguage\":\"de\",\"@id\":\"https:\\\/\\\/cocoons.eu\\\/de\\\/#\\\/schema\\\/logo\\\/image\\\/\",\"url\":\"https:\\\/\\\/cocoons.eu\\\/wp-content\\\/uploads\\\/2020\\\/03\\\/C4218G-DSC_7866ps_edit_website800x800.jpg\",\"contentUrl\":\"https:\\\/\\\/cocoons.eu\\\/wp-content\\\/uploads\\\/2020\\\/03\\\/C4218G-DSC_7866ps_edit_website800x800.jpg\",\"width\":800,\"height\":800,\"caption\":\"Cocoons by Live Eyewear\"},\"image\":{\"@id\":\"https:\\\/\\\/cocoons.eu\\\/de\\\/#\\\/schema\\\/logo\\\/image\\\/\"},\"sameAs\":[\"https:\\\/\\\/facebook.com\\\/cocoonseurope\"]}]}<\/script>\n<meta property=\"product:brand\" content=\"Vistana Fitovers\" \/>\n<meta property=\"product:price:amount\" content=\"89.95\" \/>\n<meta property=\"product:price:currency\" content=\"EUR\" \/>\n<meta property=\"og:availability\" content=\"instock\" \/>\n<meta property=\"product:availability\" content=\"instock\" \/>\n<meta property=\"product:retailer_item_id\" content=\"W602C\" \/>\n<meta property=\"product:condition\" content=\"new\" \/>\n<!-- \/ Yoast SEO Premium plugin. -->","yoast_head_json":{"title":"Vistana Small (S) Schwarz Polarisiert Kupferfarben : Cocoons","description":"xplore the features and benefits of Vistana Small (S) Schwarz Polarisiert Kupferfarben on Cocoons.eu. Designed for superior performance and style. Order yours today and experience the difference!","robots":{"index":"index","follow":"follow","max-snippet":"max-snippet:-1","max-image-preview":"max-image-preview:large","max-video-preview":"max-video-preview:-1"},"canonical":"https:\/\/cocoons.eu\/de\/shop\/vistana-brillen\/fitover\/vistana-luxus-polarisiert\/vistana-small-s-black-framepolarized-copper-lenses\/","og_locale":"de_DE","og_type":"article","og_title":"Vistana Small (S) Schwarz Polarisiert Kupferfarben","og_description":"xplore the features and benefits of Vistana Small (S) Schwarz Polarisiert Kupferfarben on Cocoons.eu. Designed for superior performance and style. Order yours today and experience the difference!","og_url":"https:\/\/cocoons.eu\/de\/shop\/vistana-brillen\/fitover\/vistana-luxus-polarisiert\/vistana-small-s-black-framepolarized-copper-lenses\/","og_site_name":"Cocoons","article_publisher":"https:\/\/facebook.com\/cocoonseurope","article_modified_time":"2023-08-16T19:06:56+00:00","og_image":[{"width":800,"height":800,"url":"https:\/\/cocoons.eu\/wp-content\/uploads\/2015\/08\/IMG_9648_w602c_edit_website_800x800.webp","type":"image\/webp"}],"twitter_card":"summary_large_image","twitter_misc":{"Preis":"&euro;89,95 (inkl. MwSt\/exkl. Versandkosten)","Verf\u00fcgbarkeit":"Auf Lager"},"schema":{"@context":"https:\/\/schema.org","@graph":[{"@type":"WebPage","@id":"https:\/\/cocoons.eu\/de\/shop\/vistana-brillen\/fitover\/vistana-luxus-polarisiert\/vistana-small-s-black-framepolarized-copper-lenses\/","url":"https:\/\/cocoons.eu\/de\/shop\/vistana-brillen\/fitover\/vistana-luxus-polarisiert\/vistana-small-s-black-framepolarized-copper-lenses\/","name":"Vistana Small (S) Schwarz Polarisiert Kupferfarben : Cocoons","isPartOf":{"@id":"https:\/\/cocoons.eu\/de\/#website"},"primaryImageOfPage":{"@id":"https:\/\/cocoons.eu\/de\/shop\/vistana-brillen\/fitover\/vistana-luxus-polarisiert\/vistana-small-s-black-framepolarized-copper-lenses\/#primaryimage"},"image":{"@id":"https:\/\/cocoons.eu\/de\/shop\/vistana-brillen\/fitover\/vistana-luxus-polarisiert\/vistana-small-s-black-framepolarized-copper-lenses\/#primaryimage"},"thumbnailUrl":"https:\/\/cocoons.eu\/wp-content\/uploads\/2015\/08\/IMG_9648_w602c_edit_website_800x800.webp","datePublished":"2015-08-22T07:22:15+00:00","dateModified":"2023-08-16T19:06:56+00:00","description":"xplore the features and benefits of Vistana Small (S) Schwarz Polarisiert Kupferfarben on Cocoons.eu. Designed for superior performance and style. Order yours today and experience the difference!","breadcrumb":{"@id":"https:\/\/cocoons.eu\/de\/shop\/vistana-brillen\/fitover\/vistana-luxus-polarisiert\/vistana-small-s-black-framepolarized-copper-lenses\/#breadcrumb"},"inLanguage":"de","potentialAction":[{"@type":"ReadAction","target":["https:\/\/cocoons.eu\/de\/shop\/vistana-brillen\/fitover\/vistana-luxus-polarisiert\/vistana-small-s-black-framepolarized-copper-lenses\/"]}]},{"@type":"ImageObject","inLanguage":"de","@id":"https:\/\/cocoons.eu\/de\/shop\/vistana-brillen\/fitover\/vistana-luxus-polarisiert\/vistana-small-s-black-framepolarized-copper-lenses\/#primaryimage","url":"https:\/\/cocoons.eu\/wp-content\/uploads\/2015\/08\/IMG_9648_w602c_edit_website_800x800.webp","contentUrl":"https:\/\/cocoons.eu\/wp-content\/uploads\/2015\/08\/IMG_9648_w602c_edit_website_800x800.webp","width":800,"height":800,"caption":"W602C - Small (S) Gloss Black\/Copper"},{"@type":"BreadcrumbList","@id":"https:\/\/cocoons.eu\/de\/shop\/vistana-brillen\/fitover\/vistana-luxus-polarisiert\/vistana-small-s-black-framepolarized-copper-lenses\/#breadcrumb","itemListElement":[{"@type":"ListItem","position":1,"name":"Home","item":"https:\/\/cocoons.eu\/de\/"},{"@type":"ListItem","position":2,"name":"Shoppen","item":"https:\/\/cocoons.eu\/de\/shop-2\/"},{"@type":"ListItem","position":3,"name":"Vistana Small (S) Schwarz Polarisiert Kupferfarben"}]},{"@type":"WebSite","@id":"https:\/\/cocoons.eu\/de\/#website","url":"https:\/\/cocoons.eu\/de\/","name":"Cocoons Eyewear Europe","description":"Hochwertige Fitover-Sonnenbrillen","publisher":{"@id":"https:\/\/cocoons.eu\/de\/#organization"},"potentialAction":[{"@type":"SearchAction","target":{"@type":"EntryPoint","urlTemplate":"https:\/\/cocoons.eu\/de\/?s={search_term_string}"},"query-input":{"@type":"PropertyValueSpecification","valueRequired":true,"valueName":"search_term_string"}}],"inLanguage":"de"},{"@type":"Organization","@id":"https:\/\/cocoons.eu\/de\/#organization","name":"Cocoons by Live Eyewear","url":"https:\/\/cocoons.eu\/de\/","logo":{"@type":"ImageObject","inLanguage":"de","@id":"https:\/\/cocoons.eu\/de\/#\/schema\/logo\/image\/","url":"https:\/\/cocoons.eu\/wp-content\/uploads\/2020\/03\/C4218G-DSC_7866ps_edit_website800x800.jpg","contentUrl":"https:\/\/cocoons.eu\/wp-content\/uploads\/2020\/03\/C4218G-DSC_7866ps_edit_website800x800.jpg","width":800,"height":800,"caption":"Cocoons by Live Eyewear"},"image":{"@id":"https:\/\/cocoons.eu\/de\/#\/schema\/logo\/image\/"},"sameAs":["https:\/\/facebook.com\/cocoonseurope"]}]},"product_brand":"Vistana Fitovers","product_price_amount":"89.95","product_price_currency":"EUR","og_availability":"instock","product_availability":"instock","product_retailer_item_id":"W602C","product_condition":"new"},"_links":{"self":[{"href":"https:\/\/cocoons.eu\/de\/wp-json\/wp\/v2\/product\/235535","targetHints":{"allow":["GET"]}}],"collection":[{"href":"https:\/\/cocoons.eu\/de\/wp-json\/wp\/v2\/product"}],"about":[{"href":"https:\/\/cocoons.eu\/de\/wp-json\/wp\/v2\/types\/product"}],"wp:featuredmedia":[{"embeddable":true,"href":"https:\/\/cocoons.eu\/de\/wp-json\/wp\/v2\/media\/241172"}],"wp:attachment":[{"href":"https:\/\/cocoons.eu\/de\/wp-json\/wp\/v2\/media?parent=235535"}],"wp:term":[{"taxonomy":"product_brand","embeddable":true,"href":"https:\/\/cocoons.eu\/de\/wp-json\/wp\/v2\/product_brand?post=235535"},{"taxonomy":"product_cat","embeddable":true,"href":"https:\/\/cocoons.eu\/de\/wp-json\/wp\/v2\/product_cat?post=235535"},{"taxonomy":"product_tag","embeddable":true,"href":"https:\/\/cocoons.eu\/de\/wp-json\/wp\/v2\/product_tag?post=235535"}],"curies":[{"name":"wp","href":"https:\/\/api.w.org\/{rel}","templated":true}]}}