{"id":235513,"date":"2015-08-22T09:22:10","date_gmt":"2015-08-22T07:22:10","guid":{"rendered":"https:\/\/cocoons.eu\/shop\/unkategorisiert\/med-small-ms-schildpattoptik-polarisiert-kupferfarben\/"},"modified":"2023-08-16T21:14:05","modified_gmt":"2023-08-16T19:14:05","slug":"vistana-med-small-ms-tortoise-framepolarized-copper-lenses","status":"publish","type":"product","link":"https:\/\/cocoons.eu\/de\/shop\/vistana-brillen\/fitover\/vistana-luxus-polarisiert\/vistana-med-small-ms-tortoise-framepolarized-copper-lenses\/","title":{"rendered":"Vistana Med-Small (MS) Schildpattoptik Polarisiert Kupferfarben"},"content":{"rendered":"","protected":false},"excerpt":{"rendered":"<p>Die Vistana-Kollektion weicht vom traditionellen Design der Fitover-Sonnenbrillen ab und bietet nahtlose, modische Fassungen, ohne dabei auf die \u00fcberaus beliebte Funktionalit\u00e4t unserer Fitovers zu verzichten. Die patentierten Designs sind mit kratzfesten polarisierten Polar\u00e9-Gl\u00e4sern mit Dynamic Base-Gl\u00e4sertechnologie ausgestattet, die separate Seitenschutzblenden \u00fcberfl\u00fcssig macht und den Brillenfassungen ein schlankes, elegantes Aussehen verleiht.<\/p>\n<p>Unsere Vistana in Schildpattoptik zeichnet sich durch ein zweistufiges Beschichtungsverfahren aus, um dieses klassische Farbdesign zu erreichen, ohne dabei den Lichtschutz zu beeintr\u00e4chtigen. Zusammen mit den kupferfarbenen Gl\u00e4sern verbessert diese Sonnenbrille die Tiefenwahrnehmung und verringert die Erm\u00fcdung der Augen. Die Gr\u00f6\u00dfe Med-Small passt gut zu breiten, schmaleren Brillenfassungen.<\/p>\n<p>Sie sind sich nicht sicher, welche Vistana-Fassunggr\u00f6\u00dfe genau f\u00fcr Ihre Brille passt? Verwenden Sie unsere Vistana-Gr\u00f6\u00dfentabelle, um die richtige Gr\u00f6\u00dfe zu ermitteln.<\/p>\n","protected":false},"featured_media":240097,"template":"","meta":{"_acf_changed":false},"product_brand":[],"product_cat":[3148,3147,3149],"product_tag":[3150],"class_list":{"0":"post-235513","1":"product","2":"type-product","3":"status-publish","4":"has-post-thumbnail","6":"product_cat-fitover","7":"product_cat-vistana-brillen","8":"product_cat-vistana-luxus-polarisiert","9":"product_tag-vistana-de","10":"pa_collection-vistana-fitovers-de","11":"pa_frame-color-schildpattoptik","12":"pa_frame-finish-gloss-de","13":"pa_lens-tint-kupferfarben-polarisiert","14":"pa_size-vistana-med-small-ms","16":"first","17":"instock","18":"taxable","19":"shipping-taxable","20":"purchasable","21":"product-type-simple"},"acf":[],"yoast_head":"<!-- This site is optimized with the Yoast SEO Premium plugin v27.5 (Yoast SEO v27.5) - https:\/\/yoast.com\/product\/yoast-seo-premium-wordpress\/ -->\n<title>Vistana Med-Small (MS) Schildpattoptik Polarisiert Kupferfarben : Cocoons<\/title>\n<meta name=\"description\" content=\"xplore the features and benefits of Vistana Med-Small (MS) Schildpattoptik Polarisiert Kupferfarben on Cocoons.eu. Designed for superior performance and style. Order yours today and experience the difference!\" \/>\n<meta name=\"robots\" content=\"index, follow, max-snippet:-1, max-image-preview:large, max-video-preview:-1\" \/>\n<link rel=\"canonical\" href=\"https:\/\/cocoons.eu\/de\/shop\/vistana-brillen\/fitover\/vistana-luxus-polarisiert\/vistana-med-small-ms-tortoise-framepolarized-copper-lenses\/\" \/>\n<meta property=\"og:locale\" content=\"de_DE\" \/>\n<meta property=\"og:type\" content=\"article\" \/>\n<meta property=\"og:title\" content=\"Vistana Med-Small (MS) Schildpattoptik Polarisiert Kupferfarben\" \/>\n<meta property=\"og:description\" content=\"xplore the features and benefits of Vistana Med-Small (MS) Schildpattoptik Polarisiert Kupferfarben on Cocoons.eu. Designed for superior performance and style. Order yours today and experience the difference!\" \/>\n<meta property=\"og:url\" content=\"https:\/\/cocoons.eu\/de\/shop\/vistana-brillen\/fitover\/vistana-luxus-polarisiert\/vistana-med-small-ms-tortoise-framepolarized-copper-lenses\/\" \/>\n<meta property=\"og:site_name\" content=\"Cocoons\" \/>\n<meta property=\"article:publisher\" content=\"https:\/\/facebook.com\/cocoonseurope\" \/>\n<meta property=\"article:modified_time\" content=\"2023-08-16T19:14:05+00:00\" \/>\n<meta property=\"og:image\" content=\"https:\/\/cocoons.eu\/wp-content\/uploads\/2015\/08\/IMG_6509_w413c_edit_website_800x800.webp\" \/>\n\t<meta property=\"og:image:width\" content=\"800\" \/>\n\t<meta property=\"og:image:height\" content=\"800\" \/>\n\t<meta property=\"og:image:type\" content=\"image\/webp\" \/>\n<meta name=\"twitter:card\" content=\"summary_large_image\" \/>\n<meta name=\"twitter:label1\" content=\"Preis\" \/>\n\t<meta name=\"twitter:data1\" content=\"&euro;89,95 (inkl. MwSt\/exkl. Versandkosten)\" \/>\n\t<meta name=\"twitter:label2\" content=\"Verf\u00fcgbarkeit\" \/>\n\t<meta name=\"twitter:data2\" content=\"Auf Lager\" \/>\n<script type=\"application\/ld+json\" class=\"yoast-schema-graph\">{\"@context\":\"https:\\\/\\\/schema.org\",\"@graph\":[{\"@type\":\"WebPage\",\"@id\":\"https:\\\/\\\/cocoons.eu\\\/de\\\/shop\\\/vistana-brillen\\\/fitover\\\/vistana-luxus-polarisiert\\\/vistana-med-small-ms-tortoise-framepolarized-copper-lenses\\\/\",\"url\":\"https:\\\/\\\/cocoons.eu\\\/de\\\/shop\\\/vistana-brillen\\\/fitover\\\/vistana-luxus-polarisiert\\\/vistana-med-small-ms-tortoise-framepolarized-copper-lenses\\\/\",\"name\":\"Vistana Med-Small (MS) Schildpattoptik Polarisiert Kupferfarben : Cocoons\",\"isPartOf\":{\"@id\":\"https:\\\/\\\/cocoons.eu\\\/de\\\/#website\"},\"primaryImageOfPage\":{\"@id\":\"https:\\\/\\\/cocoons.eu\\\/de\\\/shop\\\/vistana-brillen\\\/fitover\\\/vistana-luxus-polarisiert\\\/vistana-med-small-ms-tortoise-framepolarized-copper-lenses\\\/#primaryimage\"},\"image\":{\"@id\":\"https:\\\/\\\/cocoons.eu\\\/de\\\/shop\\\/vistana-brillen\\\/fitover\\\/vistana-luxus-polarisiert\\\/vistana-med-small-ms-tortoise-framepolarized-copper-lenses\\\/#primaryimage\"},\"thumbnailUrl\":\"https:\\\/\\\/cocoons.eu\\\/wp-content\\\/uploads\\\/2015\\\/08\\\/IMG_6509_w413c_edit_website_800x800.webp\",\"datePublished\":\"2015-08-22T07:22:10+00:00\",\"dateModified\":\"2023-08-16T19:14:05+00:00\",\"description\":\"xplore the features and benefits of Vistana Med-Small (MS) Schildpattoptik Polarisiert Kupferfarben on Cocoons.eu. Designed for superior performance and style. Order yours today and experience the difference!\",\"breadcrumb\":{\"@id\":\"https:\\\/\\\/cocoons.eu\\\/de\\\/shop\\\/vistana-brillen\\\/fitover\\\/vistana-luxus-polarisiert\\\/vistana-med-small-ms-tortoise-framepolarized-copper-lenses\\\/#breadcrumb\"},\"inLanguage\":\"de\",\"potentialAction\":[{\"@type\":\"ReadAction\",\"target\":[\"https:\\\/\\\/cocoons.eu\\\/de\\\/shop\\\/vistana-brillen\\\/fitover\\\/vistana-luxus-polarisiert\\\/vistana-med-small-ms-tortoise-framepolarized-copper-lenses\\\/\"]}]},{\"@type\":\"ImageObject\",\"inLanguage\":\"de\",\"@id\":\"https:\\\/\\\/cocoons.eu\\\/de\\\/shop\\\/vistana-brillen\\\/fitover\\\/vistana-luxus-polarisiert\\\/vistana-med-small-ms-tortoise-framepolarized-copper-lenses\\\/#primaryimage\",\"url\":\"https:\\\/\\\/cocoons.eu\\\/wp-content\\\/uploads\\\/2015\\\/08\\\/IMG_6509_w413c_edit_website_800x800.webp\",\"contentUrl\":\"https:\\\/\\\/cocoons.eu\\\/wp-content\\\/uploads\\\/2015\\\/08\\\/IMG_6509_w413c_edit_website_800x800.webp\",\"width\":800,\"height\":800,\"caption\":\"W413C - Medium Small (MS) Gloss Tortoise\\\/Copper\"},{\"@type\":\"BreadcrumbList\",\"@id\":\"https:\\\/\\\/cocoons.eu\\\/de\\\/shop\\\/vistana-brillen\\\/fitover\\\/vistana-luxus-polarisiert\\\/vistana-med-small-ms-tortoise-framepolarized-copper-lenses\\\/#breadcrumb\",\"itemListElement\":[{\"@type\":\"ListItem\",\"position\":1,\"name\":\"Home\",\"item\":\"https:\\\/\\\/cocoons.eu\\\/de\\\/\"},{\"@type\":\"ListItem\",\"position\":2,\"name\":\"Shoppen\",\"item\":\"https:\\\/\\\/cocoons.eu\\\/de\\\/shop-2\\\/\"},{\"@type\":\"ListItem\",\"position\":3,\"name\":\"Vistana Med-Small (MS) Schildpattoptik Polarisiert Kupferfarben\"}]},{\"@type\":\"WebSite\",\"@id\":\"https:\\\/\\\/cocoons.eu\\\/de\\\/#website\",\"url\":\"https:\\\/\\\/cocoons.eu\\\/de\\\/\",\"name\":\"Cocoons Eyewear Europe\",\"description\":\"Hochwertige Fitover-Sonnenbrillen\",\"publisher\":{\"@id\":\"https:\\\/\\\/cocoons.eu\\\/de\\\/#organization\"},\"potentialAction\":[{\"@type\":\"SearchAction\",\"target\":{\"@type\":\"EntryPoint\",\"urlTemplate\":\"https:\\\/\\\/cocoons.eu\\\/de\\\/?s={search_term_string}\"},\"query-input\":{\"@type\":\"PropertyValueSpecification\",\"valueRequired\":true,\"valueName\":\"search_term_string\"}}],\"inLanguage\":\"de\"},{\"@type\":\"Organization\",\"@id\":\"https:\\\/\\\/cocoons.eu\\\/de\\\/#organization\",\"name\":\"Cocoons by Live Eyewear\",\"url\":\"https:\\\/\\\/cocoons.eu\\\/de\\\/\",\"logo\":{\"@type\":\"ImageObject\",\"inLanguage\":\"de\",\"@id\":\"https:\\\/\\\/cocoons.eu\\\/de\\\/#\\\/schema\\\/logo\\\/image\\\/\",\"url\":\"https:\\\/\\\/cocoons.eu\\\/wp-content\\\/uploads\\\/2020\\\/03\\\/C4218G-DSC_7866ps_edit_website800x800.jpg\",\"contentUrl\":\"https:\\\/\\\/cocoons.eu\\\/wp-content\\\/uploads\\\/2020\\\/03\\\/C4218G-DSC_7866ps_edit_website800x800.jpg\",\"width\":800,\"height\":800,\"caption\":\"Cocoons by Live Eyewear\"},\"image\":{\"@id\":\"https:\\\/\\\/cocoons.eu\\\/de\\\/#\\\/schema\\\/logo\\\/image\\\/\"},\"sameAs\":[\"https:\\\/\\\/facebook.com\\\/cocoonseurope\"]}]}<\/script>\n<meta property=\"product:brand\" content=\"Vistana Fitovers\" \/>\n<meta property=\"product:price:amount\" content=\"89.95\" \/>\n<meta property=\"product:price:currency\" content=\"EUR\" \/>\n<meta property=\"og:availability\" content=\"instock\" \/>\n<meta property=\"product:availability\" content=\"instock\" \/>\n<meta property=\"product:retailer_item_id\" content=\"W413C\" \/>\n<meta property=\"product:condition\" content=\"new\" \/>\n<!-- \/ Yoast SEO Premium plugin. -->","yoast_head_json":{"title":"Vistana Med-Small (MS) Schildpattoptik Polarisiert Kupferfarben : Cocoons","description":"xplore the features and benefits of Vistana Med-Small (MS) Schildpattoptik Polarisiert Kupferfarben on Cocoons.eu. Designed for superior performance and style. Order yours today and experience the difference!","robots":{"index":"index","follow":"follow","max-snippet":"max-snippet:-1","max-image-preview":"max-image-preview:large","max-video-preview":"max-video-preview:-1"},"canonical":"https:\/\/cocoons.eu\/de\/shop\/vistana-brillen\/fitover\/vistana-luxus-polarisiert\/vistana-med-small-ms-tortoise-framepolarized-copper-lenses\/","og_locale":"de_DE","og_type":"article","og_title":"Vistana Med-Small (MS) Schildpattoptik Polarisiert Kupferfarben","og_description":"xplore the features and benefits of Vistana Med-Small (MS) Schildpattoptik Polarisiert Kupferfarben on Cocoons.eu. Designed for superior performance and style. Order yours today and experience the difference!","og_url":"https:\/\/cocoons.eu\/de\/shop\/vistana-brillen\/fitover\/vistana-luxus-polarisiert\/vistana-med-small-ms-tortoise-framepolarized-copper-lenses\/","og_site_name":"Cocoons","article_publisher":"https:\/\/facebook.com\/cocoonseurope","article_modified_time":"2023-08-16T19:14:05+00:00","og_image":[{"width":800,"height":800,"url":"https:\/\/cocoons.eu\/wp-content\/uploads\/2015\/08\/IMG_6509_w413c_edit_website_800x800.webp","type":"image\/webp"}],"twitter_card":"summary_large_image","twitter_misc":{"Preis":"&euro;89,95 (inkl. MwSt\/exkl. Versandkosten)","Verf\u00fcgbarkeit":"Auf Lager"},"schema":{"@context":"https:\/\/schema.org","@graph":[{"@type":"WebPage","@id":"https:\/\/cocoons.eu\/de\/shop\/vistana-brillen\/fitover\/vistana-luxus-polarisiert\/vistana-med-small-ms-tortoise-framepolarized-copper-lenses\/","url":"https:\/\/cocoons.eu\/de\/shop\/vistana-brillen\/fitover\/vistana-luxus-polarisiert\/vistana-med-small-ms-tortoise-framepolarized-copper-lenses\/","name":"Vistana Med-Small (MS) Schildpattoptik Polarisiert Kupferfarben : Cocoons","isPartOf":{"@id":"https:\/\/cocoons.eu\/de\/#website"},"primaryImageOfPage":{"@id":"https:\/\/cocoons.eu\/de\/shop\/vistana-brillen\/fitover\/vistana-luxus-polarisiert\/vistana-med-small-ms-tortoise-framepolarized-copper-lenses\/#primaryimage"},"image":{"@id":"https:\/\/cocoons.eu\/de\/shop\/vistana-brillen\/fitover\/vistana-luxus-polarisiert\/vistana-med-small-ms-tortoise-framepolarized-copper-lenses\/#primaryimage"},"thumbnailUrl":"https:\/\/cocoons.eu\/wp-content\/uploads\/2015\/08\/IMG_6509_w413c_edit_website_800x800.webp","datePublished":"2015-08-22T07:22:10+00:00","dateModified":"2023-08-16T19:14:05+00:00","description":"xplore the features and benefits of Vistana Med-Small (MS) Schildpattoptik Polarisiert Kupferfarben on Cocoons.eu. Designed for superior performance and style. Order yours today and experience the difference!","breadcrumb":{"@id":"https:\/\/cocoons.eu\/de\/shop\/vistana-brillen\/fitover\/vistana-luxus-polarisiert\/vistana-med-small-ms-tortoise-framepolarized-copper-lenses\/#breadcrumb"},"inLanguage":"de","potentialAction":[{"@type":"ReadAction","target":["https:\/\/cocoons.eu\/de\/shop\/vistana-brillen\/fitover\/vistana-luxus-polarisiert\/vistana-med-small-ms-tortoise-framepolarized-copper-lenses\/"]}]},{"@type":"ImageObject","inLanguage":"de","@id":"https:\/\/cocoons.eu\/de\/shop\/vistana-brillen\/fitover\/vistana-luxus-polarisiert\/vistana-med-small-ms-tortoise-framepolarized-copper-lenses\/#primaryimage","url":"https:\/\/cocoons.eu\/wp-content\/uploads\/2015\/08\/IMG_6509_w413c_edit_website_800x800.webp","contentUrl":"https:\/\/cocoons.eu\/wp-content\/uploads\/2015\/08\/IMG_6509_w413c_edit_website_800x800.webp","width":800,"height":800,"caption":"W413C - Medium Small (MS) Gloss Tortoise\/Copper"},{"@type":"BreadcrumbList","@id":"https:\/\/cocoons.eu\/de\/shop\/vistana-brillen\/fitover\/vistana-luxus-polarisiert\/vistana-med-small-ms-tortoise-framepolarized-copper-lenses\/#breadcrumb","itemListElement":[{"@type":"ListItem","position":1,"name":"Home","item":"https:\/\/cocoons.eu\/de\/"},{"@type":"ListItem","position":2,"name":"Shoppen","item":"https:\/\/cocoons.eu\/de\/shop-2\/"},{"@type":"ListItem","position":3,"name":"Vistana Med-Small (MS) Schildpattoptik Polarisiert Kupferfarben"}]},{"@type":"WebSite","@id":"https:\/\/cocoons.eu\/de\/#website","url":"https:\/\/cocoons.eu\/de\/","name":"Cocoons Eyewear Europe","description":"Hochwertige Fitover-Sonnenbrillen","publisher":{"@id":"https:\/\/cocoons.eu\/de\/#organization"},"potentialAction":[{"@type":"SearchAction","target":{"@type":"EntryPoint","urlTemplate":"https:\/\/cocoons.eu\/de\/?s={search_term_string}"},"query-input":{"@type":"PropertyValueSpecification","valueRequired":true,"valueName":"search_term_string"}}],"inLanguage":"de"},{"@type":"Organization","@id":"https:\/\/cocoons.eu\/de\/#organization","name":"Cocoons by Live Eyewear","url":"https:\/\/cocoons.eu\/de\/","logo":{"@type":"ImageObject","inLanguage":"de","@id":"https:\/\/cocoons.eu\/de\/#\/schema\/logo\/image\/","url":"https:\/\/cocoons.eu\/wp-content\/uploads\/2020\/03\/C4218G-DSC_7866ps_edit_website800x800.jpg","contentUrl":"https:\/\/cocoons.eu\/wp-content\/uploads\/2020\/03\/C4218G-DSC_7866ps_edit_website800x800.jpg","width":800,"height":800,"caption":"Cocoons by Live Eyewear"},"image":{"@id":"https:\/\/cocoons.eu\/de\/#\/schema\/logo\/image\/"},"sameAs":["https:\/\/facebook.com\/cocoonseurope"]}]},"product_brand":"Vistana Fitovers","product_price_amount":"89.95","product_price_currency":"EUR","og_availability":"instock","product_availability":"instock","product_retailer_item_id":"W413C","product_condition":"new"},"_links":{"self":[{"href":"https:\/\/cocoons.eu\/de\/wp-json\/wp\/v2\/product\/235513","targetHints":{"allow":["GET"]}}],"collection":[{"href":"https:\/\/cocoons.eu\/de\/wp-json\/wp\/v2\/product"}],"about":[{"href":"https:\/\/cocoons.eu\/de\/wp-json\/wp\/v2\/types\/product"}],"wp:featuredmedia":[{"embeddable":true,"href":"https:\/\/cocoons.eu\/de\/wp-json\/wp\/v2\/media\/240097"}],"wp:attachment":[{"href":"https:\/\/cocoons.eu\/de\/wp-json\/wp\/v2\/media?parent=235513"}],"wp:term":[{"taxonomy":"product_brand","embeddable":true,"href":"https:\/\/cocoons.eu\/de\/wp-json\/wp\/v2\/product_brand?post=235513"},{"taxonomy":"product_cat","embeddable":true,"href":"https:\/\/cocoons.eu\/de\/wp-json\/wp\/v2\/product_cat?post=235513"},{"taxonomy":"product_tag","embeddable":true,"href":"https:\/\/cocoons.eu\/de\/wp-json\/wp\/v2\/product_tag?post=235513"}],"curies":[{"name":"wp","href":"https:\/\/api.w.org\/{rel}","templated":true}]}}