{"id":235432,"date":"2015-08-22T00:19:33","date_gmt":"2015-08-22T07:19:33","guid":{"rendered":"https:\/\/cocoons.eu\/shop\/unkategorisiert\/pilot-l-schwarz-uv-filter-in-boysenberry\/"},"modified":"2023-02-28T01:03:39","modified_gmt":"2023-02-28T00:03:39","slug":"cocoons-low-vision-pilot-l-black-frameboysenberry-uv-filters","status":"publish","type":"product","link":"https:\/\/cocoons.eu\/de\/shop\/cocoons-de\/fitover-brillen\/filter-fuer-menschen-mit-sehbeeintraechtigungen\/cocoons-low-vision-pilot-l-black-frameboysenberry-uv-filters\/","title":{"rendered":"Pilot (L) Schwarz UV-Filter in Boysenberry"},"content":{"rendered":"","protected":false},"excerpt":{"rendered":"<p>Die schwarze Soft-Touch-Brillenfassung ist mit einem pr\u00e4zise regulierten UV-Filtersystem aus Polykarbonat ausgestattet. Der nicht polarisierte Boysenberry-Polar\u00e9-Filter ist eine Allzweck-Absorptionst\u00f6nung, die 15&nbsp;% des sichtbaren Lichts durchl\u00e4sst und gleichzeitig 100&nbsp;% der Lichtwellen bis zu 400 nm, einschlie\u00dflich aller sch\u00e4dlichen UVA\/UVB-Strahlen, blockiert. Der Filter ist so konzipiert, dass er 90&nbsp;% des blauen Lichts und HEV-Lichts (hochenergetisches ultraviolettes Licht), das zu einer Erm\u00fcdung der Augen f\u00fchren kann, absorbiert. Die Pilot ist die zweitgr\u00f6\u00dfte Brille nach der Aviator, eignet sich f\u00fcr gro\u00dfe Korrektionsbrillen und bietet gleichzeitig maximalen Schutz und Komfort.<\/p>\n<p><span style=\"color: #50b848;\"><em>\u201eVielen Dank f\u00fcr die speziellen Glast\u00f6nungen! Sehr hilfreich.\u201c <\/em><\/span><img decoding=\"async\" class=\"usr\" src=\"https:\/\/cocoons.eu\/wp-content\/plugins\/universal-star-rating\/includes\/image.php?img=01.png&amp;px=15&amp;max=5&amp;rat=4\" alt=\"4 out of 5 stars\" style=\"height: 15px !important;\" \/> (4 \/ 5)<em> Ernest D., Palo Alto, CA <\/em><\/p>\n","protected":false},"featured_media":235029,"template":"","meta":{"_acf_changed":false},"product_brand":[],"product_cat":[3115,3213,3125],"product_tag":[3214,3170],"class_list":{"0":"post-235432","1":"product","2":"type-product","3":"status-publish","4":"has-post-thumbnail","6":"product_cat-cocoons-de","7":"product_cat-filter-fuer-menschen-mit-sehbeeintraechtigungen","8":"product_cat-fitover-brillen","9":"product_tag-sehbeeintrachtigungen","10":"product_tag-sfc-pilot-de","11":"pa_collection-cocoons-fitover-sonnenbrille","12":"pa_frame-color-schwarz","13":"pa_frame-finish-soft-touch-de","14":"pa_lens-tint-boysenberry-uv-filter","15":"pa_model-pilot-de","16":"pa_size-l-pilot","18":"first","19":"instock","20":"taxable","21":"shipping-taxable","22":"purchasable","23":"product-type-simple"},"acf":[],"yoast_head":"<!-- This site is optimized with the Yoast SEO Premium plugin v27.3 (Yoast SEO v27.4) - https:\/\/yoast.com\/product\/yoast-seo-premium-wordpress\/ -->\n<title>Pilot (L) Schwarz UV-Filter in Boysenberry : Cocoons<\/title>\n<meta name=\"description\" content=\"xplore the features and benefits of Pilot (L) Schwarz UV-Filter in Boysenberry on Cocoons.eu. Designed for superior performance and style. Order yours today and experience the difference!\" \/>\n<meta name=\"robots\" content=\"index, follow, max-snippet:-1, max-image-preview:large, max-video-preview:-1\" \/>\n<link rel=\"canonical\" href=\"https:\/\/cocoons.eu\/de\/shop\/cocoons-de\/fitover-brillen\/filter-fuer-menschen-mit-sehbeeintraechtigungen\/cocoons-low-vision-pilot-l-black-frameboysenberry-uv-filters\/\" \/>\n<meta property=\"og:locale\" content=\"de_DE\" \/>\n<meta property=\"og:type\" content=\"article\" \/>\n<meta property=\"og:title\" content=\"Pilot (L) Schwarz UV-Filter in Boysenberry\" \/>\n<meta property=\"og:description\" content=\"xplore the features and benefits of Pilot (L) Schwarz UV-Filter in Boysenberry on Cocoons.eu. Designed for superior performance and style. Order yours today and experience the difference!\" \/>\n<meta property=\"og:url\" content=\"https:\/\/cocoons.eu\/de\/shop\/cocoons-de\/fitover-brillen\/filter-fuer-menschen-mit-sehbeeintraechtigungen\/cocoons-low-vision-pilot-l-black-frameboysenberry-uv-filters\/\" \/>\n<meta property=\"og:site_name\" content=\"Cocoons\" \/>\n<meta property=\"article:publisher\" content=\"https:\/\/facebook.com\/cocoonseurope\" \/>\n<meta property=\"article:modified_time\" content=\"2023-02-28T00:03:39+00:00\" \/>\n<meta property=\"og:image\" content=\"https:\/\/cocoons.eu\/wp-content\/uploads\/2015\/08\/IMG_2902_edit_website_800x800.jpg\" \/>\n\t<meta property=\"og:image:width\" content=\"800\" \/>\n\t<meta property=\"og:image:height\" content=\"800\" \/>\n\t<meta property=\"og:image:type\" content=\"image\/jpeg\" \/>\n<meta name=\"twitter:card\" content=\"summary_large_image\" \/>\n<meta name=\"twitter:label1\" content=\"Preis\" \/>\n\t<meta name=\"twitter:data1\" content=\"&euro;82,95 (inkl. MwSt\/exkl. Versandkosten)\" \/>\n\t<meta name=\"twitter:label2\" content=\"Verf\u00fcgbarkeit\" \/>\n\t<meta name=\"twitter:data2\" content=\"Auf Lager\" \/>\n<script type=\"application\/ld+json\" class=\"yoast-schema-graph\">{\"@context\":\"https:\\\/\\\/schema.org\",\"@graph\":[{\"@type\":\"WebPage\",\"@id\":\"https:\\\/\\\/cocoons.eu\\\/de\\\/shop\\\/cocoons-de\\\/fitover-brillen\\\/filter-fuer-menschen-mit-sehbeeintraechtigungen\\\/cocoons-low-vision-pilot-l-black-frameboysenberry-uv-filters\\\/\",\"url\":\"https:\\\/\\\/cocoons.eu\\\/de\\\/shop\\\/cocoons-de\\\/fitover-brillen\\\/filter-fuer-menschen-mit-sehbeeintraechtigungen\\\/cocoons-low-vision-pilot-l-black-frameboysenberry-uv-filters\\\/\",\"name\":\"Pilot (L) Schwarz UV-Filter in Boysenberry : Cocoons\",\"isPartOf\":{\"@id\":\"https:\\\/\\\/cocoons.eu\\\/de\\\/#website\"},\"primaryImageOfPage\":{\"@id\":\"https:\\\/\\\/cocoons.eu\\\/de\\\/shop\\\/cocoons-de\\\/fitover-brillen\\\/filter-fuer-menschen-mit-sehbeeintraechtigungen\\\/cocoons-low-vision-pilot-l-black-frameboysenberry-uv-filters\\\/#primaryimage\"},\"image\":{\"@id\":\"https:\\\/\\\/cocoons.eu\\\/de\\\/shop\\\/cocoons-de\\\/fitover-brillen\\\/filter-fuer-menschen-mit-sehbeeintraechtigungen\\\/cocoons-low-vision-pilot-l-black-frameboysenberry-uv-filters\\\/#primaryimage\"},\"thumbnailUrl\":\"https:\\\/\\\/cocoons.eu\\\/wp-content\\\/uploads\\\/2015\\\/08\\\/IMG_2902_edit_website_800x800.jpg\",\"datePublished\":\"2015-08-22T07:19:33+00:00\",\"dateModified\":\"2023-02-28T00:03:39+00:00\",\"description\":\"xplore the features and benefits of Pilot (L) Schwarz UV-Filter in Boysenberry on Cocoons.eu. Designed for superior performance and style. Order yours today and experience the difference!\",\"breadcrumb\":{\"@id\":\"https:\\\/\\\/cocoons.eu\\\/de\\\/shop\\\/cocoons-de\\\/fitover-brillen\\\/filter-fuer-menschen-mit-sehbeeintraechtigungen\\\/cocoons-low-vision-pilot-l-black-frameboysenberry-uv-filters\\\/#breadcrumb\"},\"inLanguage\":\"de\",\"potentialAction\":[{\"@type\":\"ReadAction\",\"target\":[\"https:\\\/\\\/cocoons.eu\\\/de\\\/shop\\\/cocoons-de\\\/fitover-brillen\\\/filter-fuer-menschen-mit-sehbeeintraechtigungen\\\/cocoons-low-vision-pilot-l-black-frameboysenberry-uv-filters\\\/\"]}]},{\"@type\":\"ImageObject\",\"inLanguage\":\"de\",\"@id\":\"https:\\\/\\\/cocoons.eu\\\/de\\\/shop\\\/cocoons-de\\\/fitover-brillen\\\/filter-fuer-menschen-mit-sehbeeintraechtigungen\\\/cocoons-low-vision-pilot-l-black-frameboysenberry-uv-filters\\\/#primaryimage\",\"url\":\"https:\\\/\\\/cocoons.eu\\\/wp-content\\\/uploads\\\/2015\\\/08\\\/IMG_2902_edit_website_800x800.jpg\",\"contentUrl\":\"https:\\\/\\\/cocoons.eu\\\/wp-content\\\/uploads\\\/2015\\\/08\\\/IMG_2902_edit_website_800x800.jpg\",\"width\":800,\"height\":800,\"caption\":\"C302B - Pilot (L) S Soft Touch Schwarz\\\/Boysenberry\"},{\"@type\":\"BreadcrumbList\",\"@id\":\"https:\\\/\\\/cocoons.eu\\\/de\\\/shop\\\/cocoons-de\\\/fitover-brillen\\\/filter-fuer-menschen-mit-sehbeeintraechtigungen\\\/cocoons-low-vision-pilot-l-black-frameboysenberry-uv-filters\\\/#breadcrumb\",\"itemListElement\":[{\"@type\":\"ListItem\",\"position\":1,\"name\":\"Home\",\"item\":\"https:\\\/\\\/cocoons.eu\\\/de\\\/\"},{\"@type\":\"ListItem\",\"position\":2,\"name\":\"Shoppen\",\"item\":\"https:\\\/\\\/cocoons.eu\\\/de\\\/shop-2\\\/\"},{\"@type\":\"ListItem\",\"position\":3,\"name\":\"Pilot (L) Schwarz UV-Filter in Boysenberry\"}]},{\"@type\":\"WebSite\",\"@id\":\"https:\\\/\\\/cocoons.eu\\\/de\\\/#website\",\"url\":\"https:\\\/\\\/cocoons.eu\\\/de\\\/\",\"name\":\"Cocoons Eyewear Europe\",\"description\":\"Hochwertige Fitover-Sonnenbrillen\",\"publisher\":{\"@id\":\"https:\\\/\\\/cocoons.eu\\\/de\\\/#organization\"},\"potentialAction\":[{\"@type\":\"SearchAction\",\"target\":{\"@type\":\"EntryPoint\",\"urlTemplate\":\"https:\\\/\\\/cocoons.eu\\\/de\\\/?s={search_term_string}\"},\"query-input\":{\"@type\":\"PropertyValueSpecification\",\"valueRequired\":true,\"valueName\":\"search_term_string\"}}],\"inLanguage\":\"de\"},{\"@type\":\"Organization\",\"@id\":\"https:\\\/\\\/cocoons.eu\\\/de\\\/#organization\",\"name\":\"Cocoons by Live Eyewear\",\"url\":\"https:\\\/\\\/cocoons.eu\\\/de\\\/\",\"logo\":{\"@type\":\"ImageObject\",\"inLanguage\":\"de\",\"@id\":\"https:\\\/\\\/cocoons.eu\\\/de\\\/#\\\/schema\\\/logo\\\/image\\\/\",\"url\":\"https:\\\/\\\/cocoons.eu\\\/wp-content\\\/uploads\\\/2020\\\/03\\\/C4218G-DSC_7866ps_edit_website800x800.jpg\",\"contentUrl\":\"https:\\\/\\\/cocoons.eu\\\/wp-content\\\/uploads\\\/2020\\\/03\\\/C4218G-DSC_7866ps_edit_website800x800.jpg\",\"width\":800,\"height\":800,\"caption\":\"Cocoons by Live Eyewear\"},\"image\":{\"@id\":\"https:\\\/\\\/cocoons.eu\\\/de\\\/#\\\/schema\\\/logo\\\/image\\\/\"},\"sameAs\":[\"https:\\\/\\\/facebook.com\\\/cocoonseurope\"]}]}<\/script>\n<meta property=\"product:brand\" content=\"Cocoons Fitover-Sonnenbrille\" \/>\n<meta property=\"product:price:amount\" content=\"82.95\" \/>\n<meta property=\"product:price:currency\" content=\"EUR\" \/>\n<meta property=\"og:availability\" content=\"instock\" \/>\n<meta property=\"product:availability\" content=\"instock\" \/>\n<meta property=\"product:retailer_item_id\" content=\"C302B\" \/>\n<meta property=\"product:condition\" content=\"new\" \/>\n<!-- \/ Yoast SEO Premium plugin. -->","yoast_head_json":{"title":"Pilot (L) Schwarz UV-Filter in Boysenberry : Cocoons","description":"xplore the features and benefits of Pilot (L) Schwarz UV-Filter in Boysenberry on Cocoons.eu. Designed for superior performance and style. Order yours today and experience the difference!","robots":{"index":"index","follow":"follow","max-snippet":"max-snippet:-1","max-image-preview":"max-image-preview:large","max-video-preview":"max-video-preview:-1"},"canonical":"https:\/\/cocoons.eu\/de\/shop\/cocoons-de\/fitover-brillen\/filter-fuer-menschen-mit-sehbeeintraechtigungen\/cocoons-low-vision-pilot-l-black-frameboysenberry-uv-filters\/","og_locale":"de_DE","og_type":"article","og_title":"Pilot (L) Schwarz UV-Filter in Boysenberry","og_description":"xplore the features and benefits of Pilot (L) Schwarz UV-Filter in Boysenberry on Cocoons.eu. Designed for superior performance and style. Order yours today and experience the difference!","og_url":"https:\/\/cocoons.eu\/de\/shop\/cocoons-de\/fitover-brillen\/filter-fuer-menschen-mit-sehbeeintraechtigungen\/cocoons-low-vision-pilot-l-black-frameboysenberry-uv-filters\/","og_site_name":"Cocoons","article_publisher":"https:\/\/facebook.com\/cocoonseurope","article_modified_time":"2023-02-28T00:03:39+00:00","og_image":[{"width":800,"height":800,"url":"https:\/\/cocoons.eu\/wp-content\/uploads\/2015\/08\/IMG_2902_edit_website_800x800.jpg","type":"image\/jpeg"}],"twitter_card":"summary_large_image","twitter_misc":{"Preis":"&euro;82,95 (inkl. MwSt\/exkl. Versandkosten)","Verf\u00fcgbarkeit":"Auf Lager"},"schema":{"@context":"https:\/\/schema.org","@graph":[{"@type":"WebPage","@id":"https:\/\/cocoons.eu\/de\/shop\/cocoons-de\/fitover-brillen\/filter-fuer-menschen-mit-sehbeeintraechtigungen\/cocoons-low-vision-pilot-l-black-frameboysenberry-uv-filters\/","url":"https:\/\/cocoons.eu\/de\/shop\/cocoons-de\/fitover-brillen\/filter-fuer-menschen-mit-sehbeeintraechtigungen\/cocoons-low-vision-pilot-l-black-frameboysenberry-uv-filters\/","name":"Pilot (L) Schwarz UV-Filter in Boysenberry : Cocoons","isPartOf":{"@id":"https:\/\/cocoons.eu\/de\/#website"},"primaryImageOfPage":{"@id":"https:\/\/cocoons.eu\/de\/shop\/cocoons-de\/fitover-brillen\/filter-fuer-menschen-mit-sehbeeintraechtigungen\/cocoons-low-vision-pilot-l-black-frameboysenberry-uv-filters\/#primaryimage"},"image":{"@id":"https:\/\/cocoons.eu\/de\/shop\/cocoons-de\/fitover-brillen\/filter-fuer-menschen-mit-sehbeeintraechtigungen\/cocoons-low-vision-pilot-l-black-frameboysenberry-uv-filters\/#primaryimage"},"thumbnailUrl":"https:\/\/cocoons.eu\/wp-content\/uploads\/2015\/08\/IMG_2902_edit_website_800x800.jpg","datePublished":"2015-08-22T07:19:33+00:00","dateModified":"2023-02-28T00:03:39+00:00","description":"xplore the features and benefits of Pilot (L) Schwarz UV-Filter in Boysenberry on Cocoons.eu. Designed for superior performance and style. Order yours today and experience the difference!","breadcrumb":{"@id":"https:\/\/cocoons.eu\/de\/shop\/cocoons-de\/fitover-brillen\/filter-fuer-menschen-mit-sehbeeintraechtigungen\/cocoons-low-vision-pilot-l-black-frameboysenberry-uv-filters\/#breadcrumb"},"inLanguage":"de","potentialAction":[{"@type":"ReadAction","target":["https:\/\/cocoons.eu\/de\/shop\/cocoons-de\/fitover-brillen\/filter-fuer-menschen-mit-sehbeeintraechtigungen\/cocoons-low-vision-pilot-l-black-frameboysenberry-uv-filters\/"]}]},{"@type":"ImageObject","inLanguage":"de","@id":"https:\/\/cocoons.eu\/de\/shop\/cocoons-de\/fitover-brillen\/filter-fuer-menschen-mit-sehbeeintraechtigungen\/cocoons-low-vision-pilot-l-black-frameboysenberry-uv-filters\/#primaryimage","url":"https:\/\/cocoons.eu\/wp-content\/uploads\/2015\/08\/IMG_2902_edit_website_800x800.jpg","contentUrl":"https:\/\/cocoons.eu\/wp-content\/uploads\/2015\/08\/IMG_2902_edit_website_800x800.jpg","width":800,"height":800,"caption":"C302B - Pilot (L) S Soft Touch Schwarz\/Boysenberry"},{"@type":"BreadcrumbList","@id":"https:\/\/cocoons.eu\/de\/shop\/cocoons-de\/fitover-brillen\/filter-fuer-menschen-mit-sehbeeintraechtigungen\/cocoons-low-vision-pilot-l-black-frameboysenberry-uv-filters\/#breadcrumb","itemListElement":[{"@type":"ListItem","position":1,"name":"Home","item":"https:\/\/cocoons.eu\/de\/"},{"@type":"ListItem","position":2,"name":"Shoppen","item":"https:\/\/cocoons.eu\/de\/shop-2\/"},{"@type":"ListItem","position":3,"name":"Pilot (L) Schwarz UV-Filter in Boysenberry"}]},{"@type":"WebSite","@id":"https:\/\/cocoons.eu\/de\/#website","url":"https:\/\/cocoons.eu\/de\/","name":"Cocoons Eyewear Europe","description":"Hochwertige Fitover-Sonnenbrillen","publisher":{"@id":"https:\/\/cocoons.eu\/de\/#organization"},"potentialAction":[{"@type":"SearchAction","target":{"@type":"EntryPoint","urlTemplate":"https:\/\/cocoons.eu\/de\/?s={search_term_string}"},"query-input":{"@type":"PropertyValueSpecification","valueRequired":true,"valueName":"search_term_string"}}],"inLanguage":"de"},{"@type":"Organization","@id":"https:\/\/cocoons.eu\/de\/#organization","name":"Cocoons by Live Eyewear","url":"https:\/\/cocoons.eu\/de\/","logo":{"@type":"ImageObject","inLanguage":"de","@id":"https:\/\/cocoons.eu\/de\/#\/schema\/logo\/image\/","url":"https:\/\/cocoons.eu\/wp-content\/uploads\/2020\/03\/C4218G-DSC_7866ps_edit_website800x800.jpg","contentUrl":"https:\/\/cocoons.eu\/wp-content\/uploads\/2020\/03\/C4218G-DSC_7866ps_edit_website800x800.jpg","width":800,"height":800,"caption":"Cocoons by Live Eyewear"},"image":{"@id":"https:\/\/cocoons.eu\/de\/#\/schema\/logo\/image\/"},"sameAs":["https:\/\/facebook.com\/cocoonseurope"]}]},"product_brand":"Cocoons Fitover-Sonnenbrille","product_price_amount":"82.95","product_price_currency":"EUR","og_availability":"instock","product_availability":"instock","product_retailer_item_id":"C302B","product_condition":"new"},"_links":{"self":[{"href":"https:\/\/cocoons.eu\/de\/wp-json\/wp\/v2\/product\/235432","targetHints":{"allow":["GET"]}}],"collection":[{"href":"https:\/\/cocoons.eu\/de\/wp-json\/wp\/v2\/product"}],"about":[{"href":"https:\/\/cocoons.eu\/de\/wp-json\/wp\/v2\/types\/product"}],"wp:featuredmedia":[{"embeddable":true,"href":"https:\/\/cocoons.eu\/de\/wp-json\/wp\/v2\/media\/235029"}],"wp:attachment":[{"href":"https:\/\/cocoons.eu\/de\/wp-json\/wp\/v2\/media?parent=235432"}],"wp:term":[{"taxonomy":"product_brand","embeddable":true,"href":"https:\/\/cocoons.eu\/de\/wp-json\/wp\/v2\/product_brand?post=235432"},{"taxonomy":"product_cat","embeddable":true,"href":"https:\/\/cocoons.eu\/de\/wp-json\/wp\/v2\/product_cat?post=235432"},{"taxonomy":"product_tag","embeddable":true,"href":"https:\/\/cocoons.eu\/de\/wp-json\/wp\/v2\/product_tag?post=235432"}],"curies":[{"name":"wp","href":"https:\/\/api.w.org\/{rel}","templated":true}]}}