{"id":235386,"date":"2015-08-22T00:21:41","date_gmt":"2015-08-22T07:21:41","guid":{"rendered":"https:\/\/cocoons.eu\/shop\/unkategorisiert\/fitover-schutzbrille-pearl-orange-silber-verspiegelt\/"},"modified":"2023-02-28T03:14:41","modified_gmt":"2023-02-28T02:14:41","slug":"cocoons-fitover-goggles-pearl-frameorange-uv-filters-with-silver-mirror","status":"publish","type":"product","link":"https:\/\/cocoons.eu\/de\/shop\/cocoons-de\/overx-schutzbrille\/overx-schutzbrille-de\/cocoons-fitover-goggles-pearl-frameorange-uv-filters-with-silver-mirror\/","title":{"rendered":"Fitover-Schutzbrille Pearl Orange\/Silber verspiegelt"},"content":{"rendered":"<p>UV400 &#8211; Kratzfest &#8211; Silber verspiegelt &#8211; Zweischichtige Antibeschlag-Gl\u00e4ser &#8211; Bel\u00fcftetes Fassungsdesign &#8211; Inklusive Mikrofaserbeutel &#8211; 5 Jahre Garantie Passt auf Korrektionsfassungen mit einer Breite von weniger als 133 mm und einer H\u00f6he von weniger als 51 mm<\/p>\n","protected":false},"excerpt":{"rendered":"<p>Die Cocoons Fitover (OTG)-Schutzbrille wurde entwickelt, um bei kaltem Wetter eine optimale Sehsch\u00e4rfe und maximalen UV-Schutz zu gew\u00e4hrleisten. Die kontrastreichen orangefarbenen Gl\u00e4ser mit silberner Flash-Verspiegelung d\u00e4mpfen blaues Licht. W\u00e4hrend das blaue Licht ged\u00e4mpft wird, werden die Farben des hohen Spektrums verst\u00e4rkt, um die Sehleistung bei starker Blendung zu verbessern. Die zweischichtigen Gl\u00e4ser in Kombination mit einer Antibeschlag-Beschichtung und dem bel\u00fcfteten Fassungsdesign verhindern Kondensation und sorgen daf\u00fcr, dass die Gl\u00e4ser kristallklar bleiben, w\u00e4hrend sie die Augen vor sch\u00e4dlichem UV-Licht, Wind, Schneeregen und anderen Elementen sch\u00fctzen, die bei kalten Wetterbedingungen auftreten. Cocoons Fitover-Schutzbrillen werden mit einem gro\u00dfen Mikrofaserbeutel und einer 5-Jahres-Garantie geliefert.<\/p>\n","protected":false},"featured_media":231196,"template":"","meta":{"_acf_changed":false},"product_brand":[],"product_cat":[3187,3188],"product_tag":[3189],"class_list":{"0":"post-235386","1":"product","2":"type-product","3":"status-publish","4":"has-post-thumbnail","6":"product_cat-overx-schutzbrille","7":"product_cat-overx-schutzbrille-de","8":"product_tag-schutzbrille","9":"pa_collection-cocoons-schutzbrille","10":"pa_frame-color-pearl-de","11":"pa_frame-finish-gloss-de","12":"pa_lens-tint-orangefarbene-silberne-verspiegelung","14":"first","15":"instock","16":"taxable","17":"shipping-taxable","18":"purchasable","19":"product-type-simple"},"acf":[],"yoast_head":"<!-- This site is optimized with the Yoast SEO Premium plugin v27.5 (Yoast SEO v27.5) - https:\/\/yoast.com\/product\/yoast-seo-premium-wordpress\/ -->\n<title>Fitover-Schutzbrille Pearl Orange\/Silber verspiegelt : Cocoons<\/title>\n<meta name=\"description\" content=\"xplore the features and benefits of Fitover-Schutzbrille Pearl Orange\/Silber verspiegelt on Cocoons.eu. Designed for superior performance and style. Order yours today and experience the difference!\" \/>\n<meta name=\"robots\" content=\"index, follow, max-snippet:-1, max-image-preview:large, max-video-preview:-1\" \/>\n<link rel=\"canonical\" href=\"https:\/\/cocoons.eu\/de\/shop\/cocoons-de\/overx-schutzbrille\/overx-schutzbrille-de\/cocoons-fitover-goggles-pearl-frameorange-uv-filters-with-silver-mirror\/\" \/>\n<meta property=\"og:locale\" content=\"de_DE\" \/>\n<meta property=\"og:type\" content=\"article\" \/>\n<meta property=\"og:title\" content=\"Fitover-Schutzbrille Pearl Orange\/Silber verspiegelt\" \/>\n<meta property=\"og:description\" content=\"xplore the features and benefits of Fitover-Schutzbrille Pearl Orange\/Silber verspiegelt on Cocoons.eu. Designed for superior performance and style. Order yours today and experience the difference!\" \/>\n<meta property=\"og:url\" content=\"https:\/\/cocoons.eu\/de\/shop\/cocoons-de\/overx-schutzbrille\/overx-schutzbrille-de\/cocoons-fitover-goggles-pearl-frameorange-uv-filters-with-silver-mirror\/\" \/>\n<meta property=\"og:site_name\" content=\"Cocoons\" \/>\n<meta property=\"article:publisher\" content=\"https:\/\/facebook.com\/cocoonseurope\" \/>\n<meta property=\"article:modified_time\" content=\"2023-02-28T02:14:41+00:00\" \/>\n<meta property=\"og:image\" content=\"https:\/\/cocoons.eu\/wp-content\/uploads\/2015\/08\/R3015O.jpg\" \/>\n\t<meta property=\"og:image:width\" content=\"800\" \/>\n\t<meta property=\"og:image:height\" content=\"800\" \/>\n\t<meta property=\"og:image:type\" content=\"image\/jpeg\" \/>\n<meta name=\"twitter:card\" content=\"summary_large_image\" \/>\n<meta name=\"twitter:label1\" content=\"Preis\" \/>\n\t<meta name=\"twitter:data1\" content=\"&euro;89,95 (inkl. MwSt\/exkl. Versandkosten)\" \/>\n\t<meta name=\"twitter:label2\" content=\"Verf\u00fcgbarkeit\" \/>\n\t<meta name=\"twitter:data2\" content=\"Auf Lager\" \/>\n<script type=\"application\/ld+json\" class=\"yoast-schema-graph\">{\"@context\":\"https:\\\/\\\/schema.org\",\"@graph\":[{\"@type\":\"WebPage\",\"@id\":\"https:\\\/\\\/cocoons.eu\\\/de\\\/shop\\\/cocoons-de\\\/overx-schutzbrille\\\/overx-schutzbrille-de\\\/cocoons-fitover-goggles-pearl-frameorange-uv-filters-with-silver-mirror\\\/\",\"url\":\"https:\\\/\\\/cocoons.eu\\\/de\\\/shop\\\/cocoons-de\\\/overx-schutzbrille\\\/overx-schutzbrille-de\\\/cocoons-fitover-goggles-pearl-frameorange-uv-filters-with-silver-mirror\\\/\",\"name\":\"Fitover-Schutzbrille Pearl Orange\\\/Silber verspiegelt : Cocoons\",\"isPartOf\":{\"@id\":\"https:\\\/\\\/cocoons.eu\\\/de\\\/#website\"},\"primaryImageOfPage\":{\"@id\":\"https:\\\/\\\/cocoons.eu\\\/de\\\/shop\\\/cocoons-de\\\/overx-schutzbrille\\\/overx-schutzbrille-de\\\/cocoons-fitover-goggles-pearl-frameorange-uv-filters-with-silver-mirror\\\/#primaryimage\"},\"image\":{\"@id\":\"https:\\\/\\\/cocoons.eu\\\/de\\\/shop\\\/cocoons-de\\\/overx-schutzbrille\\\/overx-schutzbrille-de\\\/cocoons-fitover-goggles-pearl-frameorange-uv-filters-with-silver-mirror\\\/#primaryimage\"},\"thumbnailUrl\":\"https:\\\/\\\/cocoons.eu\\\/wp-content\\\/uploads\\\/2015\\\/08\\\/R3015O.jpg\",\"datePublished\":\"2015-08-22T07:21:41+00:00\",\"dateModified\":\"2023-02-28T02:14:41+00:00\",\"description\":\"xplore the features and benefits of Fitover-Schutzbrille Pearl Orange\\\/Silber verspiegelt on Cocoons.eu. Designed for superior performance and style. Order yours today and experience the difference!\",\"breadcrumb\":{\"@id\":\"https:\\\/\\\/cocoons.eu\\\/de\\\/shop\\\/cocoons-de\\\/overx-schutzbrille\\\/overx-schutzbrille-de\\\/cocoons-fitover-goggles-pearl-frameorange-uv-filters-with-silver-mirror\\\/#breadcrumb\"},\"inLanguage\":\"de\",\"potentialAction\":[{\"@type\":\"ReadAction\",\"target\":[\"https:\\\/\\\/cocoons.eu\\\/de\\\/shop\\\/cocoons-de\\\/overx-schutzbrille\\\/overx-schutzbrille-de\\\/cocoons-fitover-goggles-pearl-frameorange-uv-filters-with-silver-mirror\\\/\"]}]},{\"@type\":\"ImageObject\",\"inLanguage\":\"de\",\"@id\":\"https:\\\/\\\/cocoons.eu\\\/de\\\/shop\\\/cocoons-de\\\/overx-schutzbrille\\\/overx-schutzbrille-de\\\/cocoons-fitover-goggles-pearl-frameorange-uv-filters-with-silver-mirror\\\/#primaryimage\",\"url\":\"https:\\\/\\\/cocoons.eu\\\/wp-content\\\/uploads\\\/2015\\\/08\\\/R3015O.jpg\",\"contentUrl\":\"https:\\\/\\\/cocoons.eu\\\/wp-content\\\/uploads\\\/2015\\\/08\\\/R3015O.jpg\",\"width\":800,\"height\":800},{\"@type\":\"BreadcrumbList\",\"@id\":\"https:\\\/\\\/cocoons.eu\\\/de\\\/shop\\\/cocoons-de\\\/overx-schutzbrille\\\/overx-schutzbrille-de\\\/cocoons-fitover-goggles-pearl-frameorange-uv-filters-with-silver-mirror\\\/#breadcrumb\",\"itemListElement\":[{\"@type\":\"ListItem\",\"position\":1,\"name\":\"Home\",\"item\":\"https:\\\/\\\/cocoons.eu\\\/de\\\/\"},{\"@type\":\"ListItem\",\"position\":2,\"name\":\"Shoppen\",\"item\":\"https:\\\/\\\/cocoons.eu\\\/de\\\/shop-2\\\/\"},{\"@type\":\"ListItem\",\"position\":3,\"name\":\"Fitover-Schutzbrille Pearl Orange\\\/Silber verspiegelt\"}]},{\"@type\":\"WebSite\",\"@id\":\"https:\\\/\\\/cocoons.eu\\\/de\\\/#website\",\"url\":\"https:\\\/\\\/cocoons.eu\\\/de\\\/\",\"name\":\"Cocoons Eyewear Europe\",\"description\":\"Hochwertige Fitover-Sonnenbrillen\",\"publisher\":{\"@id\":\"https:\\\/\\\/cocoons.eu\\\/de\\\/#organization\"},\"potentialAction\":[{\"@type\":\"SearchAction\",\"target\":{\"@type\":\"EntryPoint\",\"urlTemplate\":\"https:\\\/\\\/cocoons.eu\\\/de\\\/?s={search_term_string}\"},\"query-input\":{\"@type\":\"PropertyValueSpecification\",\"valueRequired\":true,\"valueName\":\"search_term_string\"}}],\"inLanguage\":\"de\"},{\"@type\":\"Organization\",\"@id\":\"https:\\\/\\\/cocoons.eu\\\/de\\\/#organization\",\"name\":\"Cocoons by Live Eyewear\",\"url\":\"https:\\\/\\\/cocoons.eu\\\/de\\\/\",\"logo\":{\"@type\":\"ImageObject\",\"inLanguage\":\"de\",\"@id\":\"https:\\\/\\\/cocoons.eu\\\/de\\\/#\\\/schema\\\/logo\\\/image\\\/\",\"url\":\"https:\\\/\\\/cocoons.eu\\\/wp-content\\\/uploads\\\/2020\\\/03\\\/C4218G-DSC_7866ps_edit_website800x800.jpg\",\"contentUrl\":\"https:\\\/\\\/cocoons.eu\\\/wp-content\\\/uploads\\\/2020\\\/03\\\/C4218G-DSC_7866ps_edit_website800x800.jpg\",\"width\":800,\"height\":800,\"caption\":\"Cocoons by Live Eyewear\"},\"image\":{\"@id\":\"https:\\\/\\\/cocoons.eu\\\/de\\\/#\\\/schema\\\/logo\\\/image\\\/\"},\"sameAs\":[\"https:\\\/\\\/facebook.com\\\/cocoonseurope\"]}]}<\/script>\n<meta property=\"product:brand\" content=\"Cocoons Schutzbrille\" \/>\n<meta property=\"product:price:amount\" content=\"89.95\" \/>\n<meta property=\"product:price:currency\" content=\"EUR\" \/>\n<meta property=\"og:availability\" content=\"instock\" \/>\n<meta property=\"product:availability\" content=\"instock\" \/>\n<meta property=\"product:retailer_item_id\" content=\"R3015O\" \/>\n<meta property=\"product:condition\" content=\"new\" \/>\n<!-- \/ Yoast SEO Premium plugin. -->","yoast_head_json":{"title":"Fitover-Schutzbrille Pearl Orange\/Silber verspiegelt : Cocoons","description":"xplore the features and benefits of Fitover-Schutzbrille Pearl Orange\/Silber verspiegelt on Cocoons.eu. Designed for superior performance and style. Order yours today and experience the difference!","robots":{"index":"index","follow":"follow","max-snippet":"max-snippet:-1","max-image-preview":"max-image-preview:large","max-video-preview":"max-video-preview:-1"},"canonical":"https:\/\/cocoons.eu\/de\/shop\/cocoons-de\/overx-schutzbrille\/overx-schutzbrille-de\/cocoons-fitover-goggles-pearl-frameorange-uv-filters-with-silver-mirror\/","og_locale":"de_DE","og_type":"article","og_title":"Fitover-Schutzbrille Pearl Orange\/Silber verspiegelt","og_description":"xplore the features and benefits of Fitover-Schutzbrille Pearl Orange\/Silber verspiegelt on Cocoons.eu. Designed for superior performance and style. Order yours today and experience the difference!","og_url":"https:\/\/cocoons.eu\/de\/shop\/cocoons-de\/overx-schutzbrille\/overx-schutzbrille-de\/cocoons-fitover-goggles-pearl-frameorange-uv-filters-with-silver-mirror\/","og_site_name":"Cocoons","article_publisher":"https:\/\/facebook.com\/cocoonseurope","article_modified_time":"2023-02-28T02:14:41+00:00","og_image":[{"width":800,"height":800,"url":"https:\/\/cocoons.eu\/wp-content\/uploads\/2015\/08\/R3015O.jpg","type":"image\/jpeg"}],"twitter_card":"summary_large_image","twitter_misc":{"Preis":"&euro;89,95 (inkl. MwSt\/exkl. Versandkosten)","Verf\u00fcgbarkeit":"Auf Lager"},"schema":{"@context":"https:\/\/schema.org","@graph":[{"@type":"WebPage","@id":"https:\/\/cocoons.eu\/de\/shop\/cocoons-de\/overx-schutzbrille\/overx-schutzbrille-de\/cocoons-fitover-goggles-pearl-frameorange-uv-filters-with-silver-mirror\/","url":"https:\/\/cocoons.eu\/de\/shop\/cocoons-de\/overx-schutzbrille\/overx-schutzbrille-de\/cocoons-fitover-goggles-pearl-frameorange-uv-filters-with-silver-mirror\/","name":"Fitover-Schutzbrille Pearl Orange\/Silber verspiegelt : Cocoons","isPartOf":{"@id":"https:\/\/cocoons.eu\/de\/#website"},"primaryImageOfPage":{"@id":"https:\/\/cocoons.eu\/de\/shop\/cocoons-de\/overx-schutzbrille\/overx-schutzbrille-de\/cocoons-fitover-goggles-pearl-frameorange-uv-filters-with-silver-mirror\/#primaryimage"},"image":{"@id":"https:\/\/cocoons.eu\/de\/shop\/cocoons-de\/overx-schutzbrille\/overx-schutzbrille-de\/cocoons-fitover-goggles-pearl-frameorange-uv-filters-with-silver-mirror\/#primaryimage"},"thumbnailUrl":"https:\/\/cocoons.eu\/wp-content\/uploads\/2015\/08\/R3015O.jpg","datePublished":"2015-08-22T07:21:41+00:00","dateModified":"2023-02-28T02:14:41+00:00","description":"xplore the features and benefits of Fitover-Schutzbrille Pearl Orange\/Silber verspiegelt on Cocoons.eu. Designed for superior performance and style. Order yours today and experience the difference!","breadcrumb":{"@id":"https:\/\/cocoons.eu\/de\/shop\/cocoons-de\/overx-schutzbrille\/overx-schutzbrille-de\/cocoons-fitover-goggles-pearl-frameorange-uv-filters-with-silver-mirror\/#breadcrumb"},"inLanguage":"de","potentialAction":[{"@type":"ReadAction","target":["https:\/\/cocoons.eu\/de\/shop\/cocoons-de\/overx-schutzbrille\/overx-schutzbrille-de\/cocoons-fitover-goggles-pearl-frameorange-uv-filters-with-silver-mirror\/"]}]},{"@type":"ImageObject","inLanguage":"de","@id":"https:\/\/cocoons.eu\/de\/shop\/cocoons-de\/overx-schutzbrille\/overx-schutzbrille-de\/cocoons-fitover-goggles-pearl-frameorange-uv-filters-with-silver-mirror\/#primaryimage","url":"https:\/\/cocoons.eu\/wp-content\/uploads\/2015\/08\/R3015O.jpg","contentUrl":"https:\/\/cocoons.eu\/wp-content\/uploads\/2015\/08\/R3015O.jpg","width":800,"height":800},{"@type":"BreadcrumbList","@id":"https:\/\/cocoons.eu\/de\/shop\/cocoons-de\/overx-schutzbrille\/overx-schutzbrille-de\/cocoons-fitover-goggles-pearl-frameorange-uv-filters-with-silver-mirror\/#breadcrumb","itemListElement":[{"@type":"ListItem","position":1,"name":"Home","item":"https:\/\/cocoons.eu\/de\/"},{"@type":"ListItem","position":2,"name":"Shoppen","item":"https:\/\/cocoons.eu\/de\/shop-2\/"},{"@type":"ListItem","position":3,"name":"Fitover-Schutzbrille Pearl Orange\/Silber verspiegelt"}]},{"@type":"WebSite","@id":"https:\/\/cocoons.eu\/de\/#website","url":"https:\/\/cocoons.eu\/de\/","name":"Cocoons Eyewear Europe","description":"Hochwertige Fitover-Sonnenbrillen","publisher":{"@id":"https:\/\/cocoons.eu\/de\/#organization"},"potentialAction":[{"@type":"SearchAction","target":{"@type":"EntryPoint","urlTemplate":"https:\/\/cocoons.eu\/de\/?s={search_term_string}"},"query-input":{"@type":"PropertyValueSpecification","valueRequired":true,"valueName":"search_term_string"}}],"inLanguage":"de"},{"@type":"Organization","@id":"https:\/\/cocoons.eu\/de\/#organization","name":"Cocoons by Live Eyewear","url":"https:\/\/cocoons.eu\/de\/","logo":{"@type":"ImageObject","inLanguage":"de","@id":"https:\/\/cocoons.eu\/de\/#\/schema\/logo\/image\/","url":"https:\/\/cocoons.eu\/wp-content\/uploads\/2020\/03\/C4218G-DSC_7866ps_edit_website800x800.jpg","contentUrl":"https:\/\/cocoons.eu\/wp-content\/uploads\/2020\/03\/C4218G-DSC_7866ps_edit_website800x800.jpg","width":800,"height":800,"caption":"Cocoons by Live Eyewear"},"image":{"@id":"https:\/\/cocoons.eu\/de\/#\/schema\/logo\/image\/"},"sameAs":["https:\/\/facebook.com\/cocoonseurope"]}]},"product_brand":"Cocoons Schutzbrille","product_price_amount":"89.95","product_price_currency":"EUR","og_availability":"instock","product_availability":"instock","product_retailer_item_id":"R3015O","product_condition":"new"},"_links":{"self":[{"href":"https:\/\/cocoons.eu\/de\/wp-json\/wp\/v2\/product\/235386","targetHints":{"allow":["GET"]}}],"collection":[{"href":"https:\/\/cocoons.eu\/de\/wp-json\/wp\/v2\/product"}],"about":[{"href":"https:\/\/cocoons.eu\/de\/wp-json\/wp\/v2\/types\/product"}],"wp:featuredmedia":[{"embeddable":true,"href":"https:\/\/cocoons.eu\/de\/wp-json\/wp\/v2\/media\/231196"}],"wp:attachment":[{"href":"https:\/\/cocoons.eu\/de\/wp-json\/wp\/v2\/media?parent=235386"}],"wp:term":[{"taxonomy":"product_brand","embeddable":true,"href":"https:\/\/cocoons.eu\/de\/wp-json\/wp\/v2\/product_brand?post=235386"},{"taxonomy":"product_cat","embeddable":true,"href":"https:\/\/cocoons.eu\/de\/wp-json\/wp\/v2\/product_cat?post=235386"},{"taxonomy":"product_tag","embeddable":true,"href":"https:\/\/cocoons.eu\/de\/wp-json\/wp\/v2\/product_tag?post=235386"}],"curies":[{"name":"wp","href":"https:\/\/api.w.org\/{rel}","templated":true}]}}