{"id":235367,"date":"2017-11-13T16:34:15","date_gmt":"2017-11-14T00:34:15","guid":{"rendered":"https:\/\/cocoons.eu\/shop\/unkategorisiert\/style-line-mx-twilight-night-driver-nachtfahrglaeser\/"},"modified":"2025-10-20T22:59:01","modified_gmt":"2025-10-20T20:59:01","slug":"style-line-mx-sand-twilight-driving-glasses","status":"publish","type":"product","link":"https:\/\/cocoons.eu\/de\/shop\/cocoons-de\/style-line-mx-sand-twilight-driving-glasses\/","title":{"rendered":"Style Line (MX) Twilight Night Driver"},"content":{"rendered":"","protected":false},"excerpt":{"rendered":"<p>Nachtfahrten k\u00f6nnen f\u00fcr viele Menschen im Alter problematisch werden. Die Pupille wird weniger empfindlich und l\u00e4sst schlie\u00dflich weniger Licht durch. Fahrer \u00fcber 60 erhalten m\u00f6glicherweise nur noch die H\u00e4lfte der Lichtdurchl\u00e4ssigkeit, die sie im Alter von 20 Jahren hatten, was das Fahren in der Nacht schwierig oder sogar gef\u00e4hrlich machen kann. In der Dunkelheit ist es besonders schwierig, klar zu sehen. Mit zunehmendem Alter wird das Auge lichtempfindlicher, wodurch die Blendung durch entgegenkommende Scheinwerfer problematischer wird. Cocoons Twilight Fitovers reduzieren die Blendung des Gegenverkehrs durch ein entspiegeltes Linsensystem, das auch hochenergetisches sichtbares blaues Licht blockiert, wie es von modernen LED-Scheinwerfern erzeugt wird. Die wissenschaftlich entwickelte T\u00f6nung verst\u00e4rkt au\u00dferdem den Kontrast und verbessert die Tiefenwahrnehmung. Das D\u00e4mmerungslinsensystem ist bei Nacht oder bei Nebel\/Regen sehr effektiv. Ihre Augen bleiben entspannt und konzentriert. Die Augen werden weniger beansprucht und erm\u00fcden weniger, da die Objekte klarer und leichter zu erkennen sind.<\/p>\n<p><em><span style=\"color: #50b848;\">&#8220;Zweites Paar f\u00fcr mich. Nachdem ich sie ausprobiert habe, m\u00f6chte ich nachts nicht mehr ohne sie fahren.&#8221;<\/span> <img decoding=\"async\" class=\"usr\" src=\"https:\/\/cocoons.eu\/wp-content\/plugins\/universal-star-rating\/includes\/image.php?img=01.png&amp;px=15&amp;max=5&amp;rat=4.5\" alt=\"4.5 out of 5 stars\" style=\"height: 15px !important;\" \/> (4,5 \/ 5) Collin F., Manchester, Vereinigtes K\u00f6nigreich<\/em><\/p>\n","protected":false},"featured_media":232703,"template":"","meta":{"_acf_changed":false},"product_brand":[],"product_cat":[3115,3125,3126,3127],"product_tag":[3128,3129],"class_list":{"0":"post-235367","1":"product","2":"type-product","3":"status-publish","4":"has-post-thumbnail","6":"product_cat-cocoons-de","7":"product_cat-fitover-brillen","8":"product_cat-nachtfahrbrillen","9":"product_cat-sehhilfen-fur-schwaches-licht-und-starken-kontrast","10":"product_tag-cocoons-nachtfahrglaser","11":"product_tag-sfc-styleline-de","12":"pa_collection-cocoons-fitover-sonnenbrille","13":"pa_frame-color-sandfarben","14":"pa_frame-finish-soft-touch-de","15":"pa_lens-tint-nachtfahrbrillen","16":"pa_model-style-line-de","17":"pa_size-mx-style-line","19":"first","20":"instock","21":"taxable","22":"shipping-taxable","23":"purchasable","24":"product-type-simple"},"acf":[],"yoast_head":"<!-- This site is optimized with the Yoast SEO Premium plugin v27.5 (Yoast SEO v27.5) - https:\/\/yoast.com\/product\/yoast-seo-premium-wordpress\/ -->\n<title>Style Line (MX) Twilight Night Driver : Cocoons<\/title>\n<meta name=\"description\" content=\"xplore the features and benefits of Style Line (MX) Twilight Night Driver on Cocoons.eu. Designed for superior performance and style. Order yours today and experience the difference!\" \/>\n<meta name=\"robots\" content=\"index, follow, max-snippet:-1, max-image-preview:large, max-video-preview:-1\" \/>\n<link rel=\"canonical\" href=\"https:\/\/cocoons.eu\/de\/shop\/cocoons-de\/style-line-mx-sand-twilight-driving-glasses\/\" \/>\n<meta property=\"og:locale\" content=\"de_DE\" \/>\n<meta property=\"og:type\" content=\"article\" \/>\n<meta property=\"og:title\" content=\"Style Line (MX) Twilight Night Driver\" \/>\n<meta property=\"og:description\" content=\"xplore the features and benefits of Style Line (MX) Twilight Night Driver on Cocoons.eu. Designed for superior performance and style. Order yours today and experience the difference!\" \/>\n<meta property=\"og:url\" content=\"https:\/\/cocoons.eu\/de\/shop\/cocoons-de\/style-line-mx-sand-twilight-driving-glasses\/\" \/>\n<meta property=\"og:site_name\" content=\"Cocoons\" \/>\n<meta property=\"article:publisher\" content=\"https:\/\/facebook.com\/cocoonseurope\" \/>\n<meta property=\"article:modified_time\" content=\"2025-10-20T20:59:01+00:00\" \/>\n<meta property=\"og:image\" content=\"https:\/\/cocoons.eu\/wp-content\/uploads\/2017\/11\/C705T_Cocoons-StyleLine-MX-Sand-Frame-Twilight-Lenses.jpg\" \/>\n\t<meta property=\"og:image:width\" content=\"800\" \/>\n\t<meta property=\"og:image:height\" content=\"800\" \/>\n\t<meta property=\"og:image:type\" content=\"image\/jpeg\" \/>\n<meta name=\"twitter:card\" content=\"summary_large_image\" \/>\n<meta name=\"twitter:label1\" content=\"Preis\" \/>\n\t<meta name=\"twitter:data1\" content=\"&euro;94,95 (inkl. MwSt\/exkl. Versandkosten)\" \/>\n\t<meta name=\"twitter:label2\" content=\"Verf\u00fcgbarkeit\" \/>\n\t<meta name=\"twitter:data2\" content=\"Auf Lager\" \/>\n<script type=\"application\/ld+json\" class=\"yoast-schema-graph\">{\"@context\":\"https:\\\/\\\/schema.org\",\"@graph\":[{\"@type\":\"WebPage\",\"@id\":\"https:\\\/\\\/cocoons.eu\\\/de\\\/shop\\\/cocoons-de\\\/style-line-mx-sand-twilight-driving-glasses\\\/\",\"url\":\"https:\\\/\\\/cocoons.eu\\\/de\\\/shop\\\/cocoons-de\\\/style-line-mx-sand-twilight-driving-glasses\\\/\",\"name\":\"Style Line (MX) Twilight Night Driver : Cocoons\",\"isPartOf\":{\"@id\":\"https:\\\/\\\/cocoons.eu\\\/de\\\/#website\"},\"primaryImageOfPage\":{\"@id\":\"https:\\\/\\\/cocoons.eu\\\/de\\\/shop\\\/cocoons-de\\\/style-line-mx-sand-twilight-driving-glasses\\\/#primaryimage\"},\"image\":{\"@id\":\"https:\\\/\\\/cocoons.eu\\\/de\\\/shop\\\/cocoons-de\\\/style-line-mx-sand-twilight-driving-glasses\\\/#primaryimage\"},\"thumbnailUrl\":\"https:\\\/\\\/cocoons.eu\\\/wp-content\\\/uploads\\\/2017\\\/11\\\/C705T_Cocoons-StyleLine-MX-Sand-Frame-Twilight-Lenses.jpg\",\"datePublished\":\"2017-11-14T00:34:15+00:00\",\"dateModified\":\"2025-10-20T20:59:01+00:00\",\"description\":\"xplore the features and benefits of Style Line (MX) Twilight Night Driver on Cocoons.eu. Designed for superior performance and style. Order yours today and experience the difference!\",\"breadcrumb\":{\"@id\":\"https:\\\/\\\/cocoons.eu\\\/de\\\/shop\\\/cocoons-de\\\/style-line-mx-sand-twilight-driving-glasses\\\/#breadcrumb\"},\"inLanguage\":\"de\",\"potentialAction\":[{\"@type\":\"ReadAction\",\"target\":[\"https:\\\/\\\/cocoons.eu\\\/de\\\/shop\\\/cocoons-de\\\/style-line-mx-sand-twilight-driving-glasses\\\/\"]}]},{\"@type\":\"ImageObject\",\"inLanguage\":\"de\",\"@id\":\"https:\\\/\\\/cocoons.eu\\\/de\\\/shop\\\/cocoons-de\\\/style-line-mx-sand-twilight-driving-glasses\\\/#primaryimage\",\"url\":\"https:\\\/\\\/cocoons.eu\\\/wp-content\\\/uploads\\\/2017\\\/11\\\/C705T_Cocoons-StyleLine-MX-Sand-Frame-Twilight-Lenses.jpg\",\"contentUrl\":\"https:\\\/\\\/cocoons.eu\\\/wp-content\\\/uploads\\\/2017\\\/11\\\/C705T_Cocoons-StyleLine-MX-Sand-Frame-Twilight-Lenses.jpg\",\"width\":800,\"height\":800},{\"@type\":\"BreadcrumbList\",\"@id\":\"https:\\\/\\\/cocoons.eu\\\/de\\\/shop\\\/cocoons-de\\\/style-line-mx-sand-twilight-driving-glasses\\\/#breadcrumb\",\"itemListElement\":[{\"@type\":\"ListItem\",\"position\":1,\"name\":\"Home\",\"item\":\"https:\\\/\\\/cocoons.eu\\\/de\\\/\"},{\"@type\":\"ListItem\",\"position\":2,\"name\":\"Shoppen\",\"item\":\"https:\\\/\\\/cocoons.eu\\\/de\\\/shop-2\\\/\"},{\"@type\":\"ListItem\",\"position\":3,\"name\":\"Style Line (MX) Twilight Night Driver\"}]},{\"@type\":\"WebSite\",\"@id\":\"https:\\\/\\\/cocoons.eu\\\/de\\\/#website\",\"url\":\"https:\\\/\\\/cocoons.eu\\\/de\\\/\",\"name\":\"Cocoons Eyewear Europe\",\"description\":\"Hochwertige Fitover-Sonnenbrillen\",\"publisher\":{\"@id\":\"https:\\\/\\\/cocoons.eu\\\/de\\\/#organization\"},\"potentialAction\":[{\"@type\":\"SearchAction\",\"target\":{\"@type\":\"EntryPoint\",\"urlTemplate\":\"https:\\\/\\\/cocoons.eu\\\/de\\\/?s={search_term_string}\"},\"query-input\":{\"@type\":\"PropertyValueSpecification\",\"valueRequired\":true,\"valueName\":\"search_term_string\"}}],\"inLanguage\":\"de\"},{\"@type\":\"Organization\",\"@id\":\"https:\\\/\\\/cocoons.eu\\\/de\\\/#organization\",\"name\":\"Cocoons by Live Eyewear\",\"url\":\"https:\\\/\\\/cocoons.eu\\\/de\\\/\",\"logo\":{\"@type\":\"ImageObject\",\"inLanguage\":\"de\",\"@id\":\"https:\\\/\\\/cocoons.eu\\\/de\\\/#\\\/schema\\\/logo\\\/image\\\/\",\"url\":\"https:\\\/\\\/cocoons.eu\\\/wp-content\\\/uploads\\\/2020\\\/03\\\/C4218G-DSC_7866ps_edit_website800x800.jpg\",\"contentUrl\":\"https:\\\/\\\/cocoons.eu\\\/wp-content\\\/uploads\\\/2020\\\/03\\\/C4218G-DSC_7866ps_edit_website800x800.jpg\",\"width\":800,\"height\":800,\"caption\":\"Cocoons by Live Eyewear\"},\"image\":{\"@id\":\"https:\\\/\\\/cocoons.eu\\\/de\\\/#\\\/schema\\\/logo\\\/image\\\/\"},\"sameAs\":[\"https:\\\/\\\/facebook.com\\\/cocoonseurope\"]}]}<\/script>\n<meta property=\"product:brand\" content=\"Cocoons Fitover-Sonnenbrille\" \/>\n<meta property=\"product:price:amount\" content=\"94.95\" \/>\n<meta property=\"product:price:currency\" content=\"EUR\" \/>\n<meta property=\"og:availability\" content=\"instock\" \/>\n<meta property=\"product:availability\" content=\"instock\" \/>\n<meta property=\"product:retailer_item_id\" content=\"C705T\" \/>\n<meta property=\"product:condition\" content=\"new\" \/>\n<!-- \/ Yoast SEO Premium plugin. -->","yoast_head_json":{"title":"Style Line (MX) Twilight Night Driver : Cocoons","description":"xplore the features and benefits of Style Line (MX) Twilight Night Driver on Cocoons.eu. Designed for superior performance and style. Order yours today and experience the difference!","robots":{"index":"index","follow":"follow","max-snippet":"max-snippet:-1","max-image-preview":"max-image-preview:large","max-video-preview":"max-video-preview:-1"},"canonical":"https:\/\/cocoons.eu\/de\/shop\/cocoons-de\/style-line-mx-sand-twilight-driving-glasses\/","og_locale":"de_DE","og_type":"article","og_title":"Style Line (MX) Twilight Night Driver","og_description":"xplore the features and benefits of Style Line (MX) Twilight Night Driver on Cocoons.eu. Designed for superior performance and style. Order yours today and experience the difference!","og_url":"https:\/\/cocoons.eu\/de\/shop\/cocoons-de\/style-line-mx-sand-twilight-driving-glasses\/","og_site_name":"Cocoons","article_publisher":"https:\/\/facebook.com\/cocoonseurope","article_modified_time":"2025-10-20T20:59:01+00:00","og_image":[{"width":800,"height":800,"url":"https:\/\/cocoons.eu\/wp-content\/uploads\/2017\/11\/C705T_Cocoons-StyleLine-MX-Sand-Frame-Twilight-Lenses.jpg","type":"image\/jpeg"}],"twitter_card":"summary_large_image","twitter_misc":{"Preis":"&euro;94,95 (inkl. MwSt\/exkl. Versandkosten)","Verf\u00fcgbarkeit":"Auf Lager"},"schema":{"@context":"https:\/\/schema.org","@graph":[{"@type":"WebPage","@id":"https:\/\/cocoons.eu\/de\/shop\/cocoons-de\/style-line-mx-sand-twilight-driving-glasses\/","url":"https:\/\/cocoons.eu\/de\/shop\/cocoons-de\/style-line-mx-sand-twilight-driving-glasses\/","name":"Style Line (MX) Twilight Night Driver : Cocoons","isPartOf":{"@id":"https:\/\/cocoons.eu\/de\/#website"},"primaryImageOfPage":{"@id":"https:\/\/cocoons.eu\/de\/shop\/cocoons-de\/style-line-mx-sand-twilight-driving-glasses\/#primaryimage"},"image":{"@id":"https:\/\/cocoons.eu\/de\/shop\/cocoons-de\/style-line-mx-sand-twilight-driving-glasses\/#primaryimage"},"thumbnailUrl":"https:\/\/cocoons.eu\/wp-content\/uploads\/2017\/11\/C705T_Cocoons-StyleLine-MX-Sand-Frame-Twilight-Lenses.jpg","datePublished":"2017-11-14T00:34:15+00:00","dateModified":"2025-10-20T20:59:01+00:00","description":"xplore the features and benefits of Style Line (MX) Twilight Night Driver on Cocoons.eu. Designed for superior performance and style. Order yours today and experience the difference!","breadcrumb":{"@id":"https:\/\/cocoons.eu\/de\/shop\/cocoons-de\/style-line-mx-sand-twilight-driving-glasses\/#breadcrumb"},"inLanguage":"de","potentialAction":[{"@type":"ReadAction","target":["https:\/\/cocoons.eu\/de\/shop\/cocoons-de\/style-line-mx-sand-twilight-driving-glasses\/"]}]},{"@type":"ImageObject","inLanguage":"de","@id":"https:\/\/cocoons.eu\/de\/shop\/cocoons-de\/style-line-mx-sand-twilight-driving-glasses\/#primaryimage","url":"https:\/\/cocoons.eu\/wp-content\/uploads\/2017\/11\/C705T_Cocoons-StyleLine-MX-Sand-Frame-Twilight-Lenses.jpg","contentUrl":"https:\/\/cocoons.eu\/wp-content\/uploads\/2017\/11\/C705T_Cocoons-StyleLine-MX-Sand-Frame-Twilight-Lenses.jpg","width":800,"height":800},{"@type":"BreadcrumbList","@id":"https:\/\/cocoons.eu\/de\/shop\/cocoons-de\/style-line-mx-sand-twilight-driving-glasses\/#breadcrumb","itemListElement":[{"@type":"ListItem","position":1,"name":"Home","item":"https:\/\/cocoons.eu\/de\/"},{"@type":"ListItem","position":2,"name":"Shoppen","item":"https:\/\/cocoons.eu\/de\/shop-2\/"},{"@type":"ListItem","position":3,"name":"Style Line (MX) Twilight Night Driver"}]},{"@type":"WebSite","@id":"https:\/\/cocoons.eu\/de\/#website","url":"https:\/\/cocoons.eu\/de\/","name":"Cocoons Eyewear Europe","description":"Hochwertige Fitover-Sonnenbrillen","publisher":{"@id":"https:\/\/cocoons.eu\/de\/#organization"},"potentialAction":[{"@type":"SearchAction","target":{"@type":"EntryPoint","urlTemplate":"https:\/\/cocoons.eu\/de\/?s={search_term_string}"},"query-input":{"@type":"PropertyValueSpecification","valueRequired":true,"valueName":"search_term_string"}}],"inLanguage":"de"},{"@type":"Organization","@id":"https:\/\/cocoons.eu\/de\/#organization","name":"Cocoons by Live Eyewear","url":"https:\/\/cocoons.eu\/de\/","logo":{"@type":"ImageObject","inLanguage":"de","@id":"https:\/\/cocoons.eu\/de\/#\/schema\/logo\/image\/","url":"https:\/\/cocoons.eu\/wp-content\/uploads\/2020\/03\/C4218G-DSC_7866ps_edit_website800x800.jpg","contentUrl":"https:\/\/cocoons.eu\/wp-content\/uploads\/2020\/03\/C4218G-DSC_7866ps_edit_website800x800.jpg","width":800,"height":800,"caption":"Cocoons by Live Eyewear"},"image":{"@id":"https:\/\/cocoons.eu\/de\/#\/schema\/logo\/image\/"},"sameAs":["https:\/\/facebook.com\/cocoonseurope"]}]},"product_brand":"Cocoons Fitover-Sonnenbrille","product_price_amount":"94.95","product_price_currency":"EUR","og_availability":"instock","product_availability":"instock","product_retailer_item_id":"C705T","product_condition":"new"},"_links":{"self":[{"href":"https:\/\/cocoons.eu\/de\/wp-json\/wp\/v2\/product\/235367","targetHints":{"allow":["GET"]}}],"collection":[{"href":"https:\/\/cocoons.eu\/de\/wp-json\/wp\/v2\/product"}],"about":[{"href":"https:\/\/cocoons.eu\/de\/wp-json\/wp\/v2\/types\/product"}],"wp:featuredmedia":[{"embeddable":true,"href":"https:\/\/cocoons.eu\/de\/wp-json\/wp\/v2\/media\/232703"}],"wp:attachment":[{"href":"https:\/\/cocoons.eu\/de\/wp-json\/wp\/v2\/media?parent=235367"}],"wp:term":[{"taxonomy":"product_brand","embeddable":true,"href":"https:\/\/cocoons.eu\/de\/wp-json\/wp\/v2\/product_brand?post=235367"},{"taxonomy":"product_cat","embeddable":true,"href":"https:\/\/cocoons.eu\/de\/wp-json\/wp\/v2\/product_cat?post=235367"},{"taxonomy":"product_tag","embeddable":true,"href":"https:\/\/cocoons.eu\/de\/wp-json\/wp\/v2\/product_tag?post=235367"}],"curies":[{"name":"wp","href":"https:\/\/api.w.org\/{rel}","templated":true}]}}