{"id":235366,"date":"2016-08-18T12:22:17","date_gmt":"2016-08-18T10:22:17","guid":{"rendered":"https:\/\/cocoons.eu\/shop\/unkategorisiert\/flip-ups-oval-56-polarisiert-blau-verspiegelt\/"},"modified":"2023-03-27T23:23:30","modified_gmt":"2023-03-27T21:23:30","slug":"flip-ups-oval-56-polarized-blue-lenses","status":"publish","type":"product","link":"https:\/\/cocoons.eu\/de\/shop\/cocoons-de\/flipups\/polarisierte-flip-ups\/flip-ups-oval-56-polarized-blue-lenses\/","title":{"rendered":"Flip-Ups Oval 56 polarisiert, Blaue Verspiegelt"},"content":{"rendered":"","protected":false},"excerpt":{"rendered":"<p>Oval Flip-Ups passen auf kleinere Brillen mit ovaler Form. Diese hochwertigen Flip-Ups zeichnen sich durch kratzfeste, polarisierte graue Polar\u00e9-Gl\u00e4ser mit metallisch blauer Verspiegelung aus, die sich ideal f\u00fcr Umgebungen mit starker Blendung und intensivem Licht eignen. Die zus\u00e4tzliche Verspiegelung verbessert die Blendreduzierung der grauen Standardgl\u00e4ser und erh\u00f6ht den Kontrast, indem sie zus\u00e4tzlich blaues Licht absorbiert. Sorgt f\u00fcr eine nat\u00fcrliche Farbdarstellung und l\u00e4sst 13&nbsp;% des sichtbaren Lichts durch.<\/p>\n<p>Wird empfohlen f\u00fcr: intensives Licht\/starke Blendung, Hochseefischen und Wintersport.<\/p>\n<p><em><span style=\"color: #50b848;\">\u201eCocoons-Flip-Ups sind in meinem Auto, auf meinem Boot und auch immer in meiner Tasche. Ein gro\u00dfartiges Produkt.\u201c<\/span> <img decoding=\"async\" class=\"usr\" src=\"https:\/\/cocoons.eu\/wp-content\/plugins\/universal-star-rating\/includes\/image.php?img=01.png&amp;px=15&amp;max=5&amp;rat=4.5\" alt=\"4.5 out of 5 stars\" style=\"height: 15px !important;\" \/> (4,5 \/ 5) Landry M., Saint Paul, MN<\/em><\/p>\n","protected":false},"featured_media":232798,"template":"","meta":{"_acf_changed":false},"product_brand":[],"product_cat":[3115,3116,3117],"product_tag":[3118],"class_list":{"0":"post-235366","1":"product","2":"type-product","3":"status-publish","4":"has-post-thumbnail","6":"product_cat-cocoons-de","7":"product_cat-flipups","8":"product_cat-polarisierte-flip-ups","9":"product_tag-flip-ups-de","10":"pa_collection-cocoons-flip-ups-de","11":"pa_lens-tint-blau-verspiegelt-polarisiert","12":"pa_shape-oval-de","14":"first","15":"instock","16":"taxable","17":"shipping-taxable","18":"purchasable","19":"product-type-simple"},"acf":[],"yoast_head":"<!-- This site is optimized with the Yoast SEO Premium plugin v27.5 (Yoast SEO v27.5) - https:\/\/yoast.com\/product\/yoast-seo-premium-wordpress\/ -->\n<title>Flip-Ups Oval 56 polarisiert, Blaue Verspiegelt : Cocoons<\/title>\n<meta name=\"description\" content=\"xplore the features and benefits of Flip-Ups Oval 56 polarisiert, Blaue Verspiegelt on Cocoons.eu. Designed for superior performance and style. Order yours today and experience the difference!\" \/>\n<meta name=\"robots\" content=\"index, follow, max-snippet:-1, max-image-preview:large, max-video-preview:-1\" \/>\n<link rel=\"canonical\" href=\"https:\/\/cocoons.eu\/de\/shop\/cocoons-de\/flipups\/polarisierte-flip-ups\/flip-ups-oval-56-polarized-blue-lenses\/\" \/>\n<meta property=\"og:locale\" content=\"de_DE\" \/>\n<meta property=\"og:type\" content=\"article\" \/>\n<meta property=\"og:title\" content=\"Flip-Ups Oval 56 polarisiert, Blaue Verspiegelt\" \/>\n<meta property=\"og:description\" content=\"xplore the features and benefits of Flip-Ups Oval 56 polarisiert, Blaue Verspiegelt on Cocoons.eu. Designed for superior performance and style. Order yours today and experience the difference!\" \/>\n<meta property=\"og:url\" content=\"https:\/\/cocoons.eu\/de\/shop\/cocoons-de\/flipups\/polarisierte-flip-ups\/flip-ups-oval-56-polarized-blue-lenses\/\" \/>\n<meta property=\"og:site_name\" content=\"Cocoons\" \/>\n<meta property=\"article:publisher\" content=\"https:\/\/facebook.com\/cocoonseurope\" \/>\n<meta property=\"article:modified_time\" content=\"2023-03-27T21:23:30+00:00\" \/>\n<meta property=\"og:image\" content=\"https:\/\/cocoons.eu\/wp-content\/uploads\/2018\/01\/Flip-Ups_Oval-56_Polarized-Blue-Mirror-Lenses_LF601M_alt.jpg\" \/>\n\t<meta property=\"og:image:width\" content=\"800\" \/>\n\t<meta property=\"og:image:height\" content=\"800\" \/>\n\t<meta property=\"og:image:type\" content=\"image\/jpeg\" \/>\n<meta name=\"twitter:card\" content=\"summary_large_image\" \/>\n<meta name=\"twitter:label1\" content=\"Preis\" \/>\n\t<meta name=\"twitter:data1\" content=\"&euro;35,95 (inkl. MwSt\/exkl. Versandkosten)\" \/>\n\t<meta name=\"twitter:label2\" content=\"Verf\u00fcgbarkeit\" \/>\n\t<meta name=\"twitter:data2\" content=\"Auf Lager\" \/>\n<script type=\"application\/ld+json\" class=\"yoast-schema-graph\">{\"@context\":\"https:\\\/\\\/schema.org\",\"@graph\":[{\"@type\":\"WebPage\",\"@id\":\"https:\\\/\\\/cocoons.eu\\\/de\\\/shop\\\/cocoons-de\\\/flipups\\\/polarisierte-flip-ups\\\/flip-ups-oval-56-polarized-blue-lenses\\\/\",\"url\":\"https:\\\/\\\/cocoons.eu\\\/de\\\/shop\\\/cocoons-de\\\/flipups\\\/polarisierte-flip-ups\\\/flip-ups-oval-56-polarized-blue-lenses\\\/\",\"name\":\"Flip-Ups Oval 56 polarisiert, Blaue Verspiegelt : Cocoons\",\"isPartOf\":{\"@id\":\"https:\\\/\\\/cocoons.eu\\\/de\\\/#website\"},\"primaryImageOfPage\":{\"@id\":\"https:\\\/\\\/cocoons.eu\\\/de\\\/shop\\\/cocoons-de\\\/flipups\\\/polarisierte-flip-ups\\\/flip-ups-oval-56-polarized-blue-lenses\\\/#primaryimage\"},\"image\":{\"@id\":\"https:\\\/\\\/cocoons.eu\\\/de\\\/shop\\\/cocoons-de\\\/flipups\\\/polarisierte-flip-ups\\\/flip-ups-oval-56-polarized-blue-lenses\\\/#primaryimage\"},\"thumbnailUrl\":\"https:\\\/\\\/cocoons.eu\\\/wp-content\\\/uploads\\\/2018\\\/01\\\/Flip-Ups_Oval-56_Polarized-Blue-Mirror-Lenses_LF601M_alt.jpg\",\"datePublished\":\"2016-08-18T10:22:17+00:00\",\"dateModified\":\"2023-03-27T21:23:30+00:00\",\"description\":\"xplore the features and benefits of Flip-Ups Oval 56 polarisiert, Blaue Verspiegelt on Cocoons.eu. Designed for superior performance and style. Order yours today and experience the difference!\",\"breadcrumb\":{\"@id\":\"https:\\\/\\\/cocoons.eu\\\/de\\\/shop\\\/cocoons-de\\\/flipups\\\/polarisierte-flip-ups\\\/flip-ups-oval-56-polarized-blue-lenses\\\/#breadcrumb\"},\"inLanguage\":\"de\",\"potentialAction\":[{\"@type\":\"ReadAction\",\"target\":[\"https:\\\/\\\/cocoons.eu\\\/de\\\/shop\\\/cocoons-de\\\/flipups\\\/polarisierte-flip-ups\\\/flip-ups-oval-56-polarized-blue-lenses\\\/\"]}]},{\"@type\":\"ImageObject\",\"inLanguage\":\"de\",\"@id\":\"https:\\\/\\\/cocoons.eu\\\/de\\\/shop\\\/cocoons-de\\\/flipups\\\/polarisierte-flip-ups\\\/flip-ups-oval-56-polarized-blue-lenses\\\/#primaryimage\",\"url\":\"https:\\\/\\\/cocoons.eu\\\/wp-content\\\/uploads\\\/2018\\\/01\\\/Flip-Ups_Oval-56_Polarized-Blue-Mirror-Lenses_LF601M_alt.jpg\",\"contentUrl\":\"https:\\\/\\\/cocoons.eu\\\/wp-content\\\/uploads\\\/2018\\\/01\\\/Flip-Ups_Oval-56_Polarized-Blue-Mirror-Lenses_LF601M_alt.jpg\",\"width\":800,\"height\":800},{\"@type\":\"BreadcrumbList\",\"@id\":\"https:\\\/\\\/cocoons.eu\\\/de\\\/shop\\\/cocoons-de\\\/flipups\\\/polarisierte-flip-ups\\\/flip-ups-oval-56-polarized-blue-lenses\\\/#breadcrumb\",\"itemListElement\":[{\"@type\":\"ListItem\",\"position\":1,\"name\":\"Home\",\"item\":\"https:\\\/\\\/cocoons.eu\\\/de\\\/\"},{\"@type\":\"ListItem\",\"position\":2,\"name\":\"Shoppen\",\"item\":\"https:\\\/\\\/cocoons.eu\\\/de\\\/shop-2\\\/\"},{\"@type\":\"ListItem\",\"position\":3,\"name\":\"Flip-Ups Oval 56 polarisiert, Blaue Verspiegelt\"}]},{\"@type\":\"WebSite\",\"@id\":\"https:\\\/\\\/cocoons.eu\\\/de\\\/#website\",\"url\":\"https:\\\/\\\/cocoons.eu\\\/de\\\/\",\"name\":\"Cocoons Eyewear Europe\",\"description\":\"Hochwertige Fitover-Sonnenbrillen\",\"publisher\":{\"@id\":\"https:\\\/\\\/cocoons.eu\\\/de\\\/#organization\"},\"potentialAction\":[{\"@type\":\"SearchAction\",\"target\":{\"@type\":\"EntryPoint\",\"urlTemplate\":\"https:\\\/\\\/cocoons.eu\\\/de\\\/?s={search_term_string}\"},\"query-input\":{\"@type\":\"PropertyValueSpecification\",\"valueRequired\":true,\"valueName\":\"search_term_string\"}}],\"inLanguage\":\"de\"},{\"@type\":\"Organization\",\"@id\":\"https:\\\/\\\/cocoons.eu\\\/de\\\/#organization\",\"name\":\"Cocoons by Live Eyewear\",\"url\":\"https:\\\/\\\/cocoons.eu\\\/de\\\/\",\"logo\":{\"@type\":\"ImageObject\",\"inLanguage\":\"de\",\"@id\":\"https:\\\/\\\/cocoons.eu\\\/de\\\/#\\\/schema\\\/logo\\\/image\\\/\",\"url\":\"https:\\\/\\\/cocoons.eu\\\/wp-content\\\/uploads\\\/2020\\\/03\\\/C4218G-DSC_7866ps_edit_website800x800.jpg\",\"contentUrl\":\"https:\\\/\\\/cocoons.eu\\\/wp-content\\\/uploads\\\/2020\\\/03\\\/C4218G-DSC_7866ps_edit_website800x800.jpg\",\"width\":800,\"height\":800,\"caption\":\"Cocoons by Live Eyewear\"},\"image\":{\"@id\":\"https:\\\/\\\/cocoons.eu\\\/de\\\/#\\\/schema\\\/logo\\\/image\\\/\"},\"sameAs\":[\"https:\\\/\\\/facebook.com\\\/cocoonseurope\"]}]}<\/script>\n<meta property=\"product:brand\" content=\"Cocoons-Flip-Ups\" \/>\n<meta property=\"product:price:amount\" content=\"35.95\" \/>\n<meta property=\"product:price:currency\" content=\"EUR\" \/>\n<meta property=\"og:availability\" content=\"instock\" \/>\n<meta property=\"product:availability\" content=\"instock\" \/>\n<meta property=\"product:retailer_item_id\" content=\"LF601M\" \/>\n<meta property=\"product:condition\" content=\"new\" \/>\n<!-- \/ Yoast SEO Premium plugin. -->","yoast_head_json":{"title":"Flip-Ups Oval 56 polarisiert, Blaue Verspiegelt : Cocoons","description":"xplore the features and benefits of Flip-Ups Oval 56 polarisiert, Blaue Verspiegelt on Cocoons.eu. Designed for superior performance and style. Order yours today and experience the difference!","robots":{"index":"index","follow":"follow","max-snippet":"max-snippet:-1","max-image-preview":"max-image-preview:large","max-video-preview":"max-video-preview:-1"},"canonical":"https:\/\/cocoons.eu\/de\/shop\/cocoons-de\/flipups\/polarisierte-flip-ups\/flip-ups-oval-56-polarized-blue-lenses\/","og_locale":"de_DE","og_type":"article","og_title":"Flip-Ups Oval 56 polarisiert, Blaue Verspiegelt","og_description":"xplore the features and benefits of Flip-Ups Oval 56 polarisiert, Blaue Verspiegelt on Cocoons.eu. Designed for superior performance and style. Order yours today and experience the difference!","og_url":"https:\/\/cocoons.eu\/de\/shop\/cocoons-de\/flipups\/polarisierte-flip-ups\/flip-ups-oval-56-polarized-blue-lenses\/","og_site_name":"Cocoons","article_publisher":"https:\/\/facebook.com\/cocoonseurope","article_modified_time":"2023-03-27T21:23:30+00:00","og_image":[{"width":800,"height":800,"url":"https:\/\/cocoons.eu\/wp-content\/uploads\/2018\/01\/Flip-Ups_Oval-56_Polarized-Blue-Mirror-Lenses_LF601M_alt.jpg","type":"image\/jpeg"}],"twitter_card":"summary_large_image","twitter_misc":{"Preis":"&euro;35,95 (inkl. MwSt\/exkl. Versandkosten)","Verf\u00fcgbarkeit":"Auf Lager"},"schema":{"@context":"https:\/\/schema.org","@graph":[{"@type":"WebPage","@id":"https:\/\/cocoons.eu\/de\/shop\/cocoons-de\/flipups\/polarisierte-flip-ups\/flip-ups-oval-56-polarized-blue-lenses\/","url":"https:\/\/cocoons.eu\/de\/shop\/cocoons-de\/flipups\/polarisierte-flip-ups\/flip-ups-oval-56-polarized-blue-lenses\/","name":"Flip-Ups Oval 56 polarisiert, Blaue Verspiegelt : Cocoons","isPartOf":{"@id":"https:\/\/cocoons.eu\/de\/#website"},"primaryImageOfPage":{"@id":"https:\/\/cocoons.eu\/de\/shop\/cocoons-de\/flipups\/polarisierte-flip-ups\/flip-ups-oval-56-polarized-blue-lenses\/#primaryimage"},"image":{"@id":"https:\/\/cocoons.eu\/de\/shop\/cocoons-de\/flipups\/polarisierte-flip-ups\/flip-ups-oval-56-polarized-blue-lenses\/#primaryimage"},"thumbnailUrl":"https:\/\/cocoons.eu\/wp-content\/uploads\/2018\/01\/Flip-Ups_Oval-56_Polarized-Blue-Mirror-Lenses_LF601M_alt.jpg","datePublished":"2016-08-18T10:22:17+00:00","dateModified":"2023-03-27T21:23:30+00:00","description":"xplore the features and benefits of Flip-Ups Oval 56 polarisiert, Blaue Verspiegelt on Cocoons.eu. Designed for superior performance and style. Order yours today and experience the difference!","breadcrumb":{"@id":"https:\/\/cocoons.eu\/de\/shop\/cocoons-de\/flipups\/polarisierte-flip-ups\/flip-ups-oval-56-polarized-blue-lenses\/#breadcrumb"},"inLanguage":"de","potentialAction":[{"@type":"ReadAction","target":["https:\/\/cocoons.eu\/de\/shop\/cocoons-de\/flipups\/polarisierte-flip-ups\/flip-ups-oval-56-polarized-blue-lenses\/"]}]},{"@type":"ImageObject","inLanguage":"de","@id":"https:\/\/cocoons.eu\/de\/shop\/cocoons-de\/flipups\/polarisierte-flip-ups\/flip-ups-oval-56-polarized-blue-lenses\/#primaryimage","url":"https:\/\/cocoons.eu\/wp-content\/uploads\/2018\/01\/Flip-Ups_Oval-56_Polarized-Blue-Mirror-Lenses_LF601M_alt.jpg","contentUrl":"https:\/\/cocoons.eu\/wp-content\/uploads\/2018\/01\/Flip-Ups_Oval-56_Polarized-Blue-Mirror-Lenses_LF601M_alt.jpg","width":800,"height":800},{"@type":"BreadcrumbList","@id":"https:\/\/cocoons.eu\/de\/shop\/cocoons-de\/flipups\/polarisierte-flip-ups\/flip-ups-oval-56-polarized-blue-lenses\/#breadcrumb","itemListElement":[{"@type":"ListItem","position":1,"name":"Home","item":"https:\/\/cocoons.eu\/de\/"},{"@type":"ListItem","position":2,"name":"Shoppen","item":"https:\/\/cocoons.eu\/de\/shop-2\/"},{"@type":"ListItem","position":3,"name":"Flip-Ups Oval 56 polarisiert, Blaue Verspiegelt"}]},{"@type":"WebSite","@id":"https:\/\/cocoons.eu\/de\/#website","url":"https:\/\/cocoons.eu\/de\/","name":"Cocoons Eyewear Europe","description":"Hochwertige Fitover-Sonnenbrillen","publisher":{"@id":"https:\/\/cocoons.eu\/de\/#organization"},"potentialAction":[{"@type":"SearchAction","target":{"@type":"EntryPoint","urlTemplate":"https:\/\/cocoons.eu\/de\/?s={search_term_string}"},"query-input":{"@type":"PropertyValueSpecification","valueRequired":true,"valueName":"search_term_string"}}],"inLanguage":"de"},{"@type":"Organization","@id":"https:\/\/cocoons.eu\/de\/#organization","name":"Cocoons by Live Eyewear","url":"https:\/\/cocoons.eu\/de\/","logo":{"@type":"ImageObject","inLanguage":"de","@id":"https:\/\/cocoons.eu\/de\/#\/schema\/logo\/image\/","url":"https:\/\/cocoons.eu\/wp-content\/uploads\/2020\/03\/C4218G-DSC_7866ps_edit_website800x800.jpg","contentUrl":"https:\/\/cocoons.eu\/wp-content\/uploads\/2020\/03\/C4218G-DSC_7866ps_edit_website800x800.jpg","width":800,"height":800,"caption":"Cocoons by Live Eyewear"},"image":{"@id":"https:\/\/cocoons.eu\/de\/#\/schema\/logo\/image\/"},"sameAs":["https:\/\/facebook.com\/cocoonseurope"]}]},"product_brand":"Cocoons-Flip-Ups","product_price_amount":"35.95","product_price_currency":"EUR","og_availability":"instock","product_availability":"instock","product_retailer_item_id":"LF601M","product_condition":"new"},"_links":{"self":[{"href":"https:\/\/cocoons.eu\/de\/wp-json\/wp\/v2\/product\/235366","targetHints":{"allow":["GET"]}}],"collection":[{"href":"https:\/\/cocoons.eu\/de\/wp-json\/wp\/v2\/product"}],"about":[{"href":"https:\/\/cocoons.eu\/de\/wp-json\/wp\/v2\/types\/product"}],"wp:featuredmedia":[{"embeddable":true,"href":"https:\/\/cocoons.eu\/de\/wp-json\/wp\/v2\/media\/232798"}],"wp:attachment":[{"href":"https:\/\/cocoons.eu\/de\/wp-json\/wp\/v2\/media?parent=235366"}],"wp:term":[{"taxonomy":"product_brand","embeddable":true,"href":"https:\/\/cocoons.eu\/de\/wp-json\/wp\/v2\/product_brand?post=235366"},{"taxonomy":"product_cat","embeddable":true,"href":"https:\/\/cocoons.eu\/de\/wp-json\/wp\/v2\/product_cat?post=235366"},{"taxonomy":"product_tag","embeddable":true,"href":"https:\/\/cocoons.eu\/de\/wp-json\/wp\/v2\/product_tag?post=235366"}],"curies":[{"name":"wp","href":"https:\/\/api.w.org\/{rel}","templated":true}]}}