{"id":235362,"date":"2017-08-04T16:56:08","date_gmt":"2017-08-04T23:56:08","guid":{"rendered":"https:\/\/cocoons.eu\/shop\/unkategorisiert\/cocoons-anti-beschlag-brillenglasreiniger\/"},"modified":"2025-10-21T00:16:38","modified_gmt":"2025-10-20T22:16:38","slug":"cocoons-lens-cleaner","status":"publish","type":"product","link":"https:\/\/cocoons.eu\/de\/shop\/zubehoer\/glasreiniger\/cocoons-lens-cleaner\/","title":{"rendered":"Cocoons Anti-Beschlag Linsenreiniger"},"content":{"rendered":"","protected":false},"excerpt":{"rendered":"<p>Die offizielle Cocoons Linsenreinigungsl\u00f6sung! Unsere beschlagfreie, antistatische Reinigungsl\u00f6sung f\u00fcr Brillengl\u00e4ser ist extrem effektiv. Ein einziger Spr\u00fchsto\u00df aus der Spr\u00fchflasche reicht aus, um Fett, \u00d6le und Ablagerungen von Ihren Cocoons Brillengl\u00e4sern sanft zu entfernen. Die ordnungsgem\u00e4\u00dfe Reinigung der Linsenoberfl\u00e4che tr\u00e4gt dazu bei, die optische Klarheit und Integrit\u00e4t des Linsensystems zu erhalten. Von unserem Profi-Team immer wieder unter den widrigsten Bedingungen im Freien getestet, ist dies die einzige Reinigungsl\u00f6sung f\u00fcr die besten Passepartouts der Welt. Die Flasche ist mit einer praktischen Spr\u00fchpumpe ausgestattet und enth\u00e4lt 60 ml (2 Fl\u00fcssigunzen) Reinigungsl\u00f6sung. Bei durchschnittlichem Gebrauch sollte die Flasche ein ganzes Jahr halten.<\/p>\n","protected":false},"featured_media":232700,"template":"","meta":{"_acf_changed":false},"product_brand":[],"product_cat":[3104,3103],"product_tag":[3105],"class_list":{"0":"post-235362","1":"product","2":"type-product","3":"status-publish","4":"has-post-thumbnail","6":"product_cat-glasreiniger","7":"product_cat-zubehoer","8":"product_tag-zubehor","10":"first","11":"instock","12":"taxable","13":"shipping-taxable","14":"purchasable","15":"product-type-simple"},"acf":[],"yoast_head":"<!-- This site is optimized with the Yoast SEO Premium plugin v27.5 (Yoast SEO v27.5) - https:\/\/yoast.com\/product\/yoast-seo-premium-wordpress\/ -->\n<title>Cocoons Anti-Beschlag Linsenreiniger : Cocoons<\/title>\n<meta name=\"description\" content=\"Entfernt effektiv Staub, \u00d6le, Schmutz und andere Oberfl\u00e4chenverunreinigungen und bildet gleichzeitig eine Anti-Beschlag-Schicht auf der Glasoberfl\u00e4che.\" \/>\n<meta name=\"robots\" content=\"index, follow, max-snippet:-1, max-image-preview:large, max-video-preview:-1\" \/>\n<link rel=\"canonical\" href=\"https:\/\/cocoons.eu\/de\/shop\/zubehoer\/glasreiniger\/cocoons-lens-cleaner\/\" \/>\n<meta property=\"og:locale\" content=\"de_DE\" \/>\n<meta property=\"og:type\" content=\"article\" \/>\n<meta property=\"og:title\" content=\"Cocoons Anti-Beschlag Linsenreiniger\" \/>\n<meta property=\"og:description\" content=\"Entfernt effektiv Staub, \u00d6le, Schmutz und andere Oberfl\u00e4chenverunreinigungen und bildet gleichzeitig eine Anti-Beschlag-Schicht auf der Glasoberfl\u00e4che.\" \/>\n<meta property=\"og:url\" content=\"https:\/\/cocoons.eu\/de\/shop\/zubehoer\/glasreiniger\/cocoons-lens-cleaner\/\" \/>\n<meta property=\"og:site_name\" content=\"Cocoons\" \/>\n<meta property=\"article:publisher\" content=\"https:\/\/facebook.com\/cocoonseurope\" \/>\n<meta property=\"article:modified_time\" content=\"2025-10-20T22:16:38+00:00\" \/>\n<meta property=\"og:image\" content=\"https:\/\/cocoons.eu\/wp-content\/uploads\/2017\/08\/Cocoons-Lens-Cleaner.jpg\" \/>\n\t<meta property=\"og:image:width\" content=\"800\" \/>\n\t<meta property=\"og:image:height\" content=\"800\" \/>\n\t<meta property=\"og:image:type\" content=\"image\/jpeg\" \/>\n<meta name=\"twitter:card\" content=\"summary_large_image\" \/>\n<meta name=\"twitter:label1\" content=\"Preis\" \/>\n\t<meta name=\"twitter:data1\" content=\"&euro;10,95 (inkl. MwSt\/exkl. Versandkosten)\" \/>\n\t<meta name=\"twitter:label2\" content=\"Verf\u00fcgbarkeit\" \/>\n\t<meta name=\"twitter:data2\" content=\"Auf Lager\" \/>\n<script type=\"application\/ld+json\" class=\"yoast-schema-graph\">{\"@context\":\"https:\\\/\\\/schema.org\",\"@graph\":[{\"@type\":\"WebPage\",\"@id\":\"https:\\\/\\\/cocoons.eu\\\/de\\\/shop\\\/zubehoer\\\/glasreiniger\\\/cocoons-lens-cleaner\\\/\",\"url\":\"https:\\\/\\\/cocoons.eu\\\/de\\\/shop\\\/zubehoer\\\/glasreiniger\\\/cocoons-lens-cleaner\\\/\",\"name\":\"Cocoons Anti-Beschlag Linsenreiniger : Cocoons\",\"isPartOf\":{\"@id\":\"https:\\\/\\\/cocoons.eu\\\/de\\\/#website\"},\"primaryImageOfPage\":{\"@id\":\"https:\\\/\\\/cocoons.eu\\\/de\\\/shop\\\/zubehoer\\\/glasreiniger\\\/cocoons-lens-cleaner\\\/#primaryimage\"},\"image\":{\"@id\":\"https:\\\/\\\/cocoons.eu\\\/de\\\/shop\\\/zubehoer\\\/glasreiniger\\\/cocoons-lens-cleaner\\\/#primaryimage\"},\"thumbnailUrl\":\"https:\\\/\\\/cocoons.eu\\\/wp-content\\\/uploads\\\/2017\\\/08\\\/Cocoons-Lens-Cleaner.jpg\",\"datePublished\":\"2017-08-04T23:56:08+00:00\",\"dateModified\":\"2025-10-20T22:16:38+00:00\",\"description\":\"Entfernt effektiv Staub, \u00d6le, Schmutz und andere Oberfl\u00e4chenverunreinigungen und bildet gleichzeitig eine Anti-Beschlag-Schicht auf der Glasoberfl\u00e4che.\",\"breadcrumb\":{\"@id\":\"https:\\\/\\\/cocoons.eu\\\/de\\\/shop\\\/zubehoer\\\/glasreiniger\\\/cocoons-lens-cleaner\\\/#breadcrumb\"},\"inLanguage\":\"de\",\"potentialAction\":[{\"@type\":\"ReadAction\",\"target\":[\"https:\\\/\\\/cocoons.eu\\\/de\\\/shop\\\/zubehoer\\\/glasreiniger\\\/cocoons-lens-cleaner\\\/\"]}]},{\"@type\":\"ImageObject\",\"inLanguage\":\"de\",\"@id\":\"https:\\\/\\\/cocoons.eu\\\/de\\\/shop\\\/zubehoer\\\/glasreiniger\\\/cocoons-lens-cleaner\\\/#primaryimage\",\"url\":\"https:\\\/\\\/cocoons.eu\\\/wp-content\\\/uploads\\\/2017\\\/08\\\/Cocoons-Lens-Cleaner.jpg\",\"contentUrl\":\"https:\\\/\\\/cocoons.eu\\\/wp-content\\\/uploads\\\/2017\\\/08\\\/Cocoons-Lens-Cleaner.jpg\",\"width\":800,\"height\":800},{\"@type\":\"BreadcrumbList\",\"@id\":\"https:\\\/\\\/cocoons.eu\\\/de\\\/shop\\\/zubehoer\\\/glasreiniger\\\/cocoons-lens-cleaner\\\/#breadcrumb\",\"itemListElement\":[{\"@type\":\"ListItem\",\"position\":1,\"name\":\"Home\",\"item\":\"https:\\\/\\\/cocoons.eu\\\/de\\\/\"},{\"@type\":\"ListItem\",\"position\":2,\"name\":\"Shoppen\",\"item\":\"https:\\\/\\\/cocoons.eu\\\/de\\\/shop-2\\\/\"},{\"@type\":\"ListItem\",\"position\":3,\"name\":\"Cocoons Anti-Beschlag Linsenreiniger\"}]},{\"@type\":\"WebSite\",\"@id\":\"https:\\\/\\\/cocoons.eu\\\/de\\\/#website\",\"url\":\"https:\\\/\\\/cocoons.eu\\\/de\\\/\",\"name\":\"Cocoons Eyewear Europe\",\"description\":\"Hochwertige Fitover-Sonnenbrillen\",\"publisher\":{\"@id\":\"https:\\\/\\\/cocoons.eu\\\/de\\\/#organization\"},\"potentialAction\":[{\"@type\":\"SearchAction\",\"target\":{\"@type\":\"EntryPoint\",\"urlTemplate\":\"https:\\\/\\\/cocoons.eu\\\/de\\\/?s={search_term_string}\"},\"query-input\":{\"@type\":\"PropertyValueSpecification\",\"valueRequired\":true,\"valueName\":\"search_term_string\"}}],\"inLanguage\":\"de\"},{\"@type\":\"Organization\",\"@id\":\"https:\\\/\\\/cocoons.eu\\\/de\\\/#organization\",\"name\":\"Cocoons by Live Eyewear\",\"url\":\"https:\\\/\\\/cocoons.eu\\\/de\\\/\",\"logo\":{\"@type\":\"ImageObject\",\"inLanguage\":\"de\",\"@id\":\"https:\\\/\\\/cocoons.eu\\\/de\\\/#\\\/schema\\\/logo\\\/image\\\/\",\"url\":\"https:\\\/\\\/cocoons.eu\\\/wp-content\\\/uploads\\\/2020\\\/03\\\/C4218G-DSC_7866ps_edit_website800x800.jpg\",\"contentUrl\":\"https:\\\/\\\/cocoons.eu\\\/wp-content\\\/uploads\\\/2020\\\/03\\\/C4218G-DSC_7866ps_edit_website800x800.jpg\",\"width\":800,\"height\":800,\"caption\":\"Cocoons by Live Eyewear\"},\"image\":{\"@id\":\"https:\\\/\\\/cocoons.eu\\\/de\\\/#\\\/schema\\\/logo\\\/image\\\/\"},\"sameAs\":[\"https:\\\/\\\/facebook.com\\\/cocoonseurope\"]}]}<\/script>\n<meta property=\"product:price:amount\" content=\"10.95\" \/>\n<meta property=\"product:price:currency\" content=\"EUR\" \/>\n<meta property=\"og:availability\" content=\"instock\" \/>\n<meta property=\"product:availability\" content=\"instock\" \/>\n<meta property=\"product:retailer_item_id\" content=\"AFLC200\" \/>\n<meta property=\"product:condition\" content=\"new\" \/>\n<!-- \/ Yoast SEO Premium plugin. -->","yoast_head_json":{"title":"Cocoons Anti-Beschlag Linsenreiniger : Cocoons","description":"Entfernt effektiv Staub, \u00d6le, Schmutz und andere Oberfl\u00e4chenverunreinigungen und bildet gleichzeitig eine Anti-Beschlag-Schicht auf der Glasoberfl\u00e4che.","robots":{"index":"index","follow":"follow","max-snippet":"max-snippet:-1","max-image-preview":"max-image-preview:large","max-video-preview":"max-video-preview:-1"},"canonical":"https:\/\/cocoons.eu\/de\/shop\/zubehoer\/glasreiniger\/cocoons-lens-cleaner\/","og_locale":"de_DE","og_type":"article","og_title":"Cocoons Anti-Beschlag Linsenreiniger","og_description":"Entfernt effektiv Staub, \u00d6le, Schmutz und andere Oberfl\u00e4chenverunreinigungen und bildet gleichzeitig eine Anti-Beschlag-Schicht auf der Glasoberfl\u00e4che.","og_url":"https:\/\/cocoons.eu\/de\/shop\/zubehoer\/glasreiniger\/cocoons-lens-cleaner\/","og_site_name":"Cocoons","article_publisher":"https:\/\/facebook.com\/cocoonseurope","article_modified_time":"2025-10-20T22:16:38+00:00","og_image":[{"width":800,"height":800,"url":"https:\/\/cocoons.eu\/wp-content\/uploads\/2017\/08\/Cocoons-Lens-Cleaner.jpg","type":"image\/jpeg"}],"twitter_card":"summary_large_image","twitter_misc":{"Preis":"&euro;10,95 (inkl. MwSt\/exkl. Versandkosten)","Verf\u00fcgbarkeit":"Auf Lager"},"schema":{"@context":"https:\/\/schema.org","@graph":[{"@type":"WebPage","@id":"https:\/\/cocoons.eu\/de\/shop\/zubehoer\/glasreiniger\/cocoons-lens-cleaner\/","url":"https:\/\/cocoons.eu\/de\/shop\/zubehoer\/glasreiniger\/cocoons-lens-cleaner\/","name":"Cocoons Anti-Beschlag Linsenreiniger : Cocoons","isPartOf":{"@id":"https:\/\/cocoons.eu\/de\/#website"},"primaryImageOfPage":{"@id":"https:\/\/cocoons.eu\/de\/shop\/zubehoer\/glasreiniger\/cocoons-lens-cleaner\/#primaryimage"},"image":{"@id":"https:\/\/cocoons.eu\/de\/shop\/zubehoer\/glasreiniger\/cocoons-lens-cleaner\/#primaryimage"},"thumbnailUrl":"https:\/\/cocoons.eu\/wp-content\/uploads\/2017\/08\/Cocoons-Lens-Cleaner.jpg","datePublished":"2017-08-04T23:56:08+00:00","dateModified":"2025-10-20T22:16:38+00:00","description":"Entfernt effektiv Staub, \u00d6le, Schmutz und andere Oberfl\u00e4chenverunreinigungen und bildet gleichzeitig eine Anti-Beschlag-Schicht auf der Glasoberfl\u00e4che.","breadcrumb":{"@id":"https:\/\/cocoons.eu\/de\/shop\/zubehoer\/glasreiniger\/cocoons-lens-cleaner\/#breadcrumb"},"inLanguage":"de","potentialAction":[{"@type":"ReadAction","target":["https:\/\/cocoons.eu\/de\/shop\/zubehoer\/glasreiniger\/cocoons-lens-cleaner\/"]}]},{"@type":"ImageObject","inLanguage":"de","@id":"https:\/\/cocoons.eu\/de\/shop\/zubehoer\/glasreiniger\/cocoons-lens-cleaner\/#primaryimage","url":"https:\/\/cocoons.eu\/wp-content\/uploads\/2017\/08\/Cocoons-Lens-Cleaner.jpg","contentUrl":"https:\/\/cocoons.eu\/wp-content\/uploads\/2017\/08\/Cocoons-Lens-Cleaner.jpg","width":800,"height":800},{"@type":"BreadcrumbList","@id":"https:\/\/cocoons.eu\/de\/shop\/zubehoer\/glasreiniger\/cocoons-lens-cleaner\/#breadcrumb","itemListElement":[{"@type":"ListItem","position":1,"name":"Home","item":"https:\/\/cocoons.eu\/de\/"},{"@type":"ListItem","position":2,"name":"Shoppen","item":"https:\/\/cocoons.eu\/de\/shop-2\/"},{"@type":"ListItem","position":3,"name":"Cocoons Anti-Beschlag Linsenreiniger"}]},{"@type":"WebSite","@id":"https:\/\/cocoons.eu\/de\/#website","url":"https:\/\/cocoons.eu\/de\/","name":"Cocoons Eyewear Europe","description":"Hochwertige Fitover-Sonnenbrillen","publisher":{"@id":"https:\/\/cocoons.eu\/de\/#organization"},"potentialAction":[{"@type":"SearchAction","target":{"@type":"EntryPoint","urlTemplate":"https:\/\/cocoons.eu\/de\/?s={search_term_string}"},"query-input":{"@type":"PropertyValueSpecification","valueRequired":true,"valueName":"search_term_string"}}],"inLanguage":"de"},{"@type":"Organization","@id":"https:\/\/cocoons.eu\/de\/#organization","name":"Cocoons by Live Eyewear","url":"https:\/\/cocoons.eu\/de\/","logo":{"@type":"ImageObject","inLanguage":"de","@id":"https:\/\/cocoons.eu\/de\/#\/schema\/logo\/image\/","url":"https:\/\/cocoons.eu\/wp-content\/uploads\/2020\/03\/C4218G-DSC_7866ps_edit_website800x800.jpg","contentUrl":"https:\/\/cocoons.eu\/wp-content\/uploads\/2020\/03\/C4218G-DSC_7866ps_edit_website800x800.jpg","width":800,"height":800,"caption":"Cocoons by Live Eyewear"},"image":{"@id":"https:\/\/cocoons.eu\/de\/#\/schema\/logo\/image\/"},"sameAs":["https:\/\/facebook.com\/cocoonseurope"]}]},"product_price_amount":"10.95","product_price_currency":"EUR","og_availability":"instock","product_availability":"instock","product_retailer_item_id":"AFLC200","product_condition":"new"},"_links":{"self":[{"href":"https:\/\/cocoons.eu\/de\/wp-json\/wp\/v2\/product\/235362","targetHints":{"allow":["GET"]}}],"collection":[{"href":"https:\/\/cocoons.eu\/de\/wp-json\/wp\/v2\/product"}],"about":[{"href":"https:\/\/cocoons.eu\/de\/wp-json\/wp\/v2\/types\/product"}],"wp:featuredmedia":[{"embeddable":true,"href":"https:\/\/cocoons.eu\/de\/wp-json\/wp\/v2\/media\/232700"}],"wp:attachment":[{"href":"https:\/\/cocoons.eu\/de\/wp-json\/wp\/v2\/media?parent=235362"}],"wp:term":[{"taxonomy":"product_brand","embeddable":true,"href":"https:\/\/cocoons.eu\/de\/wp-json\/wp\/v2\/product_brand?post=235362"},{"taxonomy":"product_cat","embeddable":true,"href":"https:\/\/cocoons.eu\/de\/wp-json\/wp\/v2\/product_cat?post=235362"},{"taxonomy":"product_tag","embeddable":true,"href":"https:\/\/cocoons.eu\/de\/wp-json\/wp\/v2\/product_tag?post=235362"}],"curies":[{"name":"wp","href":"https:\/\/api.w.org\/{rel}","templated":true}]}}