{"id":242634,"date":"2024-02-15T21:38:09","date_gmt":"2024-02-15T20:38:09","guid":{"rendered":"https:\/\/cocoons.eu\/konformitaetserklaerung\/"},"modified":"2024-02-15T21:38:11","modified_gmt":"2024-02-15T20:38:11","slug":"konformitaetserklaerung","status":"publish","type":"page","link":"https:\/\/cocoons.eu\/de\/konformitaetserklaerung\/","title":{"rendered":"Konformit\u00e4tserkl\u00e4rung"},"content":{"rendered":"\n<h1>Konformit\u00e4tserkl\u00e4rung<\/h1>\r\n\r\n<p><strong><a href=\"https:\/\/cocoons.eu\/wp-content\/uploads\/2024\/02\/CE-Declaration-of-Conformity.pdf\">Klicken Sie hier<\/a><\/strong>, um das PDF herunterzuladen<\/p>\n\t<div class=\"img has-hover x md-x lg-x y md-y lg-y\" id=\"image_1128597119\">\n\t\t<a class=\"\" href=\"https:\/\/cocoons.eu\/wp-content\/uploads\/2024\/02\/CE-Declaration-of-Conformity.pdf\" target=\"_blank\" rel=\"noopener\" >\t\t\t\t\t\t<div class=\"img-inner dark\" >\n\t\t\t<img decoding=\"async\" width=\"1683\" height=\"2178\" src=\"https:\/\/cocoons.eu\/wp-content\/uploads\/2024\/02\/CE-Declaration-of-Conformity_Page_1.jpg\" class=\"attachment-original size-original\" alt=\"\" srcset=\"https:\/\/cocoons.eu\/wp-content\/uploads\/2024\/02\/CE-Declaration-of-Conformity_Page_1.jpg 1683w, https:\/\/cocoons.eu\/wp-content\/uploads\/2024\/02\/CE-Declaration-of-Conformity_Page_1-232x300.jpg 232w, https:\/\/cocoons.eu\/wp-content\/uploads\/2024\/02\/CE-Declaration-of-Conformity_Page_1-791x1024.jpg 791w, https:\/\/cocoons.eu\/wp-content\/uploads\/2024\/02\/CE-Declaration-of-Conformity_Page_1-768x994.jpg 768w, https:\/\/cocoons.eu\/wp-content\/uploads\/2024\/02\/CE-Declaration-of-Conformity_Page_1-1187x1536.jpg 1187w, https:\/\/cocoons.eu\/wp-content\/uploads\/2024\/02\/CE-Declaration-of-Conformity_Page_1-1583x2048.jpg 1583w, https:\/\/cocoons.eu\/wp-content\/uploads\/2024\/02\/CE-Declaration-of-Conformity_Page_1-246x318.jpg 246w, https:\/\/cocoons.eu\/wp-content\/uploads\/2024\/02\/CE-Declaration-of-Conformity_Page_1-420x544.jpg 420w\" sizes=\"(max-width: 1683px) 100vw, 1683px\" \/>\t\t\t\t\t\t\n\t\t\t\t\t<\/div>\n\t\t\t\t\t\t<\/a>\t\t\n<style>\n#image_1128597119 {\n  width: 40%;\n}\n<\/style>\n\t<\/div>\n\t\n\n\n","protected":false},"excerpt":{"rendered":"","protected":false},"author":6,"featured_media":0,"parent":0,"menu_order":0,"comment_status":"closed","ping_status":"closed","template":"","meta":{"_acf_changed":false,"footnotes":""},"class_list":["post-242634","page","type-page","status-publish","hentry"],"acf":[],"yoast_head":"<!-- This site is optimized with the Yoast SEO Premium plugin v27.3 (Yoast SEO v27.3) - https:\/\/yoast.com\/product\/yoast-seo-premium-wordpress\/ -->\n<title>Konformit\u00e4tserkl\u00e4rung : Cocoons<\/title>\n<meta name=\"description\" content=\"Click here to view our page Konformit\u00e4tserkl\u00e4rung.\" \/>\n<meta name=\"robots\" content=\"index, follow, max-snippet:-1, max-image-preview:large, max-video-preview:-1\" \/>\n<link rel=\"canonical\" href=\"https:\/\/cocoons.eu\/de\/konformitaetserklaerung\/\" \/>\n<meta property=\"og:locale\" content=\"de_DE\" \/>\n<meta property=\"og:type\" content=\"article\" \/>\n<meta property=\"og:title\" content=\"Konformit\u00e4tserkl\u00e4rung\" \/>\n<meta property=\"og:description\" content=\"Click here to view our page Konformit\u00e4tserkl\u00e4rung.\" \/>\n<meta property=\"og:url\" content=\"https:\/\/cocoons.eu\/de\/konformitaetserklaerung\/\" \/>\n<meta property=\"og:site_name\" content=\"Cocoons\" \/>\n<meta property=\"article:publisher\" content=\"https:\/\/facebook.com\/cocoonseurope\" \/>\n<meta property=\"article:modified_time\" content=\"2024-02-15T20:38:11+00:00\" \/>\n<meta name=\"twitter:card\" content=\"summary_large_image\" \/>\n<script type=\"application\/ld+json\" class=\"yoast-schema-graph\">{\"@context\":\"https:\\\/\\\/schema.org\",\"@graph\":[{\"@type\":\"WebPage\",\"@id\":\"https:\\\/\\\/cocoons.eu\\\/de\\\/konformitaetserklaerung\\\/\",\"url\":\"https:\\\/\\\/cocoons.eu\\\/de\\\/konformitaetserklaerung\\\/\",\"name\":\"Konformit\u00e4tserkl\u00e4rung : Cocoons\",\"isPartOf\":{\"@id\":\"https:\\\/\\\/cocoons.eu\\\/de\\\/#website\"},\"datePublished\":\"2024-02-15T20:38:09+00:00\",\"dateModified\":\"2024-02-15T20:38:11+00:00\",\"description\":\"Click here to view our page Konformit\u00e4tserkl\u00e4rung.\",\"breadcrumb\":{\"@id\":\"https:\\\/\\\/cocoons.eu\\\/de\\\/konformitaetserklaerung\\\/#breadcrumb\"},\"inLanguage\":\"de\",\"potentialAction\":[{\"@type\":\"ReadAction\",\"target\":[\"https:\\\/\\\/cocoons.eu\\\/de\\\/konformitaetserklaerung\\\/\"]}]},{\"@type\":\"BreadcrumbList\",\"@id\":\"https:\\\/\\\/cocoons.eu\\\/de\\\/konformitaetserklaerung\\\/#breadcrumb\",\"itemListElement\":[{\"@type\":\"ListItem\",\"position\":1,\"name\":\"Home\",\"item\":\"https:\\\/\\\/cocoons.eu\\\/de\\\/\"},{\"@type\":\"ListItem\",\"position\":2,\"name\":\"Konformit\u00e4tserkl\u00e4rung\"}]},{\"@type\":\"WebSite\",\"@id\":\"https:\\\/\\\/cocoons.eu\\\/de\\\/#website\",\"url\":\"https:\\\/\\\/cocoons.eu\\\/de\\\/\",\"name\":\"Cocoons Eyewear Europe\",\"description\":\"Hochwertige Fitover-Sonnenbrillen\",\"publisher\":{\"@id\":\"https:\\\/\\\/cocoons.eu\\\/de\\\/#organization\"},\"potentialAction\":[{\"@type\":\"SearchAction\",\"target\":{\"@type\":\"EntryPoint\",\"urlTemplate\":\"https:\\\/\\\/cocoons.eu\\\/de\\\/?s={search_term_string}\"},\"query-input\":{\"@type\":\"PropertyValueSpecification\",\"valueRequired\":true,\"valueName\":\"search_term_string\"}}],\"inLanguage\":\"de\"},{\"@type\":\"Organization\",\"@id\":\"https:\\\/\\\/cocoons.eu\\\/de\\\/#organization\",\"name\":\"Cocoons by Live Eyewear\",\"url\":\"https:\\\/\\\/cocoons.eu\\\/de\\\/\",\"logo\":{\"@type\":\"ImageObject\",\"inLanguage\":\"de\",\"@id\":\"https:\\\/\\\/cocoons.eu\\\/de\\\/#\\\/schema\\\/logo\\\/image\\\/\",\"url\":\"https:\\\/\\\/cocoons.eu\\\/wp-content\\\/uploads\\\/2020\\\/03\\\/C4218G-DSC_7866ps_edit_website800x800.jpg\",\"contentUrl\":\"https:\\\/\\\/cocoons.eu\\\/wp-content\\\/uploads\\\/2020\\\/03\\\/C4218G-DSC_7866ps_edit_website800x800.jpg\",\"width\":800,\"height\":800,\"caption\":\"Cocoons by Live Eyewear\"},\"image\":{\"@id\":\"https:\\\/\\\/cocoons.eu\\\/de\\\/#\\\/schema\\\/logo\\\/image\\\/\"},\"sameAs\":[\"https:\\\/\\\/facebook.com\\\/cocoonseurope\"]}]}<\/script>\n<!-- \/ Yoast SEO Premium plugin. -->","yoast_head_json":{"title":"Konformit\u00e4tserkl\u00e4rung : Cocoons","description":"Click here to view our page Konformit\u00e4tserkl\u00e4rung.","robots":{"index":"index","follow":"follow","max-snippet":"max-snippet:-1","max-image-preview":"max-image-preview:large","max-video-preview":"max-video-preview:-1"},"canonical":"https:\/\/cocoons.eu\/de\/konformitaetserklaerung\/","og_locale":"de_DE","og_type":"article","og_title":"Konformit\u00e4tserkl\u00e4rung","og_description":"Click here to view our page Konformit\u00e4tserkl\u00e4rung.","og_url":"https:\/\/cocoons.eu\/de\/konformitaetserklaerung\/","og_site_name":"Cocoons","article_publisher":"https:\/\/facebook.com\/cocoonseurope","article_modified_time":"2024-02-15T20:38:11+00:00","twitter_card":"summary_large_image","schema":{"@context":"https:\/\/schema.org","@graph":[{"@type":"WebPage","@id":"https:\/\/cocoons.eu\/de\/konformitaetserklaerung\/","url":"https:\/\/cocoons.eu\/de\/konformitaetserklaerung\/","name":"Konformit\u00e4tserkl\u00e4rung : Cocoons","isPartOf":{"@id":"https:\/\/cocoons.eu\/de\/#website"},"datePublished":"2024-02-15T20:38:09+00:00","dateModified":"2024-02-15T20:38:11+00:00","description":"Click here to view our page Konformit\u00e4tserkl\u00e4rung.","breadcrumb":{"@id":"https:\/\/cocoons.eu\/de\/konformitaetserklaerung\/#breadcrumb"},"inLanguage":"de","potentialAction":[{"@type":"ReadAction","target":["https:\/\/cocoons.eu\/de\/konformitaetserklaerung\/"]}]},{"@type":"BreadcrumbList","@id":"https:\/\/cocoons.eu\/de\/konformitaetserklaerung\/#breadcrumb","itemListElement":[{"@type":"ListItem","position":1,"name":"Home","item":"https:\/\/cocoons.eu\/de\/"},{"@type":"ListItem","position":2,"name":"Konformit\u00e4tserkl\u00e4rung"}]},{"@type":"WebSite","@id":"https:\/\/cocoons.eu\/de\/#website","url":"https:\/\/cocoons.eu\/de\/","name":"Cocoons Eyewear Europe","description":"Hochwertige Fitover-Sonnenbrillen","publisher":{"@id":"https:\/\/cocoons.eu\/de\/#organization"},"potentialAction":[{"@type":"SearchAction","target":{"@type":"EntryPoint","urlTemplate":"https:\/\/cocoons.eu\/de\/?s={search_term_string}"},"query-input":{"@type":"PropertyValueSpecification","valueRequired":true,"valueName":"search_term_string"}}],"inLanguage":"de"},{"@type":"Organization","@id":"https:\/\/cocoons.eu\/de\/#organization","name":"Cocoons by Live Eyewear","url":"https:\/\/cocoons.eu\/de\/","logo":{"@type":"ImageObject","inLanguage":"de","@id":"https:\/\/cocoons.eu\/de\/#\/schema\/logo\/image\/","url":"https:\/\/cocoons.eu\/wp-content\/uploads\/2020\/03\/C4218G-DSC_7866ps_edit_website800x800.jpg","contentUrl":"https:\/\/cocoons.eu\/wp-content\/uploads\/2020\/03\/C4218G-DSC_7866ps_edit_website800x800.jpg","width":800,"height":800,"caption":"Cocoons by Live Eyewear"},"image":{"@id":"https:\/\/cocoons.eu\/de\/#\/schema\/logo\/image\/"},"sameAs":["https:\/\/facebook.com\/cocoonseurope"]}]}},"_links":{"self":[{"href":"https:\/\/cocoons.eu\/de\/wp-json\/wp\/v2\/pages\/242634","targetHints":{"allow":["GET"]}}],"collection":[{"href":"https:\/\/cocoons.eu\/de\/wp-json\/wp\/v2\/pages"}],"about":[{"href":"https:\/\/cocoons.eu\/de\/wp-json\/wp\/v2\/types\/page"}],"author":[{"embeddable":true,"href":"https:\/\/cocoons.eu\/de\/wp-json\/wp\/v2\/users\/6"}],"replies":[{"embeddable":true,"href":"https:\/\/cocoons.eu\/de\/wp-json\/wp\/v2\/comments?post=242634"}],"version-history":[{"count":0,"href":"https:\/\/cocoons.eu\/de\/wp-json\/wp\/v2\/pages\/242634\/revisions"}],"wp:attachment":[{"href":"https:\/\/cocoons.eu\/de\/wp-json\/wp\/v2\/media?parent=242634"}],"curies":[{"name":"wp","href":"https:\/\/api.w.org\/{rel}","templated":true}]}}