{"id":235851,"date":"2022-07-29T22:28:46","date_gmt":"2022-07-29T20:28:46","guid":{"rendered":"https:\/\/cocoons.eu\/internationale-haendler\/"},"modified":"2024-01-31T01:49:49","modified_gmt":"2024-01-31T00:49:49","slug":"internationale-haendler","status":"publish","type":"page","link":"https:\/\/cocoons.eu\/de\/internationale-haendler\/","title":{"rendered":"Internationale H\u00e4ndler"},"content":{"rendered":"\n<h2 class=\"wp-block-heading\" id=\"h-international-dealers\">Internationale Standorte<\/h2>\n\n<p>Diese Website ist f\u00fcr den Service in Europa bestimmt. Wenn Sie sich au\u00dferhalb Europas befinden und Informationen zu autorisierten Cocoons-H\u00e4ndlern in Ihrer N\u00e4he erhalten m\u00f6chten, wenden Sie sich bitte an den auf der Karte angegebenen Cocoons-H\u00e4ndler, der Ihr Land bedient, um eine Liste der lokalen autorisierten H\u00e4ndler f\u00fcr Ihre Region zu erhalten. Wenn Sie auf der Karte f\u00fcr Ihr Land keinen H\u00e4ndler sehen, sind Cocoons m\u00f6glicherweise nicht bei einem lokalen Einzelh\u00e4ndler in Ihrer Region erh\u00e4ltlich. F\u00fcr Anfragen au\u00dferhalb Europas besuchen Sie bitte die Website des Herstellers unter <a href=\"https:\/\/cocoons.com\"><strong>www.cocoons.com<\/strong><\/a>, oder senden Sie eine E-Mail an\u00a0<a href=\"mailto:info@liveeyewear.com\" rel=\"nofollow\"><strong>info@liveeyewear.com<\/strong><\/a>, um Unterst\u00fctzung zu erhalten.<\/p>\n<div id=\"wpsl-base-gmap_0\" class=\"wpsl-gmap-canvas\"><\/div>\r\n<style>#wpsl-base-gmap_0 {height:500px;}<\/style>\r\n\n","protected":false},"excerpt":{"rendered":"<p>Internationale Standorte Diese Website ist f\u00fcr den Service in Europa bestimmt. Wenn Sie sich au\u00dferhalb Europas befinden und Informationen zu autorisierten Cocoons-H\u00e4ndlern in Ihrer N\u00e4he erhalten m\u00f6chten, wenden Sie sich bitte an den auf der Karte angegebenen Cocoons-H\u00e4ndler, der Ihr Land bedient, um eine Liste der lokalen autorisierten H\u00e4ndler f\u00fcr Ihre Region zu erhalten. Wenn&#8230;<\/p>\n","protected":false},"author":6,"featured_media":0,"parent":0,"menu_order":0,"comment_status":"closed","ping_status":"closed","template":"","meta":{"_acf_changed":false,"footnotes":""},"class_list":["post-235851","page","type-page","status-publish","hentry"],"acf":[],"yoast_head":"<!-- This site is optimized with the Yoast SEO Premium plugin v27.3 (Yoast SEO v27.3) - https:\/\/yoast.com\/product\/yoast-seo-premium-wordpress\/ -->\n<title>Internationale H\u00e4ndler : Cocoons<\/title>\n<meta name=\"description\" content=\"Click here to view our page Internationale H\u00e4ndler.\" \/>\n<meta name=\"robots\" content=\"index, follow, max-snippet:-1, max-image-preview:large, max-video-preview:-1\" \/>\n<link rel=\"canonical\" href=\"https:\/\/cocoons.eu\/de\/internationale-haendler\/\" \/>\n<meta property=\"og:locale\" content=\"de_DE\" \/>\n<meta property=\"og:type\" content=\"article\" \/>\n<meta property=\"og:title\" content=\"Internationale H\u00e4ndler\" \/>\n<meta property=\"og:description\" content=\"Click here to view our page Internationale H\u00e4ndler.\" \/>\n<meta property=\"og:url\" content=\"https:\/\/cocoons.eu\/de\/internationale-haendler\/\" \/>\n<meta property=\"og:site_name\" content=\"Cocoons\" \/>\n<meta property=\"article:publisher\" content=\"https:\/\/facebook.com\/cocoonseurope\" \/>\n<meta property=\"article:modified_time\" content=\"2024-01-31T00:49:49+00:00\" \/>\n<meta name=\"twitter:card\" content=\"summary_large_image\" \/>\n<meta name=\"twitter:label1\" content=\"Gesch\u00e4tzte Lesezeit\" \/>\n\t<meta name=\"twitter:data1\" content=\"1\u00a0Minute\" \/>\n<script type=\"application\/ld+json\" class=\"yoast-schema-graph\">{\"@context\":\"https:\\\/\\\/schema.org\",\"@graph\":[{\"@type\":\"WebPage\",\"@id\":\"https:\\\/\\\/cocoons.eu\\\/de\\\/internationale-haendler\\\/\",\"url\":\"https:\\\/\\\/cocoons.eu\\\/de\\\/internationale-haendler\\\/\",\"name\":\"Internationale H\u00e4ndler : Cocoons\",\"isPartOf\":{\"@id\":\"https:\\\/\\\/cocoons.eu\\\/de\\\/#website\"},\"datePublished\":\"2022-07-29T20:28:46+00:00\",\"dateModified\":\"2024-01-31T00:49:49+00:00\",\"description\":\"Click here to view our page Internationale H\u00e4ndler.\",\"breadcrumb\":{\"@id\":\"https:\\\/\\\/cocoons.eu\\\/de\\\/internationale-haendler\\\/#breadcrumb\"},\"inLanguage\":\"de\",\"potentialAction\":[{\"@type\":\"ReadAction\",\"target\":[\"https:\\\/\\\/cocoons.eu\\\/de\\\/internationale-haendler\\\/\"]}]},{\"@type\":\"BreadcrumbList\",\"@id\":\"https:\\\/\\\/cocoons.eu\\\/de\\\/internationale-haendler\\\/#breadcrumb\",\"itemListElement\":[{\"@type\":\"ListItem\",\"position\":1,\"name\":\"Home\",\"item\":\"https:\\\/\\\/cocoons.eu\\\/de\\\/\"},{\"@type\":\"ListItem\",\"position\":2,\"name\":\"Internationale H\u00e4ndler\"}]},{\"@type\":\"WebSite\",\"@id\":\"https:\\\/\\\/cocoons.eu\\\/de\\\/#website\",\"url\":\"https:\\\/\\\/cocoons.eu\\\/de\\\/\",\"name\":\"Cocoons Eyewear Europe\",\"description\":\"Hochwertige Fitover-Sonnenbrillen\",\"publisher\":{\"@id\":\"https:\\\/\\\/cocoons.eu\\\/de\\\/#organization\"},\"potentialAction\":[{\"@type\":\"SearchAction\",\"target\":{\"@type\":\"EntryPoint\",\"urlTemplate\":\"https:\\\/\\\/cocoons.eu\\\/de\\\/?s={search_term_string}\"},\"query-input\":{\"@type\":\"PropertyValueSpecification\",\"valueRequired\":true,\"valueName\":\"search_term_string\"}}],\"inLanguage\":\"de\"},{\"@type\":\"Organization\",\"@id\":\"https:\\\/\\\/cocoons.eu\\\/de\\\/#organization\",\"name\":\"Cocoons by Live Eyewear\",\"url\":\"https:\\\/\\\/cocoons.eu\\\/de\\\/\",\"logo\":{\"@type\":\"ImageObject\",\"inLanguage\":\"de\",\"@id\":\"https:\\\/\\\/cocoons.eu\\\/de\\\/#\\\/schema\\\/logo\\\/image\\\/\",\"url\":\"https:\\\/\\\/cocoons.eu\\\/wp-content\\\/uploads\\\/2020\\\/03\\\/C4218G-DSC_7866ps_edit_website800x800.jpg\",\"contentUrl\":\"https:\\\/\\\/cocoons.eu\\\/wp-content\\\/uploads\\\/2020\\\/03\\\/C4218G-DSC_7866ps_edit_website800x800.jpg\",\"width\":800,\"height\":800,\"caption\":\"Cocoons by Live Eyewear\"},\"image\":{\"@id\":\"https:\\\/\\\/cocoons.eu\\\/de\\\/#\\\/schema\\\/logo\\\/image\\\/\"},\"sameAs\":[\"https:\\\/\\\/facebook.com\\\/cocoonseurope\"]}]}<\/script>\n<!-- \/ Yoast SEO Premium plugin. -->","yoast_head_json":{"title":"Internationale H\u00e4ndler : Cocoons","description":"Click here to view our page Internationale H\u00e4ndler.","robots":{"index":"index","follow":"follow","max-snippet":"max-snippet:-1","max-image-preview":"max-image-preview:large","max-video-preview":"max-video-preview:-1"},"canonical":"https:\/\/cocoons.eu\/de\/internationale-haendler\/","og_locale":"de_DE","og_type":"article","og_title":"Internationale H\u00e4ndler","og_description":"Click here to view our page Internationale H\u00e4ndler.","og_url":"https:\/\/cocoons.eu\/de\/internationale-haendler\/","og_site_name":"Cocoons","article_publisher":"https:\/\/facebook.com\/cocoonseurope","article_modified_time":"2024-01-31T00:49:49+00:00","twitter_card":"summary_large_image","twitter_misc":{"Gesch\u00e4tzte Lesezeit":"1\u00a0Minute"},"schema":{"@context":"https:\/\/schema.org","@graph":[{"@type":"WebPage","@id":"https:\/\/cocoons.eu\/de\/internationale-haendler\/","url":"https:\/\/cocoons.eu\/de\/internationale-haendler\/","name":"Internationale H\u00e4ndler : Cocoons","isPartOf":{"@id":"https:\/\/cocoons.eu\/de\/#website"},"datePublished":"2022-07-29T20:28:46+00:00","dateModified":"2024-01-31T00:49:49+00:00","description":"Click here to view our page Internationale H\u00e4ndler.","breadcrumb":{"@id":"https:\/\/cocoons.eu\/de\/internationale-haendler\/#breadcrumb"},"inLanguage":"de","potentialAction":[{"@type":"ReadAction","target":["https:\/\/cocoons.eu\/de\/internationale-haendler\/"]}]},{"@type":"BreadcrumbList","@id":"https:\/\/cocoons.eu\/de\/internationale-haendler\/#breadcrumb","itemListElement":[{"@type":"ListItem","position":1,"name":"Home","item":"https:\/\/cocoons.eu\/de\/"},{"@type":"ListItem","position":2,"name":"Internationale H\u00e4ndler"}]},{"@type":"WebSite","@id":"https:\/\/cocoons.eu\/de\/#website","url":"https:\/\/cocoons.eu\/de\/","name":"Cocoons Eyewear Europe","description":"Hochwertige Fitover-Sonnenbrillen","publisher":{"@id":"https:\/\/cocoons.eu\/de\/#organization"},"potentialAction":[{"@type":"SearchAction","target":{"@type":"EntryPoint","urlTemplate":"https:\/\/cocoons.eu\/de\/?s={search_term_string}"},"query-input":{"@type":"PropertyValueSpecification","valueRequired":true,"valueName":"search_term_string"}}],"inLanguage":"de"},{"@type":"Organization","@id":"https:\/\/cocoons.eu\/de\/#organization","name":"Cocoons by Live Eyewear","url":"https:\/\/cocoons.eu\/de\/","logo":{"@type":"ImageObject","inLanguage":"de","@id":"https:\/\/cocoons.eu\/de\/#\/schema\/logo\/image\/","url":"https:\/\/cocoons.eu\/wp-content\/uploads\/2020\/03\/C4218G-DSC_7866ps_edit_website800x800.jpg","contentUrl":"https:\/\/cocoons.eu\/wp-content\/uploads\/2020\/03\/C4218G-DSC_7866ps_edit_website800x800.jpg","width":800,"height":800,"caption":"Cocoons by Live Eyewear"},"image":{"@id":"https:\/\/cocoons.eu\/de\/#\/schema\/logo\/image\/"},"sameAs":["https:\/\/facebook.com\/cocoonseurope"]}]}},"_links":{"self":[{"href":"https:\/\/cocoons.eu\/de\/wp-json\/wp\/v2\/pages\/235851","targetHints":{"allow":["GET"]}}],"collection":[{"href":"https:\/\/cocoons.eu\/de\/wp-json\/wp\/v2\/pages"}],"about":[{"href":"https:\/\/cocoons.eu\/de\/wp-json\/wp\/v2\/types\/page"}],"author":[{"embeddable":true,"href":"https:\/\/cocoons.eu\/de\/wp-json\/wp\/v2\/users\/6"}],"replies":[{"embeddable":true,"href":"https:\/\/cocoons.eu\/de\/wp-json\/wp\/v2\/comments?post=235851"}],"version-history":[{"count":0,"href":"https:\/\/cocoons.eu\/de\/wp-json\/wp\/v2\/pages\/235851\/revisions"}],"wp:attachment":[{"href":"https:\/\/cocoons.eu\/de\/wp-json\/wp\/v2\/media?parent=235851"}],"curies":[{"name":"wp","href":"https:\/\/api.w.org\/{rel}","templated":true}]}}