{"id":235850,"date":"2022-07-29T22:28:46","date_gmt":"2022-07-29T20:28:46","guid":{"rendered":"https:\/\/cocoons.eu\/groessensuche-cocoons-fuer-damen\/"},"modified":"2022-09-19T17:08:46","modified_gmt":"2022-09-19T15:08:46","slug":"groessensuche-cocoons-fuer-damen","status":"publish","type":"page","link":"https:\/\/cocoons.eu\/de\/groessensuche-cocoons-fuer-damen\/","title":{"rendered":"Gr\u00f6\u00dfensuche &#8211; Cocoons f\u00fcr Damen"},"content":{"rendered":"<h2 class=\"uppercase\" style=\"text-align: center;\"><span style=\"font-size: 120%;\">Fitover-Gr\u00f6\u00dfenrechner<\/span><\/h2>\n<h3 class=\"thin-font\" style=\"text-align: center;\">Halten Sie Ihre Korrektionsbrille zum Bildschirm. <br \/>Verwenden Sie die Pfeile, um durch die Gr\u00f6\u00dfen zu bl\u00e4ttern.<br \/>Vergewissern Sie sich, dass Ihre gesamte Fassung in das rote Feld passt.<\/p>\n<\/h3>\n<div class=\"slider-wrapper relative\" id=\"slider-1750085174\" >\n    <div class=\"slider slider-nav-circle slider-nav-large slider-nav-dark slider-nav-outside slider-style-focus slider-show-nav\"\n        data-flickity-options='{\n            \"cellAlign\": \"center\",\n            \"imagesLoaded\": true,\n            \"lazyLoad\": 1,\n            \"freeScroll\": false,\n            \"wrapAround\": true,\n            \"autoPlay\": false,\n            \"pauseAutoPlayOnHover\" : true,\n            \"prevNextButtons\": true,\n            \"contain\" : true,\n            \"adaptiveHeight\" : true,\n            \"dragThreshold\" : 10,\n            \"percentPosition\": true,\n            \"pageDots\": true,\n            \"rightToLeft\": false,\n            \"draggable\": true,\n            \"selectedAttraction\": 0.1,\n            \"parallax\" : 0,\n            \"friction\": 0.6        }'\n        >\n        \n\t<div class=\"img has-hover x md-x lg-x y md-y lg-y\" id=\"image_1950179129\">\n\t\t\t\t\t\t<div data-animate=\"bounceInUp\">\t\t<div class=\"img-inner dark\" >\n\t\t\t<img decoding=\"async\" width=\"978\" height=\"396\" src=\"https:\/\/cocoons.eu\/wp-content\/uploads\/2018\/08\/Cocoons-Stream-S.png\" class=\"attachment-large size-large\" alt=\"\" srcset=\"https:\/\/cocoons.eu\/wp-content\/uploads\/2018\/08\/Cocoons-Stream-S.png 978w, https:\/\/cocoons.eu\/wp-content\/uploads\/2018\/08\/Cocoons-Stream-S-300x121.png 300w, https:\/\/cocoons.eu\/wp-content\/uploads\/2018\/08\/Cocoons-Stream-S-768x311.png 768w, https:\/\/cocoons.eu\/wp-content\/uploads\/2018\/08\/Cocoons-Stream-S-246x100.png 246w, https:\/\/cocoons.eu\/wp-content\/uploads\/2018\/08\/Cocoons-Stream-S-420x170.png 420w\" sizes=\"(max-width: 978px) 100vw, 978px\" \/>\t\t\t\t\t\t\n\t\t\t\t\t<\/div>\n\t\t<\/div>\t\t\t\t\t\t\n<style>\n#image_1950179129 {\n  width: 100%;\n}\n<\/style>\n\t<\/div>\n\t\n\t<div class=\"img has-hover x md-x lg-x y md-y lg-y\" id=\"image_380844739\">\n\t\t\t\t\t\t<div data-animate=\"bounceInUp\">\t\t<div class=\"img-inner dark\" >\n\t\t\t<img decoding=\"async\" width=\"978\" height=\"396\" src=\"https:\/\/cocoons.eu\/wp-content\/uploads\/2018\/08\/Cocoons-Slim-MS.png\" class=\"attachment-large size-large\" alt=\"\" srcset=\"https:\/\/cocoons.eu\/wp-content\/uploads\/2018\/08\/Cocoons-Slim-MS.png 978w, https:\/\/cocoons.eu\/wp-content\/uploads\/2018\/08\/Cocoons-Slim-MS-300x121.png 300w, https:\/\/cocoons.eu\/wp-content\/uploads\/2018\/08\/Cocoons-Slim-MS-768x311.png 768w, https:\/\/cocoons.eu\/wp-content\/uploads\/2018\/08\/Cocoons-Slim-MS-246x100.png 246w, https:\/\/cocoons.eu\/wp-content\/uploads\/2018\/08\/Cocoons-Slim-MS-420x170.png 420w\" sizes=\"(max-width: 978px) 100vw, 978px\" \/>\t\t\t\t\t\t\n\t\t\t\t\t<\/div>\n\t\t<\/div>\t\t\t\t\t\t\n<style>\n#image_380844739 {\n  width: 100%;\n}\n<\/style>\n\t<\/div>\n\t\n\t<div class=\"img has-hover x md-x lg-x y md-y lg-y\" id=\"image_1009959254\">\n\t\t\t\t\t\t<div data-animate=\"bounceInUp\">\t\t<div class=\"img-inner dark\" >\n\t\t\t<img decoding=\"async\" width=\"978\" height=\"396\" src=\"https:\/\/cocoons.eu\/wp-content\/uploads\/2018\/08\/Cocoons-Slim-M.png\" class=\"attachment-large size-large\" alt=\"\" srcset=\"https:\/\/cocoons.eu\/wp-content\/uploads\/2018\/08\/Cocoons-Slim-M.png 978w, https:\/\/cocoons.eu\/wp-content\/uploads\/2018\/08\/Cocoons-Slim-M-300x121.png 300w, https:\/\/cocoons.eu\/wp-content\/uploads\/2018\/08\/Cocoons-Slim-M-768x311.png 768w, https:\/\/cocoons.eu\/wp-content\/uploads\/2018\/08\/Cocoons-Slim-M-246x100.png 246w, https:\/\/cocoons.eu\/wp-content\/uploads\/2018\/08\/Cocoons-Slim-M-420x170.png 420w\" sizes=\"(max-width: 978px) 100vw, 978px\" \/>\t\t\t\t\t\t\n\t\t\t\t\t<\/div>\n\t\t<\/div>\t\t\t\t\t\t\n<style>\n#image_1009959254 {\n  width: 100%;\n}\n<\/style>\n\t<\/div>\n\t\n\t<div class=\"img has-hover x md-x lg-x y md-y lg-y\" id=\"image_304531925\">\n\t\t\t\t\t\t<div data-animate=\"bounceInUp\">\t\t<div class=\"img-inner dark\" >\n\t\t\t<img decoding=\"async\" width=\"978\" height=\"396\" src=\"https:\/\/cocoons.eu\/wp-content\/uploads\/2018\/08\/Cocoons-Wide-ML.png\" class=\"attachment-large size-large\" alt=\"\" srcset=\"https:\/\/cocoons.eu\/wp-content\/uploads\/2018\/08\/Cocoons-Wide-ML.png 978w, https:\/\/cocoons.eu\/wp-content\/uploads\/2018\/08\/Cocoons-Wide-ML-300x121.png 300w, https:\/\/cocoons.eu\/wp-content\/uploads\/2018\/08\/Cocoons-Wide-ML-768x311.png 768w, https:\/\/cocoons.eu\/wp-content\/uploads\/2018\/08\/Cocoons-Wide-ML-246x100.png 246w, https:\/\/cocoons.eu\/wp-content\/uploads\/2018\/08\/Cocoons-Wide-ML-420x170.png 420w\" sizes=\"(max-width: 978px) 100vw, 978px\" \/>\t\t\t\t\t\t\n\t\t\t\t\t<\/div>\n\t\t<\/div>\t\t\t\t\t\t\n<style>\n#image_304531925 {\n  width: 100%;\n}\n<\/style>\n\t<\/div>\n\t\n\t<div class=\"img has-hover x md-x lg-x y md-y lg-y\" id=\"image_1826292220\">\n\t\t\t\t\t\t<div data-animate=\"bounceInUp\">\t\t<div class=\"img-inner dark\" >\n\t\t\t<img decoding=\"async\" width=\"978\" height=\"396\" src=\"https:\/\/cocoons.eu\/wp-content\/uploads\/2018\/08\/Cocoons-Style-MX.png\" class=\"attachment-large size-large\" alt=\"\" srcset=\"https:\/\/cocoons.eu\/wp-content\/uploads\/2018\/08\/Cocoons-Style-MX.png 978w, https:\/\/cocoons.eu\/wp-content\/uploads\/2018\/08\/Cocoons-Style-MX-300x121.png 300w, https:\/\/cocoons.eu\/wp-content\/uploads\/2018\/08\/Cocoons-Style-MX-768x311.png 768w, https:\/\/cocoons.eu\/wp-content\/uploads\/2018\/08\/Cocoons-Style-MX-246x100.png 246w, https:\/\/cocoons.eu\/wp-content\/uploads\/2018\/08\/Cocoons-Style-MX-420x170.png 420w\" sizes=\"(max-width: 978px) 100vw, 978px\" \/>\t\t\t\t\t\t\n\t\t\t\t\t<\/div>\n\t\t<\/div>\t\t\t\t\t\t\n<style>\n#image_1826292220 {\n  width: 100%;\n}\n<\/style>\n\t<\/div>\n\t\n\t<div class=\"img has-hover x md-x lg-x y md-y lg-y\" id=\"image_1297539846\">\n\t\t\t\t\t\t<div data-animate=\"bounceInUp\">\t\t<div class=\"img-inner dark\" >\n\t\t\t<img decoding=\"async\" width=\"978\" height=\"396\" src=\"https:\/\/cocoons.eu\/wp-content\/uploads\/2018\/08\/Cocoons-Pilot-L.png\" class=\"attachment-large size-large\" alt=\"\" srcset=\"https:\/\/cocoons.eu\/wp-content\/uploads\/2018\/08\/Cocoons-Pilot-L.png 978w, https:\/\/cocoons.eu\/wp-content\/uploads\/2018\/08\/Cocoons-Pilot-L-300x121.png 300w, https:\/\/cocoons.eu\/wp-content\/uploads\/2018\/08\/Cocoons-Pilot-L-768x311.png 768w, https:\/\/cocoons.eu\/wp-content\/uploads\/2018\/08\/Cocoons-Pilot-L-246x100.png 246w, https:\/\/cocoons.eu\/wp-content\/uploads\/2018\/08\/Cocoons-Pilot-L-420x170.png 420w\" sizes=\"(max-width: 978px) 100vw, 978px\" \/>\t\t\t\t\t\t\n\t\t\t\t\t<\/div>\n\t\t<\/div>\t\t\t\t\t\t\n<style>\n#image_1297539846 {\n  width: 100%;\n}\n<\/style>\n\t<\/div>\n\t\n\t<div class=\"img has-hover x md-x lg-x y md-y lg-y\" id=\"image_503069984\">\n\t\t\t\t\t\t<div data-animate=\"bounceInUp\">\t\t<div class=\"img-inner dark\" >\n\t\t\t<img decoding=\"async\" width=\"978\" height=\"396\" src=\"https:\/\/cocoons.eu\/wp-content\/uploads\/2018\/08\/Cocoons-Slip-LX.png\" class=\"attachment-large size-large\" alt=\"\" srcset=\"https:\/\/cocoons.eu\/wp-content\/uploads\/2018\/08\/Cocoons-Slip-LX.png 978w, https:\/\/cocoons.eu\/wp-content\/uploads\/2018\/08\/Cocoons-Slip-LX-300x121.png 300w, https:\/\/cocoons.eu\/wp-content\/uploads\/2018\/08\/Cocoons-Slip-LX-768x311.png 768w, https:\/\/cocoons.eu\/wp-content\/uploads\/2018\/08\/Cocoons-Slip-LX-246x100.png 246w, https:\/\/cocoons.eu\/wp-content\/uploads\/2018\/08\/Cocoons-Slip-LX-420x170.png 420w\" sizes=\"(max-width: 978px) 100vw, 978px\" \/>\t\t\t\t\t\t\n\t\t\t\t\t<\/div>\n\t\t<\/div>\t\t\t\t\t\t\n<style>\n#image_503069984 {\n  width: 100%;\n}\n<\/style>\n\t<\/div>\n\t\n\t<div class=\"img has-hover x md-x lg-x y md-y lg-y\" id=\"image_1797380480\">\n\t\t\t\t\t\t<div data-animate=\"bounceInUp\">\t\t<div class=\"img-inner dark\" >\n\t\t\t<img decoding=\"async\" width=\"978\" height=\"396\" src=\"https:\/\/cocoons.eu\/wp-content\/uploads\/2018\/08\/Cocoons-Aviator-XL.png\" class=\"attachment-large size-large\" alt=\"\" srcset=\"https:\/\/cocoons.eu\/wp-content\/uploads\/2018\/08\/Cocoons-Aviator-XL.png 978w, https:\/\/cocoons.eu\/wp-content\/uploads\/2018\/08\/Cocoons-Aviator-XL-300x121.png 300w, https:\/\/cocoons.eu\/wp-content\/uploads\/2018\/08\/Cocoons-Aviator-XL-768x311.png 768w, https:\/\/cocoons.eu\/wp-content\/uploads\/2018\/08\/Cocoons-Aviator-XL-246x100.png 246w, https:\/\/cocoons.eu\/wp-content\/uploads\/2018\/08\/Cocoons-Aviator-XL-420x170.png 420w\" sizes=\"(max-width: 978px) 100vw, 978px\" \/>\t\t\t\t\t\t\n\t\t\t\t\t<\/div>\n\t\t<\/div>\t\t\t\t\t\t\n<style>\n#image_1797380480 {\n  width: 100%;\n}\n<\/style>\n\t<\/div>\n\t\n     <\/div>\n\n     <div class=\"loading-spin dark large centered\"><\/div>\n\n\t\n<style>\n#slider-1750085174 .flickity-slider > * {\n  max-width: 978px!important;\n}\n<\/style>\n<\/div>\n\n\n\t<div id=\"gap-1411126795\" class=\"gap-element clearfix\" style=\"display:block; height:auto;\">\n\t\t\n<style>\n#gap-1411126795 {\n  padding-top: 30px;\n}\n<\/style>\n\t<\/div>\n\t\n<center><a href=\"https:\/\/cocoons.eu\/shop\/polarized-fitovers\/womens-cocoons-mx\/\" class=\"button primary is-shade is-larger box-shadow-2 box-shadow-5-hover\" style=\"border-radius:10px;\">\n\t\t<span>W\u00e4hlen Sie diese Gr\u00f6\u00dfe<\/span>\n\t<i class=\"icon-checkmark\" aria-hidden=\"true\"><\/i><\/a>\n<!-- wpml:html_fragment <\/center> --><\/p>\n","protected":false},"excerpt":{"rendered":"<p>Fitover-Gr\u00f6\u00dfenrechner Halten Sie Ihre Korrektionsbrille zum Bildschirm. Verwenden Sie die Pfeile, um durch die Gr\u00f6\u00dfen zu bl\u00e4ttern.Vergewissern Sie sich, dass Ihre gesamte Fassung in das rote Feld passt.<\/p>\n","protected":false},"author":6,"featured_media":0,"parent":0,"menu_order":0,"comment_status":"closed","ping_status":"closed","template":"","meta":{"_acf_changed":false,"footnotes":""},"class_list":["post-235850","page","type-page","status-publish","hentry"],"acf":[],"yoast_head":"<!-- This site is optimized with the Yoast SEO Premium plugin v27.3 (Yoast SEO v27.4) - https:\/\/yoast.com\/product\/yoast-seo-premium-wordpress\/ -->\n<title>Gr\u00f6\u00dfensuche - Cocoons f\u00fcr Damen : Cocoons<\/title>\n<meta name=\"description\" content=\"Click here to view our page Gr\u00f6\u00dfensuche - Cocoons f\u00fcr Damen.\" \/>\n<meta name=\"robots\" content=\"index, follow, max-snippet:-1, max-image-preview:large, max-video-preview:-1\" \/>\n<link rel=\"canonical\" href=\"https:\/\/cocoons.eu\/de\/groessensuche-cocoons-fuer-damen\/\" \/>\n<meta property=\"og:locale\" content=\"de_DE\" \/>\n<meta property=\"og:type\" content=\"article\" \/>\n<meta property=\"og:title\" content=\"Gr\u00f6\u00dfensuche - Cocoons f\u00fcr Damen\" \/>\n<meta property=\"og:description\" content=\"Click here to view our page Gr\u00f6\u00dfensuche - Cocoons f\u00fcr Damen.\" \/>\n<meta property=\"og:url\" content=\"https:\/\/cocoons.eu\/de\/groessensuche-cocoons-fuer-damen\/\" \/>\n<meta property=\"og:site_name\" content=\"Cocoons\" \/>\n<meta property=\"article:publisher\" content=\"https:\/\/facebook.com\/cocoonseurope\" \/>\n<meta property=\"article:modified_time\" content=\"2022-09-19T15:08:46+00:00\" \/>\n<meta name=\"twitter:card\" content=\"summary_large_image\" \/>\n<meta name=\"twitter:label1\" content=\"Gesch\u00e4tzte Lesezeit\" \/>\n\t<meta name=\"twitter:data1\" content=\"1\u00a0Minute\" \/>\n<script type=\"application\/ld+json\" class=\"yoast-schema-graph\">{\"@context\":\"https:\\\/\\\/schema.org\",\"@graph\":[{\"@type\":\"WebPage\",\"@id\":\"https:\\\/\\\/cocoons.eu\\\/de\\\/groessensuche-cocoons-fuer-damen\\\/\",\"url\":\"https:\\\/\\\/cocoons.eu\\\/de\\\/groessensuche-cocoons-fuer-damen\\\/\",\"name\":\"Gr\u00f6\u00dfensuche - Cocoons f\u00fcr Damen : Cocoons\",\"isPartOf\":{\"@id\":\"https:\\\/\\\/cocoons.eu\\\/de\\\/#website\"},\"datePublished\":\"2022-07-29T20:28:46+00:00\",\"dateModified\":\"2022-09-19T15:08:46+00:00\",\"description\":\"Click here to view our page Gr\u00f6\u00dfensuche - Cocoons f\u00fcr Damen.\",\"breadcrumb\":{\"@id\":\"https:\\\/\\\/cocoons.eu\\\/de\\\/groessensuche-cocoons-fuer-damen\\\/#breadcrumb\"},\"inLanguage\":\"de\",\"potentialAction\":[{\"@type\":\"ReadAction\",\"target\":[\"https:\\\/\\\/cocoons.eu\\\/de\\\/groessensuche-cocoons-fuer-damen\\\/\"]}]},{\"@type\":\"BreadcrumbList\",\"@id\":\"https:\\\/\\\/cocoons.eu\\\/de\\\/groessensuche-cocoons-fuer-damen\\\/#breadcrumb\",\"itemListElement\":[{\"@type\":\"ListItem\",\"position\":1,\"name\":\"Home\",\"item\":\"https:\\\/\\\/cocoons.eu\\\/de\\\/\"},{\"@type\":\"ListItem\",\"position\":2,\"name\":\"Gr\u00f6\u00dfensuche &#8211; Cocoons f\u00fcr Damen\"}]},{\"@type\":\"WebSite\",\"@id\":\"https:\\\/\\\/cocoons.eu\\\/de\\\/#website\",\"url\":\"https:\\\/\\\/cocoons.eu\\\/de\\\/\",\"name\":\"Cocoons Eyewear Europe\",\"description\":\"Hochwertige Fitover-Sonnenbrillen\",\"publisher\":{\"@id\":\"https:\\\/\\\/cocoons.eu\\\/de\\\/#organization\"},\"potentialAction\":[{\"@type\":\"SearchAction\",\"target\":{\"@type\":\"EntryPoint\",\"urlTemplate\":\"https:\\\/\\\/cocoons.eu\\\/de\\\/?s={search_term_string}\"},\"query-input\":{\"@type\":\"PropertyValueSpecification\",\"valueRequired\":true,\"valueName\":\"search_term_string\"}}],\"inLanguage\":\"de\"},{\"@type\":\"Organization\",\"@id\":\"https:\\\/\\\/cocoons.eu\\\/de\\\/#organization\",\"name\":\"Cocoons by Live Eyewear\",\"url\":\"https:\\\/\\\/cocoons.eu\\\/de\\\/\",\"logo\":{\"@type\":\"ImageObject\",\"inLanguage\":\"de\",\"@id\":\"https:\\\/\\\/cocoons.eu\\\/de\\\/#\\\/schema\\\/logo\\\/image\\\/\",\"url\":\"https:\\\/\\\/cocoons.eu\\\/wp-content\\\/uploads\\\/2020\\\/03\\\/C4218G-DSC_7866ps_edit_website800x800.jpg\",\"contentUrl\":\"https:\\\/\\\/cocoons.eu\\\/wp-content\\\/uploads\\\/2020\\\/03\\\/C4218G-DSC_7866ps_edit_website800x800.jpg\",\"width\":800,\"height\":800,\"caption\":\"Cocoons by Live Eyewear\"},\"image\":{\"@id\":\"https:\\\/\\\/cocoons.eu\\\/de\\\/#\\\/schema\\\/logo\\\/image\\\/\"},\"sameAs\":[\"https:\\\/\\\/facebook.com\\\/cocoonseurope\"]}]}<\/script>\n<!-- \/ Yoast SEO Premium plugin. -->","yoast_head_json":{"title":"Gr\u00f6\u00dfensuche - Cocoons f\u00fcr Damen : Cocoons","description":"Click here to view our page Gr\u00f6\u00dfensuche - Cocoons f\u00fcr Damen.","robots":{"index":"index","follow":"follow","max-snippet":"max-snippet:-1","max-image-preview":"max-image-preview:large","max-video-preview":"max-video-preview:-1"},"canonical":"https:\/\/cocoons.eu\/de\/groessensuche-cocoons-fuer-damen\/","og_locale":"de_DE","og_type":"article","og_title":"Gr\u00f6\u00dfensuche - Cocoons f\u00fcr Damen","og_description":"Click here to view our page Gr\u00f6\u00dfensuche - Cocoons f\u00fcr Damen.","og_url":"https:\/\/cocoons.eu\/de\/groessensuche-cocoons-fuer-damen\/","og_site_name":"Cocoons","article_publisher":"https:\/\/facebook.com\/cocoonseurope","article_modified_time":"2022-09-19T15:08:46+00:00","twitter_card":"summary_large_image","twitter_misc":{"Gesch\u00e4tzte Lesezeit":"1\u00a0Minute"},"schema":{"@context":"https:\/\/schema.org","@graph":[{"@type":"WebPage","@id":"https:\/\/cocoons.eu\/de\/groessensuche-cocoons-fuer-damen\/","url":"https:\/\/cocoons.eu\/de\/groessensuche-cocoons-fuer-damen\/","name":"Gr\u00f6\u00dfensuche - Cocoons f\u00fcr Damen : Cocoons","isPartOf":{"@id":"https:\/\/cocoons.eu\/de\/#website"},"datePublished":"2022-07-29T20:28:46+00:00","dateModified":"2022-09-19T15:08:46+00:00","description":"Click here to view our page Gr\u00f6\u00dfensuche - Cocoons f\u00fcr Damen.","breadcrumb":{"@id":"https:\/\/cocoons.eu\/de\/groessensuche-cocoons-fuer-damen\/#breadcrumb"},"inLanguage":"de","potentialAction":[{"@type":"ReadAction","target":["https:\/\/cocoons.eu\/de\/groessensuche-cocoons-fuer-damen\/"]}]},{"@type":"BreadcrumbList","@id":"https:\/\/cocoons.eu\/de\/groessensuche-cocoons-fuer-damen\/#breadcrumb","itemListElement":[{"@type":"ListItem","position":1,"name":"Home","item":"https:\/\/cocoons.eu\/de\/"},{"@type":"ListItem","position":2,"name":"Gr\u00f6\u00dfensuche &#8211; Cocoons f\u00fcr Damen"}]},{"@type":"WebSite","@id":"https:\/\/cocoons.eu\/de\/#website","url":"https:\/\/cocoons.eu\/de\/","name":"Cocoons Eyewear Europe","description":"Hochwertige Fitover-Sonnenbrillen","publisher":{"@id":"https:\/\/cocoons.eu\/de\/#organization"},"potentialAction":[{"@type":"SearchAction","target":{"@type":"EntryPoint","urlTemplate":"https:\/\/cocoons.eu\/de\/?s={search_term_string}"},"query-input":{"@type":"PropertyValueSpecification","valueRequired":true,"valueName":"search_term_string"}}],"inLanguage":"de"},{"@type":"Organization","@id":"https:\/\/cocoons.eu\/de\/#organization","name":"Cocoons by Live Eyewear","url":"https:\/\/cocoons.eu\/de\/","logo":{"@type":"ImageObject","inLanguage":"de","@id":"https:\/\/cocoons.eu\/de\/#\/schema\/logo\/image\/","url":"https:\/\/cocoons.eu\/wp-content\/uploads\/2020\/03\/C4218G-DSC_7866ps_edit_website800x800.jpg","contentUrl":"https:\/\/cocoons.eu\/wp-content\/uploads\/2020\/03\/C4218G-DSC_7866ps_edit_website800x800.jpg","width":800,"height":800,"caption":"Cocoons by Live Eyewear"},"image":{"@id":"https:\/\/cocoons.eu\/de\/#\/schema\/logo\/image\/"},"sameAs":["https:\/\/facebook.com\/cocoonseurope"]}]}},"_links":{"self":[{"href":"https:\/\/cocoons.eu\/de\/wp-json\/wp\/v2\/pages\/235850","targetHints":{"allow":["GET"]}}],"collection":[{"href":"https:\/\/cocoons.eu\/de\/wp-json\/wp\/v2\/pages"}],"about":[{"href":"https:\/\/cocoons.eu\/de\/wp-json\/wp\/v2\/types\/page"}],"author":[{"embeddable":true,"href":"https:\/\/cocoons.eu\/de\/wp-json\/wp\/v2\/users\/6"}],"replies":[{"embeddable":true,"href":"https:\/\/cocoons.eu\/de\/wp-json\/wp\/v2\/comments?post=235850"}],"version-history":[{"count":0,"href":"https:\/\/cocoons.eu\/de\/wp-json\/wp\/v2\/pages\/235850\/revisions"}],"wp:attachment":[{"href":"https:\/\/cocoons.eu\/de\/wp-json\/wp\/v2\/media?parent=235850"}],"curies":[{"name":"wp","href":"https:\/\/api.w.org\/{rel}","templated":true}]}}