{"id":235833,"date":"2022-07-29T22:28:36","date_gmt":"2022-07-29T20:28:36","guid":{"rendered":"https:\/\/cocoons.eu\/nicht-autorisierte-haendler\/"},"modified":"2024-02-27T21:09:21","modified_gmt":"2024-02-27T20:09:21","slug":"nicht-autorisierte-haendler","status":"publish","type":"page","link":"https:\/\/cocoons.eu\/de\/nicht-autorisierte-haendler\/","title":{"rendered":"Nicht autorisierte H\u00e4ndler"},"content":{"rendered":"\n<h3><strong>WARNUNG IN BEZUG AUF NICHT AUTORISIERTE H\u00c4NDLER:<\/strong><\/h3>\n<p>Live Eyewear ist sehr stolz darauf, ein H\u00f6chstma\u00df ein Markenintegrit\u00e4t aufrechtzuerhalten &#8211; Integrit\u00e4t, die sich in unserem Kundenservice, der Qualit\u00e4t unserer Produkte und vor allem in der Wahl unserer Einzelhandelspartner widerspiegelt. Wir w\u00e4hlen sorgf\u00e4ltig nur solche H\u00e4ndler aus, die sich bereit erkl\u00e4ren, Live Eyewear-Produkte in \u00dcbereinstimmung mit den hohen Standards zu verkaufen, die von uns festgelegt wurden. Das sind unsere autorisierten H\u00e4ndler.<\/p>\n<p>Aufgrund der Beliebtheit von Live Eyewear-Produkten erwerben viele H\u00e4ndler gef\u00e4lschte Ware oder Live Eyewear-Produkte \u00fcber unzul\u00e4ssige Kan\u00e4le. Da Live Eyewear keine M\u00f6glichkeit hat, die Echtheit dieser nicht autorisierten Waren festzustellen, um zu gew\u00e4hrleisten, dass Kunden echte, autorisierte Live Eyewear-Produkte erhalten, haben Live Eyewear-Produkte, die von nicht autorisierten H\u00e4ndlern verkauft werden, keinen Anspruch auf Live Eyewear-Garantieleistungen.<\/p>\n<p><strong>PRODUKTGARANTIEN SIND NICHT \u00dcBERTRAGBAR. JEDES LIVE EYEWEAR-PRODUKT, DAS VON EINEM NICHT AUTORISIERTEN H\u00c4NDLER ODER AUS ZWEITER HAND VERKAUFT WIRD, F\u00c4LLT NICHT UNTER DIE LIVE EYEWEAR-GARANTIE. <\/strong><\/p>\n<p>Websites wie ebay.com, ratuken.com, buy.com und jet.com, die einen offenen Markt f\u00fcr viele Anbieter von gef\u00e4lschten oder nicht autorisierten Waren darstellen, gelten nicht als autorisierte H\u00e4ndler. Aufgrund der Verbreitung von nicht autorisierten Produkten auf diesen Websites ohne formale Kontrollen seitens der Websites verkaufen wir nicht mehr an diese Unternehmen. Sie als Verbraucher m\u00fcssen sich vergewissern, dass der Anbieter, der Ihnen das Produkt verkauft, dazu berechtigt ist. Ansonsten riskieren Sie den Verlust der lebenslangen Garantie. Um es noch einmal klar zu sagen: Wenn Sie von solchen Websites kaufen, haben Sie keinen Anspruch auf Garantie.<\/p>\n<p>Fragen Sie bitte, wenn Sie nicht genau wissen, ob ein H\u00e4ndler autorisiert ist! Sie k\u00f6nnen uns eine E-Mail an <a href=\"mailto:info@liveeyewear.com\">info@liveeyewear.com<\/a> senden<\/p>\n<h3>NICHT AUTORISIERTE H\u00c4NDLER<\/h3>\n<p>Die folgenden H\u00e4ndler sind nicht autorisiert, Live Eyewear-Produkte zu verkaufen. Wenn Sie von einem dieser H\u00e4ndler kaufen, erlischt die Produktgarantie sofort:<\/p>\n<ul><li><strong><span style=\"color: #ff0000;\">Anglers Habitat<\/span><\/strong><\/li>\n<li><strong><span style=\"color: #ff0000;\">BUY.COM<\/span><\/strong><\/li>\n<li><strong><span style=\"color: #ff0000;\">Departure Outdoors<br\/><\/span><\/strong><\/li>\n<li><strong><span style=\"color: #ff0000;\">EBAY.COM<\/span><\/strong><\/li>\n<li><strong><span style=\"color: #ff0000;\">Eising Opticians<\/span><\/strong><\/li>\n<li><strong><span style=\"color: #ff0000;\">JET.COM<\/span><\/strong><\/li>\n<li><strong><span style=\"color: #ff0000;\">Modern Everyday<\/span><\/strong><\/li>\n<li><strong><span style=\"color: #ff0000;\">Mystique Fly Shop<\/span><\/strong><\/li>\n<li><strong><span style=\"color: #ff0000;\">Optics Eyewear<\/span><\/strong><\/li>\n<li><strong><span style=\"color: #ff0000;\">Palm Beach Accessories<\/span><\/strong><\/li>\n<li><strong><span style=\"color: #ff0000;\">Private Knight<\/span><\/strong><\/li>\n<li><strong><span style=\"color: #ff0000;\">ProTackle Solutions<\/span><\/strong><\/li>\n<li><strong><span style=\"color: #ff0000;\">Q&#038;A Marketing<\/span><\/strong><\/li>\n<li><strong><span style=\"color: #ff0000;\">RATUKEN.COM<\/span><\/strong><\/li>\n<li><strong><span style=\"color: #ff0000;\">Speert International<\/span><\/strong><\/li>\n<li><strong><span style=\"color: #ff0000;\">Sports by Sager<\/span><\/strong><\/li>\n<li><strong><span style=\"color: #ff0000;\">Sportsman Supply<\/span><\/strong><\/li>\n<\/ul>\n","protected":false},"excerpt":{"rendered":"<p>WARNUNG IN BEZUG AUF NICHT AUTORISIERTE H\u00c4NDLER: Live Eyewear ist sehr stolz darauf, ein H\u00f6chstma\u00df ein Markenintegrit\u00e4t aufrechtzuerhalten &#8211; Integrit\u00e4t, die sich in unserem Kundenservice, der Qualit\u00e4t unserer Produkte und vor allem in der Wahl unserer Einzelhandelspartner widerspiegelt. Wir w\u00e4hlen sorgf\u00e4ltig nur solche H\u00e4ndler aus, die sich bereit erkl\u00e4ren, Live Eyewear-Produkte in \u00dcbereinstimmung mit den&#8230;<\/p>\n","protected":false},"author":13,"featured_media":0,"parent":0,"menu_order":0,"comment_status":"closed","ping_status":"closed","template":"","meta":{"_acf_changed":false,"footnotes":""},"class_list":["post-235833","page","type-page","status-publish","hentry"],"acf":[],"yoast_head":"<!-- This site is optimized with the Yoast SEO Premium plugin v27.3 (Yoast SEO v27.4) - https:\/\/yoast.com\/product\/yoast-seo-premium-wordpress\/ -->\n<title>Nicht autorisierte H\u00e4ndler : Cocoons<\/title>\n<meta name=\"description\" content=\"Click here to view our page Nicht autorisierte H\u00e4ndler.\" \/>\n<meta name=\"robots\" content=\"noindex, follow\" \/>\n<meta property=\"og:locale\" content=\"de_DE\" \/>\n<meta property=\"og:type\" content=\"article\" \/>\n<meta property=\"og:title\" content=\"Nicht autorisierte H\u00e4ndler\" \/>\n<meta property=\"og:description\" content=\"Click here to view our page Nicht autorisierte H\u00e4ndler.\" \/>\n<meta property=\"og:url\" content=\"https:\/\/cocoons.eu\/de\/nicht-autorisierte-haendler\/\" \/>\n<meta property=\"og:site_name\" content=\"Cocoons\" \/>\n<meta property=\"article:publisher\" content=\"https:\/\/facebook.com\/cocoonseurope\" \/>\n<meta property=\"article:modified_time\" content=\"2024-02-27T20:09:21+00:00\" \/>\n<meta name=\"twitter:card\" content=\"summary_large_image\" \/>\n<meta name=\"twitter:label1\" content=\"Gesch\u00e4tzte Lesezeit\" \/>\n\t<meta name=\"twitter:data1\" content=\"2\u00a0Minuten\" \/>\n<script type=\"application\/ld+json\" class=\"yoast-schema-graph\">{\"@context\":\"https:\\\/\\\/schema.org\",\"@graph\":[{\"@type\":\"WebPage\",\"@id\":\"https:\\\/\\\/cocoons.eu\\\/de\\\/nicht-autorisierte-haendler\\\/\",\"url\":\"https:\\\/\\\/cocoons.eu\\\/de\\\/nicht-autorisierte-haendler\\\/\",\"name\":\"Nicht autorisierte H\u00e4ndler : Cocoons\",\"isPartOf\":{\"@id\":\"https:\\\/\\\/cocoons.eu\\\/de\\\/#website\"},\"datePublished\":\"2022-07-29T20:28:36+00:00\",\"dateModified\":\"2024-02-27T20:09:21+00:00\",\"description\":\"Click here to view our page Nicht autorisierte H\u00e4ndler.\",\"breadcrumb\":{\"@id\":\"https:\\\/\\\/cocoons.eu\\\/de\\\/nicht-autorisierte-haendler\\\/#breadcrumb\"},\"inLanguage\":\"de\",\"potentialAction\":[{\"@type\":\"ReadAction\",\"target\":[\"https:\\\/\\\/cocoons.eu\\\/de\\\/nicht-autorisierte-haendler\\\/\"]}]},{\"@type\":\"BreadcrumbList\",\"@id\":\"https:\\\/\\\/cocoons.eu\\\/de\\\/nicht-autorisierte-haendler\\\/#breadcrumb\",\"itemListElement\":[{\"@type\":\"ListItem\",\"position\":1,\"name\":\"Home\",\"item\":\"https:\\\/\\\/cocoons.eu\\\/de\\\/\"},{\"@type\":\"ListItem\",\"position\":2,\"name\":\"Nicht autorisierte H\u00e4ndler\"}]},{\"@type\":\"WebSite\",\"@id\":\"https:\\\/\\\/cocoons.eu\\\/de\\\/#website\",\"url\":\"https:\\\/\\\/cocoons.eu\\\/de\\\/\",\"name\":\"Cocoons Eyewear Europe\",\"description\":\"Hochwertige Fitover-Sonnenbrillen\",\"publisher\":{\"@id\":\"https:\\\/\\\/cocoons.eu\\\/de\\\/#organization\"},\"potentialAction\":[{\"@type\":\"SearchAction\",\"target\":{\"@type\":\"EntryPoint\",\"urlTemplate\":\"https:\\\/\\\/cocoons.eu\\\/de\\\/?s={search_term_string}\"},\"query-input\":{\"@type\":\"PropertyValueSpecification\",\"valueRequired\":true,\"valueName\":\"search_term_string\"}}],\"inLanguage\":\"de\"},{\"@type\":\"Organization\",\"@id\":\"https:\\\/\\\/cocoons.eu\\\/de\\\/#organization\",\"name\":\"Cocoons by Live Eyewear\",\"url\":\"https:\\\/\\\/cocoons.eu\\\/de\\\/\",\"logo\":{\"@type\":\"ImageObject\",\"inLanguage\":\"de\",\"@id\":\"https:\\\/\\\/cocoons.eu\\\/de\\\/#\\\/schema\\\/logo\\\/image\\\/\",\"url\":\"https:\\\/\\\/cocoons.eu\\\/wp-content\\\/uploads\\\/2020\\\/03\\\/C4218G-DSC_7866ps_edit_website800x800.jpg\",\"contentUrl\":\"https:\\\/\\\/cocoons.eu\\\/wp-content\\\/uploads\\\/2020\\\/03\\\/C4218G-DSC_7866ps_edit_website800x800.jpg\",\"width\":800,\"height\":800,\"caption\":\"Cocoons by Live Eyewear\"},\"image\":{\"@id\":\"https:\\\/\\\/cocoons.eu\\\/de\\\/#\\\/schema\\\/logo\\\/image\\\/\"},\"sameAs\":[\"https:\\\/\\\/facebook.com\\\/cocoonseurope\"]}]}<\/script>\n<!-- \/ Yoast SEO Premium plugin. -->","yoast_head_json":{"title":"Nicht autorisierte H\u00e4ndler : Cocoons","description":"Click here to view our page Nicht autorisierte H\u00e4ndler.","robots":{"index":"noindex","follow":"follow"},"og_locale":"de_DE","og_type":"article","og_title":"Nicht autorisierte H\u00e4ndler","og_description":"Click here to view our page Nicht autorisierte H\u00e4ndler.","og_url":"https:\/\/cocoons.eu\/de\/nicht-autorisierte-haendler\/","og_site_name":"Cocoons","article_publisher":"https:\/\/facebook.com\/cocoonseurope","article_modified_time":"2024-02-27T20:09:21+00:00","twitter_card":"summary_large_image","twitter_misc":{"Gesch\u00e4tzte Lesezeit":"2\u00a0Minuten"},"schema":{"@context":"https:\/\/schema.org","@graph":[{"@type":"WebPage","@id":"https:\/\/cocoons.eu\/de\/nicht-autorisierte-haendler\/","url":"https:\/\/cocoons.eu\/de\/nicht-autorisierte-haendler\/","name":"Nicht autorisierte H\u00e4ndler : Cocoons","isPartOf":{"@id":"https:\/\/cocoons.eu\/de\/#website"},"datePublished":"2022-07-29T20:28:36+00:00","dateModified":"2024-02-27T20:09:21+00:00","description":"Click here to view our page Nicht autorisierte H\u00e4ndler.","breadcrumb":{"@id":"https:\/\/cocoons.eu\/de\/nicht-autorisierte-haendler\/#breadcrumb"},"inLanguage":"de","potentialAction":[{"@type":"ReadAction","target":["https:\/\/cocoons.eu\/de\/nicht-autorisierte-haendler\/"]}]},{"@type":"BreadcrumbList","@id":"https:\/\/cocoons.eu\/de\/nicht-autorisierte-haendler\/#breadcrumb","itemListElement":[{"@type":"ListItem","position":1,"name":"Home","item":"https:\/\/cocoons.eu\/de\/"},{"@type":"ListItem","position":2,"name":"Nicht autorisierte H\u00e4ndler"}]},{"@type":"WebSite","@id":"https:\/\/cocoons.eu\/de\/#website","url":"https:\/\/cocoons.eu\/de\/","name":"Cocoons Eyewear Europe","description":"Hochwertige Fitover-Sonnenbrillen","publisher":{"@id":"https:\/\/cocoons.eu\/de\/#organization"},"potentialAction":[{"@type":"SearchAction","target":{"@type":"EntryPoint","urlTemplate":"https:\/\/cocoons.eu\/de\/?s={search_term_string}"},"query-input":{"@type":"PropertyValueSpecification","valueRequired":true,"valueName":"search_term_string"}}],"inLanguage":"de"},{"@type":"Organization","@id":"https:\/\/cocoons.eu\/de\/#organization","name":"Cocoons by Live Eyewear","url":"https:\/\/cocoons.eu\/de\/","logo":{"@type":"ImageObject","inLanguage":"de","@id":"https:\/\/cocoons.eu\/de\/#\/schema\/logo\/image\/","url":"https:\/\/cocoons.eu\/wp-content\/uploads\/2020\/03\/C4218G-DSC_7866ps_edit_website800x800.jpg","contentUrl":"https:\/\/cocoons.eu\/wp-content\/uploads\/2020\/03\/C4218G-DSC_7866ps_edit_website800x800.jpg","width":800,"height":800,"caption":"Cocoons by Live Eyewear"},"image":{"@id":"https:\/\/cocoons.eu\/de\/#\/schema\/logo\/image\/"},"sameAs":["https:\/\/facebook.com\/cocoonseurope"]}]}},"_links":{"self":[{"href":"https:\/\/cocoons.eu\/de\/wp-json\/wp\/v2\/pages\/235833","targetHints":{"allow":["GET"]}}],"collection":[{"href":"https:\/\/cocoons.eu\/de\/wp-json\/wp\/v2\/pages"}],"about":[{"href":"https:\/\/cocoons.eu\/de\/wp-json\/wp\/v2\/types\/page"}],"author":[{"embeddable":true,"href":"https:\/\/cocoons.eu\/de\/wp-json\/wp\/v2\/users\/13"}],"replies":[{"embeddable":true,"href":"https:\/\/cocoons.eu\/de\/wp-json\/wp\/v2\/comments?post=235833"}],"version-history":[{"count":0,"href":"https:\/\/cocoons.eu\/de\/wp-json\/wp\/v2\/pages\/235833\/revisions"}],"wp:attachment":[{"href":"https:\/\/cocoons.eu\/de\/wp-json\/wp\/v2\/media?parent=235833"}],"curies":[{"name":"wp","href":"https:\/\/api.w.org\/{rel}","templated":true}]}}