{"id":235830,"date":"2022-07-29T22:28:35","date_gmt":"2022-07-29T20:28:35","guid":{"rendered":"https:\/\/cocoons.eu\/vistana-fassungstechnologie\/"},"modified":"2024-02-22T18:22:42","modified_gmt":"2024-02-22T17:22:42","slug":"vistana-fassungstechnologie","status":"publish","type":"page","link":"https:\/\/cocoons.eu\/de\/vistana-fassungstechnologie\/","title":{"rendered":"Vistana-Fassungstechnologie"},"content":{"rendered":"\n\n  <div class=\"banner has-hover\" id=\"banner-896436357\">\n          <div class=\"banner-inner fill\">\n        <div class=\"banner-bg fill\" >\n            <img decoding=\"async\" width=\"1020\" height=\"638\" src=\"https:\/\/cocoons.eu\/wp-content\/uploads\/2019\/02\/Landing-Page-Vistana-Frame-Tech-1024x640.jpg\" class=\"bg attachment-large size-large\" alt=\"\" \/>                                    \n                    <\/div>\n\t\t\n        <div class=\"banner-layers container\">\n            <div class=\"fill banner-link\"><\/div>            \n\n   <div id=\"text-box-2056354037\" class=\"text-box banner-layer x5 md-x5 lg-x5 y5 md-y5 lg-y5 res-text\">\n                                <div class=\"text-box-content text dark\">\n              \n              <div class=\"text-inner text-center\">\n                  \n\n<h1 style=\"text-align: left;\"><strong>Vistana Frame Technology<\/strong><\/h1>\n\n              <\/div>\n           <\/div>\n                            \n<style>\n#text-box-2056354037 {\n  width: 60%;\n}\n#text-box-2056354037 .text-box-content {\n  font-size: 80%;\n}\n<\/style>\n    <\/div>\n \n\n        <\/div>\n      <\/div>\n\n            \n<style>\n#banner-896436357 {\n  padding-top: 45%;\n}\n<\/style>\n  <\/div>\n\n\n\t<div id=\"gap-1553129296\" class=\"gap-element clearfix\" style=\"display:block; height:auto;\">\n\t\t\n<style>\n#gap-1553129296 {\n  padding-top: 30px;\n}\n<\/style>\n\t<\/div>\n\t\n\n<div class=\"row row-small row-full-width align-center\"  id=\"row-2021201257\">\n\n\n\t<div id=\"col-556635484\" class=\"col small-12 large-12\"  >\n\t\t\t\t<div class=\"col-inner\"  >\n\t\t\t\n\t\t\t\n\n<p><span style=\"font-size: 95%;\">DIE FASSUNG UND IHRE TECHNOLOGIE<\/span><\/p>\n<h1><span style=\"color: #333333; font-size: 100%;\">Nahtloser Schutz. <br>Definitive Eleganz.<\/span><\/h1>\n<p>Die Vistana-Kollektion geht \u00fcber das traditionelle Design und die Funktion von Fitover-Brillen hinaus, indem sie das Sichtfeld und die \u00c4sthetik deutlich verbessert. Durch den Wegfall der separaten Seitenschutzblenden bietet Vistana einen schlankeren und moderneren Look, ohne dabei Abstriche bei der bequemen und effektiven Fitover-Funktion zu machen, die Millionen von Brillentr\u00e4gerinnen und -tr\u00e4gern zu sch\u00e4tzen gelernt haben.<\/p>\n\n\t\t<\/div>\n\t\t\t\t\n<style>\n#col-556635484 > .col-inner {\n  padding: 0px 20px 0px 0px;\n  margin: 0 0px 0px 0px;\n}\n<\/style>\n\t<\/div>\n\n\t\n\n<\/div>\n<div class=\"row\"  id=\"row-1022260511\">\n\n\n\t<div id=\"col-635726890\" class=\"col medium-6 small-12 large-6\"  >\n\t\t\t\t<div class=\"col-inner\"  >\n\t\t\t\n\t\t\t\n\n\n\t\t<div class=\"icon-box featured-box icon-box-left text-left\"  style=\"margin:15px 0px 30px 0px;\">\n\t\t\t\t\t<div class=\"icon-box-img\" style=\"width: 52px\">\n\t\t\t\t<div class=\"icon\">\n\t\t\t\t\t<div class=\"icon-inner\" >\n\t\t\t\t\t\t<img decoding=\"async\" width=\"85\" height=\"85\" src=\"https:\/\/cocoons.eu\/wp-content\/uploads\/2018\/11\/icon-flex2fit.png\" class=\"attachment-medium size-medium\" alt=\"\" \/>\t\t\t\t\t<\/div>\n\t\t\t\t<\/div>\n\t\t\t<\/div>\n\t\t\t\t<div class=\"icon-box-text last-reset\">\n\t\t\t\t\t\t\t\t\t\n\n<h3>FLEX2FIT<\/h3>\n<p>Leicht verstellbare B\u00fcgel, sodass Sie Ihren eigenen sicheren und bequemen Sitz anpassen k\u00f6nnen.<\/p>\n\n\t\t<\/div>\n\t<\/div>\n\t\n\t\n\n\t\t<div class=\"icon-box featured-box icon-box-left text-left\"  style=\"margin:15px 0px 30px 0px;\">\n\t\t\t\t\t<div class=\"icon-box-img\" style=\"width: 53px\">\n\t\t\t\t<div class=\"icon\">\n\t\t\t\t\t<div class=\"icon-inner\" >\n\t\t\t\t\t\t<img decoding=\"async\" width=\"85\" height=\"85\" src=\"https:\/\/cocoons.eu\/wp-content\/uploads\/2018\/11\/icon-patented.png\" class=\"attachment-medium size-medium\" alt=\"\" \/>\t\t\t\t\t<\/div>\n\t\t\t\t<\/div>\n\t\t\t<\/div>\n\t\t\t\t<div class=\"icon-box-text last-reset\">\n\t\t\t\t\t\t\t\t\t\n\n<h3>PATENTIERTES DESIGN<\/h3>\n<p>Ein charakteristisches Design, das st\u00e4ndig weiterentwickelt wird, um modernsten Komfort und Schutz zu bieten.<\/p>\n\n\t\t<\/div>\n\t<\/div>\n\t\n\t\n\n\t\t<div class=\"icon-box featured-box icon-box-left text-left\"  style=\"margin:15px 0px 30px 0px;\">\n\t\t\t\t\t<div class=\"icon-box-img\" style=\"width: 53px\">\n\t\t\t\t<div class=\"icon\">\n\t\t\t\t\t<div class=\"icon-inner\" >\n\t\t\t\t\t\t<img decoding=\"async\" width=\"85\" height=\"85\" src=\"https:\/\/cocoons.eu\/wp-content\/uploads\/2018\/11\/Icon-Balistic.png\" class=\"attachment-medium size-medium\" alt=\"\" \/>\t\t\t\t\t<\/div>\n\t\t\t\t<\/div>\n\t\t\t<\/div>\n\t\t\t\t<div class=\"icon-box-text last-reset\">\n\t\t\t\t\t\t\t\t\t\n\n<h3 class=\"uppercase\">Dynamic Base Technology\u00ae<\/h3>\n<p>Die patentierte Technologie sorgt f\u00fcr eine nahtlose Umh\u00fcllung von vorne bis zur Seite und erm\u00f6glicht so ein vollst\u00e4ndiges Panoramasichtfeld.<\/p>\n\n\t\t<\/div>\n\t<\/div>\n\t\n\t\n\n\t\t<div class=\"icon-box featured-box icon-box-left text-left\"  style=\"margin:15px 0px 30px 0px;\">\n\t\t\t\t\t<div class=\"icon-box-img\" style=\"width: 53px\">\n\t\t\t\t<div class=\"icon\">\n\t\t\t\t\t<div class=\"icon-inner\" >\n\t\t\t\t\t\t<img decoding=\"async\" width=\"85\" height=\"85\" src=\"https:\/\/cocoons.eu\/wp-content\/uploads\/2018\/11\/Icon-Medical.png\" class=\"attachment-medium size-medium\" alt=\"\" \/>\t\t\t\t\t<\/div>\n\t\t\t\t<\/div>\n\t\t\t<\/div>\n\t\t\t\t<div class=\"icon-box-text last-reset\">\n\t\t\t\t\t\t\t\t\t\n\n<h3 class=\"uppercase\">FDA-registriert<\/h3>\n<p>Sie wurden entwickelt, um die strengen Standards der Klassifizierung als aktives Medizinprodukt zu erf\u00fcllen.<\/p>\n\n\t\t<\/div>\n\t<\/div>\n\t\n\t\n\n\t\t<\/div>\n\t\t\t\t\n<style>\n#col-635726890 > .col-inner {\n  padding: 0px 10px 0px 0px;\n}\n<\/style>\n\t<\/div>\n\n\t\n\n\t<div id=\"col-1854530176\" class=\"col medium-6 small-12 large-6\"  >\n\t\t\t\t<div class=\"col-inner\"  >\n\t\t\t\n\t\t\t\n\n\n\t\t<div class=\"icon-box featured-box icon-box-left text-left\"  style=\"margin:15px 0px 30px 0px;\">\n\t\t\t\t\t<div class=\"icon-box-img\" style=\"width: 53px\">\n\t\t\t\t<div class=\"icon\">\n\t\t\t\t\t<div class=\"icon-inner\" style=\"color:rgb(249, 244, 250);\">\n\t\t\t\t\t\t<img decoding=\"async\" width=\"85\" height=\"85\" src=\"https:\/\/cocoons.eu\/wp-content\/uploads\/2018\/11\/icon-lightweight.png\" class=\"attachment-medium size-medium\" alt=\"\" \/>\t\t\t\t\t<\/div>\n\t\t\t\t<\/div>\n\t\t\t<\/div>\n\t\t\t\t<div class=\"icon-box-text last-reset\">\n\t\t\t\t\t\t\t\t\t\n\n<h3>ULTRALEICHT<\/h3>\n<p>Sie wurden f\u00fcr \u00fcberragende Optik und umfassenden Schutz entwickelt, ohne \u00fcberfl\u00fcssige Komponenten.<\/p>\n\n\t\t<\/div>\n\t<\/div>\n\t\n\t\n\n\t\t<div class=\"icon-box featured-box icon-box-left text-left\"  style=\"margin:15px 0px 30px 0px;\">\n\t\t\t\t\t<div class=\"icon-box-img\" style=\"width: 53px\">\n\t\t\t\t<div class=\"icon\">\n\t\t\t\t\t<div class=\"icon-inner\" >\n\t\t\t\t\t\t<img decoding=\"async\" width=\"85\" height=\"85\" src=\"https:\/\/cocoons.eu\/wp-content\/uploads\/2018\/11\/icon-360.png\" class=\"attachment-medium size-medium\" alt=\"\" \/>\t\t\t\t\t<\/div>\n\t\t\t\t<\/div>\n\t\t\t<\/div>\n\t\t\t\t<div class=\"icon-box-text last-reset\">\n\t\t\t\t\t\t\t\t\t\n\n<h3>360\u00b0 SCHUTZ<\/h3>\n<p>Integrierte Funktionen machen sie zur sch\u00fctzendsten Fitover-Sonnenbrille auf dem Markt.<\/p>\n\n\t\t<\/div>\n\t<\/div>\n\t\n\t\n\n\t\t<div class=\"icon-box featured-box icon-box-left text-left\"  style=\"margin:15px 0px 30px 0px;\">\n\t\t\t\t\t<div class=\"icon-box-img\" style=\"width: 53px\">\n\t\t\t\t<div class=\"icon\">\n\t\t\t\t\t<div class=\"icon-inner\" >\n\t\t\t\t\t\t<img decoding=\"async\" width=\"85\" height=\"85\" src=\"https:\/\/cocoons.eu\/wp-content\/uploads\/2018\/11\/icon-warranty.png\" class=\"attachment-medium size-medium\" alt=\"\" \/>\t\t\t\t\t<\/div>\n\t\t\t\t<\/div>\n\t\t\t<\/div>\n\t\t\t\t<div class=\"icon-box-text last-reset\">\n\t\t\t\t\t\t\t\t\t\n\n<h3 class=\"uppercase\">Lebenslange Garantie<\/h3>\n<p>Die strapazierf\u00e4hige, leichte TR-90-Fassung wurde f\u00fcr Eleganz entworfen, ist langlebig und wird ein Leben lang unterst\u00fctzt.<\/p>\n\n\t\t<\/div>\n\t<\/div>\n\t\n\t\n\n\t\t<div class=\"icon-box featured-box icon-box-left text-left\"  style=\"margin:15px 0px 30px 0px;\">\n\t\t\t\t\t<div class=\"icon-box-img\" style=\"width: 53px\">\n\t\t\t\t<div class=\"icon\">\n\t\t\t\t\t<div class=\"icon-inner\" >\n\t\t\t\t\t\t<img decoding=\"async\" width=\"85\" height=\"85\" src=\"https:\/\/cocoons.eu\/wp-content\/uploads\/2018\/11\/icon-soft-touch.png\" class=\"attachment-medium size-medium\" alt=\"\" \/>\t\t\t\t\t<\/div>\n\t\t\t\t<\/div>\n\t\t\t<\/div>\n\t\t\t\t<div class=\"icon-box-text last-reset\">\n\t\t\t\t\t\t\t\t\t\n\n<h3 class=\"uppercase\">Luxuri\u00f6se Verarbeitungen<\/h3>\n<p>F\u00fcnf handbemalte Fassungsdesigns, erh\u00e4ltlich in samtig-matter SoftTouch\u00ae- oder polierter Glanzoberfl\u00e4che.<\/p>\n\n\t\t<\/div>\n\t<\/div>\n\t\n\t\n\n\t\t<\/div>\n\t\t\t\t\n<style>\n#col-1854530176 > .col-inner {\n  padding: 0px 10px 0px 0px;\n}\n<\/style>\n\t<\/div>\n\n\t\n\n<\/div>\n\n<div class=\"is-divider divider clearfix\" style=\"max-width:1920px;height:1px;\"><\/div>\n\n<h3><strong>Patented Frame Designs<\/strong><\/h3>\n<p>Vistana are available in five distinct sizes that have been thoughtfully crafted to fit securely and comfortably over most styles of prescription eyewear. While the majority of light reaching your eyes is filtered through our polarized <a href=\"https:\/\/cocoons.eu\/cocoons\/lenses\/\" target=\"_blank\" rel=\"noopener\"><strong>Polar\u00e9\u00ae lens system<\/strong><\/a>, each frame features our time-tested engineering to ensure your eyes are protected from unfiltered light that can enter from above, below, and the peripheral. Such uncompromising protection, however, certainly doesn&#8217;t mean the sacrifice of style.<\/p>\n<p>The Vistana collection features a lush, back-sprayed chassis manufactured from lightweight, durable TR-90. Each frame is hand-painted by skilled artisans, resulting in a luxurious fitover sunglass that virtually eliminates eyestrain and fatigue, allowing your eyes to remain relaxed and focused through any activity.<\/p>\n<div class=\"is-divider divider clearfix\" style=\"max-width:1920px;height:1px;\"><\/div>\n\n<h3><strong>Flex2Fit\u00ae Adjustable Temples<\/strong><\/h3>\n<p>Our overwhelmingly popular Flex2Fit adjustable temple system allows you to customize the contour of your Vistana fitovers. This trademark engineering feature creates an exact fit that&#8217;s both secure and comfortable during extended wear &#8212; all while maintaining the seamless frame design of the Vistana collection.<\/p>\n<p>The pliable outer material of the ear pieces is lined with a wire core that can be quickly and easily shaped to fit any wearer. By manually applying inward pressure, the ear pieces can be contoured to more closely follow the curvature of your head. By bending the ear pieces downwards, the temples can be adjusted to achieve a more snug fit and reduce slipping. If you are experiencing added pressure from the temples, simply reverse this process to widen or straighten the shape of your ear pieces.<\/p>\n<div class=\"is-divider divider clearfix\" style=\"max-width:1920px;height:1px;\"><\/div>\n\n<h3><span style=\"color: #000000;\">Learn more about the features of Vistana luxury fitover sunglasses with these helpful links:<\/span><\/h3>\n<ul>\n<li>Choose the perfect <strong><a href=\"https:\/\/cocoons.eu\/de\/polare-glaeser\/\">Polar\u00e9\u00ae polarized lens tint<\/a> <\/strong>to maximize visual performance and eye comfort.<\/li>\n<li>Not sure what size is right for you? Try our <strong><a href=\"https:\/\/cocoons.eu\/de\/groessenrechner-fuer-vistana-fitovers\/\">Vistana Size Finder<\/a> <\/strong>or use our <strong><a href=\"https:\/\/cocoons.eu\/de\/haendlersuche\/\">Dealer Locator<\/a><\/strong> to find your nearest authorized Vistana retailer and try them on in person.<\/li>\n<li>Get the perfect fit by customizing the Flex2Fit\u00ae temple system.Visit our frame technology page to view our <strong><a href=\"https:\/\/cocoons.eu\/de\/cocoons-fassungen-und-ihre-technologie\/\">quick how-to video<\/a><\/strong> on adjusting the shape and curvature of your temples.<\/li>\n<li>Don&#8217;t forget to <strong><a href=\"https:\/\/cocoons.eu\/de\/garantiehinweise\/anmeldung-der-garantie\/\">register your lifetime warranty<\/a>!<\/strong><\/li>\n<li>Looking for additional accessories? <strong><a href=\"https:\/\/cocoons.eu\/product-category\/accessories\/\">Shop our complete collection.<\/a><\/strong><\/li>\n<\/ul>\n","protected":false},"excerpt":{"rendered":"<p>Patented Frame Designs Vistana are available in five distinct sizes that have been thoughtfully crafted to fit securely and comfortably over most styles of prescription eyewear. While the majority of light reaching your eyes is filtered through our polarized Polar\u00e9\u00ae lens system, each frame features our time-tested engineering to ensure your eyes are protected from&#8230;<\/p>\n","protected":false},"author":6,"featured_media":0,"parent":0,"menu_order":0,"comment_status":"closed","ping_status":"closed","template":"","meta":{"_acf_changed":false,"footnotes":""},"class_list":["post-235830","page","type-page","status-publish","hentry"],"acf":[],"yoast_head":"<!-- This site is optimized with the Yoast SEO Premium plugin v27.5 (Yoast SEO v27.5) - https:\/\/yoast.com\/product\/yoast-seo-premium-wordpress\/ -->\n<title>Vistana-Fassungstechnologie : Cocoons<\/title>\n<meta name=\"description\" content=\"Click here to view our page Vistana-Fassungstechnologie.\" \/>\n<meta name=\"robots\" content=\"noindex, follow\" \/>\n<meta property=\"og:locale\" content=\"de_DE\" \/>\n<meta property=\"og:type\" content=\"article\" \/>\n<meta property=\"og:title\" content=\"Vistana-Fassungstechnologie\" \/>\n<meta property=\"og:description\" content=\"Click here to view our page Vistana-Fassungstechnologie.\" \/>\n<meta property=\"og:url\" content=\"https:\/\/cocoons.eu\/de\/vistana-fassungstechnologie\/\" \/>\n<meta property=\"og:site_name\" content=\"Cocoons\" \/>\n<meta property=\"article:publisher\" content=\"https:\/\/facebook.com\/cocoonseurope\" \/>\n<meta property=\"article:modified_time\" content=\"2024-02-22T17:22:42+00:00\" \/>\n<meta name=\"twitter:card\" content=\"summary_large_image\" \/>\n<meta name=\"twitter:label1\" content=\"Gesch\u00e4tzte Lesezeit\" \/>\n\t<meta name=\"twitter:data1\" content=\"2\u00a0Minuten\" \/>\n<script type=\"application\/ld+json\" class=\"yoast-schema-graph\">{\"@context\":\"https:\\\/\\\/schema.org\",\"@graph\":[{\"@type\":\"WebPage\",\"@id\":\"https:\\\/\\\/cocoons.eu\\\/de\\\/vistana-fassungstechnologie\\\/\",\"url\":\"https:\\\/\\\/cocoons.eu\\\/de\\\/vistana-fassungstechnologie\\\/\",\"name\":\"Vistana-Fassungstechnologie : Cocoons\",\"isPartOf\":{\"@id\":\"https:\\\/\\\/cocoons.eu\\\/de\\\/#website\"},\"datePublished\":\"2022-07-29T20:28:35+00:00\",\"dateModified\":\"2024-02-22T17:22:42+00:00\",\"description\":\"Click here to view our page Vistana-Fassungstechnologie.\",\"breadcrumb\":{\"@id\":\"https:\\\/\\\/cocoons.eu\\\/de\\\/vistana-fassungstechnologie\\\/#breadcrumb\"},\"inLanguage\":\"de\",\"potentialAction\":[{\"@type\":\"ReadAction\",\"target\":[\"https:\\\/\\\/cocoons.eu\\\/de\\\/vistana-fassungstechnologie\\\/\"]}]},{\"@type\":\"BreadcrumbList\",\"@id\":\"https:\\\/\\\/cocoons.eu\\\/de\\\/vistana-fassungstechnologie\\\/#breadcrumb\",\"itemListElement\":[{\"@type\":\"ListItem\",\"position\":1,\"name\":\"Home\",\"item\":\"https:\\\/\\\/cocoons.eu\\\/de\\\/\"},{\"@type\":\"ListItem\",\"position\":2,\"name\":\"Vistana-Fassungstechnologie\"}]},{\"@type\":\"WebSite\",\"@id\":\"https:\\\/\\\/cocoons.eu\\\/de\\\/#website\",\"url\":\"https:\\\/\\\/cocoons.eu\\\/de\\\/\",\"name\":\"Cocoons Eyewear Europe\",\"description\":\"Hochwertige Fitover-Sonnenbrillen\",\"publisher\":{\"@id\":\"https:\\\/\\\/cocoons.eu\\\/de\\\/#organization\"},\"potentialAction\":[{\"@type\":\"SearchAction\",\"target\":{\"@type\":\"EntryPoint\",\"urlTemplate\":\"https:\\\/\\\/cocoons.eu\\\/de\\\/?s={search_term_string}\"},\"query-input\":{\"@type\":\"PropertyValueSpecification\",\"valueRequired\":true,\"valueName\":\"search_term_string\"}}],\"inLanguage\":\"de\"},{\"@type\":\"Organization\",\"@id\":\"https:\\\/\\\/cocoons.eu\\\/de\\\/#organization\",\"name\":\"Cocoons by Live Eyewear\",\"url\":\"https:\\\/\\\/cocoons.eu\\\/de\\\/\",\"logo\":{\"@type\":\"ImageObject\",\"inLanguage\":\"de\",\"@id\":\"https:\\\/\\\/cocoons.eu\\\/de\\\/#\\\/schema\\\/logo\\\/image\\\/\",\"url\":\"https:\\\/\\\/cocoons.eu\\\/wp-content\\\/uploads\\\/2020\\\/03\\\/C4218G-DSC_7866ps_edit_website800x800.jpg\",\"contentUrl\":\"https:\\\/\\\/cocoons.eu\\\/wp-content\\\/uploads\\\/2020\\\/03\\\/C4218G-DSC_7866ps_edit_website800x800.jpg\",\"width\":800,\"height\":800,\"caption\":\"Cocoons by Live Eyewear\"},\"image\":{\"@id\":\"https:\\\/\\\/cocoons.eu\\\/de\\\/#\\\/schema\\\/logo\\\/image\\\/\"},\"sameAs\":[\"https:\\\/\\\/facebook.com\\\/cocoonseurope\"]}]}<\/script>\n<!-- \/ Yoast SEO Premium plugin. -->","yoast_head_json":{"title":"Vistana-Fassungstechnologie : Cocoons","description":"Click here to view our page Vistana-Fassungstechnologie.","robots":{"index":"noindex","follow":"follow"},"og_locale":"de_DE","og_type":"article","og_title":"Vistana-Fassungstechnologie","og_description":"Click here to view our page Vistana-Fassungstechnologie.","og_url":"https:\/\/cocoons.eu\/de\/vistana-fassungstechnologie\/","og_site_name":"Cocoons","article_publisher":"https:\/\/facebook.com\/cocoonseurope","article_modified_time":"2024-02-22T17:22:42+00:00","twitter_card":"summary_large_image","twitter_misc":{"Gesch\u00e4tzte Lesezeit":"2\u00a0Minuten"},"schema":{"@context":"https:\/\/schema.org","@graph":[{"@type":"WebPage","@id":"https:\/\/cocoons.eu\/de\/vistana-fassungstechnologie\/","url":"https:\/\/cocoons.eu\/de\/vistana-fassungstechnologie\/","name":"Vistana-Fassungstechnologie : Cocoons","isPartOf":{"@id":"https:\/\/cocoons.eu\/de\/#website"},"datePublished":"2022-07-29T20:28:35+00:00","dateModified":"2024-02-22T17:22:42+00:00","description":"Click here to view our page Vistana-Fassungstechnologie.","breadcrumb":{"@id":"https:\/\/cocoons.eu\/de\/vistana-fassungstechnologie\/#breadcrumb"},"inLanguage":"de","potentialAction":[{"@type":"ReadAction","target":["https:\/\/cocoons.eu\/de\/vistana-fassungstechnologie\/"]}]},{"@type":"BreadcrumbList","@id":"https:\/\/cocoons.eu\/de\/vistana-fassungstechnologie\/#breadcrumb","itemListElement":[{"@type":"ListItem","position":1,"name":"Home","item":"https:\/\/cocoons.eu\/de\/"},{"@type":"ListItem","position":2,"name":"Vistana-Fassungstechnologie"}]},{"@type":"WebSite","@id":"https:\/\/cocoons.eu\/de\/#website","url":"https:\/\/cocoons.eu\/de\/","name":"Cocoons Eyewear Europe","description":"Hochwertige Fitover-Sonnenbrillen","publisher":{"@id":"https:\/\/cocoons.eu\/de\/#organization"},"potentialAction":[{"@type":"SearchAction","target":{"@type":"EntryPoint","urlTemplate":"https:\/\/cocoons.eu\/de\/?s={search_term_string}"},"query-input":{"@type":"PropertyValueSpecification","valueRequired":true,"valueName":"search_term_string"}}],"inLanguage":"de"},{"@type":"Organization","@id":"https:\/\/cocoons.eu\/de\/#organization","name":"Cocoons by Live Eyewear","url":"https:\/\/cocoons.eu\/de\/","logo":{"@type":"ImageObject","inLanguage":"de","@id":"https:\/\/cocoons.eu\/de\/#\/schema\/logo\/image\/","url":"https:\/\/cocoons.eu\/wp-content\/uploads\/2020\/03\/C4218G-DSC_7866ps_edit_website800x800.jpg","contentUrl":"https:\/\/cocoons.eu\/wp-content\/uploads\/2020\/03\/C4218G-DSC_7866ps_edit_website800x800.jpg","width":800,"height":800,"caption":"Cocoons by Live Eyewear"},"image":{"@id":"https:\/\/cocoons.eu\/de\/#\/schema\/logo\/image\/"},"sameAs":["https:\/\/facebook.com\/cocoonseurope"]}]}},"_links":{"self":[{"href":"https:\/\/cocoons.eu\/de\/wp-json\/wp\/v2\/pages\/235830","targetHints":{"allow":["GET"]}}],"collection":[{"href":"https:\/\/cocoons.eu\/de\/wp-json\/wp\/v2\/pages"}],"about":[{"href":"https:\/\/cocoons.eu\/de\/wp-json\/wp\/v2\/types\/page"}],"author":[{"embeddable":true,"href":"https:\/\/cocoons.eu\/de\/wp-json\/wp\/v2\/users\/6"}],"replies":[{"embeddable":true,"href":"https:\/\/cocoons.eu\/de\/wp-json\/wp\/v2\/comments?post=235830"}],"version-history":[{"count":0,"href":"https:\/\/cocoons.eu\/de\/wp-json\/wp\/v2\/pages\/235830\/revisions"}],"wp:attachment":[{"href":"https:\/\/cocoons.eu\/de\/wp-json\/wp\/v2\/media?parent=235830"}],"curies":[{"name":"wp","href":"https:\/\/api.w.org\/{rel}","templated":true}]}}