{"id":235412,"date":"2022-07-26T20:43:14","date_gmt":"2022-07-26T18:43:14","guid":{"rendered":"https:\/\/cocoons.eu\/haendlersuche\/"},"modified":"2024-01-31T02:50:53","modified_gmt":"2024-01-31T01:50:53","slug":"haendlersuche","status":"publish","type":"page","link":"https:\/\/cocoons.eu\/de\/haendlersuche\/","title":{"rendered":"H\u00e4ndlersuche"},"content":{"rendered":"\n<p>Finden Sie mit unserer hilfreichen Filialsuche den n\u00e4chstgelegenen autorisierten Cocoons-H\u00e4ndler. Um optimale Ergebnisse zu erzielen, geben Sie bitte Ihre Postleitzahl f\u00fcr den Standort ein. Danke sch\u00f6n!<\/p>\n<style>\r\n\t#wpsl-stores .wpsl-store-thumb {height:45px !important; width:45px !important;}\r\n\t#wpsl-stores, #wpsl-direction-details, #wpsl-gmap {height:700px !important;}\r\n\t#wpsl-gmap .wpsl-info-window {max-width:200px !important;}\r\n\t.wpsl-input label, #wpsl-radius label, #wpsl-category label {width:165px;}\r\n\t#wpsl-search-input  {width:179px;}\r\n<\/style>\r\n<div id=\"wpsl-wrap\">\r\n\t<div class=\"wpsl-search wpsl-clearfix \">\r\n\t\t<div id=\"wpsl-search-wrap\">\r\n\t\t\t<form autocomplete=\"off\">\r\n\t\t\t<div class=\"wpsl-input\">\r\n\t\t\t\t<div><label for=\"wpsl-search-input\">Dein Standort<\/label><\/div>\r\n\t\t\t\t<input id=\"wpsl-search-input\" type=\"text\" value=\"\" name=\"wpsl-search-input\" placeholder=\"\" aria-required=\"true\" \/>\r\n\t\t\t<\/div>\r\n\t\t\t<div class=\"wpsl-select-wrap\">\r\n\t\t\t\t<div id=\"wpsl-radius\">\r\n\t\t\t\t\t<label for=\"wpsl-radius-dropdown\">Suchradius<\/label>\r\n\t\t\t\t\t<select id=\"wpsl-radius-dropdown\" class=\"wpsl-dropdown\" name=\"wpsl-radius\">\r\n\t\t\t\t\t\t<option value=\"10\">10 km<\/option><option value=\"25\">25 km<\/option><option selected=\"selected\" value=\"50\">50 km<\/option><option value=\"100\">100 km<\/option><option value=\"200\">200 km<\/option><option value=\"500\">500 km<\/option>\r\n\t\t\t\t\t<\/select>\r\n\t\t\t\t<\/div>\r\n\t\t\t<\/div>\r\n\t\t\t\t<div class=\"wpsl-search-btn-wrap\"><input id=\"wpsl-search-btn\" type=\"submit\" value=\"Suche\"><\/div>\r\n\t\t<\/form>\r\n\t\t<\/div>\r\n\t<\/div>\r\n\t<div id=\"wpsl-gmap\" class=\"wpsl-gmap-canvas\"><\/div>\r\n\t<div id=\"wpsl-result-list\">\r\n\t\t<div id=\"wpsl-stores\" >\r\n\t\t\t<ul><\/ul>\r\n\t\t<\/div>\r\n\t\t<div id=\"wpsl-direction-details\">\r\n\t\t\t<ul><\/ul>\r\n\t\t<\/div>\r\n\t<\/div>\r\n<\/div>\r\n\n","protected":false},"excerpt":{"rendered":"<p>Finden Sie mit unserer hilfreichen Filialsuche den n\u00e4chstgelegenen autorisierten Cocoons-H\u00e4ndler. Um optimale Ergebnisse zu erzielen, geben Sie bitte Ihre Postleitzahl f\u00fcr den Standort ein. Danke sch\u00f6n!<\/p>\n","protected":false},"author":6,"featured_media":0,"parent":0,"menu_order":0,"comment_status":"closed","ping_status":"closed","template":"","meta":{"_acf_changed":false,"footnotes":""},"class_list":["post-235412","page","type-page","status-publish","hentry"],"acf":[],"yoast_head":"<!-- This site is optimized with the Yoast SEO Premium plugin v27.3 (Yoast SEO v27.3) - https:\/\/yoast.com\/product\/yoast-seo-premium-wordpress\/ -->\n<title>Autorisierte Cocoons-H\u00e4ndler sind landesweit zu finden!<\/title>\n<meta name=\"description\" content=\"Autorisierte Cocoons-H\u00e4ndler gibt es in ganz Kanada. Finden Sie einen autorisierten H\u00e4ndler in Ihrer N\u00e4he mit unserer H\u00e4ndlersuche.\" \/>\n<meta name=\"robots\" content=\"index, follow, max-snippet:-1, max-image-preview:large, max-video-preview:-1\" \/>\n<link rel=\"canonical\" href=\"https:\/\/cocoons.eu\/de\/haendlersuche\/\" \/>\n<meta property=\"og:locale\" content=\"de_DE\" \/>\n<meta property=\"og:type\" content=\"article\" \/>\n<meta property=\"og:title\" content=\"Finden Sie jetzt einen autorisierten Cocoons-H\u00e4ndler in Ihrer N\u00e4he!\" \/>\n<meta property=\"og:description\" content=\"Geben Sie Ihre Postleitzahl ein, um einen autorisierten Cocoons-H\u00e4ndler in Ihrer N\u00e4he zu finden!\" \/>\n<meta property=\"og:url\" content=\"https:\/\/cocoons.eu\/de\/haendlersuche\/\" \/>\n<meta property=\"og:site_name\" content=\"Cocoons\" \/>\n<meta property=\"article:publisher\" content=\"https:\/\/facebook.com\/cocoonseurope\" \/>\n<meta property=\"article:modified_time\" content=\"2024-01-31T01:50:53+00:00\" \/>\n<meta property=\"og:image\" content=\"https:\/\/cocoons.eu\/wp-content\/uploads\/2021\/08\/Canada-Cocoons-Map-880x600-1.png\" \/>\n<meta name=\"twitter:card\" content=\"summary_large_image\" \/>\n<meta name=\"twitter:title\" content=\"H\u00e4ndlersuche\" \/>\n<meta name=\"twitter:image\" content=\"https:\/\/cocoons.eu\/wp-content\/uploads\/2021\/08\/Canada-Cocoons-Map-880x600-1.png\" \/>\n<script type=\"application\/ld+json\" class=\"yoast-schema-graph\">{\"@context\":\"https:\\\/\\\/schema.org\",\"@graph\":[{\"@type\":\"WebPage\",\"@id\":\"https:\\\/\\\/cocoons.eu\\\/de\\\/haendlersuche\\\/\",\"url\":\"https:\\\/\\\/cocoons.eu\\\/de\\\/haendlersuche\\\/\",\"name\":\"Autorisierte Cocoons-H\u00e4ndler sind landesweit zu finden!\",\"isPartOf\":{\"@id\":\"https:\\\/\\\/cocoons.eu\\\/de\\\/#website\"},\"datePublished\":\"2022-07-26T18:43:14+00:00\",\"dateModified\":\"2024-01-31T01:50:53+00:00\",\"description\":\"Autorisierte Cocoons-H\u00e4ndler gibt es in ganz Kanada. Finden Sie einen autorisierten H\u00e4ndler in Ihrer N\u00e4he mit unserer H\u00e4ndlersuche.\",\"breadcrumb\":{\"@id\":\"https:\\\/\\\/cocoons.eu\\\/de\\\/haendlersuche\\\/#breadcrumb\"},\"inLanguage\":\"de\",\"potentialAction\":[{\"@type\":\"ReadAction\",\"target\":[\"https:\\\/\\\/cocoons.eu\\\/de\\\/haendlersuche\\\/\"]}]},{\"@type\":\"BreadcrumbList\",\"@id\":\"https:\\\/\\\/cocoons.eu\\\/de\\\/haendlersuche\\\/#breadcrumb\",\"itemListElement\":[{\"@type\":\"ListItem\",\"position\":1,\"name\":\"Home\",\"item\":\"https:\\\/\\\/cocoons.eu\\\/de\\\/\"},{\"@type\":\"ListItem\",\"position\":2,\"name\":\"H\u00e4ndlersuche\"}]},{\"@type\":\"WebSite\",\"@id\":\"https:\\\/\\\/cocoons.eu\\\/de\\\/#website\",\"url\":\"https:\\\/\\\/cocoons.eu\\\/de\\\/\",\"name\":\"Cocoons Eyewear Europe\",\"description\":\"Hochwertige Fitover-Sonnenbrillen\",\"publisher\":{\"@id\":\"https:\\\/\\\/cocoons.eu\\\/de\\\/#organization\"},\"potentialAction\":[{\"@type\":\"SearchAction\",\"target\":{\"@type\":\"EntryPoint\",\"urlTemplate\":\"https:\\\/\\\/cocoons.eu\\\/de\\\/?s={search_term_string}\"},\"query-input\":{\"@type\":\"PropertyValueSpecification\",\"valueRequired\":true,\"valueName\":\"search_term_string\"}}],\"inLanguage\":\"de\"},{\"@type\":\"Organization\",\"@id\":\"https:\\\/\\\/cocoons.eu\\\/de\\\/#organization\",\"name\":\"Cocoons by Live Eyewear\",\"url\":\"https:\\\/\\\/cocoons.eu\\\/de\\\/\",\"logo\":{\"@type\":\"ImageObject\",\"inLanguage\":\"de\",\"@id\":\"https:\\\/\\\/cocoons.eu\\\/de\\\/#\\\/schema\\\/logo\\\/image\\\/\",\"url\":\"https:\\\/\\\/cocoons.eu\\\/wp-content\\\/uploads\\\/2020\\\/03\\\/C4218G-DSC_7866ps_edit_website800x800.jpg\",\"contentUrl\":\"https:\\\/\\\/cocoons.eu\\\/wp-content\\\/uploads\\\/2020\\\/03\\\/C4218G-DSC_7866ps_edit_website800x800.jpg\",\"width\":800,\"height\":800,\"caption\":\"Cocoons by Live Eyewear\"},\"image\":{\"@id\":\"https:\\\/\\\/cocoons.eu\\\/de\\\/#\\\/schema\\\/logo\\\/image\\\/\"},\"sameAs\":[\"https:\\\/\\\/facebook.com\\\/cocoonseurope\"]}]}<\/script>\n<!-- \/ Yoast SEO Premium plugin. -->","yoast_head_json":{"title":"Autorisierte Cocoons-H\u00e4ndler sind landesweit zu finden!","description":"Autorisierte Cocoons-H\u00e4ndler gibt es in ganz Kanada. Finden Sie einen autorisierten H\u00e4ndler in Ihrer N\u00e4he mit unserer H\u00e4ndlersuche.","robots":{"index":"index","follow":"follow","max-snippet":"max-snippet:-1","max-image-preview":"max-image-preview:large","max-video-preview":"max-video-preview:-1"},"canonical":"https:\/\/cocoons.eu\/de\/haendlersuche\/","og_locale":"de_DE","og_type":"article","og_title":"Finden Sie jetzt einen autorisierten Cocoons-H\u00e4ndler in Ihrer N\u00e4he!","og_description":"Geben Sie Ihre Postleitzahl ein, um einen autorisierten Cocoons-H\u00e4ndler in Ihrer N\u00e4he zu finden!","og_url":"https:\/\/cocoons.eu\/de\/haendlersuche\/","og_site_name":"Cocoons","article_publisher":"https:\/\/facebook.com\/cocoonseurope","article_modified_time":"2024-01-31T01:50:53+00:00","og_image":[{"url":"https:\/\/cocoons.eu\/wp-content\/uploads\/2021\/08\/Canada-Cocoons-Map-880x600-1.png","type":"","width":"","height":""}],"twitter_card":"summary_large_image","twitter_title":"H\u00e4ndlersuche","twitter_image":"https:\/\/cocoons.eu\/wp-content\/uploads\/2021\/08\/Canada-Cocoons-Map-880x600-1.png","schema":{"@context":"https:\/\/schema.org","@graph":[{"@type":"WebPage","@id":"https:\/\/cocoons.eu\/de\/haendlersuche\/","url":"https:\/\/cocoons.eu\/de\/haendlersuche\/","name":"Autorisierte Cocoons-H\u00e4ndler sind landesweit zu finden!","isPartOf":{"@id":"https:\/\/cocoons.eu\/de\/#website"},"datePublished":"2022-07-26T18:43:14+00:00","dateModified":"2024-01-31T01:50:53+00:00","description":"Autorisierte Cocoons-H\u00e4ndler gibt es in ganz Kanada. Finden Sie einen autorisierten H\u00e4ndler in Ihrer N\u00e4he mit unserer H\u00e4ndlersuche.","breadcrumb":{"@id":"https:\/\/cocoons.eu\/de\/haendlersuche\/#breadcrumb"},"inLanguage":"de","potentialAction":[{"@type":"ReadAction","target":["https:\/\/cocoons.eu\/de\/haendlersuche\/"]}]},{"@type":"BreadcrumbList","@id":"https:\/\/cocoons.eu\/de\/haendlersuche\/#breadcrumb","itemListElement":[{"@type":"ListItem","position":1,"name":"Home","item":"https:\/\/cocoons.eu\/de\/"},{"@type":"ListItem","position":2,"name":"H\u00e4ndlersuche"}]},{"@type":"WebSite","@id":"https:\/\/cocoons.eu\/de\/#website","url":"https:\/\/cocoons.eu\/de\/","name":"Cocoons Eyewear Europe","description":"Hochwertige Fitover-Sonnenbrillen","publisher":{"@id":"https:\/\/cocoons.eu\/de\/#organization"},"potentialAction":[{"@type":"SearchAction","target":{"@type":"EntryPoint","urlTemplate":"https:\/\/cocoons.eu\/de\/?s={search_term_string}"},"query-input":{"@type":"PropertyValueSpecification","valueRequired":true,"valueName":"search_term_string"}}],"inLanguage":"de"},{"@type":"Organization","@id":"https:\/\/cocoons.eu\/de\/#organization","name":"Cocoons by Live Eyewear","url":"https:\/\/cocoons.eu\/de\/","logo":{"@type":"ImageObject","inLanguage":"de","@id":"https:\/\/cocoons.eu\/de\/#\/schema\/logo\/image\/","url":"https:\/\/cocoons.eu\/wp-content\/uploads\/2020\/03\/C4218G-DSC_7866ps_edit_website800x800.jpg","contentUrl":"https:\/\/cocoons.eu\/wp-content\/uploads\/2020\/03\/C4218G-DSC_7866ps_edit_website800x800.jpg","width":800,"height":800,"caption":"Cocoons by Live Eyewear"},"image":{"@id":"https:\/\/cocoons.eu\/de\/#\/schema\/logo\/image\/"},"sameAs":["https:\/\/facebook.com\/cocoonseurope"]}]}},"_links":{"self":[{"href":"https:\/\/cocoons.eu\/de\/wp-json\/wp\/v2\/pages\/235412","targetHints":{"allow":["GET"]}}],"collection":[{"href":"https:\/\/cocoons.eu\/de\/wp-json\/wp\/v2\/pages"}],"about":[{"href":"https:\/\/cocoons.eu\/de\/wp-json\/wp\/v2\/types\/page"}],"author":[{"embeddable":true,"href":"https:\/\/cocoons.eu\/de\/wp-json\/wp\/v2\/users\/6"}],"replies":[{"embeddable":true,"href":"https:\/\/cocoons.eu\/de\/wp-json\/wp\/v2\/comments?post=235412"}],"version-history":[{"count":0,"href":"https:\/\/cocoons.eu\/de\/wp-json\/wp\/v2\/pages\/235412\/revisions"}],"wp:attachment":[{"href":"https:\/\/cocoons.eu\/de\/wp-json\/wp\/v2\/media?parent=235412"}],"curies":[{"name":"wp","href":"https:\/\/api.w.org\/{rel}","templated":true}]}}