{"id":235354,"date":"2022-07-26T18:40:47","date_gmt":"2022-07-26T16:40:47","guid":{"rendered":"https:\/\/cocoons.eu\/polare-glaeser-mit-dynamic-base-technologie\/"},"modified":"2023-07-03T21:04:04","modified_gmt":"2023-07-03T19:04:04","slug":"polare-glaeser-mit-dynamic-base-technologie","status":"publish","type":"page","link":"https:\/\/cocoons.eu\/de\/polare-glaeser-mit-dynamic-base-technologie\/","title":{"rendered":"Polar\u00e9-Gl\u00e4ser mit Dynamic Base-Technologie"},"content":{"rendered":"\n\n  <div class=\"banner has-hover\" id=\"banner-506535250\">\n          <div class=\"banner-inner fill\">\n        <div class=\"banner-bg fill\" >\n            <img decoding=\"async\" width=\"1020\" height=\"638\" src=\"https:\/\/cocoons.eu\/wp-content\/uploads\/2019\/02\/Landing-Page-VistanaDBT-1024x640.jpg\" class=\"bg attachment-large size-large\" alt=\"\" \/>                                    \n                    <\/div>\n\t\t\n        <div class=\"banner-layers container\">\n            <div class=\"fill banner-link\"><\/div>            \n\n   <div id=\"text-box-626909701\" class=\"text-box banner-layer x0 md-x0 lg-x0 y5 md-y5 lg-y5 res-text\">\n                                <div class=\"text-box-content text text-shadow-1\">\n              \n              <div class=\"text-inner text-center\">\n                  \n\n<h1 style=\"text-align: left;\"><span style=\"font-size: 90%;\">Polar\u00e9-Gl\u00e4ser mit Dynamic Base-Technologie<\/span><\/h1>\n\n              <\/div>\n           <\/div>\n                            \n<style>\n#text-box-626909701 {\n  margin: 33px 0px 0px 22px;\n  width: 60%;\n}\n#text-box-626909701 .text-box-content {\n  font-size: 100%;\n}\n@media (min-width:550px) {\n  #text-box-626909701 {\n    width: 41%;\n  }\n}\n<\/style>\n    <\/div>\n \n\n        <\/div>\n      <\/div>\n\n            \n<style>\n#banner-506535250 {\n  padding-top: 30%;\n}\n<\/style>\n  <\/div>\n\n\n\t<div id=\"gap-1228040236\" class=\"gap-element clearfix\" style=\"display:block; height:auto;\">\n\t\t\n<style>\n#gap-1228040236 {\n  padding-top: 30px;\n}\n<\/style>\n\t<\/div>\n\t\n\n<p>Die Vistana-Kollektion zeichnet sich durch hochwertige, kratzfeste, polarisierte <strong><a href=\"https:\/\/cocoons.eu\/de\/polare-glaeser\/\" target=\"_blank\" rel=\"noopener\">Polar\u00e9-Gl\u00e4ser<\/a><\/strong>aus. Polarisierte Gl\u00e4ser reduzieren die Blendung, womit die Erm\u00fcdung der Augen verringert und die Sehsch\u00e4rfe und Tiefenwahrnehmung verbessert wird. Unsere Polar\u00e9-Gl\u00e4ser sind optisch korrekt, was bedeutet, dass sie die Sicht nicht verzerren &#8212; ein entscheidendes Merkmal jeder Fitover-Sonnenbrille. Die Vistana-Kollektion verbindet modische Eleganz mit Spitzentechnologie und bringt die Fitover-Sonnenbrillen auf ein neues Niveau.<\/p>\n<p>Die Polar\u00e9-Gl\u00e4ser in Kombination mit der patentierten Vistana-Rundumfassung zeichnen sich durch die Dynamic Base-Technologie aus, bei der die Brillenfassung von vorne bis zu den Seiten reicht. Diese technische Innovation macht die bei Fitover-Sonnenbrillen \u00fcblichen Seitenschilde \u00fcberfl\u00fcssig und bietet ein Panorama-Sichtfeld. Die Dynamic Base-Technologie gew\u00e4hrleistet optische Korrektheit, f\u00fcr die unsere Polar\u00e9-Gl\u00e4ser bekannt sind, und sorgt f\u00fcr Funktionalit\u00e4t in einer Sonnenbrille von unvergleichlicher Eleganz.<\/p>\n<p>Die Vistana-Kollektion zeigt unsere klassisch grauen und leuchtend kupferfarbenen Gl\u00e4ser. Die grauen Gl\u00e4ser bewahren die Farbdarstellung und reduzieren gleichzeitig Blendung und sch\u00e4dliche UV-Strahlen, w\u00e4hrend die kuperfarbenen Gl\u00e4ser f\u00fcr ein w\u00e4rmeres Sichtfeld mit verbesserter Tiefenwahrnehmung und st\u00e4rkerem Kontrast sorgen. In Kombination mit den neun verschiedenen Fassungsfarben von Vistana liefert die Dynamic Base-Technologie eine Sonnenbrille, die f\u00fcr eine morgendliche Wanderung oder einen Nachmittag in der Stadt gleicherma\u00dfen geeignet ist.<\/p>\n\n\t\t<div class=\"tabbed-content\">\n\t\t\t<h4 class=\"uppercase text-left\">Gl\u00e4serspezifikationen<\/h4>\n\t\t\t<ul class=\"nav nav-tabs nav-uppercase nav-size-small nav-left\" role=\"tablist\"><li id=\"tab-grau\" class=\"tab active has-icon\" role=\"presentation\"><a href=\"#tab_grau\" role=\"tab\" aria-selected=\"true\" aria-controls=\"tab_grau\"><span>Grau<\/span><\/a><\/li>\n<li id=\"tab-kupferfarben\" class=\"tab has-icon\" role=\"presentation\"><a href=\"#tab_kupferfarben\" tabindex=\"-1\" role=\"tab\" aria-selected=\"false\" aria-controls=\"tab_kupferfarben\"><span>Kupferfarben<\/span><\/a><\/li><\/ul><div class=\"tab-panels\"><div id=\"tab_grau\" class=\"panel active entry-content\" role=\"tabpanel\" aria-labelledby=\"tab-grau\">\n\n<div class=\"row\"  id=\"row-1500468769\">\n\n\n\t<div id=\"col-1576678384\" class=\"col medium-6 small-12 large-6\"  >\n\t\t\t\t<div class=\"col-inner\"  >\n\t\t\t\n\t\t\t\n\n<span style=\"font-size: 95%;\">GRAUE GL\u00c4SER<\/span>\n<h1><span style=\"color: #333333; font-size: 100%;\">Erstklassiger Schutz,\nreine Farbdefinition.<\/span><\/h1>\nDie grauen Gl\u00e4ser sind ein zeitloser Klassiker bei Sonnenbrillen und das nicht ohne Grund. Die neutrale T\u00f6nung reduziert die Lichtdurchl\u00e4ssigkeit gleichm\u00e4\u00dfig \u00fcber das gesamte Farbspektrum und sorgt so f\u00fcr eine echte Farbwahrnehmung bei vollem Schutz. Diese optischen Eigenschaften machen die grauen Gl\u00e4ser zur perfekten T\u00f6nung f\u00fcr den ganzt\u00e4gigen Einsatz bei hellen Lichtverh\u00e4ltnissen. Ob auf der Stra\u00dfe, auf der Piste oder im Wasser - die Erm\u00fcdung der Augen wird gemindert und die Sicht gesch\u00e4rft.\n<ul>\n \t<li class=\"bullet-arrow\">15\u00a0% Durchl\u00e4ssigkeit f\u00fcr sichtbares Licht<\/li>\n \t<li class=\"bullet-arrow\">Sie sind polarisiert, um Blendung zu vermeiden<\/li>\n \t<li class=\"bullet-arrow\">UV400-Schutz vor UVA- und UVB-Strahlen<\/li>\n \t<li class=\"bullet-arrow\">Sie filtern 80\u00a0% des blauen Lichts (HEV)<\/li>\n \t<li class=\"bullet-arrow\">Bieten eine nat\u00fcrliche Farbdefinition<\/li>\n \t<li class=\"bullet-arrow\">Kategorie 3<\/li>\n<\/ul>\n\n\n\t\t<\/div>\n\t\t\t\t\t<\/div>\n\n\t\n\n\t<div id=\"col-377157453\" class=\"col medium-6 small-12 large-6\"  >\n\t\t\t\t<div class=\"col-inner text-right\"  >\n\t\t\t\n\t\t\t\n\n\t<div id=\"gap-2137285393\" class=\"gap-element clearfix\" style=\"display:block; height:auto;\">\n\t\t\n<style>\n#gap-2137285393 {\n  padding-top: 35px;\n}\n<\/style>\n\t<\/div>\n\t\n\n\t<div class=\"img has-hover x md-x lg-x y md-y lg-y\" id=\"image_855799477\">\n\t\t\t\t\t\t\t\t<div class=\"img-inner dark\" >\n\t\t\t<img decoding=\"async\" width=\"960\" height=\"119\" src=\"https:\/\/cocoons.eu\/wp-content\/uploads\/2019\/01\/Polare-Banner-Grey.jpg\" class=\"attachment-original size-original\" alt=\"\" srcset=\"https:\/\/cocoons.eu\/wp-content\/uploads\/2019\/01\/Polare-Banner-Grey.jpg 960w, https:\/\/cocoons.eu\/wp-content\/uploads\/2019\/01\/Polare-Banner-Grey-300x37.jpg 300w, https:\/\/cocoons.eu\/wp-content\/uploads\/2019\/01\/Polare-Banner-Grey-768x95.jpg 768w, https:\/\/cocoons.eu\/wp-content\/uploads\/2019\/01\/Polare-Banner-Grey-246x30.jpg 246w, https:\/\/cocoons.eu\/wp-content\/uploads\/2019\/01\/Polare-Banner-Grey-420x52.jpg 420w\" sizes=\"(max-width: 960px) 100vw, 960px\" \/>\t\t\t\t\t\t\n\t\t\t\t\t<\/div>\n\t\t\t\t\t\t\t\t\n<style>\n#image_855799477 {\n  width: 100%;\n}\n<\/style>\n\t<\/div>\n\t\n\n\t<div class=\"img has-hover x md-x lg-x y md-y lg-y\" id=\"image_2136767136\">\n\t\t\t\t\t\t\t\t<div class=\"img-inner dark\" >\n\t\t\t<img decoding=\"async\" width=\"550\" height=\"514\" src=\"https:\/\/cocoons.eu\/wp-content\/uploads\/2017\/05\/CC-Gray-with-Spectrum-Graph-550px.jpg\" class=\"attachment-original size-original\" alt=\"\" srcset=\"https:\/\/cocoons.eu\/wp-content\/uploads\/2017\/05\/CC-Gray-with-Spectrum-Graph-550px.jpg 550w, https:\/\/cocoons.eu\/wp-content\/uploads\/2017\/05\/CC-Gray-with-Spectrum-Graph-550px-300x280.jpg 300w, https:\/\/cocoons.eu\/wp-content\/uploads\/2017\/05\/CC-Gray-with-Spectrum-Graph-550px-246x230.jpg 246w, https:\/\/cocoons.eu\/wp-content\/uploads\/2017\/05\/CC-Gray-with-Spectrum-Graph-550px-420x393.jpg 420w\" sizes=\"(max-width: 550px) 100vw, 550px\" \/>\t\t\t\t\t\t\n\t\t\t\t\t<\/div>\n\t\t\t\t\t\t\t\t\n<style>\n#image_2136767136 {\n  width: 90%;\n}\n<\/style>\n\t<\/div>\n\t\n\n\n\t\t<\/div>\n\t\t\t\t\t<\/div>\n\n\t\n\n<\/div>\n\n\n<\/div>\n<div id=\"tab_kupferfarben\" class=\"panel entry-content\" role=\"tabpanel\" aria-labelledby=\"tab-kupferfarben\">\n\n<div class=\"row\"  id=\"row-1475974959\">\r\n\r\n\n\t<div id=\"col-475883438\" class=\"col medium-6 small-12 large-6\"  >\n\t\t\t\t<div class=\"col-inner\"  >\n\t\t\t\n\t\t\t\r\n\r\n<p><span style=\"font-size: 95%;\">KUPFERFARBENE GL\u00c4SER<\/span><\/p>\r\n<h1><span style=\"color: #333333; font-size: 100%;\">Die perfekte Balance zwischen Kontrast und Farbdefinition.<\/span><\/h1>\r\n<p>Die Kupferlinse gleicht auf einzigartige Weise die Vorteile der Kontrastverst\u00e4rkung und Farbdefinition aus. Es filtert pr\u00e4zise die perfekte Menge an blauem Licht, um die Tiefenwahrnehmung zu erh\u00f6hen und den Kontrast zu verbessern, w\u00e4hrend es gleichzeitig angemessene Pegel des gesamten sichtbaren Spektrums \u00fcbertr\u00e4gt, um eine starke Farbdefinition zu bieten. Die moderate Lichtdurchl\u00e4ssigkeit der T\u00f6nung macht es zu einem besonders anpassungsf\u00e4higen Glas, das f\u00fcr praktisch jede Aktivit\u00e4t und Lichtverh\u00e4ltnisse ger\u00fcstet ist.<\/p>\r\n<ul>\r\n<li class=\"bullet-arrow\">21&nbsp;% Durchl\u00e4ssigkeit f\u00fcr sichtbares Licht<\/li>\r\n<li class=\"bullet-arrow\">Sie sind polarisiert, um Blendung zu vermeiden<\/li>\r\n<li class=\"bullet-arrow\">UV400-Schutz vor UVA- und UVB-Strahlen<\/li>\r\n<li class=\"bullet-arrow\">Filtert 90&nbsp;% des blauen Lichts (HEV)<\/li>\r\n<li class=\"bullet-arrow\">Verbesserte Tiefenwahrnehmung durch erh\u00f6hten Kontrast<\/li>\r\n<li class=\"bullet-arrow\">Kategorie 2<\/li>\r\n<\/ul>\r\n\r\n\t\t<\/div>\n\t\t\t\t\t<\/div>\n\n\t\r\n\n\t<div id=\"col-1064701559\" class=\"col medium-6 small-12 large-6\"  >\n\t\t\t\t<div class=\"col-inner text-center\"  >\n\t\t\t\n\t\t\t\r\n\r\n\t<div id=\"gap-1370586162\" class=\"gap-element clearfix\" style=\"display:block; height:auto;\">\n\t\t\n<style>\n#gap-1370586162 {\n  padding-top: 35px;\n}\n<\/style>\n\t<\/div>\n\t\r\n\r\n\t<div class=\"img has-hover x md-x lg-x y md-y lg-y\" id=\"image_1293062155\">\n\t\t\t\t\t\t\t\t<div class=\"img-inner dark\" >\n\t\t\t<img decoding=\"async\" width=\"960\" height=\"119\" src=\"https:\/\/cocoons.eu\/wp-content\/uploads\/2019\/01\/Polare-Banner-Copper.jpg\" class=\"attachment-original size-original\" alt=\"\" srcset=\"https:\/\/cocoons.eu\/wp-content\/uploads\/2019\/01\/Polare-Banner-Copper.jpg 960w, https:\/\/cocoons.eu\/wp-content\/uploads\/2019\/01\/Polare-Banner-Copper-300x37.jpg 300w, https:\/\/cocoons.eu\/wp-content\/uploads\/2019\/01\/Polare-Banner-Copper-768x95.jpg 768w, https:\/\/cocoons.eu\/wp-content\/uploads\/2019\/01\/Polare-Banner-Copper-246x30.jpg 246w, https:\/\/cocoons.eu\/wp-content\/uploads\/2019\/01\/Polare-Banner-Copper-420x52.jpg 420w\" sizes=\"(max-width: 960px) 100vw, 960px\" \/>\t\t\t\t\t\t\n\t\t\t\t\t<\/div>\n\t\t\t\t\t\t\t\t\n<style>\n#image_1293062155 {\n  width: 100%;\n}\n<\/style>\n\t<\/div>\n\t\r\n\r\n\t<div class=\"img has-hover x md-x lg-x y md-y lg-y\" id=\"image_1365492028\">\n\t\t\t\t\t\t\t\t<div class=\"img-inner dark\" >\n\t\t\t<img decoding=\"async\" width=\"550\" height=\"514\" src=\"https:\/\/cocoons.eu\/wp-content\/uploads\/2017\/05\/CC-Copper-21-with-Spectrum-Graph-550px.jpg\" class=\"attachment-original size-original\" alt=\"\" srcset=\"https:\/\/cocoons.eu\/wp-content\/uploads\/2017\/05\/CC-Copper-21-with-Spectrum-Graph-550px.jpg 550w, https:\/\/cocoons.eu\/wp-content\/uploads\/2017\/05\/CC-Copper-21-with-Spectrum-Graph-550px-300x280.jpg 300w, https:\/\/cocoons.eu\/wp-content\/uploads\/2017\/05\/CC-Copper-21-with-Spectrum-Graph-550px-246x230.jpg 246w, https:\/\/cocoons.eu\/wp-content\/uploads\/2017\/05\/CC-Copper-21-with-Spectrum-Graph-550px-420x393.jpg 420w\" sizes=\"(max-width: 550px) 100vw, 550px\" \/>\t\t\t\t\t\t\n\t\t\t\t\t<\/div>\n\t\t\t\t\t\t\t\t\n<style>\n#image_1365492028 {\n  width: 90%;\n}\n<\/style>\n\t<\/div>\n\t\r\n\r\n\r\n\t\t<\/div>\n\t\t\t\t\t<\/div>\n\n\t\r\n\r\n<\/div>\n\n\n<\/div><\/div><\/div>\n\t<div id=\"gap-194367336\" class=\"gap-element clearfix\" style=\"display:block; height:auto;\">\n\t\t\n<style>\n#gap-194367336 {\n  padding-top: 30px;\n}\n<\/style>\n\t<\/div>\n\t\n\n<h3><span style=\"color: #000000;\">Erfahren Sie mehr \u00fcber die Eigenschaften der luxuri\u00f6sen Vistana Fitover-Sonnenbrillen unter diesen hilfreichen Links:<\/span><\/h3>\n<ul><li>W\u00e4hlen Sie die perfekte polarisierte <strong><a href=\"https:\/\/cocoons.eu\/de\/polare-glaeser\/\">Polar\u00e9\u00ae-Gl\u00e4sert\u00f6nung<\/a> <\/strong>, um die Sehleistung und den Tragekomfort f\u00fcr Ihre Augen zu maximieren.<\/li>\n<li>Sie sind sich nicht sicher, welche Gr\u00f6\u00dfe die richtige f\u00fcr Sie ist? Nutzen Sie unseren <strong><a href=\"https:\/\/cocoons.eu\/de\/groessenrechner-fuer-vistana-fitovers\/\">Vistana-Gr\u00f6\u00dfenrechner<\/a> <\/strong>oder die <strong><a href=\"https:\/\/cocoons.eu\/de\/haendlersuche\/\">H\u00e4ndlersuche<\/a><\/strong>, um einen autorisierten Vistana-H\u00e4ndler in Ihrer N\u00e4he zu finden und unsere Produkte im Gesch\u00e4ft auszuprobieren.<\/li>\n<li>Passen Sie die Flex2Fit\u00ae-B\u00fcgel individuell an. Besuchen Sie unsere Seite zur Fassungstechnologie und schauen Sie sich unsere <strong><a href=\"https:\/\/cocoons.eu\/de\/cocoons-fassungen-und-ihre-technologie\/\">kurze Videoanleitung<\/a><\/strong>an, wie Sie die Form und Rundung Ihrer B\u00fcgel anpassen.<\/li>\n<li>Vergessen Sie nicht, <strong><a href=\"https:\/\/cocoons.eu\/de\/garantiehinweise\/anmeldung-der-garantie\/\">Ihre lebenslange Garantie anzumelden<\/a>!<\/strong><\/li>\n<li>Suchen Sie weiteres Zubeh\u00f6r? <strong><a href=\"https:\/\/cocoons.eu\/de\/produktkategorie\/zubehoer\/\">Sehen Sie sich unsere gesamte Kollektion an.<\/a><\/strong><\/li>\n<\/ul>\n\n","protected":false},"excerpt":{"rendered":"<p>Die Vistana-Kollektion zeichnet sich durch hochwertige, kratzfeste, polarisierte Polar\u00e9-Gl\u00e4seraus. Polarisierte Gl\u00e4ser reduzieren die Blendung, womit die Erm\u00fcdung der Augen verringert und die Sehsch\u00e4rfe und Tiefenwahrnehmung verbessert wird. Unsere Polar\u00e9-Gl\u00e4ser sind optisch korrekt, was bedeutet, dass sie die Sicht nicht verzerren &#8212; ein entscheidendes Merkmal jeder Fitover-Sonnenbrille. Die Vistana-Kollektion verbindet modische Eleganz mit Spitzentechnologie und bringt&#8230;<\/p>\n","protected":false},"author":6,"featured_media":0,"parent":0,"menu_order":0,"comment_status":"closed","ping_status":"closed","template":"","meta":{"_acf_changed":false,"footnotes":""},"class_list":["post-235354","page","type-page","status-publish","hentry"],"acf":[],"yoast_head":"<!-- This site is optimized with the Yoast SEO Premium plugin v27.3 (Yoast SEO v27.4) - https:\/\/yoast.com\/product\/yoast-seo-premium-wordpress\/ -->\n<title>Polar\u00e9-Gl\u00e4ser mit Dynamic Base-Technologie : Cocoons<\/title>\n<meta name=\"description\" content=\"Click here to view our page Polar\u00e9-Gl\u00e4ser mit Dynamic Base-Technologie.\" \/>\n<meta name=\"robots\" content=\"noindex, follow\" \/>\n<meta property=\"og:locale\" content=\"de_DE\" \/>\n<meta property=\"og:type\" content=\"article\" \/>\n<meta property=\"og:title\" content=\"Polar\u00e9-Gl\u00e4ser mit Dynamic Base-Technologie\" \/>\n<meta property=\"og:description\" content=\"Click here to view our page Polar\u00e9-Gl\u00e4ser mit Dynamic Base-Technologie.\" \/>\n<meta property=\"og:url\" content=\"https:\/\/cocoons.eu\/de\/polare-glaeser-mit-dynamic-base-technologie\/\" \/>\n<meta property=\"og:site_name\" content=\"Cocoons\" \/>\n<meta property=\"article:publisher\" content=\"https:\/\/facebook.com\/cocoonseurope\" \/>\n<meta property=\"article:modified_time\" content=\"2023-07-03T19:04:04+00:00\" \/>\n<meta name=\"twitter:card\" content=\"summary_large_image\" \/>\n<meta name=\"twitter:label1\" content=\"Gesch\u00e4tzte Lesezeit\" \/>\n\t<meta name=\"twitter:data1\" content=\"2\u00a0Minuten\" \/>\n<script type=\"application\/ld+json\" class=\"yoast-schema-graph\">{\"@context\":\"https:\\\/\\\/schema.org\",\"@graph\":[{\"@type\":\"WebPage\",\"@id\":\"https:\\\/\\\/cocoons.eu\\\/de\\\/polare-glaeser-mit-dynamic-base-technologie\\\/\",\"url\":\"https:\\\/\\\/cocoons.eu\\\/de\\\/polare-glaeser-mit-dynamic-base-technologie\\\/\",\"name\":\"Polar\u00e9-Gl\u00e4ser mit Dynamic Base-Technologie : Cocoons\",\"isPartOf\":{\"@id\":\"https:\\\/\\\/cocoons.eu\\\/de\\\/#website\"},\"datePublished\":\"2022-07-26T16:40:47+00:00\",\"dateModified\":\"2023-07-03T19:04:04+00:00\",\"description\":\"Click here to view our page Polar\u00e9-Gl\u00e4ser mit Dynamic Base-Technologie.\",\"breadcrumb\":{\"@id\":\"https:\\\/\\\/cocoons.eu\\\/de\\\/polare-glaeser-mit-dynamic-base-technologie\\\/#breadcrumb\"},\"inLanguage\":\"de\",\"potentialAction\":[{\"@type\":\"ReadAction\",\"target\":[\"https:\\\/\\\/cocoons.eu\\\/de\\\/polare-glaeser-mit-dynamic-base-technologie\\\/\"]}]},{\"@type\":\"BreadcrumbList\",\"@id\":\"https:\\\/\\\/cocoons.eu\\\/de\\\/polare-glaeser-mit-dynamic-base-technologie\\\/#breadcrumb\",\"itemListElement\":[{\"@type\":\"ListItem\",\"position\":1,\"name\":\"Home\",\"item\":\"https:\\\/\\\/cocoons.eu\\\/de\\\/\"},{\"@type\":\"ListItem\",\"position\":2,\"name\":\"Polar\u00e9-Gl\u00e4ser mit Dynamic Base-Technologie\"}]},{\"@type\":\"WebSite\",\"@id\":\"https:\\\/\\\/cocoons.eu\\\/de\\\/#website\",\"url\":\"https:\\\/\\\/cocoons.eu\\\/de\\\/\",\"name\":\"Cocoons Eyewear Europe\",\"description\":\"Hochwertige Fitover-Sonnenbrillen\",\"publisher\":{\"@id\":\"https:\\\/\\\/cocoons.eu\\\/de\\\/#organization\"},\"potentialAction\":[{\"@type\":\"SearchAction\",\"target\":{\"@type\":\"EntryPoint\",\"urlTemplate\":\"https:\\\/\\\/cocoons.eu\\\/de\\\/?s={search_term_string}\"},\"query-input\":{\"@type\":\"PropertyValueSpecification\",\"valueRequired\":true,\"valueName\":\"search_term_string\"}}],\"inLanguage\":\"de\"},{\"@type\":\"Organization\",\"@id\":\"https:\\\/\\\/cocoons.eu\\\/de\\\/#organization\",\"name\":\"Cocoons by Live Eyewear\",\"url\":\"https:\\\/\\\/cocoons.eu\\\/de\\\/\",\"logo\":{\"@type\":\"ImageObject\",\"inLanguage\":\"de\",\"@id\":\"https:\\\/\\\/cocoons.eu\\\/de\\\/#\\\/schema\\\/logo\\\/image\\\/\",\"url\":\"https:\\\/\\\/cocoons.eu\\\/wp-content\\\/uploads\\\/2020\\\/03\\\/C4218G-DSC_7866ps_edit_website800x800.jpg\",\"contentUrl\":\"https:\\\/\\\/cocoons.eu\\\/wp-content\\\/uploads\\\/2020\\\/03\\\/C4218G-DSC_7866ps_edit_website800x800.jpg\",\"width\":800,\"height\":800,\"caption\":\"Cocoons by Live Eyewear\"},\"image\":{\"@id\":\"https:\\\/\\\/cocoons.eu\\\/de\\\/#\\\/schema\\\/logo\\\/image\\\/\"},\"sameAs\":[\"https:\\\/\\\/facebook.com\\\/cocoonseurope\"]}]}<\/script>\n<!-- \/ Yoast SEO Premium plugin. -->","yoast_head_json":{"title":"Polar\u00e9-Gl\u00e4ser mit Dynamic Base-Technologie : Cocoons","description":"Click here to view our page Polar\u00e9-Gl\u00e4ser mit Dynamic Base-Technologie.","robots":{"index":"noindex","follow":"follow"},"og_locale":"de_DE","og_type":"article","og_title":"Polar\u00e9-Gl\u00e4ser mit Dynamic Base-Technologie","og_description":"Click here to view our page Polar\u00e9-Gl\u00e4ser mit Dynamic Base-Technologie.","og_url":"https:\/\/cocoons.eu\/de\/polare-glaeser-mit-dynamic-base-technologie\/","og_site_name":"Cocoons","article_publisher":"https:\/\/facebook.com\/cocoonseurope","article_modified_time":"2023-07-03T19:04:04+00:00","twitter_card":"summary_large_image","twitter_misc":{"Gesch\u00e4tzte Lesezeit":"2\u00a0Minuten"},"schema":{"@context":"https:\/\/schema.org","@graph":[{"@type":"WebPage","@id":"https:\/\/cocoons.eu\/de\/polare-glaeser-mit-dynamic-base-technologie\/","url":"https:\/\/cocoons.eu\/de\/polare-glaeser-mit-dynamic-base-technologie\/","name":"Polar\u00e9-Gl\u00e4ser mit Dynamic Base-Technologie : Cocoons","isPartOf":{"@id":"https:\/\/cocoons.eu\/de\/#website"},"datePublished":"2022-07-26T16:40:47+00:00","dateModified":"2023-07-03T19:04:04+00:00","description":"Click here to view our page Polar\u00e9-Gl\u00e4ser mit Dynamic Base-Technologie.","breadcrumb":{"@id":"https:\/\/cocoons.eu\/de\/polare-glaeser-mit-dynamic-base-technologie\/#breadcrumb"},"inLanguage":"de","potentialAction":[{"@type":"ReadAction","target":["https:\/\/cocoons.eu\/de\/polare-glaeser-mit-dynamic-base-technologie\/"]}]},{"@type":"BreadcrumbList","@id":"https:\/\/cocoons.eu\/de\/polare-glaeser-mit-dynamic-base-technologie\/#breadcrumb","itemListElement":[{"@type":"ListItem","position":1,"name":"Home","item":"https:\/\/cocoons.eu\/de\/"},{"@type":"ListItem","position":2,"name":"Polar\u00e9-Gl\u00e4ser mit Dynamic Base-Technologie"}]},{"@type":"WebSite","@id":"https:\/\/cocoons.eu\/de\/#website","url":"https:\/\/cocoons.eu\/de\/","name":"Cocoons Eyewear Europe","description":"Hochwertige Fitover-Sonnenbrillen","publisher":{"@id":"https:\/\/cocoons.eu\/de\/#organization"},"potentialAction":[{"@type":"SearchAction","target":{"@type":"EntryPoint","urlTemplate":"https:\/\/cocoons.eu\/de\/?s={search_term_string}"},"query-input":{"@type":"PropertyValueSpecification","valueRequired":true,"valueName":"search_term_string"}}],"inLanguage":"de"},{"@type":"Organization","@id":"https:\/\/cocoons.eu\/de\/#organization","name":"Cocoons by Live Eyewear","url":"https:\/\/cocoons.eu\/de\/","logo":{"@type":"ImageObject","inLanguage":"de","@id":"https:\/\/cocoons.eu\/de\/#\/schema\/logo\/image\/","url":"https:\/\/cocoons.eu\/wp-content\/uploads\/2020\/03\/C4218G-DSC_7866ps_edit_website800x800.jpg","contentUrl":"https:\/\/cocoons.eu\/wp-content\/uploads\/2020\/03\/C4218G-DSC_7866ps_edit_website800x800.jpg","width":800,"height":800,"caption":"Cocoons by Live Eyewear"},"image":{"@id":"https:\/\/cocoons.eu\/de\/#\/schema\/logo\/image\/"},"sameAs":["https:\/\/facebook.com\/cocoonseurope"]}]}},"_links":{"self":[{"href":"https:\/\/cocoons.eu\/de\/wp-json\/wp\/v2\/pages\/235354","targetHints":{"allow":["GET"]}}],"collection":[{"href":"https:\/\/cocoons.eu\/de\/wp-json\/wp\/v2\/pages"}],"about":[{"href":"https:\/\/cocoons.eu\/de\/wp-json\/wp\/v2\/types\/page"}],"author":[{"embeddable":true,"href":"https:\/\/cocoons.eu\/de\/wp-json\/wp\/v2\/users\/6"}],"replies":[{"embeddable":true,"href":"https:\/\/cocoons.eu\/de\/wp-json\/wp\/v2\/comments?post=235354"}],"version-history":[{"count":0,"href":"https:\/\/cocoons.eu\/de\/wp-json\/wp\/v2\/pages\/235354\/revisions"}],"wp:attachment":[{"href":"https:\/\/cocoons.eu\/de\/wp-json\/wp\/v2\/media?parent=235354"}],"curies":[{"name":"wp","href":"https:\/\/api.w.org\/{rel}","templated":true}]}}