{"id":235348,"date":"2022-07-26T18:40:44","date_gmt":"2022-07-26T16:40:44","guid":{"rendered":"https:\/\/cocoons.eu\/patentierte-technik\/"},"modified":"2022-09-19T17:08:21","modified_gmt":"2022-09-19T15:08:21","slug":"patentierte-technik","status":"publish","type":"page","link":"https:\/\/cocoons.eu\/de\/patentierte-technik\/","title":{"rendered":"PATENTIERTE TECHNIK"},"content":{"rendered":"\n\n  <div class=\"banner has-hover\" id=\"banner-2113541901\">\n          <div class=\"banner-inner fill\">\n        <div class=\"banner-bg fill\" >\n            <img decoding=\"async\" width=\"1020\" height=\"306\" src=\"https:\/\/cocoons.eu\/wp-content\/uploads\/2019\/01\/Landing-Page-Engineering-1024x307.jpg\" class=\"bg attachment-large size-large\" alt=\"\" \/>                                    \n\t<div class=\"is-border\"\n\t\tstyle=\"border-width:0px 0px 0px 0px;\">\n\t<\/div>\n                    <\/div>\n\t\t\n        <div class=\"banner-layers container\">\n            <div class=\"fill banner-link\"><\/div>            \n\n   <div id=\"text-box-1916095751\" class=\"text-box banner-layer x0 md-x0 lg-x0 y5 md-y5 lg-y5 res-text\">\n                                <div class=\"text-box-content text dark\">\n              \n              <div class=\"text-inner text-left\">\n                  \n\n<h2 class=\"uppercase\"><span style=\"font-size: 90%;\">PATENTIERTE TECHNIK<\/span><\/h2>\n\n              <\/div>\n           <\/div>\n                            \n<style>\n#text-box-1916095751 .text-inner {\n  padding: 0px 0px 0px 36px;\n}\n#text-box-1916095751 {\n  width: 60%;\n}\n#text-box-1916095751 .text-box-content {\n  font-size: 100%;\n}\n<\/style>\n    <\/div>\n \n\n        <\/div>\n      <\/div>\n\n              <div class=\"height-fix is-invisible\"><img decoding=\"async\" width=\"1020\" height=\"306\" src=\"https:\/\/cocoons.eu\/wp-content\/uploads\/2019\/01\/Landing-Page-Engineering-1024x307.jpg\" class=\"attachment-large size-large\" alt=\"\" srcset=\"https:\/\/cocoons.eu\/wp-content\/uploads\/2019\/01\/Landing-Page-Engineering-1024x307.jpg 1024w, https:\/\/cocoons.eu\/wp-content\/uploads\/2019\/01\/Landing-Page-Engineering-300x90.jpg 300w, https:\/\/cocoons.eu\/wp-content\/uploads\/2019\/01\/Landing-Page-Engineering-768x230.jpg 768w, https:\/\/cocoons.eu\/wp-content\/uploads\/2019\/01\/Landing-Page-Engineering-1536x460.jpg 1536w, https:\/\/cocoons.eu\/wp-content\/uploads\/2019\/01\/Landing-Page-Engineering-246x74.jpg 246w, https:\/\/cocoons.eu\/wp-content\/uploads\/2019\/01\/Landing-Page-Engineering-420x126.jpg 420w, https:\/\/cocoons.eu\/wp-content\/uploads\/2019\/01\/Landing-Page-Engineering.jpg 1920w\" sizes=\"(max-width: 1020px) 100vw, 1020px\" \/><\/div>\n              <\/div>\n\n\n\t<div id=\"gap-377176639\" class=\"gap-element clearfix\" style=\"display:block; height:auto;\">\n\t\t\n<style>\n#gap-377176639 {\n  padding-top: 30px;\n}\n<\/style>\n\t<\/div>\n\t\r\n\r\n<p>Die Einf\u00fchrung der Cocoons im Jahr 2002 fand weltweit Beachtung, da sie die ersten hochwertigen Fitover-Sonnenbrillen der Welt waren. Durch die Integration v\u00f6llig neuartiger Komponenten und technischer Merkmale hat sich die Marke bei Brillentr\u00e4gerinnen und Brillentr\u00e4gern und anspruchsvollen Augenoptikern schnell als eindeutiger Goldstandard f\u00fcr Fitover-Sonnenbrillen etabliert.<\/p>\n<div class=\"row\"  id=\"row-2069718298\">\n\n\n\t<div id=\"col-589468829\" class=\"col medium-6 small-12 large-6\"  >\n\t\t\t\t<div class=\"col-inner\"  >\n\t\t\t\n\t\t\t\n\n<h3><strong>KOMPROMISSLOSES STREBEN NACH PERFEKTION<\/strong><\/h3>\r\n<p>Cocoons Fitovers wurden seit ihrer Einf\u00fchrung st\u00e4ndig weiterentwickelt. Unsere nahtlose Integration von intelligenter Technik, erstklassigen Materialien und einer Reihe von uns entwickelten und patentierten Funktionen ist das Ergebnis einer langen Geschichte der unerm\u00fcdlichen Weiterentwicklung unserer Produkte. Von den Gl\u00e4sern bis hin zur Fassung ist jeder Aspekt einer Cocoons so konzipiert, dass sie ein H\u00f6chstma\u00df an Schutz, Komfort und Leistung bietet.<\/p>\r\n<p>Mit ihrem charakteristischen Design sind die Cocoons f\u00fchrend bei Innovation, Qualit\u00e4t und Wert von Fitover-Sonnenbrillen. Unsere Erfindungen, Funktionen und Designs werden oft nachgeahmt, aber das Endergebnis \u2013 das au\u00dfergew\u00f6hnliche Erlebnis, das Cocoons bietet \u2013 kann von Nachahmern einfach nicht kopiert werden.<\/p>\r\n<p>Die patentierten <strong><a href=\"https:\/\/cocoons.wp-engine.com\/cocoons\/cocoons-frame-technology\/\" target=\"_blank\" rel=\"noopener\">Cocoons-Fassungen<\/a><\/strong> sind au\u00dferordentlich widerstandsf\u00e4hig. Die ultraleichte Fassung besteht aus hochwertigem ballistischem Nylon. Die nahezu unzerbrechlichen Fassungen bieten Schutz und Komfort; jedes Fassungsmodell isoliert die Augen mit einem Schutz an der Ober-, Peripherie- und Unterseite vor den Elementen, und jede Fitover-Brille verf\u00fcgt \u00fcber unser Flex2Fit<sup>\u00ae<\/sup>-B\u00fcgelsystem, das f\u00fcr einen sicheren Sitz in fast jeder Konfiguration angepasst werden kann.<\/p>\r\n<p>Ein weiteres zentrales Element unserer Sonnenbrillen sind unsere <strong><a href=\"https:\/\/cocoons.wp-engine.com\/lenses\/\" target=\"_blank\" rel=\"noopener\">Polar\u00e9<\/a><\/strong><strong><a href=\"https:\/\/cocoons.eu\/de\/polare-glaeser\/\" target=\"_blank\" rel=\"noopener\"><sup>\u00ae<\/sup><\/a><\/strong><strong><a href=\"https:\/\/cocoons.eu\/de\/polare-glaeser\/\" target=\"_blank\" rel=\"noopener\">-Gl\u00e4ser<\/a><\/strong>. Die optisch korrekten, kratz- und sto\u00dffesten Polar\u00e9-Gl\u00e4ser bieten ein Ma\u00df an Klarheit und Schutz, wie es nur bei einer professionellen Sonnenbrille m\u00f6glich ist. Unsere Seitenschutzblenden sind spritzgegossen, um eine verzerrungsfreie periphere Sicht zu gew\u00e4hrleisten, und sind pr\u00e4zise auf die Transmission, T\u00f6nung und Leistung der Hauptgl\u00e4ser abgestimmt. 100 % UV-Schutz, maximale Polarisationseffizienz und eine breite Palette an Spezialt\u00f6nungen sorgen daf\u00fcr, dass die Cocoons Ihre Erwartungen in jeder Umgebung \u00fcbertreffen.<\/p>\n\n\t\t<\/div>\n\t\t\t\t\t<\/div>\n\n\t\n\n\t<div id=\"col-722775092\" class=\"col medium-6 small-12 large-6\"  >\n\t\t\t\t<div class=\"col-inner\"  >\n\t\t\t\n\t\t\t\n\n\t<div class=\"img has-hover x md-x lg-x y md-y lg-y\" id=\"image_177577573\">\n\t\t\t\t\t\t\t\t<div class=\"img-inner dark\" >\n\t\t\t<img decoding=\"async\" width=\"400\" height=\"600\" src=\"https:\/\/cocoons.eu\/wp-content\/uploads\/2016\/04\/PatentWeb.jpg\" class=\"attachment-large size-large\" alt=\"\" srcset=\"https:\/\/cocoons.eu\/wp-content\/uploads\/2016\/04\/PatentWeb.jpg 400w, https:\/\/cocoons.eu\/wp-content\/uploads\/2016\/04\/PatentWeb-246x369.jpg 246w, https:\/\/cocoons.eu\/wp-content\/uploads\/2016\/04\/PatentWeb-200x300.jpg 200w, https:\/\/cocoons.eu\/wp-content\/uploads\/2016\/04\/PatentWeb-67x100.jpg 67w\" sizes=\"(max-width: 400px) 100vw, 400px\" \/>\t\t\t\t\t\t\n\t\t\t\t\t<\/div>\n\t\t\t\t\t\t\t\t\n<style>\n#image_177577573 {\n  width: 100%;\n}\n<\/style>\n\t<\/div>\n\t\n\n\n\t\t<\/div>\n\t\t\t\t\t<\/div>\n\n\t\n\n<\/div>\n<p>Das hei\u00dft, die Augen befinden sich in einem virtuellen \u201eKokon\u201c aus gefiltertem Licht, sodass sie sich richtig entspannen k\u00f6nnen, ohne sich an wechselnde Lichtverh\u00e4ltnisse anpassen oder sie ausgleichen zu m\u00fcssen. Es hat \u00fcber eineinhalb Jahrzehnte gedauert, diese Funktionen zu verbessern, und wir sind noch lange nicht fertig. Wir arbeiten weiterhin jeden Tag daran, dass Ihre Erfahrungen mit den Kollektionen, dem Zubeh\u00f6r und dem Kundenservice von Cocoons unvergleichlich sind. F\u00fcr Fragen zu Cocoons oder wenn Sie detailliertere Informationen oder Produktspezifikationen w\u00fcnschen, wenden Sie sich einfach an unsere Zentrale unter <strong><a href=\"mailto:info@liveeyewear.com\">info@liveeyewear.com<\/a><\/strong>.<\/p>\n\n","protected":false},"excerpt":{"rendered":"<p>Die Einf\u00fchrung der Cocoons im Jahr 2002 fand weltweit Beachtung, da sie die ersten hochwertigen Fitover-Sonnenbrillen der Welt waren. Durch die Integration v\u00f6llig neuartiger Komponenten und technischer Merkmale hat sich die Marke bei Brillentr\u00e4gerinnen und Brillentr\u00e4gern und anspruchsvollen Augenoptikern schnell als eindeutiger Goldstandard f\u00fcr Fitover-Sonnenbrillen etabliert. Das hei\u00dft, die Augen befinden sich in einem virtuellen&#8230;<\/p>\n","protected":false},"author":13,"featured_media":0,"parent":0,"menu_order":0,"comment_status":"closed","ping_status":"closed","template":"","meta":{"_acf_changed":false,"footnotes":""},"class_list":["post-235348","page","type-page","status-publish","hentry"],"acf":[],"yoast_head":"<!-- This site is optimized with the Yoast SEO Premium plugin v27.0 (Yoast SEO v27.3) - https:\/\/yoast.com\/product\/yoast-seo-premium-wordpress\/ -->\n<title>PATENTIERTE TECHNIK : Cocoons<\/title>\n<meta name=\"description\" content=\"Click here to view our page PATENTIERTE TECHNIK.\" \/>\n<meta name=\"robots\" content=\"index, follow, max-snippet:-1, max-image-preview:large, max-video-preview:-1\" \/>\n<link rel=\"canonical\" href=\"https:\/\/cocoons.eu\/de\/patentierte-technik\/\" \/>\n<meta property=\"og:locale\" content=\"de_DE\" \/>\n<meta property=\"og:type\" content=\"article\" \/>\n<meta property=\"og:title\" content=\"PATENTIERTE TECHNIK\" \/>\n<meta property=\"og:description\" content=\"Click here to view our page PATENTIERTE TECHNIK.\" \/>\n<meta property=\"og:url\" content=\"https:\/\/cocoons.eu\/de\/patentierte-technik\/\" \/>\n<meta property=\"og:site_name\" content=\"Cocoons\" \/>\n<meta property=\"article:publisher\" content=\"https:\/\/facebook.com\/cocoonseurope\" \/>\n<meta property=\"article:modified_time\" content=\"2022-09-19T15:08:21+00:00\" \/>\n<meta name=\"twitter:card\" content=\"summary_large_image\" \/>\n<meta name=\"twitter:label1\" content=\"Gesch\u00e4tzte Lesezeit\" \/>\n\t<meta name=\"twitter:data1\" content=\"2\u00a0Minuten\" \/>\n<script type=\"application\/ld+json\" class=\"yoast-schema-graph\">{\"@context\":\"https:\\\/\\\/schema.org\",\"@graph\":[{\"@type\":\"WebPage\",\"@id\":\"https:\\\/\\\/cocoons.eu\\\/de\\\/patentierte-technik\\\/\",\"url\":\"https:\\\/\\\/cocoons.eu\\\/de\\\/patentierte-technik\\\/\",\"name\":\"PATENTIERTE TECHNIK : Cocoons\",\"isPartOf\":{\"@id\":\"https:\\\/\\\/cocoons.eu\\\/de\\\/#website\"},\"datePublished\":\"2022-07-26T16:40:44+00:00\",\"dateModified\":\"2022-09-19T15:08:21+00:00\",\"description\":\"Click here to view our page PATENTIERTE TECHNIK.\",\"breadcrumb\":{\"@id\":\"https:\\\/\\\/cocoons.eu\\\/de\\\/patentierte-technik\\\/#breadcrumb\"},\"inLanguage\":\"de\",\"potentialAction\":[{\"@type\":\"ReadAction\",\"target\":[\"https:\\\/\\\/cocoons.eu\\\/de\\\/patentierte-technik\\\/\"]}]},{\"@type\":\"BreadcrumbList\",\"@id\":\"https:\\\/\\\/cocoons.eu\\\/de\\\/patentierte-technik\\\/#breadcrumb\",\"itemListElement\":[{\"@type\":\"ListItem\",\"position\":1,\"name\":\"Home\",\"item\":\"https:\\\/\\\/cocoons.eu\\\/de\\\/\"},{\"@type\":\"ListItem\",\"position\":2,\"name\":\"PATENTIERTE TECHNIK\"}]},{\"@type\":\"WebSite\",\"@id\":\"https:\\\/\\\/cocoons.eu\\\/de\\\/#website\",\"url\":\"https:\\\/\\\/cocoons.eu\\\/de\\\/\",\"name\":\"Cocoons Eyewear Europe\",\"description\":\"Hochwertige Fitover-Sonnenbrillen\",\"publisher\":{\"@id\":\"https:\\\/\\\/cocoons.eu\\\/de\\\/#organization\"},\"potentialAction\":[{\"@type\":\"SearchAction\",\"target\":{\"@type\":\"EntryPoint\",\"urlTemplate\":\"https:\\\/\\\/cocoons.eu\\\/de\\\/?s={search_term_string}\"},\"query-input\":{\"@type\":\"PropertyValueSpecification\",\"valueRequired\":true,\"valueName\":\"search_term_string\"}}],\"inLanguage\":\"de\"},{\"@type\":\"Organization\",\"@id\":\"https:\\\/\\\/cocoons.eu\\\/de\\\/#organization\",\"name\":\"Cocoons by Live Eyewear\",\"url\":\"https:\\\/\\\/cocoons.eu\\\/de\\\/\",\"logo\":{\"@type\":\"ImageObject\",\"inLanguage\":\"de\",\"@id\":\"https:\\\/\\\/cocoons.eu\\\/de\\\/#\\\/schema\\\/logo\\\/image\\\/\",\"url\":\"https:\\\/\\\/cocoons.eu\\\/wp-content\\\/uploads\\\/2020\\\/03\\\/C4218G-DSC_7866ps_edit_website800x800.jpg\",\"contentUrl\":\"https:\\\/\\\/cocoons.eu\\\/wp-content\\\/uploads\\\/2020\\\/03\\\/C4218G-DSC_7866ps_edit_website800x800.jpg\",\"width\":800,\"height\":800,\"caption\":\"Cocoons by Live Eyewear\"},\"image\":{\"@id\":\"https:\\\/\\\/cocoons.eu\\\/de\\\/#\\\/schema\\\/logo\\\/image\\\/\"},\"sameAs\":[\"https:\\\/\\\/facebook.com\\\/cocoonseurope\"]}]}<\/script>\n<!-- \/ Yoast SEO Premium plugin. -->","yoast_head_json":{"title":"PATENTIERTE TECHNIK : Cocoons","description":"Click here to view our page PATENTIERTE TECHNIK.","robots":{"index":"index","follow":"follow","max-snippet":"max-snippet:-1","max-image-preview":"max-image-preview:large","max-video-preview":"max-video-preview:-1"},"canonical":"https:\/\/cocoons.eu\/de\/patentierte-technik\/","og_locale":"de_DE","og_type":"article","og_title":"PATENTIERTE TECHNIK","og_description":"Click here to view our page PATENTIERTE TECHNIK.","og_url":"https:\/\/cocoons.eu\/de\/patentierte-technik\/","og_site_name":"Cocoons","article_publisher":"https:\/\/facebook.com\/cocoonseurope","article_modified_time":"2022-09-19T15:08:21+00:00","twitter_card":"summary_large_image","twitter_misc":{"Gesch\u00e4tzte Lesezeit":"2\u00a0Minuten"},"schema":{"@context":"https:\/\/schema.org","@graph":[{"@type":"WebPage","@id":"https:\/\/cocoons.eu\/de\/patentierte-technik\/","url":"https:\/\/cocoons.eu\/de\/patentierte-technik\/","name":"PATENTIERTE TECHNIK : Cocoons","isPartOf":{"@id":"https:\/\/cocoons.eu\/de\/#website"},"datePublished":"2022-07-26T16:40:44+00:00","dateModified":"2022-09-19T15:08:21+00:00","description":"Click here to view our page PATENTIERTE TECHNIK.","breadcrumb":{"@id":"https:\/\/cocoons.eu\/de\/patentierte-technik\/#breadcrumb"},"inLanguage":"de","potentialAction":[{"@type":"ReadAction","target":["https:\/\/cocoons.eu\/de\/patentierte-technik\/"]}]},{"@type":"BreadcrumbList","@id":"https:\/\/cocoons.eu\/de\/patentierte-technik\/#breadcrumb","itemListElement":[{"@type":"ListItem","position":1,"name":"Home","item":"https:\/\/cocoons.eu\/de\/"},{"@type":"ListItem","position":2,"name":"PATENTIERTE TECHNIK"}]},{"@type":"WebSite","@id":"https:\/\/cocoons.eu\/de\/#website","url":"https:\/\/cocoons.eu\/de\/","name":"Cocoons Eyewear Europe","description":"Hochwertige Fitover-Sonnenbrillen","publisher":{"@id":"https:\/\/cocoons.eu\/de\/#organization"},"potentialAction":[{"@type":"SearchAction","target":{"@type":"EntryPoint","urlTemplate":"https:\/\/cocoons.eu\/de\/?s={search_term_string}"},"query-input":{"@type":"PropertyValueSpecification","valueRequired":true,"valueName":"search_term_string"}}],"inLanguage":"de"},{"@type":"Organization","@id":"https:\/\/cocoons.eu\/de\/#organization","name":"Cocoons by Live Eyewear","url":"https:\/\/cocoons.eu\/de\/","logo":{"@type":"ImageObject","inLanguage":"de","@id":"https:\/\/cocoons.eu\/de\/#\/schema\/logo\/image\/","url":"https:\/\/cocoons.eu\/wp-content\/uploads\/2020\/03\/C4218G-DSC_7866ps_edit_website800x800.jpg","contentUrl":"https:\/\/cocoons.eu\/wp-content\/uploads\/2020\/03\/C4218G-DSC_7866ps_edit_website800x800.jpg","width":800,"height":800,"caption":"Cocoons by Live Eyewear"},"image":{"@id":"https:\/\/cocoons.eu\/de\/#\/schema\/logo\/image\/"},"sameAs":["https:\/\/facebook.com\/cocoonseurope"]}]}},"_links":{"self":[{"href":"https:\/\/cocoons.eu\/de\/wp-json\/wp\/v2\/pages\/235348","targetHints":{"allow":["GET"]}}],"collection":[{"href":"https:\/\/cocoons.eu\/de\/wp-json\/wp\/v2\/pages"}],"about":[{"href":"https:\/\/cocoons.eu\/de\/wp-json\/wp\/v2\/types\/page"}],"author":[{"embeddable":true,"href":"https:\/\/cocoons.eu\/de\/wp-json\/wp\/v2\/users\/13"}],"replies":[{"embeddable":true,"href":"https:\/\/cocoons.eu\/de\/wp-json\/wp\/v2\/comments?post=235348"}],"version-history":[{"count":0,"href":"https:\/\/cocoons.eu\/de\/wp-json\/wp\/v2\/pages\/235348\/revisions"}],"wp:attachment":[{"href":"https:\/\/cocoons.eu\/de\/wp-json\/wp\/v2\/media?parent=235348"}],"curies":[{"name":"wp","href":"https:\/\/api.w.org\/{rel}","templated":true}]}}