{"id":235344,"date":"2022-07-26T18:40:41","date_gmt":"2022-07-26T16:40:41","guid":{"rendered":"https:\/\/cocoons.eu\/warum-sollten-sie-einen-autorisierten-haendler-waehlen\/"},"modified":"2023-02-24T21:06:36","modified_gmt":"2023-02-24T20:06:36","slug":"warum-sollten-sie-einen-autorisierten-haendler-waehlen","status":"publish","type":"page","link":"https:\/\/cocoons.eu\/de\/warum-sollten-sie-einen-autorisierten-haendler-waehlen\/","title":{"rendered":"Warum sollten Sie einen autorisierten H\u00e4ndler w\u00e4hlen?"},"content":{"rendered":"\n\n  <div class=\"banner has-hover hide-for-small\" id=\"banner-1600011856\">\n          <div class=\"banner-inner fill\">\n        <div class=\"banner-bg fill\" >\n            <img decoding=\"async\" width=\"1020\" height=\"666\" src=\"https:\/\/cocoons.eu\/wp-content\/uploads\/2019\/02\/5a399f25def7d_image004-1024x669.jpg\" class=\"bg attachment-large size-large\" alt=\"\" \/>                        <div class=\"overlay\"><\/div>            \n                    <\/div>\n\t\t\n        <div class=\"banner-layers container\">\n            <div class=\"fill banner-link\"><\/div>            \n\n   <div id=\"text-box-1834347211\" class=\"text-box banner-layer x0 md-x0 lg-x0 y95 md-y95 lg-y95 res-text\">\n                                <div class=\"text-box-content text dark text-shadow-1\">\n              \n              <div class=\"text-inner text-left\">\n                  \n\n<h3 class=\"uppercase\" style=\"text-align: left;\"><span style=\"font-size: 90%;\"><strong>WARUM SOLLTEN SIE EINEN AUTORISIERTEN H\u00c4NDLER W\u00c4HLEN?<\/strong><\/span><\/h3>\n\n              <\/div>\n           <\/div>\n                            \n<style>\n#text-box-1834347211 {\n  margin: 0px 0px 0px 20px;\n  width: 88%;\n}\n#text-box-1834347211 .text-box-content {\n  font-size: 100%;\n}\n@media (min-width:550px) {\n  #text-box-1834347211 {\n    width: 65%;\n  }\n}\n@media (min-width:850px) {\n  #text-box-1834347211 {\n    width: 48%;\n  }\n}\n<\/style>\n    <\/div>\n \n\n        <\/div>\n      <\/div>\n\n            \n<style>\n#banner-1600011856 {\n  padding-top: 19%;\n}\n#banner-1600011856 .overlay {\n  background-color: rgba(0,0,0,.5);\n}\n<\/style>\n  <\/div>\n\n\n\n  <div class=\"banner has-hover show-for-small\" id=\"banner-699313070\">\n          <div class=\"banner-inner fill\">\n        <div class=\"banner-bg fill\" >\n            <img decoding=\"async\" width=\"1020\" height=\"666\" src=\"https:\/\/cocoons.eu\/wp-content\/uploads\/2019\/02\/5a399f25def7d_image004-1024x669.jpg\" class=\"bg attachment-large size-large\" alt=\"\" \/>                        <div class=\"overlay\"><\/div>            \n                    <\/div>\n\t\t\n        <div class=\"banner-layers container\">\n            <div class=\"fill banner-link\"><\/div>            \n\n   <div id=\"text-box-2034184853\" class=\"text-box banner-layer x0 md-x0 lg-x0 y95 md-y95 lg-y95 res-text\">\n                                <div class=\"text-box-content text dark text-shadow-1\">\n              \n              <div class=\"text-inner text-left\">\n                  \n\n<h3 class=\"uppercase\" style=\"text-align: left;\"><span style=\"font-size: 90%;\"><strong>WARUM SOLLTEN SIE EINEN AUTORISIERTEN H\u00c4NDLER W\u00c4HLEN?<\/strong><\/span><\/h3>\n\n              <\/div>\n           <\/div>\n                            \n<style>\n#text-box-2034184853 {\n  margin: 0px 0px 0px 9px;\n  width: 80%;\n}\n#text-box-2034184853 .text-box-content {\n  font-size: 100%;\n}\n@media (min-width:550px) {\n  #text-box-2034184853 {\n    margin: 0px 0px 0px 20px;\n    width: 48%;\n  }\n}\n<\/style>\n    <\/div>\n \n\n        <\/div>\n      <\/div>\n\n            \n<style>\n#banner-699313070 {\n  padding-top: 33%;\n}\n#banner-699313070 .overlay {\n  background-color: rgba(0,0,0,.5);\n}\n@media (min-width:550px) {\n  #banner-699313070 {\n    padding-top: 19%;\n  }\n}\n<\/style>\n  <\/div>\n\n\n<div class=\"row\"  id=\"row-978522669\">\n\n\n\t<div id=\"col-2000903261\" class=\"col small-12 large-12\"  >\n\t\t\t\t<div class=\"col-inner\"  >\n\t\t\t\n\t\t\t\n\n<p>Live Eyewear ist sehr stolz darauf, ein H\u00f6chstma\u00df an Markenintegrit\u00e4t zu wahren. Eine Integrit\u00e4t, die sich in unserem Kundenservice, der un\u00fcbertroffenen Qualit\u00e4t unserer Produkte und der Wahl unserer Einzelhandelspartner widerspiegelt.\u00a0 Wir w\u00e4hlen H\u00e4ndler gezielt aus,\u00a0die sich verpflichten, Live Eyewear-Produkte entsprechend der hohen Standards zu verkaufen, die wir festgelegt haben. Wir lehnen es ab, mit H\u00e4ndlern zusammenzuarbeiten, die in einer der unten aufgef\u00fchrten Kategorien nicht die h\u00f6chsten Standards erf\u00fcllen.<\/p>\n\n\t\t<\/div>\n\t\t\t\t\t<\/div>\n\n\t\n\n<\/div>\n<div class=\"row\"  id=\"row-1420427948\">\n\n\n\t<div id=\"col-1482852488\" class=\"col medium-6 small-12 large-6\"  >\n\t\t\t\t<div class=\"col-inner\"  >\n\t\t\t\n\t\t\t\n\n<h1><span style=\"color: #333333; font-size: 100%;\">Engagement f\u00fcr das Handwerk<\/span><\/h1>\r\n<p style=\"text-align: left;\">Es ist uns wichtig, dass alle unsere autorisierten H\u00e4ndler Augen\u00e4rzte und Optiker sind. Optometristen, Augen\u00e4rzte und Optiker verf\u00fcgen \u00fcber das notwendige Know-how, um zu verstehen und zu erkl\u00e4ren, wie die Technologie hinter unseren professionellen Fitovers das bestm\u00f6gliche Seherlebnis gew\u00e4hrleistet.<\/p>\n\n\t\t<\/div>\n\t\t\t\t\t<\/div>\n\n\t\n\n\t<div id=\"col-1084799927\" class=\"col medium-6 small-12 large-6\"  >\n\t\t\t\t<div class=\"col-inner\"  >\n\t\t\t\n\t\t\t\n\n<h1><span style=\"color: #333333; font-size: 100%;\">Individueller Service<\/span><\/h1>\r\n<p>Unser Netzwerk an Augen\u00e4rzten und Optikern wei\u00df, dass kein Auge dem anderen gleicht. Sie helfen Ihnen, die ideale Sonnenbrille, Sehilfe oder Spezialbrille zu finden, die f\u00fcr Ihre Bed\u00fcrfnisse und Aktivit\u00e4ten am besten geeignet ist. Ihre umfangreichen Erfahrungen und Kenntnisse sind eine wertvolle Hilfe f\u00fcr Sie, um die richtige Brille zu w\u00e4hlen.<\/p>\n\n\t\t<\/div>\n\t\t\t\t\t<\/div>\n\n\t\n\n<\/div>\n<div class=\"row\"  id=\"row-1995579621\">\n\n\n\t<div id=\"col-682985007\" class=\"col medium-6 small-12 large-6\"  >\n\t\t\t\t<div class=\"col-inner\"  >\n\t\t\t\n\t\t\t\n\n<h1><span style=\"color: #333333; font-size: 100%;\">Einsatz f\u00fcr Spitzenleistungen<\/span><\/h1>\r\n<p>Wir arbeiten nur mit Spezialisten zusammen, die wie wir kompromisslos auf Perfektion achten \u2013 bei der Produktqualit\u00e4t als auch beim Service. Unsere autorisierten H\u00e4ndler sind stolz darauf, Ihnen eine Erfahrung bieten zu k\u00f6nnen, die weit \u00fcber das hinausgeht, was Sie bei Handelsketten finden. <\/p>\n\n\t\t<\/div>\n\t\t\t\t\t<\/div>\n\n\t\n\n\t<div id=\"col-276558020\" class=\"col medium-6 small-12 large-6\"  >\n\t\t\t\t<div class=\"col-inner\"  >\n\t\t\t\n\t\t\t\n\n<h1><span style=\"color: #333333; font-size: 100%;\">Fokus auf der Community<\/span><\/h1>\r\n<p>Alle unsere H\u00e4ndler nutzen ihre lokale Erfahrung, um ihre Communities gesund, gl\u00fccklich und aktiv zu halten. Ihre Verkaufsberater bauen sinnvolle Beziehungen zu ihren Kunden auf, um deren Bed\u00fcrfnisse besser zu erf\u00fcllen und den bestm\u00f6glichen Service zu bieten.<\/p>\n\n\t\t<\/div>\n\t\t\t\t\t<\/div>\n\n\t\n\n<\/div>\n<div class=\"row\"  id=\"row-2044681254\">\n\n\n\t<div id=\"col-822922213\" class=\"col small-12 large-12\"  >\n\t\t\t\t<div class=\"col-inner\"  >\n\t\t\t\n\t\t\t\n\n<p>Wir m\u00f6chten, dass alle Cocoons-Kunden echte, zugelassene Live Eyewear-Produkte und den dazugeh\u00f6rigen Support erhalten. Deshalb w\u00e4hlen wir die H\u00e4ndler, die unsere Produkte verkaufen d\u00fcrfen, sehr sorgf\u00e4ltig aus. Wir unterhalten nur Gesch\u00e4ftsbeziehungen mit H\u00e4ndlern, von denen wir wissen, dass ihr Serviceniveau unserer Marke gerecht wird.<\/p>\n<p>Websites wie ebay.com, ratuken.com, buy.com und jet.com, die einen offenen Marktplatz f\u00fcr viele Anbieter von Waren bieten, sind f\u00fcr uns keine autorisierten H\u00e4ndler.\u00a0 Aufgrund der Verbreitung nicht autorisierter Produkte auf diesen Websites ohne formelle Kontrolle seites der Websites, verkaufen wir nicht mehr an solche Unternehmen und deren Produkte fallen nicht unter die\u00a0<a href=\"https:\/\/cocoons.eu\/de\/garantiehinweise\/\">Garantie von Live Eyewear<\/a>.<\/p>\n<p><strong>WICHTIG: PRODUKTGARANTIEN SIND NICHT \u00dcBERTRAGBAR.\u00a0 LIVE EYEWEAR-PRODUKTE, DIE VON EINEM NICHT AUTORISIERTEN H\u00c4NDLER ODER GEBRAUCHT\u00a0VERKAUFT WERDEN, FALLEN NICHT UNTER DIE GARANTIE VON LIVE EYEWEAR.<\/strong><\/p>\n<p>Fragen Sie bitte, wenn Sie nicht genau wissen, ob ein H\u00e4ndler zugelassen ist!\u00a0 Sie k\u00f6nnen uns telefonisch erreichen oder eine E-Mail senden an: <a href=\"mailto:info@cocoons.eu\">info@cocoons.eu<\/a><\/p>\n\n\t\t<\/div>\n\t\t\t\t\t<\/div>\n\n\t\n\n<\/div>\n","protected":false},"excerpt":{"rendered":"","protected":false},"author":6,"featured_media":0,"parent":0,"menu_order":0,"comment_status":"closed","ping_status":"closed","template":"","meta":{"_acf_changed":false,"footnotes":""},"class_list":["post-235344","page","type-page","status-publish","hentry"],"acf":[],"yoast_head":"<!-- This site is optimized with the Yoast SEO Premium plugin v27.3 (Yoast SEO v27.3) - https:\/\/yoast.com\/product\/yoast-seo-premium-wordpress\/ -->\n<title>Warum sollten Sie einen autorisierten H\u00e4ndler w\u00e4hlen? : Cocoons<\/title>\n<meta name=\"description\" content=\"Click here to view our page Warum sollten Sie einen autorisierten H\u00e4ndler w\u00e4hlen?.\" \/>\n<meta name=\"robots\" content=\"index, follow, max-snippet:-1, max-image-preview:large, max-video-preview:-1\" \/>\n<link rel=\"canonical\" href=\"https:\/\/cocoons.eu\/de\/warum-sollten-sie-einen-autorisierten-haendler-waehlen\/\" \/>\n<meta property=\"og:locale\" content=\"de_DE\" \/>\n<meta property=\"og:type\" content=\"article\" \/>\n<meta property=\"og:title\" content=\"Warum sollten Sie einen autorisierten H\u00e4ndler w\u00e4hlen?\" \/>\n<meta property=\"og:description\" content=\"Click here to view our page Warum sollten Sie einen autorisierten H\u00e4ndler w\u00e4hlen?.\" \/>\n<meta property=\"og:url\" content=\"https:\/\/cocoons.eu\/de\/warum-sollten-sie-einen-autorisierten-haendler-waehlen\/\" \/>\n<meta property=\"og:site_name\" content=\"Cocoons\" \/>\n<meta property=\"article:publisher\" content=\"https:\/\/facebook.com\/cocoonseurope\" \/>\n<meta property=\"article:modified_time\" content=\"2023-02-24T20:06:36+00:00\" \/>\n<meta name=\"twitter:card\" content=\"summary_large_image\" \/>\n<meta name=\"twitter:label1\" content=\"Gesch\u00e4tzte Lesezeit\" \/>\n\t<meta name=\"twitter:data1\" content=\"3\u00a0Minuten\" \/>\n<script type=\"application\/ld+json\" class=\"yoast-schema-graph\">{\"@context\":\"https:\\\/\\\/schema.org\",\"@graph\":[{\"@type\":\"WebPage\",\"@id\":\"https:\\\/\\\/cocoons.eu\\\/de\\\/warum-sollten-sie-einen-autorisierten-haendler-waehlen\\\/\",\"url\":\"https:\\\/\\\/cocoons.eu\\\/de\\\/warum-sollten-sie-einen-autorisierten-haendler-waehlen\\\/\",\"name\":\"Warum sollten Sie einen autorisierten H\u00e4ndler w\u00e4hlen? : Cocoons\",\"isPartOf\":{\"@id\":\"https:\\\/\\\/cocoons.eu\\\/de\\\/#website\"},\"datePublished\":\"2022-07-26T16:40:41+00:00\",\"dateModified\":\"2023-02-24T20:06:36+00:00\",\"description\":\"Click here to view our page Warum sollten Sie einen autorisierten H\u00e4ndler w\u00e4hlen?.\",\"breadcrumb\":{\"@id\":\"https:\\\/\\\/cocoons.eu\\\/de\\\/warum-sollten-sie-einen-autorisierten-haendler-waehlen\\\/#breadcrumb\"},\"inLanguage\":\"de\",\"potentialAction\":[{\"@type\":\"ReadAction\",\"target\":[\"https:\\\/\\\/cocoons.eu\\\/de\\\/warum-sollten-sie-einen-autorisierten-haendler-waehlen\\\/\"]}]},{\"@type\":\"BreadcrumbList\",\"@id\":\"https:\\\/\\\/cocoons.eu\\\/de\\\/warum-sollten-sie-einen-autorisierten-haendler-waehlen\\\/#breadcrumb\",\"itemListElement\":[{\"@type\":\"ListItem\",\"position\":1,\"name\":\"Home\",\"item\":\"https:\\\/\\\/cocoons.eu\\\/de\\\/\"},{\"@type\":\"ListItem\",\"position\":2,\"name\":\"Warum sollten Sie einen autorisierten H\u00e4ndler w\u00e4hlen?\"}]},{\"@type\":\"WebSite\",\"@id\":\"https:\\\/\\\/cocoons.eu\\\/de\\\/#website\",\"url\":\"https:\\\/\\\/cocoons.eu\\\/de\\\/\",\"name\":\"Cocoons Eyewear Europe\",\"description\":\"Hochwertige Fitover-Sonnenbrillen\",\"publisher\":{\"@id\":\"https:\\\/\\\/cocoons.eu\\\/de\\\/#organization\"},\"potentialAction\":[{\"@type\":\"SearchAction\",\"target\":{\"@type\":\"EntryPoint\",\"urlTemplate\":\"https:\\\/\\\/cocoons.eu\\\/de\\\/?s={search_term_string}\"},\"query-input\":{\"@type\":\"PropertyValueSpecification\",\"valueRequired\":true,\"valueName\":\"search_term_string\"}}],\"inLanguage\":\"de\"},{\"@type\":\"Organization\",\"@id\":\"https:\\\/\\\/cocoons.eu\\\/de\\\/#organization\",\"name\":\"Cocoons by Live Eyewear\",\"url\":\"https:\\\/\\\/cocoons.eu\\\/de\\\/\",\"logo\":{\"@type\":\"ImageObject\",\"inLanguage\":\"de\",\"@id\":\"https:\\\/\\\/cocoons.eu\\\/de\\\/#\\\/schema\\\/logo\\\/image\\\/\",\"url\":\"https:\\\/\\\/cocoons.eu\\\/wp-content\\\/uploads\\\/2020\\\/03\\\/C4218G-DSC_7866ps_edit_website800x800.jpg\",\"contentUrl\":\"https:\\\/\\\/cocoons.eu\\\/wp-content\\\/uploads\\\/2020\\\/03\\\/C4218G-DSC_7866ps_edit_website800x800.jpg\",\"width\":800,\"height\":800,\"caption\":\"Cocoons by Live Eyewear\"},\"image\":{\"@id\":\"https:\\\/\\\/cocoons.eu\\\/de\\\/#\\\/schema\\\/logo\\\/image\\\/\"},\"sameAs\":[\"https:\\\/\\\/facebook.com\\\/cocoonseurope\"]}]}<\/script>\n<!-- \/ Yoast SEO Premium plugin. -->","yoast_head_json":{"title":"Warum sollten Sie einen autorisierten H\u00e4ndler w\u00e4hlen? : Cocoons","description":"Click here to view our page Warum sollten Sie einen autorisierten H\u00e4ndler w\u00e4hlen?.","robots":{"index":"index","follow":"follow","max-snippet":"max-snippet:-1","max-image-preview":"max-image-preview:large","max-video-preview":"max-video-preview:-1"},"canonical":"https:\/\/cocoons.eu\/de\/warum-sollten-sie-einen-autorisierten-haendler-waehlen\/","og_locale":"de_DE","og_type":"article","og_title":"Warum sollten Sie einen autorisierten H\u00e4ndler w\u00e4hlen?","og_description":"Click here to view our page Warum sollten Sie einen autorisierten H\u00e4ndler w\u00e4hlen?.","og_url":"https:\/\/cocoons.eu\/de\/warum-sollten-sie-einen-autorisierten-haendler-waehlen\/","og_site_name":"Cocoons","article_publisher":"https:\/\/facebook.com\/cocoonseurope","article_modified_time":"2023-02-24T20:06:36+00:00","twitter_card":"summary_large_image","twitter_misc":{"Gesch\u00e4tzte Lesezeit":"3\u00a0Minuten"},"schema":{"@context":"https:\/\/schema.org","@graph":[{"@type":"WebPage","@id":"https:\/\/cocoons.eu\/de\/warum-sollten-sie-einen-autorisierten-haendler-waehlen\/","url":"https:\/\/cocoons.eu\/de\/warum-sollten-sie-einen-autorisierten-haendler-waehlen\/","name":"Warum sollten Sie einen autorisierten H\u00e4ndler w\u00e4hlen? : Cocoons","isPartOf":{"@id":"https:\/\/cocoons.eu\/de\/#website"},"datePublished":"2022-07-26T16:40:41+00:00","dateModified":"2023-02-24T20:06:36+00:00","description":"Click here to view our page Warum sollten Sie einen autorisierten H\u00e4ndler w\u00e4hlen?.","breadcrumb":{"@id":"https:\/\/cocoons.eu\/de\/warum-sollten-sie-einen-autorisierten-haendler-waehlen\/#breadcrumb"},"inLanguage":"de","potentialAction":[{"@type":"ReadAction","target":["https:\/\/cocoons.eu\/de\/warum-sollten-sie-einen-autorisierten-haendler-waehlen\/"]}]},{"@type":"BreadcrumbList","@id":"https:\/\/cocoons.eu\/de\/warum-sollten-sie-einen-autorisierten-haendler-waehlen\/#breadcrumb","itemListElement":[{"@type":"ListItem","position":1,"name":"Home","item":"https:\/\/cocoons.eu\/de\/"},{"@type":"ListItem","position":2,"name":"Warum sollten Sie einen autorisierten H\u00e4ndler w\u00e4hlen?"}]},{"@type":"WebSite","@id":"https:\/\/cocoons.eu\/de\/#website","url":"https:\/\/cocoons.eu\/de\/","name":"Cocoons Eyewear Europe","description":"Hochwertige Fitover-Sonnenbrillen","publisher":{"@id":"https:\/\/cocoons.eu\/de\/#organization"},"potentialAction":[{"@type":"SearchAction","target":{"@type":"EntryPoint","urlTemplate":"https:\/\/cocoons.eu\/de\/?s={search_term_string}"},"query-input":{"@type":"PropertyValueSpecification","valueRequired":true,"valueName":"search_term_string"}}],"inLanguage":"de"},{"@type":"Organization","@id":"https:\/\/cocoons.eu\/de\/#organization","name":"Cocoons by Live Eyewear","url":"https:\/\/cocoons.eu\/de\/","logo":{"@type":"ImageObject","inLanguage":"de","@id":"https:\/\/cocoons.eu\/de\/#\/schema\/logo\/image\/","url":"https:\/\/cocoons.eu\/wp-content\/uploads\/2020\/03\/C4218G-DSC_7866ps_edit_website800x800.jpg","contentUrl":"https:\/\/cocoons.eu\/wp-content\/uploads\/2020\/03\/C4218G-DSC_7866ps_edit_website800x800.jpg","width":800,"height":800,"caption":"Cocoons by Live Eyewear"},"image":{"@id":"https:\/\/cocoons.eu\/de\/#\/schema\/logo\/image\/"},"sameAs":["https:\/\/facebook.com\/cocoonseurope"]}]}},"_links":{"self":[{"href":"https:\/\/cocoons.eu\/de\/wp-json\/wp\/v2\/pages\/235344","targetHints":{"allow":["GET"]}}],"collection":[{"href":"https:\/\/cocoons.eu\/de\/wp-json\/wp\/v2\/pages"}],"about":[{"href":"https:\/\/cocoons.eu\/de\/wp-json\/wp\/v2\/types\/page"}],"author":[{"embeddable":true,"href":"https:\/\/cocoons.eu\/de\/wp-json\/wp\/v2\/users\/6"}],"replies":[{"embeddable":true,"href":"https:\/\/cocoons.eu\/de\/wp-json\/wp\/v2\/comments?post=235344"}],"version-history":[{"count":0,"href":"https:\/\/cocoons.eu\/de\/wp-json\/wp\/v2\/pages\/235344\/revisions"}],"wp:attachment":[{"href":"https:\/\/cocoons.eu\/de\/wp-json\/wp\/v2\/media?parent=235344"}],"curies":[{"name":"wp","href":"https:\/\/api.w.org\/{rel}","templated":true}]}}