{"id":235343,"date":"2022-07-26T18:40:41","date_gmt":"2022-07-26T16:40:41","guid":{"rendered":"https:\/\/cocoons.eu\/garantiehinweise\/garantieanspruch\/"},"modified":"2022-12-01T00:13:55","modified_gmt":"2022-11-30T23:13:55","slug":"garantieanspruch","status":"publish","type":"page","link":"https:\/\/cocoons.eu\/de\/garantiehinweise\/garantieanspruch\/","title":{"rendered":"Garantieanspruch"},"content":{"rendered":"\n\n\n\t\t<div class=\"tabbed-content hidden\">\n\t\t\t<h4 class=\"uppercase text-left\">So reichen Sie einen Garantieanspruch ein:<\/h4>\n\t\t\t<ul class=\"nav nav-tabs nav-uppercase nav-size-normal nav-left\" role=\"tablist\"><li id=\"tab-online-(nur-f\u00fcr-cocoons-fitovers)\" class=\"tab active has-icon\" role=\"presentation\"><a href=\"#tab_online-(nur-f\u00fcr-cocoons-fitovers)\" role=\"tab\" aria-selected=\"true\" aria-controls=\"tab_online-(nur-f\u00fcr-cocoons-fitovers)\"><span>Online (nur f\u00fcr Cocoons-Fitovers)<\/span><\/a><\/li>\n<li id=\"tab-alle-anderen-produkte\" class=\"tab has-icon\" role=\"presentation\"><a href=\"#tab_alle-anderen-produkte\" tabindex=\"-1\" role=\"tab\" aria-selected=\"false\" aria-controls=\"tab_alle-anderen-produkte\"><span>Alle anderen Produkte<\/span><\/a><\/li><\/ul><div class=\"tab-panels\"><div id=\"tab_online-(nur-f\u00fcr-cocoons-fitovers)\" class=\"panel active entry-content\" role=\"tabpanel\" aria-labelledby=\"tab-online-(nur-f\u00fcr-cocoons-fitovers)\">\n\n\n\t<section class=\"section\" id=\"section_1438827842\">\n\t\t<div class=\"section-bg fill\" >\n\t\t\t\t\t\t\t\t\t\n\t\t\t\n\n\t\t<\/div>\n\n\t\t\n\n\t\t<div class=\"section-content relative\">\n\t\t\t\n\n<div class=\"row\"  id=\"row-189508342\">\n\n\n\t<div id=\"col-1535920384\" class=\"col small-12 large-12\"  >\n\t\t\t\t<div class=\"col-inner\"  >\n\t\t\t\n\t\t\t\n\n<h2><span style=\"color: #000000;\">Garantieanspruch online einreichen<br><\/span><\/h2>\n\n\n\t\t<\/div>\n\t\t\t\t\t<\/div>\n\n\t\n\n\n<style>\n#row-189508342 > .col > .col-inner {\n  padding: 20px 20px 20px 20px;\n}\n<\/style>\n<\/div>\n\n\t\t<\/div>\n\n\t\t\n<style>\n#section_1438827842 {\n  padding-top: 20px;\n  padding-bottom: 20px;\n}\n<\/style>\n\t<\/section>\n\t\n\n<\/div>\n<div id=\"tab_alle-anderen-produkte\" class=\"panel entry-content\" role=\"tabpanel\" aria-labelledby=\"tab-alle-anderen-produkte\">\n\n\n\t<section class=\"section\" id=\"section_2016895067\">\n\t\t<div class=\"section-bg fill\" >\n\t\t\t\t\t\t\t\t\t\n\t\t\t\n\n\t\t<\/div>\n\n\t\t\n\n\t\t<div class=\"section-content relative\">\n\t\t\t\n\n<div class=\"row\"  id=\"row-137591257\">\n\n\n\t<div id=\"col-481783932\" class=\"col small-12 large-12\"  >\n\t\t\t\t<div class=\"col-inner\"  >\n\t\t\t\n\t\t\t\n\n<h2 class=\"thin-font\"><span style=\"color: #000;\"><strong>Garantieanspr\u00fcche<\/strong><br><\/span><\/h2>\n<p>Alle Live Eyewear-Produkte schlie\u00dfen eine Herstellergarantie ein. Wenn Sie einen Defekt oder ein Problem mit Ihrem Live Eyewear-Produkt haben, kontaktieren Sie uns bitte per E-Mail unter info@cocoons.eu und unser Kundenservice-Team hilft Ihnen gerne weiter.&nbsp; Wenn Sie einen Garantieanspruch f\u00fcr Cocoons-Fitovers einreichen m\u00fcssen, verwenden Sie bitte unser Online-Formular f\u00fcr Garantieanspr\u00fcche.&nbsp; Vielen Dank!<\/p>\n\n\t\t<\/div>\n\t\t\t\t\t<\/div>\n\n\t\n\n\n<style>\n#row-137591257 > .col > .col-inner {\n  padding: 20px 20px 20px 20px;\n}\n<\/style>\n<\/div>\n\n\t\t<\/div>\n\n\t\t\n<style>\n#section_2016895067 {\n  padding-top: 20px;\n  padding-bottom: 20px;\n}\n<\/style>\n\t<\/section>\n\t\n\n<\/div><\/div><\/div>\n<div class=\"row\"  id=\"row-436617955\">\n\n\n\t<div id=\"col-1499466820\" class=\"col small-12 large-12\"  >\n\t\t\t\t<div class=\"col-inner\"  >\n\t\t\t\n\t\t\t\n\n<h1 style=\"text-align: left;\"><strong>GARANTIEANSPRUCH <\/strong><\/h1>\n<p>Auf unsere erstklassigen Brillenfassungen gew\u00e4hren wir eine umfassende <strong><a href=\"https:\/\/cocoons.eu\/de\/allgemeine-geschaeftsbedingungen-fuer-verbraucher\/\">lebenslange Garantie<\/a><\/strong>, und f\u00fcr unsere hochwertigen optischen Gl\u00e4ser gilt eine Garantie von einem Jahr (12 Monaten) ab dem urspr\u00fcnglichen Kaufdatum, dass sie frei von Herstellerfehlern und kratzfest sind. Live Eyewear ersetzt oder repariert nach eigenem Ermessen alle Fassungen und\/oder Gl\u00e4ser, die bei normalem Gebrauch besch\u00e4digt oder defekt werden.<\/p>\n<p>Die Garantie deckt keine Sch\u00e4den ab, die durch unsachgem\u00e4\u00dfen oder unangemessenen Gebrauch entstanden sind. Jegliche \u00c4nderung oder Modifikation des Originalprodukts f\u00fchrt zum Erl\u00f6schen der Garantie.<\/p>\n<p>Um einen Garantieanspruch geltend zu machen, senden Sie bitte eine E-Mail an unser Kundenservice-Team unter <a href=\"mailto:info@cocoons.eu\">info@cocoons.eu<\/a>.&nbsp; Bitte geben Sie Ihren vollst\u00e4ndigen Namen, Ihre Telefonnummer, Ihre Adresse und eine kurze Beschreibung des Herstellerfehlers an, der bei Ihrem Live Eyewear-Produkt aufgetreten ist.&nbsp; Garantieanspr\u00fcche werden normalerweise innerhalb von 3 Werktagen bearbeitet.<\/p>\n<p><strong>**Wenn Sie einen Anspruch f\u00fcr eine Lieferung an eine Adresse au\u00dferhalb Europas einreichen, besuchen Sie bitte unsere Website www.cocoons.com, um Ihren Garantieantrag auszuf\u00fcllen.<\/strong><\/p>\n\n\t\t<\/div>\n\t\t\t\t\t<\/div>\n\n\t\n\n<\/div>\n","protected":false},"excerpt":{"rendered":"","protected":false},"author":6,"featured_media":0,"parent":235291,"menu_order":0,"comment_status":"closed","ping_status":"closed","template":"","meta":{"_acf_changed":false,"footnotes":""},"class_list":["post-235343","page","type-page","status-publish","hentry"],"acf":[],"yoast_head":"<!-- This site is optimized with the Yoast SEO Premium plugin v27.3 (Yoast SEO v27.3) - https:\/\/yoast.com\/product\/yoast-seo-premium-wordpress\/ -->\n<title>Garantieanspruch : Cocoons<\/title>\n<meta name=\"description\" content=\"Click here to view our page Garantieanspruch.\" \/>\n<meta name=\"robots\" content=\"index, follow, max-snippet:-1, max-image-preview:large, max-video-preview:-1\" \/>\n<link rel=\"canonical\" href=\"https:\/\/cocoons.eu\/de\/garantiehinweise\/garantieanspruch\/\" \/>\n<meta property=\"og:locale\" content=\"de_DE\" \/>\n<meta property=\"og:type\" content=\"article\" \/>\n<meta property=\"og:title\" content=\"Garantieanspruch\" \/>\n<meta property=\"og:description\" content=\"Click here to view our page Garantieanspruch.\" \/>\n<meta property=\"og:url\" content=\"https:\/\/cocoons.eu\/de\/garantiehinweise\/garantieanspruch\/\" \/>\n<meta property=\"og:site_name\" content=\"Cocoons\" \/>\n<meta property=\"article:publisher\" content=\"https:\/\/facebook.com\/cocoonseurope\" \/>\n<meta property=\"article:modified_time\" content=\"2022-11-30T23:13:55+00:00\" \/>\n<meta property=\"og:image\" content=\"https:\/\/cocoons.eu\/wp-content\/uploads\/2020\/03\/C422A_IMG_6415_WEB_800-1.jpg\" \/>\n<meta name=\"twitter:card\" content=\"summary_large_image\" \/>\n<meta name=\"twitter:label1\" content=\"Gesch\u00e4tzte Lesezeit\" \/>\n\t<meta name=\"twitter:data1\" content=\"2\u00a0Minuten\" \/>\n<script type=\"application\/ld+json\" class=\"yoast-schema-graph\">{\"@context\":\"https:\\\/\\\/schema.org\",\"@graph\":[{\"@type\":\"WebPage\",\"@id\":\"https:\\\/\\\/cocoons.eu\\\/de\\\/garantiehinweise\\\/garantieanspruch\\\/\",\"url\":\"https:\\\/\\\/cocoons.eu\\\/de\\\/garantiehinweise\\\/garantieanspruch\\\/\",\"name\":\"Garantieanspruch : Cocoons\",\"isPartOf\":{\"@id\":\"https:\\\/\\\/cocoons.eu\\\/de\\\/#website\"},\"datePublished\":\"2022-07-26T16:40:41+00:00\",\"dateModified\":\"2022-11-30T23:13:55+00:00\",\"description\":\"Click here to view our page Garantieanspruch.\",\"breadcrumb\":{\"@id\":\"https:\\\/\\\/cocoons.eu\\\/de\\\/garantiehinweise\\\/garantieanspruch\\\/#breadcrumb\"},\"inLanguage\":\"de\",\"potentialAction\":[{\"@type\":\"ReadAction\",\"target\":[\"https:\\\/\\\/cocoons.eu\\\/de\\\/garantiehinweise\\\/garantieanspruch\\\/\"]}]},{\"@type\":\"BreadcrumbList\",\"@id\":\"https:\\\/\\\/cocoons.eu\\\/de\\\/garantiehinweise\\\/garantieanspruch\\\/#breadcrumb\",\"itemListElement\":[{\"@type\":\"ListItem\",\"position\":1,\"name\":\"Home\",\"item\":\"https:\\\/\\\/cocoons.eu\\\/de\\\/\"},{\"@type\":\"ListItem\",\"position\":2,\"name\":\"Garantiehinweise\",\"item\":\"https:\\\/\\\/cocoons.eu\\\/de\\\/warranty\\\/\"},{\"@type\":\"ListItem\",\"position\":3,\"name\":\"Garantieanspruch\"}]},{\"@type\":\"WebSite\",\"@id\":\"https:\\\/\\\/cocoons.eu\\\/de\\\/#website\",\"url\":\"https:\\\/\\\/cocoons.eu\\\/de\\\/\",\"name\":\"Cocoons Eyewear Europe\",\"description\":\"Hochwertige Fitover-Sonnenbrillen\",\"publisher\":{\"@id\":\"https:\\\/\\\/cocoons.eu\\\/de\\\/#organization\"},\"potentialAction\":[{\"@type\":\"SearchAction\",\"target\":{\"@type\":\"EntryPoint\",\"urlTemplate\":\"https:\\\/\\\/cocoons.eu\\\/de\\\/?s={search_term_string}\"},\"query-input\":{\"@type\":\"PropertyValueSpecification\",\"valueRequired\":true,\"valueName\":\"search_term_string\"}}],\"inLanguage\":\"de\"},{\"@type\":\"Organization\",\"@id\":\"https:\\\/\\\/cocoons.eu\\\/de\\\/#organization\",\"name\":\"Cocoons by Live Eyewear\",\"url\":\"https:\\\/\\\/cocoons.eu\\\/de\\\/\",\"logo\":{\"@type\":\"ImageObject\",\"inLanguage\":\"de\",\"@id\":\"https:\\\/\\\/cocoons.eu\\\/de\\\/#\\\/schema\\\/logo\\\/image\\\/\",\"url\":\"https:\\\/\\\/cocoons.eu\\\/wp-content\\\/uploads\\\/2020\\\/03\\\/C4218G-DSC_7866ps_edit_website800x800.jpg\",\"contentUrl\":\"https:\\\/\\\/cocoons.eu\\\/wp-content\\\/uploads\\\/2020\\\/03\\\/C4218G-DSC_7866ps_edit_website800x800.jpg\",\"width\":800,\"height\":800,\"caption\":\"Cocoons by Live Eyewear\"},\"image\":{\"@id\":\"https:\\\/\\\/cocoons.eu\\\/de\\\/#\\\/schema\\\/logo\\\/image\\\/\"},\"sameAs\":[\"https:\\\/\\\/facebook.com\\\/cocoonseurope\"]}]}<\/script>\n<!-- \/ Yoast SEO Premium plugin. -->","yoast_head_json":{"title":"Garantieanspruch : Cocoons","description":"Click here to view our page Garantieanspruch.","robots":{"index":"index","follow":"follow","max-snippet":"max-snippet:-1","max-image-preview":"max-image-preview:large","max-video-preview":"max-video-preview:-1"},"canonical":"https:\/\/cocoons.eu\/de\/garantiehinweise\/garantieanspruch\/","og_locale":"de_DE","og_type":"article","og_title":"Garantieanspruch","og_description":"Click here to view our page Garantieanspruch.","og_url":"https:\/\/cocoons.eu\/de\/garantiehinweise\/garantieanspruch\/","og_site_name":"Cocoons","article_publisher":"https:\/\/facebook.com\/cocoonseurope","article_modified_time":"2022-11-30T23:13:55+00:00","og_image":[{"url":"https:\/\/cocoons.eu\/wp-content\/uploads\/2020\/03\/C422A_IMG_6415_WEB_800-1.jpg","type":"","width":"","height":""}],"twitter_card":"summary_large_image","twitter_misc":{"Gesch\u00e4tzte Lesezeit":"2\u00a0Minuten"},"schema":{"@context":"https:\/\/schema.org","@graph":[{"@type":"WebPage","@id":"https:\/\/cocoons.eu\/de\/garantiehinweise\/garantieanspruch\/","url":"https:\/\/cocoons.eu\/de\/garantiehinweise\/garantieanspruch\/","name":"Garantieanspruch : Cocoons","isPartOf":{"@id":"https:\/\/cocoons.eu\/de\/#website"},"datePublished":"2022-07-26T16:40:41+00:00","dateModified":"2022-11-30T23:13:55+00:00","description":"Click here to view our page Garantieanspruch.","breadcrumb":{"@id":"https:\/\/cocoons.eu\/de\/garantiehinweise\/garantieanspruch\/#breadcrumb"},"inLanguage":"de","potentialAction":[{"@type":"ReadAction","target":["https:\/\/cocoons.eu\/de\/garantiehinweise\/garantieanspruch\/"]}]},{"@type":"BreadcrumbList","@id":"https:\/\/cocoons.eu\/de\/garantiehinweise\/garantieanspruch\/#breadcrumb","itemListElement":[{"@type":"ListItem","position":1,"name":"Home","item":"https:\/\/cocoons.eu\/de\/"},{"@type":"ListItem","position":2,"name":"Garantiehinweise","item":"https:\/\/cocoons.eu\/de\/warranty\/"},{"@type":"ListItem","position":3,"name":"Garantieanspruch"}]},{"@type":"WebSite","@id":"https:\/\/cocoons.eu\/de\/#website","url":"https:\/\/cocoons.eu\/de\/","name":"Cocoons Eyewear Europe","description":"Hochwertige Fitover-Sonnenbrillen","publisher":{"@id":"https:\/\/cocoons.eu\/de\/#organization"},"potentialAction":[{"@type":"SearchAction","target":{"@type":"EntryPoint","urlTemplate":"https:\/\/cocoons.eu\/de\/?s={search_term_string}"},"query-input":{"@type":"PropertyValueSpecification","valueRequired":true,"valueName":"search_term_string"}}],"inLanguage":"de"},{"@type":"Organization","@id":"https:\/\/cocoons.eu\/de\/#organization","name":"Cocoons by Live Eyewear","url":"https:\/\/cocoons.eu\/de\/","logo":{"@type":"ImageObject","inLanguage":"de","@id":"https:\/\/cocoons.eu\/de\/#\/schema\/logo\/image\/","url":"https:\/\/cocoons.eu\/wp-content\/uploads\/2020\/03\/C4218G-DSC_7866ps_edit_website800x800.jpg","contentUrl":"https:\/\/cocoons.eu\/wp-content\/uploads\/2020\/03\/C4218G-DSC_7866ps_edit_website800x800.jpg","width":800,"height":800,"caption":"Cocoons by Live Eyewear"},"image":{"@id":"https:\/\/cocoons.eu\/de\/#\/schema\/logo\/image\/"},"sameAs":["https:\/\/facebook.com\/cocoonseurope"]}]}},"_links":{"self":[{"href":"https:\/\/cocoons.eu\/de\/wp-json\/wp\/v2\/pages\/235343","targetHints":{"allow":["GET"]}}],"collection":[{"href":"https:\/\/cocoons.eu\/de\/wp-json\/wp\/v2\/pages"}],"about":[{"href":"https:\/\/cocoons.eu\/de\/wp-json\/wp\/v2\/types\/page"}],"author":[{"embeddable":true,"href":"https:\/\/cocoons.eu\/de\/wp-json\/wp\/v2\/users\/6"}],"replies":[{"embeddable":true,"href":"https:\/\/cocoons.eu\/de\/wp-json\/wp\/v2\/comments?post=235343"}],"version-history":[{"count":0,"href":"https:\/\/cocoons.eu\/de\/wp-json\/wp\/v2\/pages\/235343\/revisions"}],"up":[{"embeddable":true,"href":"https:\/\/cocoons.eu\/de\/wp-json\/wp\/v2\/pages\/235291"}],"wp:attachment":[{"href":"https:\/\/cocoons.eu\/de\/wp-json\/wp\/v2\/media?parent=235343"}],"curies":[{"name":"wp","href":"https:\/\/api.w.org\/{rel}","templated":true}]}}