{"id":235342,"date":"2022-07-26T18:40:40","date_gmt":"2022-07-26T16:40:40","guid":{"rendered":"https:\/\/cocoons.eu\/runde-clip-ons\/"},"modified":"2025-07-23T19:47:20","modified_gmt":"2025-07-23T17:47:20","slug":"runde-clip-ons","status":"publish","type":"page","link":"https:\/\/cocoons.eu\/de\/runde-clip-ons\/","title":{"rendered":"Runde Clip-Ons"},"content":{"rendered":"\n<div class=\"row hide-for-small\"  id=\"row-237960216\">\n\n\n\t<div id=\"col-1424350543\" class=\"col medium-6 small-12 large-6\"  >\n\t\t\t\t<div class=\"col-inner\"  >\n\t\t\t\n\t\t\t\n\n<p><span style=\"font-size: 95%;\">RUNDE CLIP-ONS<\/span><\/p>\n<h3>SCHRITT 2: W\u00c4HLEN SIE DEN RUNDEN STIL<\/h3>\n<p>W\u00e4hlen Sie den runden Stil, der Ihrer Korrektionsbrille am ehesten entspricht.<\/p>\n<p>Um die Glasbreite zu ermitteln, messen Sie das Brillenglas Ihrer Korrektionsbrille (siehe Abbildung rechts) &#8211; das ist die Gr\u00f6\u00dfe Ihrer Clip-ons. Achten Sie darauf, dass die von Ihnen gew\u00e4hlte Clip-Ons-Gr\u00f6\u00dfe <em>mindestens<\/em> die Gr\u00f6\u00dfe Ihrer Brillenglasabmessungen hat.<\/p>\n<p>Sollte die Gr\u00f6\u00dfe Ihres Brillenglases nicht in den Gr\u00f6\u00dfenoptionen aufgef\u00fchrt sein, w\u00e4hlen Sie die n\u00e4chste Gr\u00f6\u00dfe f\u00fcr die Clip-Ons. Beispiel: Wenn Ihr Brillenglas 47 mm misst, ist die Gr\u00f6\u00dfe 48 die beste Wahl.<\/p>\n\n\t\t<\/div>\n\t\t\t\t\t<\/div>\n\n\t\n\n\t<div id=\"col-1140588422\" class=\"col medium-6 small-12 large-6\"  >\n\t\t\t\t<div class=\"col-inner text-center\"  >\n\t\t\t\n\t\t\t\n\n\t<div class=\"img has-hover x md-x lg-x y md-y lg-y\" id=\"image_2052233006\">\n\t\t\t\t\t\t\t\t<div class=\"img-inner image-cover dark\" style=\"padding-top:56.25%;\">\n\t\t\t<img decoding=\"async\" width=\"2560\" height=\"2560\" src=\"https:\/\/cocoons.eu\/wp-content\/uploads\/2025\/07\/Measuring-Eyewear-Frame-Round-scaled-e1753292009792.jpg\" class=\"attachment-original size-original\" alt=\"\" \/>\t\t\t\t\t\t\n\t\t\t\t\t<\/div>\n\t\t\t\t\t\t\t\t\n<style>\n#image_2052233006 {\n  width: 80%;\n}\n<\/style>\n\t<\/div>\n\t\n\n<div class=\"row row-small\"  id=\"row-34579417\">\n\n\n\t<div id=\"col-813607290\" class=\"col medium-4 small-12 large-4\"  >\n\t\t\t\t<div class=\"col-inner text-right\"  >\n\t\t\t\n\t\t\t\n\n\t<div class=\"img has-hover x md-x lg-x y md-y lg-y\" id=\"image_1275607573\">\n\t\t\t\t\t\t\t\t<div class=\"img-inner dark\" >\n\t\t\t<img decoding=\"async\" width=\"964\" height=\"1283\" src=\"https:\/\/cocoons.eu\/wp-content\/uploads\/2024\/02\/clipon-prong.png\" class=\"attachment-original size-original\" alt=\"Illustration of side profile showing the depth of the clip-ons attachment prongs\" srcset=\"https:\/\/cocoons.eu\/wp-content\/uploads\/2024\/02\/clipon-prong.png 964w, https:\/\/cocoons.eu\/wp-content\/uploads\/2024\/02\/clipon-prong-225x300.png 225w, https:\/\/cocoons.eu\/wp-content\/uploads\/2024\/02\/clipon-prong-769x1024.png 769w, https:\/\/cocoons.eu\/wp-content\/uploads\/2024\/02\/clipon-prong-768x1022.png 768w, https:\/\/cocoons.eu\/wp-content\/uploads\/2024\/02\/clipon-prong-246x327.png 246w, https:\/\/cocoons.eu\/wp-content\/uploads\/2024\/02\/clipon-prong-420x559.png 420w\" sizes=\"(max-width: 964px) 100vw, 964px\" \/>\t\t\t\t\t\t\n\t\t\t\t\t<\/div>\n\t\t\t\t\t\t\t\t\n<style>\n#image_1275607573 {\n  width: 70%;\n}\n@media (min-width:850px) {\n  #image_1275607573 {\n    width: 53%;\n  }\n}\n<\/style>\n\t<\/div>\n\t\n\n\n\t\t<\/div>\n\t\t\t\t\t<\/div>\n\n\t\n\n\t<div id=\"col-271273727\" class=\"col medium-8 small-12 large-8\"  >\n\t\t\t\t<div class=\"col-inner text-left\"  >\n\t\t\t\n\t\t\t\n\n<p style=\"text-align: left;\"><strong>Bitte beachten Sie:<\/strong><style=\"text-align: left;\"> Cocoons Clip-Ons verf\u00fcgen \u00fcber Befestigungszinken, die auf Brillengestelle mit einer Dicke von bis zu 3,88 mm passen.<\/p>\n\n\t\t<\/div>\n\t\t\t\t\n<style>\n#col-271273727 > .col-inner {\n  margin: 15px 0px 0px 0px;\n}\n<\/style>\n\t<\/div>\n\n\t\n\n<\/div>\n\n\t\t<\/div>\n\t\t\t\t\t<\/div>\n\n\t\n\n<\/div>\n<div class=\"row show-for-small\"  id=\"row-545756864\">\n\n\n\t<div id=\"col-287052333\" class=\"col medium-6 small-12 large-6\"  >\n\t\t\t\t<div class=\"col-inner\"  >\n\t\t\t\n\t\t\t\n\n<p><span style=\"font-size: 95%;\">RUNDE CLIP-ONS<\/span><\/p>\n<h3>SCHRITT 2: W\u00c4HLEN SIE DEN RUNDEN STIL<\/h3>\n<p>W\u00e4hlen Sie den runden Stil, der Ihrer Korrektionsbrille am ehesten entspricht.<\/p>\n<p>Um die Glasbreite zu ermitteln, messen Sie das Brillenglas Ihrer Korrektionsbrille (siehe Abbildung rechts) &#8211; das ist die Gr\u00f6\u00dfe Ihrer Clip-ons. Achten Sie darauf, dass die von Ihnen gew\u00e4hlte Clip-Ons-Gr\u00f6\u00dfe <em>mindestens<\/em> die Gr\u00f6\u00dfe Ihrer Brillenglasabmessungen hat.<\/p>\n<p>Sollte die Gr\u00f6\u00dfe Ihres Brillenglases nicht in den Gr\u00f6\u00dfenoptionen aufgef\u00fchrt sein, w\u00e4hlen Sie die n\u00e4chste Gr\u00f6\u00dfe f\u00fcr die Clip-Ons. Beispiel: Wenn Ihr Brillenglas 47 mm misst, ist die Gr\u00f6\u00dfe 48 die beste Wahl.<\/p>\n\n\t\t<\/div>\n\t\t\t\t\t<\/div>\n\n\t\n\n\t<div id=\"col-1743991835\" class=\"col medium-6 small-12 large-6\"  >\n\t\t\t\t<div class=\"col-inner text-center\"  >\n\t\t\t\n\t\t\t\n\n\t<div class=\"img has-hover x md-x lg-x y md-y lg-y\" id=\"image_285029929\">\n\t\t\t\t\t\t\t\t<div class=\"img-inner image-cover dark\" style=\"padding-top:56.25%;\">\n\t\t\t<img decoding=\"async\" width=\"800\" height=\"800\" src=\"https:\/\/cocoons.eu\/wp-content\/uploads\/2019\/01\/Measuring-Eyewear-Oval-Lens-e1678843454174.jpg\" class=\"attachment-original size-original\" alt=\"\" \/>\t\t\t\t\t\t\n\t\t\t\t\t<\/div>\n\t\t\t\t\t\t\t\t\n<style>\n#image_285029929 {\n  width: 100%;\n}\n<\/style>\n\t<\/div>\n\t\n\n<div class=\"row row-small\"  id=\"row-696137466\">\n\n\n\t<div id=\"col-759337258\" class=\"col medium-4 small-5 large-4\"  >\n\t\t\t\t<div class=\"col-inner text-right\"  >\n\t\t\t\n\t\t\t\n\n\t<div class=\"img has-hover x md-x lg-x y md-y lg-y\" id=\"image_796172234\">\n\t\t\t\t\t\t\t\t<div class=\"img-inner dark\" >\n\t\t\t<img decoding=\"async\" width=\"964\" height=\"1283\" src=\"https:\/\/cocoons.eu\/wp-content\/uploads\/2024\/02\/clipon-prong.png\" class=\"attachment-original size-original\" alt=\"Illustration of side profile showing the depth of the clip-ons attachment prongs\" srcset=\"https:\/\/cocoons.eu\/wp-content\/uploads\/2024\/02\/clipon-prong.png 964w, https:\/\/cocoons.eu\/wp-content\/uploads\/2024\/02\/clipon-prong-225x300.png 225w, https:\/\/cocoons.eu\/wp-content\/uploads\/2024\/02\/clipon-prong-769x1024.png 769w, https:\/\/cocoons.eu\/wp-content\/uploads\/2024\/02\/clipon-prong-768x1022.png 768w, https:\/\/cocoons.eu\/wp-content\/uploads\/2024\/02\/clipon-prong-246x327.png 246w, https:\/\/cocoons.eu\/wp-content\/uploads\/2024\/02\/clipon-prong-420x559.png 420w\" sizes=\"(max-width: 964px) 100vw, 964px\" \/>\t\t\t\t\t\t\n\t\t\t\t\t<\/div>\n\t\t\t\t\t\t\t\t\n<style>\n#image_796172234 {\n  width: 96%;\n}\n@media (min-width:550px) {\n  #image_796172234 {\n    width: 53%;\n  }\n}\n<\/style>\n\t<\/div>\n\t\n\n\n\t\t<\/div>\n\t\t\t\t\t<\/div>\n\n\t\n\n\t<div id=\"col-1400160831\" class=\"col medium-8 small-11 large-8\"  >\n\t\t\t\t<div class=\"col-inner text-left\"  >\n\t\t\t\n\t\t\t\n\n<p style=\"text-align: left;\"><strong>Bitte beachten Sie:<\/strong><style=\"text-align: left;\"> Cocoons Clip-Ons verf\u00fcgen \u00fcber Befestigungszinken, die auf Brillengestelle mit einer Dicke von bis zu 3,88 mm passen.<\/p>\n\n\t\t<\/div>\n\t\t\t\t\n<style>\n#col-1400160831 > .col-inner {\n  margin: 15px 0px 0px 0px;\n}\n<\/style>\n\t<\/div>\n\n\t\n\n<\/div>\n\n\t\t<\/div>\n\t\t\t\t\t<\/div>\n\n\t\n\n<\/div>\n<div class=\"row\"  id=\"row-375971851\">\n\n\n\t<div id=\"col-40307865\" class=\"col medium-4 small-12 large-4\"  >\n\t\t\t\t<div class=\"col-inner text-center\"  >\n\t\t\t\n\t\t\t\n\n<h2 style=\"text-align: center;\">RND-2<\/h2>\n\t<div class=\"img has-hover x md-x lg-x y md-y lg-y\" id=\"image_868976380\">\n\t\t\t\t\t\t\t\t<div class=\"img-inner image-cover dark\" style=\"padding-top:50%;\">\n\t\t\t<img decoding=\"async\" width=\"800\" height=\"800\" src=\"https:\/\/cocoons.eu\/wp-content\/uploads\/2015\/08\/L508G.jpg\" class=\"attachment-original size-original\" alt=\"\" srcset=\"https:\/\/cocoons.eu\/wp-content\/uploads\/2015\/08\/L508G.jpg 800w, https:\/\/cocoons.eu\/wp-content\/uploads\/2015\/08\/L508G-300x300.jpg 300w, https:\/\/cocoons.eu\/wp-content\/uploads\/2015\/08\/L508G-150x150.jpg 150w, https:\/\/cocoons.eu\/wp-content\/uploads\/2015\/08\/L508G-768x768.jpg 768w, https:\/\/cocoons.eu\/wp-content\/uploads\/2015\/08\/L508G-246x246.jpg 246w, https:\/\/cocoons.eu\/wp-content\/uploads\/2015\/08\/L508G-420x420.jpg 420w, https:\/\/cocoons.eu\/wp-content\/uploads\/2015\/08\/L508G-100x100.jpg 100w\" sizes=\"(max-width: 800px) 100vw, 800px\" \/>\t\t\t\t\t\t\n\t\t\t\t\t<\/div>\n\t\t\t\t\t\t\t\t\n<style>\n#image_868976380 {\n  width: 80%;\n}\n<\/style>\n\t<\/div>\n\t\n\n\n\t\t<\/div>\n\t\t\t\t\t<\/div>\n\n\t\n\n\t<div id=\"col-305111816\" class=\"col medium-4 small-12 large-4\"  >\n\t\t\t\t<div class=\"col-inner text-center\"  >\n\t\t\t\n\t\t\t\n\n<h3 class=\"thin-font\" style=\"text-align: center;\">W\u00e4hlen Sie Ihre Gr\u00f6\u00dfe:<\/h3>\n<ul>\n<li class=\"bullet-arrow\"><a href=\"https:\/\/cocoons.eu\/de\/de-2\/?s=%22rnd2-48%22&#038;post_type=product\">48mm<\/a><\/li>\n<li class=\"bullet-arrow\"><a href=\"https:\/\/cocoons.eu\/de\/de-2\/?s=%22rnd2-50%22&#038;post_type=product\">50mm<\/a><\/li>\n<li class=\"bullet-arrow\"><a href=\"https:\/\/cocoons.eu\/de\/de-2\/?s=%22rnd2-52%22&#038;post_type=product\">52mm<\/a><\/li>\n<li class=\"bullet-arrow\"><a href=\"https:\/\/cocoons.eu\/de\/de-2\/?s=%22rnd2-54%22&#038;post_type=product\">54mm<\/a><\/li>\n<\/ul>\n\n\t\t<\/div>\n\t\t\t\t\n<style>\n#col-305111816 > .col-inner {\n  padding: 0px 35px 0px 35px;\n}\n<\/style>\n\t<\/div>\n\n\t\n\n\t<div id=\"col-1430777282\" class=\"col medium-4 small-12 large-4\"  >\n\t\t\t\t<div class=\"col-inner text-center\"  >\n\t\t\t\n\t\t\t\n\n<h3 class=\"thin-font\" style=\"text-align: center;\"><a href=\"https:\/\/cocoons.eu\/wp-content\/uploads\/2022\/11\/Cocoons-Clip-Ons-Sizing-Guide-RND2_DE_A4.pdf\">RND-2 Gr\u00f6\u00dfenanleitung<\/a><\/h3>\n\t<div class=\"img has-hover x md-x lg-x y md-y lg-y\" id=\"image_1105708234\">\n\t\t<a class=\"\" href=\"https:\/\/cocoons.eu\/wp-content\/uploads\/2022\/11\/Cocoons-Clip-Ons-Sizing-Guide-RND2_DE_A4.pdf\" >\t\t\t\t\t\t<div class=\"img-inner box-shadow-2 box-shadow-3-hover dark\" >\n\t\t\t<img decoding=\"async\" width=\"1700\" height=\"2200\" src=\"https:\/\/cocoons.eu\/wp-content\/uploads\/2021\/08\/Cocoons-Clip-Ons-Sizing-Guide-RND2.jpg\" class=\"attachment-original size-original\" alt=\"\" srcset=\"https:\/\/cocoons.eu\/wp-content\/uploads\/2021\/08\/Cocoons-Clip-Ons-Sizing-Guide-RND2.jpg 1700w, https:\/\/cocoons.eu\/wp-content\/uploads\/2021\/08\/Cocoons-Clip-Ons-Sizing-Guide-RND2-232x300.jpg 232w, https:\/\/cocoons.eu\/wp-content\/uploads\/2021\/08\/Cocoons-Clip-Ons-Sizing-Guide-RND2-791x1024.jpg 791w, https:\/\/cocoons.eu\/wp-content\/uploads\/2021\/08\/Cocoons-Clip-Ons-Sizing-Guide-RND2-768x994.jpg 768w, https:\/\/cocoons.eu\/wp-content\/uploads\/2021\/08\/Cocoons-Clip-Ons-Sizing-Guide-RND2-1187x1536.jpg 1187w, https:\/\/cocoons.eu\/wp-content\/uploads\/2021\/08\/Cocoons-Clip-Ons-Sizing-Guide-RND2-1583x2048.jpg 1583w, https:\/\/cocoons.eu\/wp-content\/uploads\/2021\/08\/Cocoons-Clip-Ons-Sizing-Guide-RND2-246x318.jpg 246w, https:\/\/cocoons.eu\/wp-content\/uploads\/2021\/08\/Cocoons-Clip-Ons-Sizing-Guide-RND2-420x544.jpg 420w\" sizes=\"(max-width: 1700px) 100vw, 1700px\" \/>\t\t\t\t\t\t\n\t\t\t\t\t<\/div>\n\t\t\t\t\t\t<\/a>\t\t\n<style>\n#image_1105708234 {\n  width: 55%;\n}\n<\/style>\n\t<\/div>\n\t\n\n\n\t\t<\/div>\n\t\t\t\t\t<\/div>\n\n\t\n\n<\/div>\n\n\n","protected":false},"excerpt":{"rendered":"","protected":false},"author":6,"featured_media":0,"parent":0,"menu_order":0,"comment_status":"closed","ping_status":"closed","template":"","meta":{"_acf_changed":false,"footnotes":""},"class_list":["post-235342","page","type-page","status-publish","hentry"],"acf":[],"yoast_head":"<!-- This site is optimized with the Yoast SEO Premium plugin v27.0 (Yoast SEO v27.3) - https:\/\/yoast.com\/product\/yoast-seo-premium-wordpress\/ -->\n<title>Runde Clip-Ons : Cocoons<\/title>\n<meta name=\"description\" content=\"Click here to view our page Runde Clip-Ons.\" \/>\n<meta name=\"robots\" content=\"index, follow, max-snippet:-1, max-image-preview:large, max-video-preview:-1\" \/>\n<link rel=\"canonical\" href=\"https:\/\/cocoons.eu\/de\/runde-clip-ons\/\" \/>\n<meta property=\"og:locale\" content=\"de_DE\" \/>\n<meta property=\"og:type\" content=\"article\" \/>\n<meta property=\"og:title\" content=\"Runde Clip-Ons\" \/>\n<meta property=\"og:description\" content=\"Click here to view our page Runde Clip-Ons.\" \/>\n<meta property=\"og:url\" content=\"https:\/\/cocoons.eu\/de\/runde-clip-ons\/\" \/>\n<meta property=\"og:site_name\" content=\"Cocoons\" \/>\n<meta property=\"article:publisher\" content=\"https:\/\/facebook.com\/cocoonseurope\" \/>\n<meta property=\"article:modified_time\" content=\"2025-07-23T17:47:20+00:00\" \/>\n<meta name=\"twitter:card\" content=\"summary_large_image\" \/>\n<meta name=\"twitter:label1\" content=\"Gesch\u00e4tzte Lesezeit\" \/>\n\t<meta name=\"twitter:data1\" content=\"3\u00a0Minuten\" \/>\n<script type=\"application\/ld+json\" class=\"yoast-schema-graph\">{\"@context\":\"https:\\\/\\\/schema.org\",\"@graph\":[{\"@type\":\"WebPage\",\"@id\":\"https:\\\/\\\/cocoons.eu\\\/de\\\/runde-clip-ons\\\/\",\"url\":\"https:\\\/\\\/cocoons.eu\\\/de\\\/runde-clip-ons\\\/\",\"name\":\"Runde Clip-Ons : Cocoons\",\"isPartOf\":{\"@id\":\"https:\\\/\\\/cocoons.eu\\\/de\\\/#website\"},\"datePublished\":\"2022-07-26T16:40:40+00:00\",\"dateModified\":\"2025-07-23T17:47:20+00:00\",\"description\":\"Click here to view our page Runde Clip-Ons.\",\"breadcrumb\":{\"@id\":\"https:\\\/\\\/cocoons.eu\\\/de\\\/runde-clip-ons\\\/#breadcrumb\"},\"inLanguage\":\"de\",\"potentialAction\":[{\"@type\":\"ReadAction\",\"target\":[\"https:\\\/\\\/cocoons.eu\\\/de\\\/runde-clip-ons\\\/\"]}]},{\"@type\":\"BreadcrumbList\",\"@id\":\"https:\\\/\\\/cocoons.eu\\\/de\\\/runde-clip-ons\\\/#breadcrumb\",\"itemListElement\":[{\"@type\":\"ListItem\",\"position\":1,\"name\":\"Home\",\"item\":\"https:\\\/\\\/cocoons.eu\\\/de\\\/\"},{\"@type\":\"ListItem\",\"position\":2,\"name\":\"Runde Clip-Ons\"}]},{\"@type\":\"WebSite\",\"@id\":\"https:\\\/\\\/cocoons.eu\\\/de\\\/#website\",\"url\":\"https:\\\/\\\/cocoons.eu\\\/de\\\/\",\"name\":\"Cocoons Eyewear Europe\",\"description\":\"Hochwertige Fitover-Sonnenbrillen\",\"publisher\":{\"@id\":\"https:\\\/\\\/cocoons.eu\\\/de\\\/#organization\"},\"potentialAction\":[{\"@type\":\"SearchAction\",\"target\":{\"@type\":\"EntryPoint\",\"urlTemplate\":\"https:\\\/\\\/cocoons.eu\\\/de\\\/?s={search_term_string}\"},\"query-input\":{\"@type\":\"PropertyValueSpecification\",\"valueRequired\":true,\"valueName\":\"search_term_string\"}}],\"inLanguage\":\"de\"},{\"@type\":\"Organization\",\"@id\":\"https:\\\/\\\/cocoons.eu\\\/de\\\/#organization\",\"name\":\"Cocoons by Live Eyewear\",\"url\":\"https:\\\/\\\/cocoons.eu\\\/de\\\/\",\"logo\":{\"@type\":\"ImageObject\",\"inLanguage\":\"de\",\"@id\":\"https:\\\/\\\/cocoons.eu\\\/de\\\/#\\\/schema\\\/logo\\\/image\\\/\",\"url\":\"https:\\\/\\\/cocoons.eu\\\/wp-content\\\/uploads\\\/2020\\\/03\\\/C4218G-DSC_7866ps_edit_website800x800.jpg\",\"contentUrl\":\"https:\\\/\\\/cocoons.eu\\\/wp-content\\\/uploads\\\/2020\\\/03\\\/C4218G-DSC_7866ps_edit_website800x800.jpg\",\"width\":800,\"height\":800,\"caption\":\"Cocoons by Live Eyewear\"},\"image\":{\"@id\":\"https:\\\/\\\/cocoons.eu\\\/de\\\/#\\\/schema\\\/logo\\\/image\\\/\"},\"sameAs\":[\"https:\\\/\\\/facebook.com\\\/cocoonseurope\"]}]}<\/script>\n<!-- \/ Yoast SEO Premium plugin. -->","yoast_head_json":{"title":"Runde Clip-Ons : Cocoons","description":"Click here to view our page Runde Clip-Ons.","robots":{"index":"index","follow":"follow","max-snippet":"max-snippet:-1","max-image-preview":"max-image-preview:large","max-video-preview":"max-video-preview:-1"},"canonical":"https:\/\/cocoons.eu\/de\/runde-clip-ons\/","og_locale":"de_DE","og_type":"article","og_title":"Runde Clip-Ons","og_description":"Click here to view our page Runde Clip-Ons.","og_url":"https:\/\/cocoons.eu\/de\/runde-clip-ons\/","og_site_name":"Cocoons","article_publisher":"https:\/\/facebook.com\/cocoonseurope","article_modified_time":"2025-07-23T17:47:20+00:00","twitter_card":"summary_large_image","twitter_misc":{"Gesch\u00e4tzte Lesezeit":"3\u00a0Minuten"},"schema":{"@context":"https:\/\/schema.org","@graph":[{"@type":"WebPage","@id":"https:\/\/cocoons.eu\/de\/runde-clip-ons\/","url":"https:\/\/cocoons.eu\/de\/runde-clip-ons\/","name":"Runde Clip-Ons : Cocoons","isPartOf":{"@id":"https:\/\/cocoons.eu\/de\/#website"},"datePublished":"2022-07-26T16:40:40+00:00","dateModified":"2025-07-23T17:47:20+00:00","description":"Click here to view our page Runde Clip-Ons.","breadcrumb":{"@id":"https:\/\/cocoons.eu\/de\/runde-clip-ons\/#breadcrumb"},"inLanguage":"de","potentialAction":[{"@type":"ReadAction","target":["https:\/\/cocoons.eu\/de\/runde-clip-ons\/"]}]},{"@type":"BreadcrumbList","@id":"https:\/\/cocoons.eu\/de\/runde-clip-ons\/#breadcrumb","itemListElement":[{"@type":"ListItem","position":1,"name":"Home","item":"https:\/\/cocoons.eu\/de\/"},{"@type":"ListItem","position":2,"name":"Runde Clip-Ons"}]},{"@type":"WebSite","@id":"https:\/\/cocoons.eu\/de\/#website","url":"https:\/\/cocoons.eu\/de\/","name":"Cocoons Eyewear Europe","description":"Hochwertige Fitover-Sonnenbrillen","publisher":{"@id":"https:\/\/cocoons.eu\/de\/#organization"},"potentialAction":[{"@type":"SearchAction","target":{"@type":"EntryPoint","urlTemplate":"https:\/\/cocoons.eu\/de\/?s={search_term_string}"},"query-input":{"@type":"PropertyValueSpecification","valueRequired":true,"valueName":"search_term_string"}}],"inLanguage":"de"},{"@type":"Organization","@id":"https:\/\/cocoons.eu\/de\/#organization","name":"Cocoons by Live Eyewear","url":"https:\/\/cocoons.eu\/de\/","logo":{"@type":"ImageObject","inLanguage":"de","@id":"https:\/\/cocoons.eu\/de\/#\/schema\/logo\/image\/","url":"https:\/\/cocoons.eu\/wp-content\/uploads\/2020\/03\/C4218G-DSC_7866ps_edit_website800x800.jpg","contentUrl":"https:\/\/cocoons.eu\/wp-content\/uploads\/2020\/03\/C4218G-DSC_7866ps_edit_website800x800.jpg","width":800,"height":800,"caption":"Cocoons by Live Eyewear"},"image":{"@id":"https:\/\/cocoons.eu\/de\/#\/schema\/logo\/image\/"},"sameAs":["https:\/\/facebook.com\/cocoonseurope"]}]}},"_links":{"self":[{"href":"https:\/\/cocoons.eu\/de\/wp-json\/wp\/v2\/pages\/235342","targetHints":{"allow":["GET"]}}],"collection":[{"href":"https:\/\/cocoons.eu\/de\/wp-json\/wp\/v2\/pages"}],"about":[{"href":"https:\/\/cocoons.eu\/de\/wp-json\/wp\/v2\/types\/page"}],"author":[{"embeddable":true,"href":"https:\/\/cocoons.eu\/de\/wp-json\/wp\/v2\/users\/6"}],"replies":[{"embeddable":true,"href":"https:\/\/cocoons.eu\/de\/wp-json\/wp\/v2\/comments?post=235342"}],"version-history":[{"count":0,"href":"https:\/\/cocoons.eu\/de\/wp-json\/wp\/v2\/pages\/235342\/revisions"}],"wp:attachment":[{"href":"https:\/\/cocoons.eu\/de\/wp-json\/wp\/v2\/media?parent=235342"}],"curies":[{"name":"wp","href":"https:\/\/api.w.org\/{rel}","templated":true}]}}