{"id":235340,"date":"2022-07-26T18:40:39","date_gmt":"2022-07-26T16:40:39","guid":{"rendered":"https:\/\/cocoons.eu\/gebrauch-und-pflege\/"},"modified":"2024-02-07T16:28:39","modified_gmt":"2024-02-07T15:28:39","slug":"gebrauch-und-pflege","status":"publish","type":"page","link":"https:\/\/cocoons.eu\/de\/gebrauch-und-pflege\/","title":{"rendered":"Gebrauch und Pflege"},"content":{"rendered":"\n<div class=\"row\"  id=\"row-847696320\">\n\n\n\t<div id=\"col-686305152\" class=\"col medium-11 small-12 large-11\"  >\n\t\t\t\t<div class=\"col-inner\"  >\n\t\t\t\n\t\t\t\n\n<h1><strong>PFLEGE IHRER COCOONS<\/strong><\/h1>\n<p>Cocoons sind ungelaublich strapazierf\u00e4hig. Die patentierte Fassung h\u00e4lt jahrelangem Verschlei\u00df stand. Die Gl\u00e4ser sind extrem haltbar. Jedoch ist kein Glas v\u00f6llig bruchsicher, kratzfest oder unzerbrechlich. Hochwertige Gl\u00e4ser wie unser Polar\u00e9-Gl\u00e4ser m\u00fcssen sorgf\u00e4ltig gehandhabt werden. Bei unsachgem\u00e4\u00dfem Gebrauch, falscher Pflege oder Reinigung k\u00f6nnen die Gl\u00e4ser zerkratzt oder getr\u00fcbt werden, was wiederum zum Erm\u00fcden der Augen f\u00fchren kann. Wir empfehlen, unsere Gebrauchs- und Pflegehinweise zu beachten, um Ihre Cocoons in optimalem Zustand zu halten.<\/p>\n\n\t\t<\/div>\n\t\t\t\t\t<\/div>\n\n\t\n\n<\/div>\n\n\t\t<div class=\"tabbed-content\">\n\t\t\t<h4 class=\"uppercase text-left\">Empfehlungen f\u00fcr Gebrauch und Pflege<\/h4>\n\t\t\t<ul class=\"nav nav-tabs nav-uppercase nav-size-normal nav-left\" role=\"tablist\"><li id=\"tab-halten-sie-ihre-cocoons-sauber.\" class=\"tab active has-icon\" role=\"presentation\"><a href=\"#tab_halten-sie-ihre-cocoons-sauber.\" role=\"tab\" aria-selected=\"true\" aria-controls=\"tab_halten-sie-ihre-cocoons-sauber.\"><span>Halten Sie Ihre Cocoons sauber.<\/span><\/a><\/li>\n<li id=\"tab-glasreinigungsl\u00f6sungen\" class=\"tab has-icon\" role=\"presentation\"><a href=\"#tab_glasreinigungsl\u00f6sungen\" tabindex=\"-1\" role=\"tab\" aria-selected=\"false\" aria-controls=\"tab_glasreinigungsl\u00f6sungen\"><span>Glasreinigungsl\u00f6sungen<\/span><\/a><\/li>\n<li id=\"tab-aufbewahrung-ihrer-cocoons\" class=\"tab has-icon\" role=\"presentation\"><a href=\"#tab_aufbewahrung-ihrer-cocoons\" tabindex=\"-1\" role=\"tab\" aria-selected=\"false\" aria-controls=\"tab_aufbewahrung-ihrer-cocoons\"><span>Aufbewahrung Ihrer Cocoons<\/span><\/a><\/li><\/ul><div class=\"tab-panels\"><div id=\"tab_halten-sie-ihre-cocoons-sauber.\" class=\"panel active entry-content\" role=\"tabpanel\" aria-labelledby=\"tab-halten-sie-ihre-cocoons-sauber.\">\n\n<div class=\"row\"  id=\"row-1676424497\">\n\n\n\t<div id=\"col-1458721310\" class=\"col medium-8 small-12 large-8\"  >\n\t\t\t\t<div class=\"col-inner\"  >\n\t\t\t\n\t\t\t\n\n<h3><strong>Halten Sie Ihre Cocoons sauber.<\/strong><\/h3>\n<p>Cocoons werden oft unter extremen Bedingungen und in anspruchsvollen Umgebungen eingesetzt. Achten Sie darauf, Ihre Brille so schnell wie m\u00f6glich zu reinigen, wenn sie verschmutzt ist. Ablagerungen auf den Gl\u00e4ssern k\u00f6nnen zu einer verminderten Leistung und sogar zu Sch\u00e4den f\u00fchren. Bewahren Sie Ihre Cocoons im mitgelieferten Etui auf, um sie sauber zu halten, wenn sie nicht benutzt werden.<\/p>\n<p>Wir empfehlen f\u00fcr die Reinigung Ihrer Cocoons stets ein Mikrofasertuch zu verwenden. Verwenden Sie keine Papiert\u00fccher, Papiertaschent\u00fccher oder Kleidungsst\u00fccke, da diese Staub und Fasern in die Glasoberfl\u00e4che einschleifen k\u00f6nnen, wodurch winzige Kratzer entstehen, die die Linsen mit der Zeit tr\u00fcben. Dadurch wird die Sehsch\u00e4rfe vermindert. Ein kostenloses Mikrofaser-Brillenputztuch wird mitgeliefert, das Sie am besten in Ihrem Etui aufbewahren, damit Sie es immer zur Hand haben. Wir bieten zudem ein <span><a href=\"https:\/\/cocoons.eu\/shop\/accessories-2\/the-eyewear-towel\/\" target=\"_blank\" rel=\"noopener\">Brillenputztuch<\/a><\/span> im Gro\u00dfformat an. Diese T\u00fccher erleichtern die Reinigung der Brille enorm und geh\u00f6ren zum beliebtesten Zubeh\u00f6r. Es ist wichtig, dass Sie Ihr Mikrofaser-Brillenputztuch regelm\u00e4\u00dfig waschen. Alle offiziellen Cocoons-Brillenputzt\u00fccher sind waschmaschinenfest.<\/p>\n\n\t\t<\/div>\n\t\t\t\t\t<\/div>\n\n\t\n\n\t<div id=\"col-948468979\" class=\"col medium-4 small-12 large-4\"  >\n\t\t\t\t<div class=\"col-inner\"  >\n\t\t\t\n\t\t\t\n\n\t<div id=\"gap-1959252668\" class=\"gap-element clearfix\" style=\"display:block; height:auto;\">\n\t\t\n<style>\n#gap-1959252668 {\n  padding-top: 50px;\n}\n<\/style>\n\t<\/div>\n\t\n\n\t<div class=\"img has-hover x md-x lg-x y md-y lg-y\" id=\"image_1211815029\">\n\t\t\t\t\t\t\t\t<div class=\"img-inner dark\" >\n\t\t\t<img decoding=\"async\" width=\"800\" height=\"800\" src=\"https:\/\/cocoons.eu\/wp-content\/uploads\/2017\/11\/Cocoons-Wrapped-in-Towel_IMG_1830ps.jpg\" class=\"attachment-large size-large\" alt=\"Das \u00fcbergro\u00dfe Brillenputztuch ist extrem weich und eignet sich perfekt f\u00fcr die Reinigung selbst der gr\u00f6\u00dften Brillengl\u00e4ser.\" srcset=\"https:\/\/cocoons.eu\/wp-content\/uploads\/2017\/11\/Cocoons-Wrapped-in-Towel_IMG_1830ps.jpg 800w, https:\/\/cocoons.eu\/wp-content\/uploads\/2017\/11\/Cocoons-Wrapped-in-Towel_IMG_1830ps-300x300.jpg 300w, https:\/\/cocoons.eu\/wp-content\/uploads\/2017\/11\/Cocoons-Wrapped-in-Towel_IMG_1830ps-150x150.jpg 150w, https:\/\/cocoons.eu\/wp-content\/uploads\/2017\/11\/Cocoons-Wrapped-in-Towel_IMG_1830ps-768x768.jpg 768w, https:\/\/cocoons.eu\/wp-content\/uploads\/2017\/11\/Cocoons-Wrapped-in-Towel_IMG_1830ps-246x246.jpg 246w, https:\/\/cocoons.eu\/wp-content\/uploads\/2017\/11\/Cocoons-Wrapped-in-Towel_IMG_1830ps-420x420.jpg 420w, https:\/\/cocoons.eu\/wp-content\/uploads\/2017\/11\/Cocoons-Wrapped-in-Towel_IMG_1830ps-100x100.jpg 100w\" sizes=\"(max-width: 800px) 100vw, 800px\" \/>\t\t\t\t\t\t\n\t\t\t\t\t<\/div>\n\t\t\t\t\t\t\t\t\n<style>\n#image_1211815029 {\n  width: 100%;\n}\n<\/style>\n\t<\/div>\n\t\n\n\n\t\t<\/div>\n\t\t\t\t\t<\/div>\n\n\t\n\n<\/div>\n\n<\/div>\n<div id=\"tab_glasreinigungsl\u00f6sungen\" class=\"panel entry-content\" role=\"tabpanel\" aria-labelledby=\"tab-glasreinigungsl\u00f6sungen\">\n\n<div class=\"row\"  id=\"row-773245601\">\n\n\n\t<div id=\"col-970977065\" class=\"col medium-8 small-12 large-8\"  >\n\t\t\t\t<div class=\"col-inner\"  >\n\t\t\t\n\t\t\t\n\n<h3><strong>Glasreinigungsl\u00f6sungen<\/strong><\/h3>\n<p>Es ist stets am besten, eine speziell f\u00fcr Brillen entwickelte Reinigungsl\u00f6sung zu verwenden. Vermeiden Sie Haushaltsreiniger, Reinigungsmittel oder Seifen, denn sie sind f\u00fcr die Nicht-Glaskomponenten der Polar\u00e9-Brillengl\u00e4ser nicht geeignet. Milde Seifen k\u00f6nnen den Gl\u00e4sern zwar nichts anhaben, doch die heutigen extrastarken Seifen k\u00f6nnen die Glasbeschichtung aufl\u00f6sen. Glasreiniger sind zudem stark \u00e4tzend und k\u00f6nnen die Linsen schnell besch\u00e4digen. Keines dieser Produkte wird Ihren Polar\u00e9-Gl\u00e4sern sofort sichtbaren Schaden zuf\u00fcgen, doch mit der Zeit (und vor allem bei wiederholter Anwendung) werden die Sch\u00e4den sichtbar. Wenn Sie Ihre Cocoons mit Haushalts- oder Industriereinigern s\u00e4ubern, werden die Gl\u00e4ser und m\u00f6glicherweise auch die Oberfl\u00e4che der Fassung besch\u00e4digt. Sch\u00e4den durch unsachgem\u00e4\u00dfe Reinigung sind von der Garantie ausgeschlossen.<\/p>\n<p>Wir empfehlen unsere <span><a href=\"https:\/\/cocoons.eu\/de\/shop\/zubehor\/glasreiniger\/cocoons-brillenglasreiniger\/\" target=\"_blank\" rel=\"noopener\">Cocoons-Reinigungsl\u00f6sung<\/a><\/span> zu verwenden. Diese L\u00f6sung reinigt nicht nur die Brillengl\u00e4ser, sondern wirkt Beschlag und Statik entgegen, damit die Brille auch zwischen den Reinigungen sauber bleibt. Die gro\u00dfe Spr\u00fchpumpe (60 ml) reicht bei normalem Gebrauch in der Regel f\u00fcr sechs Monate.<\/p>\n\n\t\t<\/div>\n\t\t\t\t\t<\/div>\n\n\t\n\n\t<div id=\"col-2014763721\" class=\"col medium-4 small-12 large-4\"  >\n\t\t\t\t<div class=\"col-inner\"  >\n\t\t\t\n\t\t\t\n\n\t<div id=\"gap-1361144235\" class=\"gap-element clearfix\" style=\"display:block; height:auto;\">\n\t\t\n<style>\n#gap-1361144235 {\n  padding-top: 30px;\n}\n<\/style>\n\t<\/div>\n\t\n\n\t<div class=\"img has-hover x md-x lg-x y md-y lg-y\" id=\"image_824469603\">\n\t\t\t\t\t\t\t\t<div class=\"img-inner dark\" >\n\t\t\t<img decoding=\"async\" width=\"800\" height=\"800\" src=\"https:\/\/cocoons.eu\/wp-content\/uploads\/2017\/08\/Cocoons-Lens-Cleaner-AFCL200.jpg\" class=\"attachment-large size-large\" alt=\"Cocoons-Lens-Cleaner-AFLC200\" srcset=\"https:\/\/cocoons.eu\/wp-content\/uploads\/2017\/08\/Cocoons-Lens-Cleaner-AFCL200.jpg 800w, https:\/\/cocoons.eu\/wp-content\/uploads\/2017\/08\/Cocoons-Lens-Cleaner-AFCL200-300x300.jpg 300w, https:\/\/cocoons.eu\/wp-content\/uploads\/2017\/08\/Cocoons-Lens-Cleaner-AFCL200-150x150.jpg 150w, https:\/\/cocoons.eu\/wp-content\/uploads\/2017\/08\/Cocoons-Lens-Cleaner-AFCL200-768x768.jpg 768w, https:\/\/cocoons.eu\/wp-content\/uploads\/2017\/08\/Cocoons-Lens-Cleaner-AFCL200-246x246.jpg 246w, https:\/\/cocoons.eu\/wp-content\/uploads\/2017\/08\/Cocoons-Lens-Cleaner-AFCL200-420x420.jpg 420w, https:\/\/cocoons.eu\/wp-content\/uploads\/2017\/08\/Cocoons-Lens-Cleaner-AFCL200-100x100.jpg 100w\" sizes=\"(max-width: 800px) 100vw, 800px\" \/>\t\t\t\t\t\t\n\t\t\t\t\t<\/div>\n\t\t\t\t\t\t\t\t\n<style>\n#image_824469603 {\n  width: 100%;\n}\n<\/style>\n\t<\/div>\n\t\n\n\n\t\t<\/div>\n\t\t\t\t\t<\/div>\n\n\t\n\n<\/div>\n\n<\/div>\n<div id=\"tab_aufbewahrung-ihrer-cocoons\" class=\"panel entry-content\" role=\"tabpanel\" aria-labelledby=\"tab-aufbewahrung-ihrer-cocoons\">\n\n<div class=\"row\"  id=\"row-2110582858\">\n\n\n\t<div id=\"col-1810548451\" class=\"col medium-8 small-12 large-8\"  >\n\t\t\t\t<div class=\"col-inner\"  >\n\t\t\t\n\t\t\t\n\n<h3><strong>Aufbewahrung Ihrer Cocoons<\/strong><\/h3>\n<p>Wir empfehlen, die Cocoons in dem dazugeh\u00f6rigen Etui aufzubewahren, wenn Sie sie nicht tragen. Bewahren Sie Ihre Cocoons niemals an Orten mit extrem hohen Temperaturen und viel direkter Sonneneinstrahlung auf, wie z.\u00a0B. auf dem Armaturenbrett im unbel\u00fcfteten Fahrzeug. Wenn die Brille lange hohen Temperaturen ausgesetzt wird, k\u00f6nnen die Soft-Touch-Beschichtung und m\u00f6glicherweise das Brillenglassubstrat besch\u00e4digt werden. Stecken Sie Ihre Cocoons auch nicht in Ihre Hosen- oder Handtasche, denn Gegenst\u00e4nde wie Schl\u00fcssel oder K\u00e4mme k\u00f6nnen die Brillengl\u00e4ser zerkratzen. Wenn Sie kein Etui zur Hand haben, lassen Sie Ihre Cocoons nie mit den Gl\u00e4sern nach unten liegen, da sie sonst leicht zerkratzt werden k\u00f6nnen.<\/p>\n<p>Sie k\u00f6nnen Ihre Cocoons auch an einem Trageband um den Hals tragen. Das Trageband ist unerl\u00e4sslich bei wechselndem Aufenthalt in der Sonne, damit Sie die Sonnenbrille nicht st\u00e4ndig weglegen m\u00fcssen. Wir bieten ein <span><a href=\"https:\/\/cocoons.eu\/de\/shop\/zubehor\/brillenband\/einstellbares-brillenband-aus-schwarzer-baumwolle\/\" target=\"_blank\" rel=\"noopener\">Cocoons-Brillenband<\/a><\/span> aus 100\u00a0% Baumwolle an, das mit einem verstellbaren Gurtschieber ausgestattet ist. So k\u00f6nnen Sie Ihre Cocoons im Alltag oder bei sportlicher Best\u00e4tigung sicher bei sich tragen.<\/p>\n<p>Zur Aufbewahrung Ihrer Cocoons zusammen mit Ihrer Korrektionsbrille k\u00f6nnen wir Ihnen das <span><a href=\"https:\/\/cocoons.eu\/de\/shop\/zubehor\/brillenetuis\/tandem-brillenetui-mit-zwei-fachern\/\" target=\"_blank\" rel=\"noopener\">Tandem-Etui<\/a><\/span> anbieten. Dieses Cocoons-Etui verf\u00fcgt \u00fcber ein zus\u00e4tzliches Hartschalenfach zur Aufbewahrung Ihrer Korrektionsbrille.<\/p>\n\n\t\t<\/div>\n\t\t\t\t\t<\/div>\n\n\t\n\n\t<div id=\"col-220049404\" class=\"col medium-4 small-12 large-4\"  >\n\t\t\t\t<div class=\"col-inner\"  >\n\t\t\t\n\t\t\t\n\n\t<div id=\"gap-645199277\" class=\"gap-element clearfix\" style=\"display:block; height:auto;\">\n\t\t\n<style>\n#gap-645199277 {\n  padding-top: 50px;\n}\n<\/style>\n\t<\/div>\n\t\n\n\t<div class=\"img has-hover x md-x lg-x y md-y lg-y\" id=\"image_1052039690\">\n\t\t\t\t\t\t\t\t<div class=\"img-inner dark\" >\n\t\t\t<img decoding=\"async\" width=\"800\" height=\"800\" src=\"https:\/\/cocoons.eu\/wp-content\/uploads\/2015\/08\/18106SPC.jpg\" class=\"attachment-large size-large\" alt=\"Fitover-Sonnenbrillenetui\" srcset=\"https:\/\/cocoons.eu\/wp-content\/uploads\/2015\/08\/18106SPC.jpg 800w, https:\/\/cocoons.eu\/wp-content\/uploads\/2015\/08\/18106SPC-246x246.jpg 246w, https:\/\/cocoons.eu\/wp-content\/uploads\/2015\/08\/18106SPC-420x420.jpg 420w, https:\/\/cocoons.eu\/wp-content\/uploads\/2015\/08\/18106SPC-100x100.jpg 100w, https:\/\/cocoons.eu\/wp-content\/uploads\/2015\/08\/18106SPC-150x150.jpg 150w, https:\/\/cocoons.eu\/wp-content\/uploads\/2015\/08\/18106SPC-300x300.jpg 300w, https:\/\/cocoons.eu\/wp-content\/uploads\/2015\/08\/18106SPC-768x768.jpg 768w\" sizes=\"(max-width: 800px) 100vw, 800px\" \/>\t\t\t\t\t\t\n\t\t\t\t\t<\/div>\n\t\t\t\t\t\t\t\t\n<style>\n#image_1052039690 {\n  width: 100%;\n}\n<\/style>\n\t<\/div>\n\t\n\n\n\t\t<\/div>\n\t\t\t\t\t<\/div>\n\n\t\n\n<\/div>\n\n<\/div><\/div><\/div>\n\t<div id=\"gap-2001799108\" class=\"gap-element clearfix\" style=\"display:block; height:auto;\">\n\t\t\n<style>\n#gap-2001799108 {\n  padding-top: 30px;\n}\n<\/style>\n\t<\/div>\n\t\n\n<div class=\"row\"  id=\"row-1451702980\">\n\n\n\t<div id=\"col-389145354\" class=\"col medium-8 small-12 large-8\"  >\n\t\t\t\t<div class=\"col-inner\"  >\n\t\t\t\n\t\t\t\n\n<h3><strong>Wir helfen Ihnen gerne.<\/strong><\/h3>\n<p>Bei Fragen zur Pflege Ihrer Cocoons sehen Sie bitte unter <a href=\"https:\/\/cocoons.eu\/de\/cocoons-fitover-brillen-faq\/\">H\u00e4ufig gestellte Fragen<\/a> nach oder <a href=\"https:\/\/cocoons.eu\/de\/kontakt\/\">kontaktieren Sie uns<\/a> direkt. Unsere kompetenten Berater stehen Ihnen gerne zur Seite.<\/p>\n\n\t\t<\/div>\n\t\t\t\t\t<\/div>\n\n\t\n\n<\/div>\n","protected":false},"excerpt":{"rendered":"","protected":false},"author":6,"featured_media":0,"parent":0,"menu_order":0,"comment_status":"closed","ping_status":"closed","template":"","meta":{"_acf_changed":false,"footnotes":""},"class_list":["post-235340","page","type-page","status-publish","hentry"],"acf":[],"yoast_head":"<!-- This site is optimized with the Yoast SEO Premium plugin v27.0 (Yoast SEO v27.3) - https:\/\/yoast.com\/product\/yoast-seo-premium-wordpress\/ -->\n<title>Gebrauch und Pflege : Cocoons<\/title>\n<meta name=\"description\" content=\"Click here to view our page Gebrauch und Pflege.\" \/>\n<meta name=\"robots\" content=\"index, follow, max-snippet:-1, max-image-preview:large, max-video-preview:-1\" \/>\n<link rel=\"canonical\" href=\"https:\/\/cocoons.eu\/de\/gebrauch-und-pflege\/\" \/>\n<meta property=\"og:locale\" content=\"de_DE\" \/>\n<meta property=\"og:type\" content=\"article\" \/>\n<meta property=\"og:title\" content=\"Gebrauch und Pflege\" \/>\n<meta property=\"og:description\" content=\"Click here to view our page Gebrauch und Pflege.\" \/>\n<meta property=\"og:url\" content=\"https:\/\/cocoons.eu\/de\/gebrauch-und-pflege\/\" \/>\n<meta property=\"og:site_name\" content=\"Cocoons\" \/>\n<meta property=\"article:publisher\" content=\"https:\/\/facebook.com\/cocoonseurope\" \/>\n<meta property=\"article:modified_time\" content=\"2024-02-07T15:28:39+00:00\" \/>\n<meta name=\"twitter:card\" content=\"summary_large_image\" \/>\n<meta name=\"twitter:label1\" content=\"Gesch\u00e4tzte Lesezeit\" \/>\n\t<meta name=\"twitter:data1\" content=\"4\u00a0Minuten\" \/>\n<script type=\"application\/ld+json\" class=\"yoast-schema-graph\">{\"@context\":\"https:\\\/\\\/schema.org\",\"@graph\":[{\"@type\":\"WebPage\",\"@id\":\"https:\\\/\\\/cocoons.eu\\\/de\\\/gebrauch-und-pflege\\\/\",\"url\":\"https:\\\/\\\/cocoons.eu\\\/de\\\/gebrauch-und-pflege\\\/\",\"name\":\"Gebrauch und Pflege : Cocoons\",\"isPartOf\":{\"@id\":\"https:\\\/\\\/cocoons.eu\\\/de\\\/#website\"},\"datePublished\":\"2022-07-26T16:40:39+00:00\",\"dateModified\":\"2024-02-07T15:28:39+00:00\",\"description\":\"Click here to view our page Gebrauch und Pflege.\",\"breadcrumb\":{\"@id\":\"https:\\\/\\\/cocoons.eu\\\/de\\\/gebrauch-und-pflege\\\/#breadcrumb\"},\"inLanguage\":\"de\",\"potentialAction\":[{\"@type\":\"ReadAction\",\"target\":[\"https:\\\/\\\/cocoons.eu\\\/de\\\/gebrauch-und-pflege\\\/\"]}]},{\"@type\":\"BreadcrumbList\",\"@id\":\"https:\\\/\\\/cocoons.eu\\\/de\\\/gebrauch-und-pflege\\\/#breadcrumb\",\"itemListElement\":[{\"@type\":\"ListItem\",\"position\":1,\"name\":\"Home\",\"item\":\"https:\\\/\\\/cocoons.eu\\\/de\\\/\"},{\"@type\":\"ListItem\",\"position\":2,\"name\":\"Gebrauch und Pflege\"}]},{\"@type\":\"WebSite\",\"@id\":\"https:\\\/\\\/cocoons.eu\\\/de\\\/#website\",\"url\":\"https:\\\/\\\/cocoons.eu\\\/de\\\/\",\"name\":\"Cocoons Eyewear Europe\",\"description\":\"Hochwertige Fitover-Sonnenbrillen\",\"publisher\":{\"@id\":\"https:\\\/\\\/cocoons.eu\\\/de\\\/#organization\"},\"potentialAction\":[{\"@type\":\"SearchAction\",\"target\":{\"@type\":\"EntryPoint\",\"urlTemplate\":\"https:\\\/\\\/cocoons.eu\\\/de\\\/?s={search_term_string}\"},\"query-input\":{\"@type\":\"PropertyValueSpecification\",\"valueRequired\":true,\"valueName\":\"search_term_string\"}}],\"inLanguage\":\"de\"},{\"@type\":\"Organization\",\"@id\":\"https:\\\/\\\/cocoons.eu\\\/de\\\/#organization\",\"name\":\"Cocoons by Live Eyewear\",\"url\":\"https:\\\/\\\/cocoons.eu\\\/de\\\/\",\"logo\":{\"@type\":\"ImageObject\",\"inLanguage\":\"de\",\"@id\":\"https:\\\/\\\/cocoons.eu\\\/de\\\/#\\\/schema\\\/logo\\\/image\\\/\",\"url\":\"https:\\\/\\\/cocoons.eu\\\/wp-content\\\/uploads\\\/2020\\\/03\\\/C4218G-DSC_7866ps_edit_website800x800.jpg\",\"contentUrl\":\"https:\\\/\\\/cocoons.eu\\\/wp-content\\\/uploads\\\/2020\\\/03\\\/C4218G-DSC_7866ps_edit_website800x800.jpg\",\"width\":800,\"height\":800,\"caption\":\"Cocoons by Live Eyewear\"},\"image\":{\"@id\":\"https:\\\/\\\/cocoons.eu\\\/de\\\/#\\\/schema\\\/logo\\\/image\\\/\"},\"sameAs\":[\"https:\\\/\\\/facebook.com\\\/cocoonseurope\"]}]}<\/script>\n<!-- \/ Yoast SEO Premium plugin. -->","yoast_head_json":{"title":"Gebrauch und Pflege : Cocoons","description":"Click here to view our page Gebrauch und Pflege.","robots":{"index":"index","follow":"follow","max-snippet":"max-snippet:-1","max-image-preview":"max-image-preview:large","max-video-preview":"max-video-preview:-1"},"canonical":"https:\/\/cocoons.eu\/de\/gebrauch-und-pflege\/","og_locale":"de_DE","og_type":"article","og_title":"Gebrauch und Pflege","og_description":"Click here to view our page Gebrauch und Pflege.","og_url":"https:\/\/cocoons.eu\/de\/gebrauch-und-pflege\/","og_site_name":"Cocoons","article_publisher":"https:\/\/facebook.com\/cocoonseurope","article_modified_time":"2024-02-07T15:28:39+00:00","twitter_card":"summary_large_image","twitter_misc":{"Gesch\u00e4tzte Lesezeit":"4\u00a0Minuten"},"schema":{"@context":"https:\/\/schema.org","@graph":[{"@type":"WebPage","@id":"https:\/\/cocoons.eu\/de\/gebrauch-und-pflege\/","url":"https:\/\/cocoons.eu\/de\/gebrauch-und-pflege\/","name":"Gebrauch und Pflege : Cocoons","isPartOf":{"@id":"https:\/\/cocoons.eu\/de\/#website"},"datePublished":"2022-07-26T16:40:39+00:00","dateModified":"2024-02-07T15:28:39+00:00","description":"Click here to view our page Gebrauch und Pflege.","breadcrumb":{"@id":"https:\/\/cocoons.eu\/de\/gebrauch-und-pflege\/#breadcrumb"},"inLanguage":"de","potentialAction":[{"@type":"ReadAction","target":["https:\/\/cocoons.eu\/de\/gebrauch-und-pflege\/"]}]},{"@type":"BreadcrumbList","@id":"https:\/\/cocoons.eu\/de\/gebrauch-und-pflege\/#breadcrumb","itemListElement":[{"@type":"ListItem","position":1,"name":"Home","item":"https:\/\/cocoons.eu\/de\/"},{"@type":"ListItem","position":2,"name":"Gebrauch und Pflege"}]},{"@type":"WebSite","@id":"https:\/\/cocoons.eu\/de\/#website","url":"https:\/\/cocoons.eu\/de\/","name":"Cocoons Eyewear Europe","description":"Hochwertige Fitover-Sonnenbrillen","publisher":{"@id":"https:\/\/cocoons.eu\/de\/#organization"},"potentialAction":[{"@type":"SearchAction","target":{"@type":"EntryPoint","urlTemplate":"https:\/\/cocoons.eu\/de\/?s={search_term_string}"},"query-input":{"@type":"PropertyValueSpecification","valueRequired":true,"valueName":"search_term_string"}}],"inLanguage":"de"},{"@type":"Organization","@id":"https:\/\/cocoons.eu\/de\/#organization","name":"Cocoons by Live Eyewear","url":"https:\/\/cocoons.eu\/de\/","logo":{"@type":"ImageObject","inLanguage":"de","@id":"https:\/\/cocoons.eu\/de\/#\/schema\/logo\/image\/","url":"https:\/\/cocoons.eu\/wp-content\/uploads\/2020\/03\/C4218G-DSC_7866ps_edit_website800x800.jpg","contentUrl":"https:\/\/cocoons.eu\/wp-content\/uploads\/2020\/03\/C4218G-DSC_7866ps_edit_website800x800.jpg","width":800,"height":800,"caption":"Cocoons by Live Eyewear"},"image":{"@id":"https:\/\/cocoons.eu\/de\/#\/schema\/logo\/image\/"},"sameAs":["https:\/\/facebook.com\/cocoonseurope"]}]}},"_links":{"self":[{"href":"https:\/\/cocoons.eu\/de\/wp-json\/wp\/v2\/pages\/235340","targetHints":{"allow":["GET"]}}],"collection":[{"href":"https:\/\/cocoons.eu\/de\/wp-json\/wp\/v2\/pages"}],"about":[{"href":"https:\/\/cocoons.eu\/de\/wp-json\/wp\/v2\/types\/page"}],"author":[{"embeddable":true,"href":"https:\/\/cocoons.eu\/de\/wp-json\/wp\/v2\/users\/6"}],"replies":[{"embeddable":true,"href":"https:\/\/cocoons.eu\/de\/wp-json\/wp\/v2\/comments?post=235340"}],"version-history":[{"count":0,"href":"https:\/\/cocoons.eu\/de\/wp-json\/wp\/v2\/pages\/235340\/revisions"}],"wp:attachment":[{"href":"https:\/\/cocoons.eu\/de\/wp-json\/wp\/v2\/media?parent=235340"}],"curies":[{"name":"wp","href":"https:\/\/api.w.org\/{rel}","templated":true}]}}