{"id":235291,"date":"2022-07-19T21:30:12","date_gmt":"2022-07-19T19:30:12","guid":{"rendered":"https:\/\/cocoons.eu\/garantiehinweise\/"},"modified":"2023-09-30T01:54:34","modified_gmt":"2023-09-29T23:54:34","slug":"garantiehinweise","status":"publish","type":"page","link":"https:\/\/cocoons.eu\/de\/garantiehinweise\/","title":{"rendered":"Garantiehinweise"},"content":{"rendered":"\n<h1><strong>GARANTIEINFORMATIONEN<\/strong><\/h1>\n<div class=\"row\"  id=\"row-1747907595\">\n\n\n\t<div id=\"col-848892457\" class=\"col medium-10 small-12 large-10\"  >\n\t\t\t\t<div class=\"col-inner\"  >\n\t\t\t\n\t\t\t\n\n<h3><strong>ANMELDUNG DER GARANTIE<\/strong><\/h3>\n<p>Die Qualit\u00e4t aller Live Eyewear Produkte wird durch unsere lebenslange Garantie gew\u00e4hrleistet. Anders als viele andere Sonnenbrillen werden unsere Sonnenbrillen nicht so hergestellt, dass sie unbrauchbar werden und ersetzt werden m\u00fcssen, sondern uns kommt es darauf an, dass sie lange halten. Unsere Gl\u00e4ser sind haltbarer und kratzfester als andere Fitover-Sonnenbrillen. Da wir unsere Produkte kontinuierlich verbessern, wird sich unsere Garantie nie \u00e4ndern. Sie besteht ein Leben lang.<\/p>\n<p><strong>BITTE BEACHTEN: Bei allen R\u00fccksendungen muss ein Nachweis \u00fcber den Kauf bei einem autorisierten Cocoons-H\u00e4ndler vorgelegt werden. Live Eyewear Produkte, die von nicht autorisierten H\u00e4ndlern oder gebraucht erworben werden, fallen nicht unter die lebenslange Live Eyewear Garantie auf die Fassung. <\/strong><\/p>\n<p>F\u00fcr weitere Informationen \u00fcber autorisierte H\u00e4ndler klicken Sie <a href=\"https:\/\/cocoons.eu\/de\/warum-sollten-sie-einen-autorisierten-haendler-waehlen-2\/\"><strong>hier<\/strong><\/a>.<\/p>\n\n\t\t<\/div>\n\t\t\t\t\t<\/div>\n\n\t\n\n\t<div id=\"col-1485791790\" class=\"col medium-5 small-12 large-5\"  >\n\t\t\t\t<div class=\"col-inner\"  >\n\t\t\t\n\t\t\t\n\n<a href=\"https:\/\/cocoons.eu\/de\/garantiehinweise\/anmeldung-der-garantie\/\" class=\"button primary\" style=\"border-radius:99px;\">\n\t\t<span>GARANTIE ANMELDEN<\/span>\n\t<\/a>\n\n\n\n\t\t<\/div>\n\t\t\t\t\t<\/div>\n\n\t\n\n<\/div>\n<div class=\"row\"  id=\"row-1311949768\">\n\n\n\t<div id=\"col-553419017\" class=\"col medium-10 small-12 large-10\"  >\n\t\t\t\t<div class=\"col-inner\"  >\n\t\t\t\n\t\t\t\n\n<h3 style=\"text-align: left;\"><strong>ERSATZ UND REPARATUREN<\/strong><\/h3>\n<p>Live Eyewear ersetzt oder repariert nach eigenem Ermessen alle defekten Gl\u00e4ser und\/oder Fassungen von&nbsp;Live Eyewear&nbsp;, die unter die Garantie fallen.<\/p>\n<p>Auf unsere erstklassigen Brillenfassungen gew\u00e4hren wir eine lebenslange Garantie und f\u00fcr unsere hochwertigen optischen Gl\u00e4ser gilt eine &nbsp;Garantie von einem Jahr (12 Monaten) ab dem urspr\u00fcnglichen Kaufdatum, dass sie frei von Herstellerfehlern und kratzfest sind. Live Eyewear ersetzt oder repariert nach eigenem Ermessen alle Fassungen und\/oder Gl\u00e4ser, die bei normalem Gebrauch besch\u00e4digt oder &nbsp;defekt sind.<\/p>\n<p>Die Garantie deckt keine Sch\u00e4den ab, die durch unsachgem\u00e4\u00dfen oder unangemessenen Gebrauch entstanden sind. Jegliche \u00c4nderung oder Modifikation des Originalprodukts f\u00fchrt zum Erl\u00f6schen der Garantie.<\/p>\n\n\t\t<\/div>\n\t\t\t\t\t<\/div>\n\n\t\n\n\t<div id=\"col-1449528150\" class=\"col medium-5 small-12 large-5\"  >\n\t\t\t\t<div class=\"col-inner\"  >\n\t\t\t\n\t\t\t\n\n<a href=\"https:\/\/cocoons.eu\/de\/garantiehinweise\/garantieanspruch\/\" class=\"button primary\" style=\"border-radius:99px;\">\n\t\t<span>ANTRAG EINREICHEN<\/span>\n\t<\/a>\n\n\n\n\t\t<\/div>\n\t\t\t\t\t<\/div>\n\n\t\n\n<\/div>\n\n","protected":false},"excerpt":{"rendered":"","protected":false},"author":6,"featured_media":0,"parent":0,"menu_order":0,"comment_status":"closed","ping_status":"open","template":"","meta":{"_acf_changed":false,"footnotes":""},"class_list":["post-235291","page","type-page","status-publish","hentry"],"acf":[],"yoast_head":"<!-- This site is optimized with the Yoast SEO Premium plugin v27.3 (Yoast SEO v27.4) - https:\/\/yoast.com\/product\/yoast-seo-premium-wordpress\/ -->\n<title>Garantiehinweise : Cocoons<\/title>\n<meta name=\"description\" content=\"Click here to view our page Garantiehinweise.\" \/>\n<meta name=\"robots\" content=\"index, follow, max-snippet:-1, max-image-preview:large, max-video-preview:-1\" \/>\n<link rel=\"canonical\" href=\"https:\/\/cocoons.eu\/de\/garantiehinweise\/\" \/>\n<meta property=\"og:locale\" content=\"de_DE\" \/>\n<meta property=\"og:type\" content=\"article\" \/>\n<meta property=\"og:title\" content=\"Garantiehinweise\" \/>\n<meta property=\"og:description\" content=\"Click here to view our page Garantiehinweise.\" \/>\n<meta property=\"og:url\" content=\"https:\/\/cocoons.eu\/de\/garantiehinweise\/\" \/>\n<meta property=\"og:site_name\" content=\"Cocoons\" \/>\n<meta property=\"article:publisher\" content=\"https:\/\/facebook.com\/cocoonseurope\" \/>\n<meta property=\"article:modified_time\" content=\"2023-09-29T23:54:34+00:00\" \/>\n<meta name=\"twitter:card\" content=\"summary_large_image\" \/>\n<meta name=\"twitter:label1\" content=\"Gesch\u00e4tzte Lesezeit\" \/>\n\t<meta name=\"twitter:data1\" content=\"2\u00a0Minuten\" \/>\n<script type=\"application\/ld+json\" class=\"yoast-schema-graph\">{\"@context\":\"https:\\\/\\\/schema.org\",\"@graph\":[{\"@type\":\"WebPage\",\"@id\":\"https:\\\/\\\/cocoons.eu\\\/de\\\/garantiehinweise\\\/\",\"url\":\"https:\\\/\\\/cocoons.eu\\\/de\\\/garantiehinweise\\\/\",\"name\":\"Garantiehinweise : Cocoons\",\"isPartOf\":{\"@id\":\"https:\\\/\\\/cocoons.eu\\\/de\\\/#website\"},\"datePublished\":\"2022-07-19T19:30:12+00:00\",\"dateModified\":\"2023-09-29T23:54:34+00:00\",\"description\":\"Click here to view our page Garantiehinweise.\",\"breadcrumb\":{\"@id\":\"https:\\\/\\\/cocoons.eu\\\/de\\\/garantiehinweise\\\/#breadcrumb\"},\"inLanguage\":\"de\",\"potentialAction\":[{\"@type\":\"ReadAction\",\"target\":[\"https:\\\/\\\/cocoons.eu\\\/de\\\/garantiehinweise\\\/\"]}]},{\"@type\":\"BreadcrumbList\",\"@id\":\"https:\\\/\\\/cocoons.eu\\\/de\\\/garantiehinweise\\\/#breadcrumb\",\"itemListElement\":[{\"@type\":\"ListItem\",\"position\":1,\"name\":\"Home\",\"item\":\"https:\\\/\\\/cocoons.eu\\\/de\\\/\"},{\"@type\":\"ListItem\",\"position\":2,\"name\":\"Garantiehinweise\"}]},{\"@type\":\"WebSite\",\"@id\":\"https:\\\/\\\/cocoons.eu\\\/de\\\/#website\",\"url\":\"https:\\\/\\\/cocoons.eu\\\/de\\\/\",\"name\":\"Cocoons Eyewear Europe\",\"description\":\"Hochwertige Fitover-Sonnenbrillen\",\"publisher\":{\"@id\":\"https:\\\/\\\/cocoons.eu\\\/de\\\/#organization\"},\"potentialAction\":[{\"@type\":\"SearchAction\",\"target\":{\"@type\":\"EntryPoint\",\"urlTemplate\":\"https:\\\/\\\/cocoons.eu\\\/de\\\/?s={search_term_string}\"},\"query-input\":{\"@type\":\"PropertyValueSpecification\",\"valueRequired\":true,\"valueName\":\"search_term_string\"}}],\"inLanguage\":\"de\"},{\"@type\":\"Organization\",\"@id\":\"https:\\\/\\\/cocoons.eu\\\/de\\\/#organization\",\"name\":\"Cocoons by Live Eyewear\",\"url\":\"https:\\\/\\\/cocoons.eu\\\/de\\\/\",\"logo\":{\"@type\":\"ImageObject\",\"inLanguage\":\"de\",\"@id\":\"https:\\\/\\\/cocoons.eu\\\/de\\\/#\\\/schema\\\/logo\\\/image\\\/\",\"url\":\"https:\\\/\\\/cocoons.eu\\\/wp-content\\\/uploads\\\/2020\\\/03\\\/C4218G-DSC_7866ps_edit_website800x800.jpg\",\"contentUrl\":\"https:\\\/\\\/cocoons.eu\\\/wp-content\\\/uploads\\\/2020\\\/03\\\/C4218G-DSC_7866ps_edit_website800x800.jpg\",\"width\":800,\"height\":800,\"caption\":\"Cocoons by Live Eyewear\"},\"image\":{\"@id\":\"https:\\\/\\\/cocoons.eu\\\/de\\\/#\\\/schema\\\/logo\\\/image\\\/\"},\"sameAs\":[\"https:\\\/\\\/facebook.com\\\/cocoonseurope\"]}]}<\/script>\n<!-- \/ Yoast SEO Premium plugin. -->","yoast_head_json":{"title":"Garantiehinweise : Cocoons","description":"Click here to view our page Garantiehinweise.","robots":{"index":"index","follow":"follow","max-snippet":"max-snippet:-1","max-image-preview":"max-image-preview:large","max-video-preview":"max-video-preview:-1"},"canonical":"https:\/\/cocoons.eu\/de\/garantiehinweise\/","og_locale":"de_DE","og_type":"article","og_title":"Garantiehinweise","og_description":"Click here to view our page Garantiehinweise.","og_url":"https:\/\/cocoons.eu\/de\/garantiehinweise\/","og_site_name":"Cocoons","article_publisher":"https:\/\/facebook.com\/cocoonseurope","article_modified_time":"2023-09-29T23:54:34+00:00","twitter_card":"summary_large_image","twitter_misc":{"Gesch\u00e4tzte Lesezeit":"2\u00a0Minuten"},"schema":{"@context":"https:\/\/schema.org","@graph":[{"@type":"WebPage","@id":"https:\/\/cocoons.eu\/de\/garantiehinweise\/","url":"https:\/\/cocoons.eu\/de\/garantiehinweise\/","name":"Garantiehinweise : Cocoons","isPartOf":{"@id":"https:\/\/cocoons.eu\/de\/#website"},"datePublished":"2022-07-19T19:30:12+00:00","dateModified":"2023-09-29T23:54:34+00:00","description":"Click here to view our page Garantiehinweise.","breadcrumb":{"@id":"https:\/\/cocoons.eu\/de\/garantiehinweise\/#breadcrumb"},"inLanguage":"de","potentialAction":[{"@type":"ReadAction","target":["https:\/\/cocoons.eu\/de\/garantiehinweise\/"]}]},{"@type":"BreadcrumbList","@id":"https:\/\/cocoons.eu\/de\/garantiehinweise\/#breadcrumb","itemListElement":[{"@type":"ListItem","position":1,"name":"Home","item":"https:\/\/cocoons.eu\/de\/"},{"@type":"ListItem","position":2,"name":"Garantiehinweise"}]},{"@type":"WebSite","@id":"https:\/\/cocoons.eu\/de\/#website","url":"https:\/\/cocoons.eu\/de\/","name":"Cocoons Eyewear Europe","description":"Hochwertige Fitover-Sonnenbrillen","publisher":{"@id":"https:\/\/cocoons.eu\/de\/#organization"},"potentialAction":[{"@type":"SearchAction","target":{"@type":"EntryPoint","urlTemplate":"https:\/\/cocoons.eu\/de\/?s={search_term_string}"},"query-input":{"@type":"PropertyValueSpecification","valueRequired":true,"valueName":"search_term_string"}}],"inLanguage":"de"},{"@type":"Organization","@id":"https:\/\/cocoons.eu\/de\/#organization","name":"Cocoons by Live Eyewear","url":"https:\/\/cocoons.eu\/de\/","logo":{"@type":"ImageObject","inLanguage":"de","@id":"https:\/\/cocoons.eu\/de\/#\/schema\/logo\/image\/","url":"https:\/\/cocoons.eu\/wp-content\/uploads\/2020\/03\/C4218G-DSC_7866ps_edit_website800x800.jpg","contentUrl":"https:\/\/cocoons.eu\/wp-content\/uploads\/2020\/03\/C4218G-DSC_7866ps_edit_website800x800.jpg","width":800,"height":800,"caption":"Cocoons by Live Eyewear"},"image":{"@id":"https:\/\/cocoons.eu\/de\/#\/schema\/logo\/image\/"},"sameAs":["https:\/\/facebook.com\/cocoonseurope"]}]}},"_links":{"self":[{"href":"https:\/\/cocoons.eu\/de\/wp-json\/wp\/v2\/pages\/235291","targetHints":{"allow":["GET"]}}],"collection":[{"href":"https:\/\/cocoons.eu\/de\/wp-json\/wp\/v2\/pages"}],"about":[{"href":"https:\/\/cocoons.eu\/de\/wp-json\/wp\/v2\/types\/page"}],"author":[{"embeddable":true,"href":"https:\/\/cocoons.eu\/de\/wp-json\/wp\/v2\/users\/6"}],"replies":[{"embeddable":true,"href":"https:\/\/cocoons.eu\/de\/wp-json\/wp\/v2\/comments?post=235291"}],"version-history":[{"count":0,"href":"https:\/\/cocoons.eu\/de\/wp-json\/wp\/v2\/pages\/235291\/revisions"}],"wp:attachment":[{"href":"https:\/\/cocoons.eu\/de\/wp-json\/wp\/v2\/media?parent=235291"}],"curies":[{"name":"wp","href":"https:\/\/api.w.org\/{rel}","templated":true}]}}